{"id":53218,"date":"2019-10-17T17:08:50","date_gmt":"2019-10-17T15:08:50","guid":{"rendered":"https:\/\/woo.audacieuse-galerie.ch\/produit\/lip-sync-for-your-life-queen-ava-2\/"},"modified":"2025-10-03T19:06:42","modified_gmt":"2025-10-03T17:06:42","slug":"lip-sync-for-your-life-queen-ava-2","status":"publish","type":"product","link":"https:\/\/www.audacieuse-galerie.ch\/de\/produit\/lip-sync-for-your-life-queen-ava-2\/","title":{"rendered":"Lippensynchronisation f\u00fcr Ihr Leben \u2013 Queen Ava"},"content":{"rendered":"<p>Die Pr\u00e4senz und das Selbstbewusstsein, die diese Drag Queen in diesem Portr\u00e4t an den Tag legt, unterstreichen die l\u00e4cherliche Natur des Begriffs Geschlecht. Das Selbstbewusstsein, mit dem sie sich als Frau pr\u00e4sentiert, untergr\u00e4bt die Theorie eines Geschlechts, das nur m\u00e4nnlich oder weiblich ist.  Sie strahlt Weiblichkeit aus und repr\u00e4sentiert sie perfekt, w\u00e4hrend sie ihre Codes und Repr\u00e4sentationen verwendet, auch wenn sie sie auf ihre eigene Weise neu interpretiert. Es stellt sich dann die Frage nach dem Interesse an der Kategorisierung von Menschen als m\u00e4nnlich oder weiblich. <\/p>\n","protected":false},"excerpt":{"rendered":"<p>Die Pr\u00e4senz und das Selbstbewusstsein, die diese Drag Queen in diesem Portr\u00e4t an den Tag legt, unterstreichen die l\u00e4cherliche Natur des Begriffs Geschlecht. Das Selbstbewusstsein, mit dem sie sich als Frau pr\u00e4sentiert, untergr\u00e4bt die Theorie eines Geschlechts, das nur m\u00e4nnlich oder weiblich ist. <\/p>\n","protected":false},"featured_media":53153,"comment_status":"open","ping_status":"closed","template":"","meta":{"_glsr_average":0,"_glsr_ranking":0,"_glsr_reviews":0,"jetpack_publicize_message":"","jetpack_publicize_feature_enabled":true,"jetpack_social_post_already_shared":true,"jetpack_social_options":{"image_generator_settings":{"template":"highway","default_image_id":0,"font":"","enabled":false},"version":2}},"product_brand":[],"product_cat":[111,2232,108,132],"product_tag":[],"class_list":{"0":"post-53218","1":"product","2":"type-product","3":"status-publish","4":"has-post-thumbnail","6":"product_cat-farben","7":"product_cat-fotografin-manon-boyer","8":"product_cat-mensch","9":"product_cat-portraets","10":"pa_dimensions-40x60cm-de","11":"pa_dimensions-50x65cm-de","12":"pa_dimensions-60x90cm-de","13":"pa_encadrements-dunklesholz-de","14":"pa_encadrements-farben-de","15":"pa_encadrements-grau-de","16":"pa_encadrements-hellesholz-de","17":"pa_encadrements-keinen-de","18":"pa_encadrements-schwarz-de","19":"pa_encadrements-weiss-de","20":"pa_oeuvresnumerotees_limitees-15exemplaren-de","21":"pa_papiers-satinbarytpapier-de","22":"pa_protectionfinitionsupport-druckunterglasacrylglass-de","23":"pa_protectionfinitionsupport-e4-kunstpapieraufholzplatteu-de","24":"pa_protectionfinitionsupport-20-kunstpapieraufdibondr_alu-de","25":"pa_techniquesphotographiques-farbe-de","26":"pa_themesphotographiques-mensch-de","27":"pa_themesphotographiques-portrat-de","29":"first","30":"instock","31":"taxable","32":"shipping-taxable","33":"purchasable","34":"product-type-variable","35":"has-default-attributes"},"yoast_head":"<!-- This site is optimized with the Yoast SEO plugin v27.5 - https:\/\/yoast.com\/product\/yoast-seo-wordpress\/ -->\n<title>Lippensynchronisation f\u00fcr Ihr Leben - Queen Ava - Audacieuse-Galerie<\/title>\n<meta name=\"description\" content=\"Lippensynchronisation f\u00fcr Ihr Leben - Queen Ava - Audacieuse-Galerie\" \/>\n<meta name=\"robots\" content=\"index, follow, max-snippet:-1, max-image-preview:large, max-video-preview:-1\" \/>\n<link rel=\"canonical\" href=\"https:\/\/www.audacieuse-galerie.ch\/de\/produit\/lip-sync-for-your-life-queen-ava-2\/\" \/>\n<meta property=\"og:locale\" content=\"de_DE\" \/>\n<meta property=\"og:type\" content=\"article\" \/>\n<meta property=\"og:title\" content=\"Lippensynchronisation f\u00fcr Ihr Leben - Queen Ava - Audacieuse-Galerie\" \/>\n<meta property=\"og:description\" content=\"Lippensynchronisation f\u00fcr Ihr Leben - Queen Ava - Audacieuse-Galerie\" \/>\n<meta property=\"og:url\" content=\"https:\/\/www.audacieuse-galerie.ch\/de\/produit\/lip-sync-for-your-life-queen-ava-2\/\" \/>\n<meta property=\"og:site_name\" content=\"Audacieuse-Galerie\" \/>\n<meta property=\"article:publisher\" content=\"https:\/\/www.facebook.com\/audacieuse.galerie\" \/>\n<meta property=\"article:modified_time\" content=\"2025-10-03T17:06:42+00:00\" \/>\n<meta property=\"og:image\" content=\"https:\/\/www.audacieuse-galerie.ch\/wp-content\/uploads\/2019\/10\/684-Lip-sync-for-your-life-Queen-Ava.jpg\" \/>\n\t<meta property=\"og:image:width\" content=\"1000\" \/>\n\t<meta property=\"og:image:height\" content=\"667\" \/>\n\t<meta property=\"og:image:type\" content=\"image\/jpeg\" \/>\n<meta name=\"twitter:card\" content=\"summary_large_image\" \/>\n<script type=\"application\/ld+json\" class=\"yoast-schema-graph\">{\"@context\":\"https:\\\/\\\/schema.org\",\"@graph\":[{\"@type\":\"WebPage\",\"@id\":\"https:\\\/\\\/www.audacieuse-galerie.ch\\\/de\\\/produit\\\/lip-sync-for-your-life-queen-ava-2\\\/\",\"url\":\"https:\\\/\\\/www.audacieuse-galerie.ch\\\/de\\\/produit\\\/lip-sync-for-your-life-queen-ava-2\\\/\",\"name\":\"Lippensynchronisation f\u00fcr Ihr Leben - Queen Ava - Audacieuse-Galerie\",\"isPartOf\":{\"@id\":\"https:\\\/\\\/www.audacieuse-galerie.ch\\\/de\\\/#website\"},\"primaryImageOfPage\":{\"@id\":\"https:\\\/\\\/www.audacieuse-galerie.ch\\\/de\\\/produit\\\/lip-sync-for-your-life-queen-ava-2\\\/#primaryimage\"},\"image\":{\"@id\":\"https:\\\/\\\/www.audacieuse-galerie.ch\\\/de\\\/produit\\\/lip-sync-for-your-life-queen-ava-2\\\/#primaryimage\"},\"thumbnailUrl\":\"https:\\\/\\\/www.audacieuse-galerie.ch\\\/wp-content\\\/uploads\\\/2019\\\/10\\\/684-Lip-sync-for-your-life-Queen-Ava.jpg\",\"datePublished\":\"2019-10-17T15:08:50+00:00\",\"dateModified\":\"2025-10-03T17:06:42+00:00\",\"description\":\"Lippensynchronisation f\u00fcr Ihr Leben - Queen Ava - Audacieuse-Galerie\",\"breadcrumb\":{\"@id\":\"https:\\\/\\\/www.audacieuse-galerie.ch\\\/de\\\/produit\\\/lip-sync-for-your-life-queen-ava-2\\\/#breadcrumb\"},\"inLanguage\":\"de\",\"potentialAction\":[{\"@type\":\"ReadAction\",\"target\":[\"https:\\\/\\\/www.audacieuse-galerie.ch\\\/de\\\/produit\\\/lip-sync-for-your-life-queen-ava-2\\\/\"]}]},{\"@type\":\"ImageObject\",\"inLanguage\":\"de\",\"@id\":\"https:\\\/\\\/www.audacieuse-galerie.ch\\\/de\\\/produit\\\/lip-sync-for-your-life-queen-ava-2\\\/#primaryimage\",\"url\":\"https:\\\/\\\/www.audacieuse-galerie.ch\\\/wp-content\\\/uploads\\\/2019\\\/10\\\/684-Lip-sync-for-your-life-Queen-Ava.jpg\",\"contentUrl\":\"https:\\\/\\\/www.audacieuse-galerie.ch\\\/wp-content\\\/uploads\\\/2019\\\/10\\\/684-Lip-sync-for-your-life-Queen-Ava.jpg\",\"width\":1000,\"height\":667,\"caption\":\"Lippensynchronisation f\u00fcr Ihr Leben - Queen Ava\"},{\"@type\":\"BreadcrumbList\",\"@id\":\"https:\\\/\\\/www.audacieuse-galerie.ch\\\/de\\\/produit\\\/lip-sync-for-your-life-queen-ava-2\\\/#breadcrumb\",\"itemListElement\":[{\"@type\":\"ListItem\",\"position\":1,\"name\":\"Heim\",\"item\":\"https:\\\/\\\/www.audacieuse-galerie.ch\\\/de\\\/startseite-demo\\\/\"},{\"@type\":\"ListItem\",\"position\":2,\"name\":\"Laden\",\"item\":\"https:\\\/\\\/www.audacieuse-galerie.ch\\\/de\\\/laden\\\/\"},{\"@type\":\"ListItem\",\"position\":3,\"name\":\"Lippensynchronisation f\u00fcr Ihr Leben \u2013 Queen Ava\"}]},{\"@type\":\"WebSite\",\"@id\":\"https:\\\/\\\/www.audacieuse-galerie.ch\\\/de\\\/#website\",\"url\":\"https:\\\/\\\/www.audacieuse-galerie.ch\\\/de\\\/\",\"name\":\"Audacieuse-Galerie\",\"description\":\"Mode et Images\",\"potentialAction\":[{\"@type\":\"SearchAction\",\"target\":{\"@type\":\"EntryPoint\",\"urlTemplate\":\"https:\\\/\\\/www.audacieuse-galerie.ch\\\/de\\\/?s={search_term_string}\"},\"query-input\":{\"@type\":\"PropertyValueSpecification\",\"valueRequired\":true,\"valueName\":\"search_term_string\"}}],\"inLanguage\":\"de\"}]}<\/script>\n<!-- \/ Yoast SEO plugin. -->","yoast_head_json":{"title":"Lippensynchronisation f\u00fcr Ihr Leben - Queen Ava - Audacieuse-Galerie","description":"Lippensynchronisation f\u00fcr Ihr Leben - Queen Ava - Audacieuse-Galerie","robots":{"index":"index","follow":"follow","max-snippet":"max-snippet:-1","max-image-preview":"max-image-preview:large","max-video-preview":"max-video-preview:-1"},"canonical":"https:\/\/www.audacieuse-galerie.ch\/de\/produit\/lip-sync-for-your-life-queen-ava-2\/","og_locale":"de_DE","og_type":"article","og_title":"Lippensynchronisation f\u00fcr Ihr Leben - Queen Ava - Audacieuse-Galerie","og_description":"Lippensynchronisation f\u00fcr Ihr Leben - Queen Ava - Audacieuse-Galerie","og_url":"https:\/\/www.audacieuse-galerie.ch\/de\/produit\/lip-sync-for-your-life-queen-ava-2\/","og_site_name":"Audacieuse-Galerie","article_publisher":"https:\/\/www.facebook.com\/audacieuse.galerie","article_modified_time":"2025-10-03T17:06:42+00:00","og_image":[{"width":1000,"height":667,"url":"https:\/\/www.audacieuse-galerie.ch\/wp-content\/uploads\/2019\/10\/684-Lip-sync-for-your-life-Queen-Ava.jpg","type":"image\/jpeg"}],"twitter_card":"summary_large_image","schema":{"@context":"https:\/\/schema.org","@graph":[{"@type":"WebPage","@id":"https:\/\/www.audacieuse-galerie.ch\/de\/produit\/lip-sync-for-your-life-queen-ava-2\/","url":"https:\/\/www.audacieuse-galerie.ch\/de\/produit\/lip-sync-for-your-life-queen-ava-2\/","name":"Lippensynchronisation f\u00fcr Ihr Leben - Queen Ava - Audacieuse-Galerie","isPartOf":{"@id":"https:\/\/www.audacieuse-galerie.ch\/de\/#website"},"primaryImageOfPage":{"@id":"https:\/\/www.audacieuse-galerie.ch\/de\/produit\/lip-sync-for-your-life-queen-ava-2\/#primaryimage"},"image":{"@id":"https:\/\/www.audacieuse-galerie.ch\/de\/produit\/lip-sync-for-your-life-queen-ava-2\/#primaryimage"},"thumbnailUrl":"https:\/\/www.audacieuse-galerie.ch\/wp-content\/uploads\/2019\/10\/684-Lip-sync-for-your-life-Queen-Ava.jpg","datePublished":"2019-10-17T15:08:50+00:00","dateModified":"2025-10-03T17:06:42+00:00","description":"Lippensynchronisation f\u00fcr Ihr Leben - Queen Ava - Audacieuse-Galerie","breadcrumb":{"@id":"https:\/\/www.audacieuse-galerie.ch\/de\/produit\/lip-sync-for-your-life-queen-ava-2\/#breadcrumb"},"inLanguage":"de","potentialAction":[{"@type":"ReadAction","target":["https:\/\/www.audacieuse-galerie.ch\/de\/produit\/lip-sync-for-your-life-queen-ava-2\/"]}]},{"@type":"ImageObject","inLanguage":"de","@id":"https:\/\/www.audacieuse-galerie.ch\/de\/produit\/lip-sync-for-your-life-queen-ava-2\/#primaryimage","url":"https:\/\/www.audacieuse-galerie.ch\/wp-content\/uploads\/2019\/10\/684-Lip-sync-for-your-life-Queen-Ava.jpg","contentUrl":"https:\/\/www.audacieuse-galerie.ch\/wp-content\/uploads\/2019\/10\/684-Lip-sync-for-your-life-Queen-Ava.jpg","width":1000,"height":667,"caption":"Lippensynchronisation f\u00fcr Ihr Leben - Queen Ava"},{"@type":"BreadcrumbList","@id":"https:\/\/www.audacieuse-galerie.ch\/de\/produit\/lip-sync-for-your-life-queen-ava-2\/#breadcrumb","itemListElement":[{"@type":"ListItem","position":1,"name":"Heim","item":"https:\/\/www.audacieuse-galerie.ch\/de\/startseite-demo\/"},{"@type":"ListItem","position":2,"name":"Laden","item":"https:\/\/www.audacieuse-galerie.ch\/de\/laden\/"},{"@type":"ListItem","position":3,"name":"Lippensynchronisation f\u00fcr Ihr Leben \u2013 Queen Ava"}]},{"@type":"WebSite","@id":"https:\/\/www.audacieuse-galerie.ch\/de\/#website","url":"https:\/\/www.audacieuse-galerie.ch\/de\/","name":"Audacieuse-Galerie","description":"Mode et Images","potentialAction":[{"@type":"SearchAction","target":{"@type":"EntryPoint","urlTemplate":"https:\/\/www.audacieuse-galerie.ch\/de\/?s={search_term_string}"},"query-input":{"@type":"PropertyValueSpecification","valueRequired":true,"valueName":"search_term_string"}}],"inLanguage":"de"}]}},"jetpack_publicize_connections":[],"_links":{"self":[{"href":"https:\/\/www.audacieuse-galerie.ch\/de\/wp-json\/wp\/v2\/product\/53218","targetHints":{"allow":["GET"]}}],"collection":[{"href":"https:\/\/www.audacieuse-galerie.ch\/de\/wp-json\/wp\/v2\/product"}],"about":[{"href":"https:\/\/www.audacieuse-galerie.ch\/de\/wp-json\/wp\/v2\/types\/product"}],"replies":[{"embeddable":true,"href":"https:\/\/www.audacieuse-galerie.ch\/de\/wp-json\/wp\/v2\/comments?post=53218"}],"version-history":[{"count":0,"href":"https:\/\/www.audacieuse-galerie.ch\/de\/wp-json\/wp\/v2\/product\/53218\/revisions"}],"wp:featuredmedia":[{"embeddable":true,"href":"https:\/\/www.audacieuse-galerie.ch\/de\/wp-json\/wp\/v2\/media\/53153"}],"wp:attachment":[{"href":"https:\/\/www.audacieuse-galerie.ch\/de\/wp-json\/wp\/v2\/media?parent=53218"}],"wp:term":[{"taxonomy":"product_brand","embeddable":true,"href":"https:\/\/www.audacieuse-galerie.ch\/de\/wp-json\/wp\/v2\/product_brand?post=53218"},{"taxonomy":"product_cat","embeddable":true,"href":"https:\/\/www.audacieuse-galerie.ch\/de\/wp-json\/wp\/v2\/product_cat?post=53218"},{"taxonomy":"product_tag","embeddable":true,"href":"https:\/\/www.audacieuse-galerie.ch\/de\/wp-json\/wp\/v2\/product_tag?post=53218"}],"curies":[{"name":"wp","href":"https:\/\/api.w.org\/{rel}","templated":true}]}}