{"id":53689,"date":"2019-11-02T17:51:05","date_gmt":"2019-11-02T16:51:05","guid":{"rendered":"https:\/\/woo.audacieuse-galerie.ch\/produit\/no-matter-plastic-2\/"},"modified":"2025-10-03T17:13:58","modified_gmt":"2025-10-03T15:13:58","slug":"no-matter-plastic-2","status":"publish","type":"product","link":"https:\/\/www.audacieuse-galerie.ch\/de\/produit\/no-matter-plastic-2\/","title":{"rendered":"Egal aus Kunststoff"},"content":{"rendered":"<p>Die Fragmentierung des K\u00f6rpers, die durch die Rahmung in diesem Bild verwendet wird, schafft eine Parallele zur Fragmentierung der Identit\u00e4t, die in einem Individuum zu finden ist, das dem Geschlecht entkommen m\u00f6chte, das ihm bei der Geburt verliehen wurde. Die Entscheidung, das Bild auf der H\u00f6he des Gesichts zu schneiden, unterstreicht die Idee, dass die Erkennung eines Geschlechts oder eines Geschlechts nicht das ist, was z\u00e4hlt, nur die Art und Weise, wie Sie sich selbst pr\u00e4sentieren, ist wesentlich.<br \/>Die Maske fungiert als doppelte Pers\u00f6nlichkeit, sie zeigt und verbirgt Hinweise, die frei von Interpretationen sind. <\/p>\n","protected":false},"excerpt":{"rendered":"<p>Die Fragmentierung des K\u00f6rpers, die durch die Rahmung in diesem Bild verwendet wird, schafft eine Parallele zur Fragmentierung der Identit\u00e4t, die in einem Individuum zu finden ist, das dem Geschlecht entkommen m\u00f6chte, das ihm bei der Geburt verliehen wurde.<\/p>\n","protected":false},"featured_media":53624,"comment_status":"open","ping_status":"closed","template":"","meta":{"_glsr_average":0,"_glsr_ranking":0,"_glsr_reviews":0,"jetpack_publicize_message":"","jetpack_publicize_feature_enabled":true,"jetpack_social_post_already_shared":true,"jetpack_social_options":{"image_generator_settings":{"template":"highway","default_image_id":0,"font":"","enabled":false},"version":2}},"product_brand":[],"product_cat":[111,2232,153,108,132],"product_tag":[],"class_list":{"0":"post-53689","1":"product","2":"type-product","3":"status-publish","4":"has-post-thumbnail","6":"product_cat-farben","7":"product_cat-fotografin-manon-boyer","8":"product_cat-grafik","9":"product_cat-mensch","10":"product_cat-portraets","11":"pa_dimensions-40x60cm-de","12":"pa_dimensions-50x65cm-de","13":"pa_dimensions-60x90cm-de","14":"pa_encadrements-dunklesholz-de","15":"pa_encadrements-farben-de","16":"pa_encadrements-grau-de","17":"pa_encadrements-hellesholz-de","18":"pa_encadrements-keinen-de","19":"pa_encadrements-schwarz-de","20":"pa_encadrements-weiss-de","21":"pa_oeuvresnumerotees_limitees-15exemplaren-de","22":"pa_papiers-satinbarytpapier-de","23":"pa_protectionfinitionsupport-druckunterglasacrylglass-de","24":"pa_protectionfinitionsupport-20-kunstpapieraufdibondr_alu-de","25":"pa_protectionfinitionsupport-e4-kunstpapieraufholzplatteu-de","26":"pa_themesphotographiques-mensch-de","27":"pa_themesphotographiques-mode-de","28":"pa_themesphotographiques-portrat-de","30":"first","31":"instock","32":"taxable","33":"shipping-taxable","34":"purchasable","35":"product-type-variable","36":"has-default-attributes"},"yoast_head":"<!-- This site is optimized with the Yoast SEO plugin v27.4 - https:\/\/yoast.com\/product\/yoast-seo-wordpress\/ -->\n<title>Egal aus Kunststoff - Audacieuse-Galerie<\/title>\n<meta name=\"description\" content=\"Egal aus Kunststoff - Audacieuse-Galerie\" \/>\n<meta name=\"robots\" content=\"index, follow, max-snippet:-1, max-image-preview:large, max-video-preview:-1\" \/>\n<link rel=\"canonical\" href=\"https:\/\/www.audacieuse-galerie.ch\/de\/produit\/no-matter-plastic-2\/\" \/>\n<meta property=\"og:locale\" content=\"de_DE\" \/>\n<meta property=\"og:type\" content=\"article\" \/>\n<meta property=\"og:title\" content=\"Egal aus Kunststoff - Audacieuse-Galerie\" \/>\n<meta property=\"og:description\" content=\"Egal aus Kunststoff - Audacieuse-Galerie\" \/>\n<meta property=\"og:url\" content=\"https:\/\/www.audacieuse-galerie.ch\/de\/produit\/no-matter-plastic-2\/\" \/>\n<meta property=\"og:site_name\" content=\"Audacieuse-Galerie\" \/>\n<meta property=\"article:publisher\" content=\"https:\/\/www.facebook.com\/audacieuse.galerie\" \/>\n<meta property=\"article:modified_time\" content=\"2025-10-03T15:13:58+00:00\" \/>\n<meta property=\"og:image\" content=\"https:\/\/www.audacieuse-galerie.ch\/wp-content\/uploads\/2019\/11\/688-No-Matter-Plastic.jpg\" \/>\n\t<meta property=\"og:image:width\" content=\"667\" \/>\n\t<meta property=\"og:image:height\" content=\"1000\" \/>\n\t<meta property=\"og:image:type\" content=\"image\/jpeg\" \/>\n<meta name=\"twitter:card\" content=\"summary_large_image\" \/>\n<meta name=\"twitter:label1\" content=\"Gesch\u00e4tzte Lesezeit\" \/>\n\t<meta name=\"twitter:data1\" content=\"1 Minute\" \/>\n<script type=\"application\/ld+json\" class=\"yoast-schema-graph\">{\"@context\":\"https:\\\/\\\/schema.org\",\"@graph\":[{\"@type\":\"ImageObject\",\"inLanguage\":\"de\",\"@id\":\"https:\\\/\\\/www.audacieuse-galerie.ch\\\/de\\\/produit\\\/no-matter-plastic-2\\\/#primaryimage\",\"url\":\"https:\\\/\\\/www.audacieuse-galerie.ch\\\/wp-content\\\/uploads\\\/2019\\\/11\\\/688-No-Matter-Plastic.jpg\",\"contentUrl\":\"https:\\\/\\\/www.audacieuse-galerie.ch\\\/wp-content\\\/uploads\\\/2019\\\/11\\\/688-No-Matter-Plastic.jpg\",\"width\":667,\"height\":1000,\"caption\":\"Egal aus Kunststoff\"}]}<\/script>\n<!-- \/ Yoast SEO plugin. -->","yoast_head_json":{"title":"Egal aus Kunststoff - Audacieuse-Galerie","description":"Egal aus Kunststoff - Audacieuse-Galerie","robots":{"index":"index","follow":"follow","max-snippet":"max-snippet:-1","max-image-preview":"max-image-preview:large","max-video-preview":"max-video-preview:-1"},"canonical":"https:\/\/www.audacieuse-galerie.ch\/de\/produit\/no-matter-plastic-2\/","og_locale":"de_DE","og_type":"article","og_title":"Egal aus Kunststoff - Audacieuse-Galerie","og_description":"Egal aus Kunststoff - Audacieuse-Galerie","og_url":"https:\/\/www.audacieuse-galerie.ch\/de\/produit\/no-matter-plastic-2\/","og_site_name":"Audacieuse-Galerie","article_publisher":"https:\/\/www.facebook.com\/audacieuse.galerie","article_modified_time":"2025-10-03T15:13:58+00:00","og_image":[{"width":667,"height":1000,"url":"https:\/\/www.audacieuse-galerie.ch\/wp-content\/uploads\/2019\/11\/688-No-Matter-Plastic.jpg","type":"image\/jpeg"}],"twitter_card":"summary_large_image","twitter_misc":{"Gesch\u00e4tzte Lesezeit":"1 Minute"},"schema":{"@context":"https:\/\/schema.org","@graph":[{"@type":"ImageObject","inLanguage":"de","@id":"https:\/\/www.audacieuse-galerie.ch\/de\/produit\/no-matter-plastic-2\/#primaryimage","url":"https:\/\/www.audacieuse-galerie.ch\/wp-content\/uploads\/2019\/11\/688-No-Matter-Plastic.jpg","contentUrl":"https:\/\/www.audacieuse-galerie.ch\/wp-content\/uploads\/2019\/11\/688-No-Matter-Plastic.jpg","width":667,"height":1000,"caption":"Egal aus Kunststoff"}]}},"jetpack_publicize_connections":[],"_links":{"self":[{"href":"https:\/\/www.audacieuse-galerie.ch\/de\/wp-json\/wp\/v2\/product\/53689","targetHints":{"allow":["GET"]}}],"collection":[{"href":"https:\/\/www.audacieuse-galerie.ch\/de\/wp-json\/wp\/v2\/product"}],"about":[{"href":"https:\/\/www.audacieuse-galerie.ch\/de\/wp-json\/wp\/v2\/types\/product"}],"replies":[{"embeddable":true,"href":"https:\/\/www.audacieuse-galerie.ch\/de\/wp-json\/wp\/v2\/comments?post=53689"}],"version-history":[{"count":0,"href":"https:\/\/www.audacieuse-galerie.ch\/de\/wp-json\/wp\/v2\/product\/53689\/revisions"}],"wp:featuredmedia":[{"embeddable":true,"href":"https:\/\/www.audacieuse-galerie.ch\/de\/wp-json\/wp\/v2\/media\/53624"}],"wp:attachment":[{"href":"https:\/\/www.audacieuse-galerie.ch\/de\/wp-json\/wp\/v2\/media?parent=53689"}],"wp:term":[{"taxonomy":"product_brand","embeddable":true,"href":"https:\/\/www.audacieuse-galerie.ch\/de\/wp-json\/wp\/v2\/product_brand?post=53689"},{"taxonomy":"product_cat","embeddable":true,"href":"https:\/\/www.audacieuse-galerie.ch\/de\/wp-json\/wp\/v2\/product_cat?post=53689"},{"taxonomy":"product_tag","embeddable":true,"href":"https:\/\/www.audacieuse-galerie.ch\/de\/wp-json\/wp\/v2\/product_tag?post=53689"}],"curies":[{"name":"wp","href":"https:\/\/api.w.org\/{rel}","templated":true}]}}