{"id":54058,"date":"2019-11-03T13:27:43","date_gmt":"2019-11-03T12:27:43","guid":{"rendered":"https:\/\/woo.audacieuse-galerie.ch\/produit\/no-matter-vortex-2\/"},"modified":"2025-10-03T17:14:00","modified_gmt":"2025-10-03T15:14:00","slug":"no-matter-vortex-2","status":"publish","type":"product","link":"https:\/\/www.audacieuse-galerie.ch\/de\/produit\/no-matter-vortex-2\/","title":{"rendered":"Egal VORTEX"},"content":{"rendered":"<p>Das Bild &#8222;Vortex&#8220; handelt von der Beziehung zum Fleisch und den Wunden (seelisch oder k\u00f6rperlich), die sie bei Geschlechtsdysphorie erleiden kann. Die Botschaft ist, so nah wie m\u00f6glich an deinem K\u00f6rper zu sein und ihm zuzuh\u00f6ren, um dich nicht in einer Identit\u00e4t zu verschlie\u00dfen, die dir zugewiesen wurde, auf die Gefahr hin, ein Gefangener von ihm zu sein.  Die sichtbaren Narben verweisen auf ein viel breiteres Feld des Schmerzes, das die Innerlichkeit dieser Menschen ber\u00fchrt, und das Wort Vortex f\u00fchrt uns geschickt in eine Sph\u00e4re, in der wir davon ausgehen k\u00f6nnen, dass sie Zuflucht finden k\u00f6nnen.<\/p>\n","protected":false},"excerpt":{"rendered":"<p>Das Bild &#8222;Vortex&#8220; handelt von der Beziehung zum Fleisch und den Wunden (seelisch oder k\u00f6rperlich), die sie bei Geschlechtsdysphorie erleiden kann. Die Botschaft ist, so nah wie m\u00f6glich an deinem K\u00f6rper zu sein und ihm zuzuh\u00f6ren, um dich nicht in einer Identit\u00e4t zu verschlie\u00dfen, die dir zugewiesen wurde, auf die Gefahr hin, ein Gefangener von ihm zu sein. <\/p>\n","protected":false},"featured_media":54014,"comment_status":"open","ping_status":"closed","template":"","meta":{"_glsr_average":0,"_glsr_ranking":0,"_glsr_reviews":0,"jetpack_publicize_message":"","jetpack_publicize_feature_enabled":true,"jetpack_social_post_already_shared":true,"jetpack_social_options":{"image_generator_settings":{"template":"highway","default_image_id":0,"font":"","enabled":false},"version":2}},"product_brand":[],"product_cat":[111,2232,108,171],"product_tag":[],"class_list":{"0":"post-54058","1":"product","2":"type-product","3":"status-publish","4":"has-post-thumbnail","6":"product_cat-farben","7":"product_cat-fotografin-manon-boyer","8":"product_cat-mensch","9":"product_cat-kunstlerischen-aktfotografien","10":"pa_dimensions-50x65cm-de","11":"pa_dimensions-60x90cm-de","12":"pa_encadrements-dunklesholz-de","13":"pa_encadrements-farben-de","14":"pa_encadrements-grau-de","15":"pa_encadrements-hellesholz-de","16":"pa_encadrements-keinen-de","17":"pa_encadrements-schwarz-de","18":"pa_encadrements-weiss-de","19":"pa_oeuvresnumerotees_limitees-15exemplaren-de","20":"pa_papiers-satinbarytpapier-de","21":"pa_protectionfinitionsupport-druckunterglasacrylglass-de","22":"pa_protectionfinitionsupport-20-kunstpapieraufdibondr_alu-de","23":"pa_protectionfinitionsupport-e4-kunstpapieraufholzplatteu-de","24":"pa_techniquesphotographiques-farbe-de","25":"pa_themesphotographiques-amerika-de","26":"pa_themesphotographiques-mensch-de","27":"pa_themesphotographiques-nackt-de","29":"first","30":"instock","31":"taxable","32":"shipping-taxable","33":"purchasable","34":"product-type-variable","35":"has-default-attributes"},"yoast_head":"<!-- This site is optimized with the Yoast SEO plugin v27.4 - https:\/\/yoast.com\/product\/yoast-seo-wordpress\/ -->\n<title>Egal VORTEX - Audacieuse-Galerie<\/title>\n<meta name=\"description\" content=\"Egal VORTEX - Audacieuse-Galerie\" \/>\n<meta name=\"robots\" content=\"index, follow, max-snippet:-1, max-image-preview:large, max-video-preview:-1\" \/>\n<link rel=\"canonical\" href=\"https:\/\/www.audacieuse-galerie.ch\/de\/produit\/no-matter-vortex-2\/\" \/>\n<meta property=\"og:locale\" content=\"de_DE\" \/>\n<meta property=\"og:type\" content=\"article\" \/>\n<meta property=\"og:title\" content=\"Egal VORTEX - Audacieuse-Galerie\" \/>\n<meta property=\"og:description\" content=\"Egal VORTEX - Audacieuse-Galerie\" \/>\n<meta property=\"og:url\" content=\"https:\/\/www.audacieuse-galerie.ch\/de\/produit\/no-matter-vortex-2\/\" \/>\n<meta property=\"og:site_name\" content=\"Audacieuse-Galerie\" \/>\n<meta property=\"article:publisher\" content=\"https:\/\/www.facebook.com\/audacieuse.galerie\" \/>\n<meta property=\"article:modified_time\" content=\"2025-10-03T15:14:00+00:00\" \/>\n<meta property=\"og:image\" content=\"https:\/\/www.audacieuse-galerie.ch\/wp-content\/uploads\/2019\/11\/690-No-Matter-VORTEX.jpg\" \/>\n\t<meta property=\"og:image:width\" content=\"667\" \/>\n\t<meta property=\"og:image:height\" content=\"1000\" \/>\n\t<meta property=\"og:image:type\" content=\"image\/jpeg\" \/>\n<meta name=\"twitter:card\" content=\"summary_large_image\" \/>\n<meta name=\"twitter:label1\" content=\"Gesch\u00e4tzte Lesezeit\" \/>\n\t<meta name=\"twitter:data1\" content=\"1 Minute\" \/>\n<script type=\"application\/ld+json\" class=\"yoast-schema-graph\">{\"@context\":\"https:\\\/\\\/schema.org\",\"@graph\":[{\"@type\":\"ImageObject\",\"inLanguage\":\"de\",\"@id\":\"https:\\\/\\\/www.audacieuse-galerie.ch\\\/de\\\/produit\\\/no-matter-vortex-2\\\/#primaryimage\",\"url\":\"https:\\\/\\\/www.audacieuse-galerie.ch\\\/wp-content\\\/uploads\\\/2019\\\/11\\\/690-No-Matter-VORTEX.jpg\",\"contentUrl\":\"https:\\\/\\\/www.audacieuse-galerie.ch\\\/wp-content\\\/uploads\\\/2019\\\/11\\\/690-No-Matter-VORTEX.jpg\",\"width\":667,\"height\":1000,\"caption\":\"Egal VORTEX\"}]}<\/script>\n<!-- \/ Yoast SEO plugin. -->","yoast_head_json":{"title":"Egal VORTEX - Audacieuse-Galerie","description":"Egal VORTEX - Audacieuse-Galerie","robots":{"index":"index","follow":"follow","max-snippet":"max-snippet:-1","max-image-preview":"max-image-preview:large","max-video-preview":"max-video-preview:-1"},"canonical":"https:\/\/www.audacieuse-galerie.ch\/de\/produit\/no-matter-vortex-2\/","og_locale":"de_DE","og_type":"article","og_title":"Egal VORTEX - Audacieuse-Galerie","og_description":"Egal VORTEX - Audacieuse-Galerie","og_url":"https:\/\/www.audacieuse-galerie.ch\/de\/produit\/no-matter-vortex-2\/","og_site_name":"Audacieuse-Galerie","article_publisher":"https:\/\/www.facebook.com\/audacieuse.galerie","article_modified_time":"2025-10-03T15:14:00+00:00","og_image":[{"width":667,"height":1000,"url":"https:\/\/www.audacieuse-galerie.ch\/wp-content\/uploads\/2019\/11\/690-No-Matter-VORTEX.jpg","type":"image\/jpeg"}],"twitter_card":"summary_large_image","twitter_misc":{"Gesch\u00e4tzte Lesezeit":"1 Minute"},"schema":{"@context":"https:\/\/schema.org","@graph":[{"@type":"ImageObject","inLanguage":"de","@id":"https:\/\/www.audacieuse-galerie.ch\/de\/produit\/no-matter-vortex-2\/#primaryimage","url":"https:\/\/www.audacieuse-galerie.ch\/wp-content\/uploads\/2019\/11\/690-No-Matter-VORTEX.jpg","contentUrl":"https:\/\/www.audacieuse-galerie.ch\/wp-content\/uploads\/2019\/11\/690-No-Matter-VORTEX.jpg","width":667,"height":1000,"caption":"Egal VORTEX"}]}},"jetpack_publicize_connections":[],"_links":{"self":[{"href":"https:\/\/www.audacieuse-galerie.ch\/de\/wp-json\/wp\/v2\/product\/54058","targetHints":{"allow":["GET"]}}],"collection":[{"href":"https:\/\/www.audacieuse-galerie.ch\/de\/wp-json\/wp\/v2\/product"}],"about":[{"href":"https:\/\/www.audacieuse-galerie.ch\/de\/wp-json\/wp\/v2\/types\/product"}],"replies":[{"embeddable":true,"href":"https:\/\/www.audacieuse-galerie.ch\/de\/wp-json\/wp\/v2\/comments?post=54058"}],"version-history":[{"count":0,"href":"https:\/\/www.audacieuse-galerie.ch\/de\/wp-json\/wp\/v2\/product\/54058\/revisions"}],"wp:featuredmedia":[{"embeddable":true,"href":"https:\/\/www.audacieuse-galerie.ch\/de\/wp-json\/wp\/v2\/media\/54014"}],"wp:attachment":[{"href":"https:\/\/www.audacieuse-galerie.ch\/de\/wp-json\/wp\/v2\/media?parent=54058"}],"wp:term":[{"taxonomy":"product_brand","embeddable":true,"href":"https:\/\/www.audacieuse-galerie.ch\/de\/wp-json\/wp\/v2\/product_brand?post=54058"},{"taxonomy":"product_cat","embeddable":true,"href":"https:\/\/www.audacieuse-galerie.ch\/de\/wp-json\/wp\/v2\/product_cat?post=54058"},{"taxonomy":"product_tag","embeddable":true,"href":"https:\/\/www.audacieuse-galerie.ch\/de\/wp-json\/wp\/v2\/product_tag?post=54058"}],"curies":[{"name":"wp","href":"https:\/\/api.w.org\/{rel}","templated":true}]}}