{"id":54211,"date":"2019-11-03T14:20:26","date_gmt":"2019-11-03T13:20:26","guid":{"rendered":"https:\/\/woo.audacieuse-galerie.ch\/produit\/no-matter-shadowed-2\/"},"modified":"2025-10-03T17:14:07","modified_gmt":"2025-10-03T15:14:07","slug":"no-matter-shadowed-2","status":"publish","type":"product","link":"https:\/\/www.audacieuse-galerie.ch\/de\/produit\/no-matter-shadowed-2\/","title":{"rendered":"Egal ob beschattet"},"content":{"rendered":"<p>Dieses Bild f\u00fchrt uns in eine \u00c4sthetik, in der sich ausgepr\u00e4gte Muskeln und Haarkurven verflechten, um die Konturen einer hybriden Form zum Leben zu erwecken. Der Impuls dieses K\u00f6rpers zum Licht hin unterstreicht die Absicht, aus der Norm auszubrechen und sich von traditionellen Vorstellungen zu l\u00f6sen.  Die Metapher des Schattens, dem er entflieht, gibt ihm die Zuversicht, sich so zu pr\u00e4sentieren, wie er will, er emanzipiert sich von jeder Art von Schatten.<br \/>eine Form der Klassifizierung, indem die eigene Identit\u00e4t in vollem Licht behauptet wird.<\/p>\n","protected":false},"excerpt":{"rendered":"<p>Dieses Bild f\u00fchrt uns in eine \u00c4sthetik, in der sich ausgepr\u00e4gte Muskeln und Haarkurven verflechten, um die Konturen einer hybriden Form zum Leben zu erwecken. Der Impuls dieses K\u00f6rpers zum Licht hin unterstreicht die Absicht, aus der Norm auszubrechen und sich von traditionellen Vorstellungen zu l\u00f6sen. <\/p>\n","protected":false},"featured_media":54146,"comment_status":"open","ping_status":"closed","template":"","meta":{"_glsr_average":0,"_glsr_ranking":0,"_glsr_reviews":0,"jetpack_publicize_message":"","jetpack_publicize_feature_enabled":true,"jetpack_social_post_already_shared":true,"jetpack_social_options":{"image_generator_settings":{"template":"highway","default_image_id":0,"font":"","enabled":false},"version":2}},"product_brand":[],"product_cat":[189,2232,108,171,132],"product_tag":[],"class_list":{"0":"post-54211","1":"product","2":"type-product","3":"status-publish","4":"has-post-thumbnail","6":"product_cat-amerika","7":"product_cat-fotografin-manon-boyer","8":"product_cat-mensch","9":"product_cat-kunstlerischen-aktfotografien","10":"product_cat-portraets","11":"pa_dimensions-40x60cm-de","12":"pa_dimensions-50x65cm-de","13":"pa_dimensions-60x90cm-de","14":"pa_encadrements-dunklesholz-de","15":"pa_encadrements-farben-de","16":"pa_encadrements-grau-de","17":"pa_encadrements-hellesholz-de","18":"pa_encadrements-keinen-de","19":"pa_encadrements-schwarz-de","20":"pa_encadrements-weiss-de","21":"pa_oeuvresnumerotees_limitees-15exemplaren-de","22":"pa_papiers-satinbarytpapier-de","23":"pa_protectionfinitionsupport-druckunterglasacrylglass-de","24":"pa_protectionfinitionsupport-20-kunstpapieraufdibondr_alu-de","25":"pa_protectionfinitionsupport-e4-kunstpapieraufholzplatteu-de","26":"pa_techniquesphotographiques-farbe-de","27":"pa_themesphotographiques-amerika-de","28":"pa_themesphotographiques-grafik-de","29":"pa_themesphotographiques-mensch-de","30":"pa_themesphotographiques-mode-de","31":"pa_themesphotographiques-nackt-de","32":"pa_themesphotographiques-portrat-de","34":"first","35":"instock","36":"taxable","37":"shipping-taxable","38":"purchasable","39":"product-type-variable","40":"has-default-attributes"},"yoast_head":"<!-- This site is optimized with the Yoast SEO plugin v27.4 - https:\/\/yoast.com\/product\/yoast-seo-wordpress\/ -->\n<title>Egal ob beschattet - Audacieuse-Galerie<\/title>\n<meta name=\"description\" content=\"Egal ob beschattet - Audacieuse-Galerie\" \/>\n<meta name=\"robots\" content=\"index, follow, max-snippet:-1, max-image-preview:large, max-video-preview:-1\" \/>\n<link rel=\"canonical\" href=\"https:\/\/www.audacieuse-galerie.ch\/de\/produit\/no-matter-shadowed-2\/\" \/>\n<meta property=\"og:locale\" content=\"de_DE\" \/>\n<meta property=\"og:type\" content=\"article\" \/>\n<meta property=\"og:title\" content=\"Egal ob beschattet - Audacieuse-Galerie\" \/>\n<meta property=\"og:description\" content=\"Egal ob beschattet - Audacieuse-Galerie\" \/>\n<meta property=\"og:url\" content=\"https:\/\/www.audacieuse-galerie.ch\/de\/produit\/no-matter-shadowed-2\/\" \/>\n<meta property=\"og:site_name\" content=\"Audacieuse-Galerie\" \/>\n<meta property=\"article:publisher\" content=\"https:\/\/www.facebook.com\/audacieuse.galerie\" \/>\n<meta property=\"article:modified_time\" content=\"2025-10-03T15:14:07+00:00\" \/>\n<meta property=\"og:image\" content=\"https:\/\/www.audacieuse-galerie.ch\/wp-content\/uploads\/2019\/11\/691-No-Matter-Shadowed.jpg\" \/>\n\t<meta property=\"og:image:width\" content=\"1000\" \/>\n\t<meta property=\"og:image:height\" content=\"667\" \/>\n\t<meta property=\"og:image:type\" content=\"image\/jpeg\" \/>\n<meta name=\"twitter:card\" content=\"summary_large_image\" \/>\n<script type=\"application\/ld+json\" class=\"yoast-schema-graph\">{\"@context\":\"https:\\\/\\\/schema.org\",\"@graph\":[{\"@type\":\"ImageObject\",\"inLanguage\":\"de\",\"@id\":\"https:\\\/\\\/www.audacieuse-galerie.ch\\\/de\\\/produit\\\/no-matter-shadowed-2\\\/#primaryimage\",\"url\":\"https:\\\/\\\/www.audacieuse-galerie.ch\\\/wp-content\\\/uploads\\\/2019\\\/11\\\/691-No-Matter-Shadowed.jpg\",\"contentUrl\":\"https:\\\/\\\/www.audacieuse-galerie.ch\\\/wp-content\\\/uploads\\\/2019\\\/11\\\/691-No-Matter-Shadowed.jpg\",\"width\":1000,\"height\":667,\"caption\":\"Egal ob beschattet\"}]}<\/script>\n<!-- \/ Yoast SEO plugin. -->","yoast_head_json":{"title":"Egal ob beschattet - Audacieuse-Galerie","description":"Egal ob beschattet - Audacieuse-Galerie","robots":{"index":"index","follow":"follow","max-snippet":"max-snippet:-1","max-image-preview":"max-image-preview:large","max-video-preview":"max-video-preview:-1"},"canonical":"https:\/\/www.audacieuse-galerie.ch\/de\/produit\/no-matter-shadowed-2\/","og_locale":"de_DE","og_type":"article","og_title":"Egal ob beschattet - Audacieuse-Galerie","og_description":"Egal ob beschattet - Audacieuse-Galerie","og_url":"https:\/\/www.audacieuse-galerie.ch\/de\/produit\/no-matter-shadowed-2\/","og_site_name":"Audacieuse-Galerie","article_publisher":"https:\/\/www.facebook.com\/audacieuse.galerie","article_modified_time":"2025-10-03T15:14:07+00:00","og_image":[{"width":1000,"height":667,"url":"https:\/\/www.audacieuse-galerie.ch\/wp-content\/uploads\/2019\/11\/691-No-Matter-Shadowed.jpg","type":"image\/jpeg"}],"twitter_card":"summary_large_image","schema":{"@context":"https:\/\/schema.org","@graph":[{"@type":"ImageObject","inLanguage":"de","@id":"https:\/\/www.audacieuse-galerie.ch\/de\/produit\/no-matter-shadowed-2\/#primaryimage","url":"https:\/\/www.audacieuse-galerie.ch\/wp-content\/uploads\/2019\/11\/691-No-Matter-Shadowed.jpg","contentUrl":"https:\/\/www.audacieuse-galerie.ch\/wp-content\/uploads\/2019\/11\/691-No-Matter-Shadowed.jpg","width":1000,"height":667,"caption":"Egal ob beschattet"}]}},"jetpack_publicize_connections":[],"_links":{"self":[{"href":"https:\/\/www.audacieuse-galerie.ch\/de\/wp-json\/wp\/v2\/product\/54211","targetHints":{"allow":["GET"]}}],"collection":[{"href":"https:\/\/www.audacieuse-galerie.ch\/de\/wp-json\/wp\/v2\/product"}],"about":[{"href":"https:\/\/www.audacieuse-galerie.ch\/de\/wp-json\/wp\/v2\/types\/product"}],"replies":[{"embeddable":true,"href":"https:\/\/www.audacieuse-galerie.ch\/de\/wp-json\/wp\/v2\/comments?post=54211"}],"version-history":[{"count":0,"href":"https:\/\/www.audacieuse-galerie.ch\/de\/wp-json\/wp\/v2\/product\/54211\/revisions"}],"wp:featuredmedia":[{"embeddable":true,"href":"https:\/\/www.audacieuse-galerie.ch\/de\/wp-json\/wp\/v2\/media\/54146"}],"wp:attachment":[{"href":"https:\/\/www.audacieuse-galerie.ch\/de\/wp-json\/wp\/v2\/media?parent=54211"}],"wp:term":[{"taxonomy":"product_brand","embeddable":true,"href":"https:\/\/www.audacieuse-galerie.ch\/de\/wp-json\/wp\/v2\/product_brand?post=54211"},{"taxonomy":"product_cat","embeddable":true,"href":"https:\/\/www.audacieuse-galerie.ch\/de\/wp-json\/wp\/v2\/product_cat?post=54211"},{"taxonomy":"product_tag","embeddable":true,"href":"https:\/\/www.audacieuse-galerie.ch\/de\/wp-json\/wp\/v2\/product_tag?post=54211"}],"curies":[{"name":"wp","href":"https:\/\/api.w.org\/{rel}","templated":true}]}}