{"id":54406,"date":"2019-11-03T14:45:55","date_gmt":"2019-11-03T13:45:55","guid":{"rendered":"https:\/\/woo.audacieuse-galerie.ch\/produit\/no-matter-transition-2\/"},"modified":"2025-10-04T18:18:10","modified_gmt":"2025-10-04T16:18:10","slug":"no-matter-transition-2","status":"publish","type":"product","link":"https:\/\/www.audacieuse-galerie.ch\/de\/produit\/no-matter-transition-2\/","title":{"rendered":"Unabh\u00e4ngig vom \u00dcbergang"},"content":{"rendered":"<p>Die Mehrdeutigkeit des Kontextes, in dem sich die Person befindet, verweist uns auf ein undefiniertes Geschlecht, das auf einem Hin und Her zwischen dem M\u00e4nnlichen und dem Weiblichen basiert, ohne jedoch eine endg\u00fcltige Wahl zu treffen, was uns allm\u00e4hlich zu einer gewissen Neutralit\u00e4t f\u00fchrt. Das Bild versucht, die neuen Konturen dieser neutralen K\u00f6rper in den Fokus zu r\u00fccken, die sich vor der Linse formen und verformen. Der Titel &#8222;Transition&#8220; verweist offensichtlich auf den Zustand des &#8222;Durchgangs&#8220;, den diese K\u00f6rper t\u00e4glich einnehmen. <\/p>\n","protected":false},"excerpt":{"rendered":"<p>Die Mehrdeutigkeit des Kontextes, in dem sich die Person befindet, verweist uns auf ein undefiniertes Geschlecht, das auf einem Hin und Her zwischen dem M\u00e4nnlichen und dem Weiblichen basiert, ohne jedoch eine endg\u00fcltige Wahl zu treffen, was uns allm\u00e4hlich zu einer gewissen Neutralit\u00e4t f\u00fchrt.<\/p>\n","protected":false},"featured_media":54341,"comment_status":"open","ping_status":"closed","template":"","meta":{"_glsr_average":0,"_glsr_ranking":0,"_glsr_reviews":0,"jetpack_publicize_message":"","jetpack_publicize_feature_enabled":true,"jetpack_social_post_already_shared":true,"jetpack_social_options":{"image_generator_settings":{"template":"highway","default_image_id":0,"font":"","enabled":false},"version":2}},"product_brand":[],"product_cat":[189,111,2232,228,108],"product_tag":[],"class_list":{"0":"post-54406","1":"product","2":"type-product","3":"status-publish","4":"has-post-thumbnail","6":"product_cat-amerika","7":"product_cat-farben","8":"product_cat-fotografin-manon-boyer","9":"product_cat-innen","10":"product_cat-mensch","11":"pa_dimensions-40x60cm-de","12":"pa_dimensions-50x65cm-de","13":"pa_dimensions-60x90cm-de","14":"pa_encadrements-dunklesholz-de","15":"pa_encadrements-farben-de","16":"pa_encadrements-grau-de","17":"pa_encadrements-hellesholz-de","18":"pa_encadrements-keinen-de","19":"pa_encadrements-schwarz-de","20":"pa_encadrements-weiss-de","21":"pa_oeuvresnumerotees_limitees-15exemplaren-de","22":"pa_papiers-satinbarytpapier-de","23":"pa_protectionfinitionsupport-druckunterglasacrylglass-de","24":"pa_protectionfinitionsupport-20-kunstpapieraufdibondr_alu-de","25":"pa_protectionfinitionsupport-e4-kunstpapieraufholzplatteu-de","26":"pa_techniquesphotographiques-farbe-de","27":"pa_themesphotographiques-amerika-de","28":"pa_themesphotographiques-innen-de","29":"pa_themesphotographiques-mensch-de","31":"first","32":"instock","33":"taxable","34":"shipping-taxable","35":"purchasable","36":"product-type-variable","37":"has-default-attributes"},"yoast_head":"<!-- This site is optimized with the Yoast SEO plugin v27.4 - https:\/\/yoast.com\/product\/yoast-seo-wordpress\/ -->\n<title>Unabh\u00e4ngig vom \u00dcbergang - Audacieuse-Galerie<\/title>\n<meta name=\"description\" content=\"Unabh\u00e4ngig vom \u00dcbergang - Audacieuse-Galerie\" \/>\n<meta name=\"robots\" content=\"index, follow, max-snippet:-1, max-image-preview:large, max-video-preview:-1\" \/>\n<link rel=\"canonical\" href=\"https:\/\/www.audacieuse-galerie.ch\/de\/produit\/no-matter-transition-2\/\" \/>\n<meta property=\"og:locale\" content=\"de_DE\" \/>\n<meta property=\"og:type\" content=\"article\" \/>\n<meta property=\"og:title\" content=\"Unabh\u00e4ngig vom \u00dcbergang - Audacieuse-Galerie\" \/>\n<meta property=\"og:description\" content=\"Unabh\u00e4ngig vom \u00dcbergang - Audacieuse-Galerie\" \/>\n<meta property=\"og:url\" content=\"https:\/\/www.audacieuse-galerie.ch\/de\/produit\/no-matter-transition-2\/\" \/>\n<meta property=\"og:site_name\" content=\"Audacieuse-Galerie\" \/>\n<meta property=\"article:publisher\" content=\"https:\/\/www.facebook.com\/audacieuse.galerie\" \/>\n<meta property=\"article:modified_time\" content=\"2025-10-04T16:18:10+00:00\" \/>\n<meta property=\"og:image\" content=\"https:\/\/www.audacieuse-galerie.ch\/wp-content\/uploads\/2019\/11\/692-No-Matter-Transition.jpg\" \/>\n\t<meta property=\"og:image:width\" content=\"667\" \/>\n\t<meta property=\"og:image:height\" content=\"1000\" \/>\n\t<meta property=\"og:image:type\" content=\"image\/jpeg\" \/>\n<meta name=\"twitter:card\" content=\"summary_large_image\" \/>\n<script type=\"application\/ld+json\" class=\"yoast-schema-graph\">{\"@context\":\"https:\\\/\\\/schema.org\",\"@graph\":[{\"@type\":\"ImageObject\",\"inLanguage\":\"de\",\"@id\":\"https:\\\/\\\/www.audacieuse-galerie.ch\\\/de\\\/produit\\\/no-matter-transition-2\\\/#primaryimage\",\"url\":\"https:\\\/\\\/www.audacieuse-galerie.ch\\\/wp-content\\\/uploads\\\/2019\\\/11\\\/692-No-Matter-Transition.jpg\",\"contentUrl\":\"https:\\\/\\\/www.audacieuse-galerie.ch\\\/wp-content\\\/uploads\\\/2019\\\/11\\\/692-No-Matter-Transition.jpg\",\"width\":667,\"height\":1000,\"caption\":\"Unabh\u00e4ngig vom \u00dcbergang\"}]}<\/script>\n<!-- \/ Yoast SEO plugin. -->","yoast_head_json":{"title":"Unabh\u00e4ngig vom \u00dcbergang - Audacieuse-Galerie","description":"Unabh\u00e4ngig vom \u00dcbergang - Audacieuse-Galerie","robots":{"index":"index","follow":"follow","max-snippet":"max-snippet:-1","max-image-preview":"max-image-preview:large","max-video-preview":"max-video-preview:-1"},"canonical":"https:\/\/www.audacieuse-galerie.ch\/de\/produit\/no-matter-transition-2\/","og_locale":"de_DE","og_type":"article","og_title":"Unabh\u00e4ngig vom \u00dcbergang - Audacieuse-Galerie","og_description":"Unabh\u00e4ngig vom \u00dcbergang - Audacieuse-Galerie","og_url":"https:\/\/www.audacieuse-galerie.ch\/de\/produit\/no-matter-transition-2\/","og_site_name":"Audacieuse-Galerie","article_publisher":"https:\/\/www.facebook.com\/audacieuse.galerie","article_modified_time":"2025-10-04T16:18:10+00:00","og_image":[{"width":667,"height":1000,"url":"https:\/\/www.audacieuse-galerie.ch\/wp-content\/uploads\/2019\/11\/692-No-Matter-Transition.jpg","type":"image\/jpeg"}],"twitter_card":"summary_large_image","schema":{"@context":"https:\/\/schema.org","@graph":[{"@type":"ImageObject","inLanguage":"de","@id":"https:\/\/www.audacieuse-galerie.ch\/de\/produit\/no-matter-transition-2\/#primaryimage","url":"https:\/\/www.audacieuse-galerie.ch\/wp-content\/uploads\/2019\/11\/692-No-Matter-Transition.jpg","contentUrl":"https:\/\/www.audacieuse-galerie.ch\/wp-content\/uploads\/2019\/11\/692-No-Matter-Transition.jpg","width":667,"height":1000,"caption":"Unabh\u00e4ngig vom \u00dcbergang"}]}},"jetpack_publicize_connections":[],"_links":{"self":[{"href":"https:\/\/www.audacieuse-galerie.ch\/de\/wp-json\/wp\/v2\/product\/54406","targetHints":{"allow":["GET"]}}],"collection":[{"href":"https:\/\/www.audacieuse-galerie.ch\/de\/wp-json\/wp\/v2\/product"}],"about":[{"href":"https:\/\/www.audacieuse-galerie.ch\/de\/wp-json\/wp\/v2\/types\/product"}],"replies":[{"embeddable":true,"href":"https:\/\/www.audacieuse-galerie.ch\/de\/wp-json\/wp\/v2\/comments?post=54406"}],"version-history":[{"count":0,"href":"https:\/\/www.audacieuse-galerie.ch\/de\/wp-json\/wp\/v2\/product\/54406\/revisions"}],"wp:featuredmedia":[{"embeddable":true,"href":"https:\/\/www.audacieuse-galerie.ch\/de\/wp-json\/wp\/v2\/media\/54341"}],"wp:attachment":[{"href":"https:\/\/www.audacieuse-galerie.ch\/de\/wp-json\/wp\/v2\/media?parent=54406"}],"wp:term":[{"taxonomy":"product_brand","embeddable":true,"href":"https:\/\/www.audacieuse-galerie.ch\/de\/wp-json\/wp\/v2\/product_brand?post=54406"},{"taxonomy":"product_cat","embeddable":true,"href":"https:\/\/www.audacieuse-galerie.ch\/de\/wp-json\/wp\/v2\/product_cat?post=54406"},{"taxonomy":"product_tag","embeddable":true,"href":"https:\/\/www.audacieuse-galerie.ch\/de\/wp-json\/wp\/v2\/product_tag?post=54406"}],"curies":[{"name":"wp","href":"https:\/\/api.w.org\/{rel}","templated":true}]}}