{"id":54835,"date":"2019-11-20T18:04:33","date_gmt":"2019-11-20T17:04:33","guid":{"rendered":"https:\/\/woo.audacieuse-galerie.ch\/produit\/sonnenbrille-morel-azur-schwarz-80009a-nn01\/"},"modified":"2025-12-08T11:55:06","modified_gmt":"2025-12-08T10:55:06","slug":"sonnenbrille-morel-azur-schwarz-80009a-nn01","status":"publish","type":"product","link":"https:\/\/www.audacieuse-galerie.ch\/de\/produit\/sonnenbrille-morel-azur-schwarz-80009a-nn01\/","title":{"rendered":"Schwarze Sonnenbrille, Morel Azur 80009A NN01"},"content":{"rendered":"<p>Mit diesen Sonnenbrillen verbinden Sie Stil, Komfort und Schutz \u2013 f\u00fcr M\u00e4nner von <strong>Morel<\/strong>, einer franz\u00f6sischen Marke, die f\u00fcr ihr optisches Know-how und ihre Qualit\u00e4tsforderung bekannt ist.<\/p>\n<p>Mit einem <strong>schwarzen Rahmen und einem eleganten Design<\/strong> verk\u00f6rpern diese Brillen einen modernen und maskulinen Look, der perfekt zum Alltag sowie zu eleganteren Anl\u00e4ssen passt. Ihr Design garantiert den ganzen Tag \u00fcber optimalen Komfort, w\u00e4hrend ihre sorgf\u00e4ltigen Oberfl\u00e4chen das gesamte Prestige der Marke Morel widerspiegeln. <\/p>\n<p>Mit <strong>hochwertigen Sonnengl\u00e4sern<\/strong> ausgestattet, bieten sie einen <strong>polarisierten UV-Schutz der Kategorie 3<\/strong> und sch\u00fctzen Ihre Augen effektiv vor der Sonne. Ihr harmonischer Farbton bietet nat\u00fcrliche und angenehme Sicht, selbst bei hellem Licht. <\/p>\n<h5><\/h5>\n<ul>\n<li><strong>Markieren:<\/strong> Morchel<\/li>\n<li><strong>Geschlecht:<\/strong> Mann<\/li>\n<li><strong>Rahmenfarbe:<\/strong> Schwarz<\/li>\n<li><strong>Stil:<\/strong> Modern, stilvoll<\/li>\n<li><strong>Schutz:<\/strong> Kategorie-3-Polarisations-UV-Linsen, CE-Produkt<\/li>\n<li><strong>Tr\u00f6sten:<\/strong> Leichter und langlebiger Rahmen<\/li>\n<\/ul>\n","protected":false},"excerpt":{"rendered":"<p>Mit diesen Sonnenbrillen verbinden Sie Stil, Komfort und Schutz \u2013 f\u00fcr M\u00e4nner von Morel, einer franz\u00f6sischen Marke, die f\u00fcr ihr&#8230;<\/p>\n","protected":false},"featured_media":54830,"comment_status":"open","ping_status":"closed","template":"","meta":{"_glsr_average":0,"_glsr_ranking":0,"_glsr_reviews":0,"jetpack_publicize_message":"","jetpack_publicize_feature_enabled":true,"jetpack_social_post_already_shared":true,"jetpack_social_options":{"image_generator_settings":{"template":"highway","default_image_id":0,"font":"","enabled":false},"version":2}},"product_brand":[],"product_cat":[96,105,102,84,147],"product_tag":[],"class_list":{"0":"post-54835","1":"product","2":"type-product","3":"status-publish","4":"has-post-thumbnail","6":"product_cat-accessoires-von-schoepfern","7":"product_cat-geschenkideen-aus-pret-a-porter-und-accessoires-fuer-sie-fuer-ihn","8":"product_cat-im-schaufenster-in-carouge-gesehen","9":"product_cat-konfektionskleidung-mann","10":"product_cat-sonnenbrille","11":"pa_composition-acetat-de","12":"pa_composition-metal-de","13":"pa_genre-frau-de","14":"pa_genre-man-de","15":"pa_grandeur-gross-de","16":"pa_lieudefabrication-europa-de","17":"pa_lieudefabrication-frankreich-de","18":"pa_motif-unifarben-de","19":"pa_protectionsolaire-kategorie3-de","20":"pa_saison-fruhjahrsommer-de","21":"pa_style-business-de","22":"pa_style-festlich-de","23":"pa_style-freizeit-de","24":"pa_style-sport-de","26":"first","27":"instock","28":"taxable","29":"shipping-taxable","30":"purchasable","31":"product-type-simple"},"yoast_head":"<!-- This site is optimized with the Yoast SEO plugin v27.4 - https:\/\/yoast.com\/product\/yoast-seo-wordpress\/ -->\n<title>Schwarze Sonnenbrille, Morel Azur 80009A NN01 - Audacieuse-Galerie<\/title>\n<meta name=\"description\" content=\"Schwarze Sonnenbrille, Morel Azur 80009A NN01 - Audacieuse-Galerie\" \/>\n<meta name=\"robots\" content=\"index, follow, max-snippet:-1, max-image-preview:large, max-video-preview:-1\" \/>\n<link rel=\"canonical\" href=\"https:\/\/www.audacieuse-galerie.ch\/de\/produit\/sonnenbrille-morel-azur-schwarz-80009a-nn01\/\" \/>\n<meta property=\"og:locale\" content=\"de_DE\" \/>\n<meta property=\"og:type\" content=\"article\" \/>\n<meta property=\"og:title\" content=\"Schwarze Sonnenbrille, Morel Azur 80009A NN01 - Audacieuse-Galerie\" \/>\n<meta property=\"og:description\" content=\"Schwarze Sonnenbrille, Morel Azur 80009A NN01 - Audacieuse-Galerie\" \/>\n<meta property=\"og:url\" content=\"https:\/\/www.audacieuse-galerie.ch\/de\/produit\/sonnenbrille-morel-azur-schwarz-80009a-nn01\/\" \/>\n<meta property=\"og:site_name\" content=\"Audacieuse-Galerie\" \/>\n<meta property=\"article:publisher\" content=\"https:\/\/www.facebook.com\/audacieuse.galerie\" \/>\n<meta property=\"article:modified_time\" content=\"2025-12-08T10:55:06+00:00\" \/>\n<meta property=\"og:image\" content=\"https:\/\/www.audacieuse-galerie.ch\/wp-content\/uploads\/2019\/11\/723-Lunettes-de-soleil-noires-Morel-Azur-80009A-NN01.jpg\" \/>\n\t<meta property=\"og:image:width\" content=\"1000\" \/>\n\t<meta property=\"og:image:height\" content=\"667\" \/>\n\t<meta property=\"og:image:type\" content=\"image\/jpeg\" \/>\n<meta name=\"twitter:card\" content=\"summary_large_image\" \/>\n<meta name=\"twitter:label1\" content=\"Gesch\u00e4tzte Lesezeit\" \/>\n\t<meta name=\"twitter:data1\" content=\"1 Minute\" \/>\n<script type=\"application\/ld+json\" class=\"yoast-schema-graph\">{\"@context\":\"https:\\\/\\\/schema.org\",\"@graph\":[{\"@type\":\"ImageObject\",\"inLanguage\":\"de\",\"@id\":\"https:\\\/\\\/www.audacieuse-galerie.ch\\\/de\\\/produit\\\/sonnenbrille-morel-azur-schwarz-80009a-nn01\\\/#primaryimage\",\"url\":\"https:\\\/\\\/www.audacieuse-galerie.ch\\\/wp-content\\\/uploads\\\/2019\\\/11\\\/723-Lunettes-de-soleil-noires-Morel-Azur-80009A-NN01.jpg\",\"contentUrl\":\"https:\\\/\\\/www.audacieuse-galerie.ch\\\/wp-content\\\/uploads\\\/2019\\\/11\\\/723-Lunettes-de-soleil-noires-Morel-Azur-80009A-NN01.jpg\",\"width\":1000,\"height\":667,\"caption\":\"Schwarze Sonnenbrille, Morel Azur 80009A NN01\"}]}<\/script>\n<!-- \/ Yoast SEO plugin. -->","yoast_head_json":{"title":"Schwarze Sonnenbrille, Morel Azur 80009A NN01 - Audacieuse-Galerie","description":"Schwarze Sonnenbrille, Morel Azur 80009A NN01 - Audacieuse-Galerie","robots":{"index":"index","follow":"follow","max-snippet":"max-snippet:-1","max-image-preview":"max-image-preview:large","max-video-preview":"max-video-preview:-1"},"canonical":"https:\/\/www.audacieuse-galerie.ch\/de\/produit\/sonnenbrille-morel-azur-schwarz-80009a-nn01\/","og_locale":"de_DE","og_type":"article","og_title":"Schwarze Sonnenbrille, Morel Azur 80009A NN01 - Audacieuse-Galerie","og_description":"Schwarze Sonnenbrille, Morel Azur 80009A NN01 - Audacieuse-Galerie","og_url":"https:\/\/www.audacieuse-galerie.ch\/de\/produit\/sonnenbrille-morel-azur-schwarz-80009a-nn01\/","og_site_name":"Audacieuse-Galerie","article_publisher":"https:\/\/www.facebook.com\/audacieuse.galerie","article_modified_time":"2025-12-08T10:55:06+00:00","og_image":[{"width":1000,"height":667,"url":"https:\/\/www.audacieuse-galerie.ch\/wp-content\/uploads\/2019\/11\/723-Lunettes-de-soleil-noires-Morel-Azur-80009A-NN01.jpg","type":"image\/jpeg"}],"twitter_card":"summary_large_image","twitter_misc":{"Gesch\u00e4tzte Lesezeit":"1 Minute"},"schema":{"@context":"https:\/\/schema.org","@graph":[{"@type":"ImageObject","inLanguage":"de","@id":"https:\/\/www.audacieuse-galerie.ch\/de\/produit\/sonnenbrille-morel-azur-schwarz-80009a-nn01\/#primaryimage","url":"https:\/\/www.audacieuse-galerie.ch\/wp-content\/uploads\/2019\/11\/723-Lunettes-de-soleil-noires-Morel-Azur-80009A-NN01.jpg","contentUrl":"https:\/\/www.audacieuse-galerie.ch\/wp-content\/uploads\/2019\/11\/723-Lunettes-de-soleil-noires-Morel-Azur-80009A-NN01.jpg","width":1000,"height":667,"caption":"Schwarze Sonnenbrille, Morel Azur 80009A NN01"}]}},"jetpack_publicize_connections":[],"_links":{"self":[{"href":"https:\/\/www.audacieuse-galerie.ch\/de\/wp-json\/wp\/v2\/product\/54835","targetHints":{"allow":["GET"]}}],"collection":[{"href":"https:\/\/www.audacieuse-galerie.ch\/de\/wp-json\/wp\/v2\/product"}],"about":[{"href":"https:\/\/www.audacieuse-galerie.ch\/de\/wp-json\/wp\/v2\/types\/product"}],"replies":[{"embeddable":true,"href":"https:\/\/www.audacieuse-galerie.ch\/de\/wp-json\/wp\/v2\/comments?post=54835"}],"version-history":[{"count":0,"href":"https:\/\/www.audacieuse-galerie.ch\/de\/wp-json\/wp\/v2\/product\/54835\/revisions"}],"wp:featuredmedia":[{"embeddable":true,"href":"https:\/\/www.audacieuse-galerie.ch\/de\/wp-json\/wp\/v2\/media\/54830"}],"wp:attachment":[{"href":"https:\/\/www.audacieuse-galerie.ch\/de\/wp-json\/wp\/v2\/media?parent=54835"}],"wp:term":[{"taxonomy":"product_brand","embeddable":true,"href":"https:\/\/www.audacieuse-galerie.ch\/de\/wp-json\/wp\/v2\/product_brand?post=54835"},{"taxonomy":"product_cat","embeddable":true,"href":"https:\/\/www.audacieuse-galerie.ch\/de\/wp-json\/wp\/v2\/product_cat?post=54835"},{"taxonomy":"product_tag","embeddable":true,"href":"https:\/\/www.audacieuse-galerie.ch\/de\/wp-json\/wp\/v2\/product_tag?post=54835"}],"curies":[{"name":"wp","href":"https:\/\/api.w.org\/{rel}","templated":true}]}}