{"id":54850,"date":"2019-11-30T11:41:51","date_gmt":"2019-11-30T10:41:51","guid":{"rendered":"https:\/\/woo.audacieuse-galerie.ch\/produit\/manschettenknoepfe-mit-altes-schweizer-uhrwerk-zodiac\/"},"modified":"2026-03-19T19:14:14","modified_gmt":"2026-03-19T18:14:14","slug":"manschettenknoepfe-mit-altes-schweizer-uhrwerk-zodiac","status":"publish","type":"product","link":"https:\/\/www.audacieuse-galerie.ch\/de\/produit\/manschettenknoepfe-mit-altes-schweizer-uhrwerk-zodiac\/","title":{"rendered":"Duward\u00ae Manschettenkn\u00f6pfe Antikes Schweizer Uhrwerk"},"content":{"rendered":"<p>Diese Manschettenkn\u00f6pfe vereinen Eleganz und Raffinesse. Die\u00ae in der Schweiz hergestellten antiken Uhrwerke von Duward mit echten Rubinen verleihen diesen Manschettenkn\u00f6pfen zu jeder Gelegenheit einen schimmernden, schimmernden und raffinierten goldenen Glanz.<\/p>\n<p>Dieses Unikat wird mit einem nummerierten, vom Handwerker signierten Echtheitszertifikat geliefert.<\/p>\n<p>&nbsp;<\/p>\n<p>Merkmale:<\/p>\n<ul>\n<li><span style=\"color: #99cc00\"><strong>Ethisches Handhandwerk<\/strong><span style=\"color: #000000\">, Upcycling<\/span><\/span><\/li>\n<li>antikes Uhrwerk, Schweiz<\/li>\n<li>von Designer <strong>Vano, <\/strong>Schweiz \u2013 Frankreich<\/li>\n<\/ul>\n","protected":false},"excerpt":{"rendered":"<p style=\"margin-bottom: 0cm;line-height: 100%\">Manschettenkn\u00f6pfe aus Messing mit Schweizer Uhrwerk aus dem Uhrenhaus Duward\u00ae, besetzt mit 17 echten Steinen.<\/p>\n<p style=\"margin-bottom: 0cm;line-height: 100%\">\n","protected":false},"featured_media":54848,"comment_status":"open","ping_status":"closed","template":"","meta":{"_glsr_average":0,"_glsr_ranking":0,"_glsr_reviews":0,"jetpack_publicize_message":"","jetpack_publicize_feature_enabled":true,"jetpack_social_post_already_shared":true,"jetpack_social_options":{"image_generator_settings":{"template":"highway","default_image_id":0,"font":"","enabled":false},"version":2}},"product_brand":[],"product_cat":[105,102,84,168,2598],"product_tag":[],"class_list":{"0":"post-54850","1":"product","2":"type-product","3":"status-publish","4":"has-post-thumbnail","6":"product_cat-geschenkideen-aus-pret-a-porter-und-accessoires-fuer-sie-fuer-ihn","7":"product_cat-im-schaufenster-in-carouge-gesehen","8":"product_cat-konfektionskleidung-mann","9":"product_cat-modische-schmuckstuecke","10":"product_cat-vano-schmuck-der-neu-erfundenen-uhrmacherkunst","11":"pa_genre-man-de","12":"pa_lieudefabrication-europa-de","13":"pa_lieudefabrication-schweitz-de","14":"pa_style-business-de","15":"pa_style-festlich-de","16":"pa_style-original-de","17":"pa_style-trend-de","18":"pa_style-zeitlos-de","20":"first","21":"instock","22":"taxable","23":"shipping-taxable","24":"purchasable","25":"product-type-simple"},"yoast_head":"<!-- This site is optimized with the Yoast SEO plugin v27.4 - https:\/\/yoast.com\/product\/yoast-seo-wordpress\/ -->\n<title>Manschettenkn\u00f6pfe Antikes Schweizer Uhrwerk<\/title>\n<meta name=\"description\" content=\"Wundersch\u00f6ne Herrenmanschettenkn\u00f6pfe mit antikem Schweizer Uhrwerk, Goldfinish, upcycling-etisches Produkt\" \/>\n<meta name=\"robots\" content=\"index, follow, max-snippet:-1, max-image-preview:large, max-video-preview:-1\" \/>\n<link rel=\"canonical\" href=\"https:\/\/www.audacieuse-galerie.ch\/de\/produit\/manschettenknoepfe-mit-altes-schweizer-uhrwerk-zodiac\/\" \/>\n<meta property=\"og:locale\" content=\"de_DE\" \/>\n<meta property=\"og:type\" content=\"article\" \/>\n<meta property=\"og:title\" content=\"Manschettenkn\u00f6pfe Antikes Schweizer Uhrwerk\" \/>\n<meta property=\"og:description\" content=\"Wundersch\u00f6ne Herrenmanschettenkn\u00f6pfe mit antikem Schweizer Uhrwerk, Goldfinish, upcycling-etisches Produkt\" \/>\n<meta property=\"og:url\" content=\"https:\/\/www.audacieuse-galerie.ch\/de\/produit\/manschettenknoepfe-mit-altes-schweizer-uhrwerk-zodiac\/\" \/>\n<meta property=\"og:site_name\" content=\"Audacieuse-Galerie\" \/>\n<meta property=\"article:publisher\" content=\"https:\/\/www.facebook.com\/audacieuse.galerie\" \/>\n<meta property=\"article:modified_time\" content=\"2026-03-19T18:14:14+00:00\" \/>\n<meta property=\"og:image\" content=\"https:\/\/www.audacieuse-galerie.ch\/wp-content\/uploads\/2019\/11\/907-Boutons-de-manchette-mouvement-de-montre-ancienne-suisse-DuwardR.jpg\" \/>\n\t<meta property=\"og:image:width\" content=\"1000\" \/>\n\t<meta property=\"og:image:height\" content=\"1000\" \/>\n\t<meta property=\"og:image:type\" content=\"image\/jpeg\" \/>\n<meta name=\"twitter:card\" content=\"summary_large_image\" \/>\n<script type=\"application\/ld+json\" class=\"yoast-schema-graph\">{\"@context\":\"https:\\\/\\\/schema.org\",\"@graph\":[{\"@type\":\"ImageObject\",\"inLanguage\":\"de\",\"@id\":\"https:\\\/\\\/www.audacieuse-galerie.ch\\\/de\\\/produit\\\/manschettenknoepfe-mit-altes-schweizer-uhrwerk-zodiac\\\/#primaryimage\",\"url\":\"https:\\\/\\\/www.audacieuse-galerie.ch\\\/wp-content\\\/uploads\\\/2019\\\/11\\\/907-Boutons-de-manchette-mouvement-de-montre-ancienne-suisse-DuwardR.jpg\",\"contentUrl\":\"https:\\\/\\\/www.audacieuse-galerie.ch\\\/wp-content\\\/uploads\\\/2019\\\/11\\\/907-Boutons-de-manchette-mouvement-de-montre-ancienne-suisse-DuwardR.jpg\",\"width\":1000,\"height\":1000,\"caption\":\"Duward\u00ae Manschettenkn\u00f6pfe Antikes Schweizer Uhrwerk\"}]}<\/script>\n<!-- \/ Yoast SEO plugin. -->","yoast_head_json":{"title":"Manschettenkn\u00f6pfe Antikes Schweizer Uhrwerk","description":"Wundersch\u00f6ne Herrenmanschettenkn\u00f6pfe mit antikem Schweizer Uhrwerk, Goldfinish, upcycling-etisches Produkt","robots":{"index":"index","follow":"follow","max-snippet":"max-snippet:-1","max-image-preview":"max-image-preview:large","max-video-preview":"max-video-preview:-1"},"canonical":"https:\/\/www.audacieuse-galerie.ch\/de\/produit\/manschettenknoepfe-mit-altes-schweizer-uhrwerk-zodiac\/","og_locale":"de_DE","og_type":"article","og_title":"Manschettenkn\u00f6pfe Antikes Schweizer Uhrwerk","og_description":"Wundersch\u00f6ne Herrenmanschettenkn\u00f6pfe mit antikem Schweizer Uhrwerk, Goldfinish, upcycling-etisches Produkt","og_url":"https:\/\/www.audacieuse-galerie.ch\/de\/produit\/manschettenknoepfe-mit-altes-schweizer-uhrwerk-zodiac\/","og_site_name":"Audacieuse-Galerie","article_publisher":"https:\/\/www.facebook.com\/audacieuse.galerie","article_modified_time":"2026-03-19T18:14:14+00:00","og_image":[{"width":1000,"height":1000,"url":"https:\/\/www.audacieuse-galerie.ch\/wp-content\/uploads\/2019\/11\/907-Boutons-de-manchette-mouvement-de-montre-ancienne-suisse-DuwardR.jpg","type":"image\/jpeg"}],"twitter_card":"summary_large_image","schema":{"@context":"https:\/\/schema.org","@graph":[{"@type":"ImageObject","inLanguage":"de","@id":"https:\/\/www.audacieuse-galerie.ch\/de\/produit\/manschettenknoepfe-mit-altes-schweizer-uhrwerk-zodiac\/#primaryimage","url":"https:\/\/www.audacieuse-galerie.ch\/wp-content\/uploads\/2019\/11\/907-Boutons-de-manchette-mouvement-de-montre-ancienne-suisse-DuwardR.jpg","contentUrl":"https:\/\/www.audacieuse-galerie.ch\/wp-content\/uploads\/2019\/11\/907-Boutons-de-manchette-mouvement-de-montre-ancienne-suisse-DuwardR.jpg","width":1000,"height":1000,"caption":"Duward\u00ae Manschettenkn\u00f6pfe Antikes Schweizer Uhrwerk"}]}},"jetpack_publicize_connections":[],"_links":{"self":[{"href":"https:\/\/www.audacieuse-galerie.ch\/de\/wp-json\/wp\/v2\/product\/54850","targetHints":{"allow":["GET"]}}],"collection":[{"href":"https:\/\/www.audacieuse-galerie.ch\/de\/wp-json\/wp\/v2\/product"}],"about":[{"href":"https:\/\/www.audacieuse-galerie.ch\/de\/wp-json\/wp\/v2\/types\/product"}],"replies":[{"embeddable":true,"href":"https:\/\/www.audacieuse-galerie.ch\/de\/wp-json\/wp\/v2\/comments?post=54850"}],"version-history":[{"count":0,"href":"https:\/\/www.audacieuse-galerie.ch\/de\/wp-json\/wp\/v2\/product\/54850\/revisions"}],"wp:featuredmedia":[{"embeddable":true,"href":"https:\/\/www.audacieuse-galerie.ch\/de\/wp-json\/wp\/v2\/media\/54848"}],"wp:attachment":[{"href":"https:\/\/www.audacieuse-galerie.ch\/de\/wp-json\/wp\/v2\/media?parent=54850"}],"wp:term":[{"taxonomy":"product_brand","embeddable":true,"href":"https:\/\/www.audacieuse-galerie.ch\/de\/wp-json\/wp\/v2\/product_brand?post=54850"},{"taxonomy":"product_cat","embeddable":true,"href":"https:\/\/www.audacieuse-galerie.ch\/de\/wp-json\/wp\/v2\/product_cat?post=54850"},{"taxonomy":"product_tag","embeddable":true,"href":"https:\/\/www.audacieuse-galerie.ch\/de\/wp-json\/wp\/v2\/product_tag?post=54850"}],"curies":[{"name":"wp","href":"https:\/\/api.w.org\/{rel}","templated":true}]}}