{"id":54862,"date":"2025-12-04T22:30:01","date_gmt":"2025-12-04T21:30:01","guid":{"rendered":"https:\/\/woo.audacieuse-galerie.ch\/?post_type=product&#038;p=54862"},"modified":"2025-12-04T22:31:51","modified_gmt":"2025-12-04T21:31:51","slug":"manschettenknoepfe-mit-antikem-schweizer-uhrwerk-in-rosegold","status":"publish","type":"product","link":"https:\/\/www.audacieuse-galerie.ch\/de\/produit\/manschettenknoepfe-mit-antikem-schweizer-uhrwerk-in-rosegold\/","title":{"rendered":"Manschettenkn\u00f6pfe mit antikem Schweizer Uhrwerk im Ros\u00e9goldton"},"content":{"rendered":"<p>Diese zeitlosen Manschettenkn\u00f6pfe aus 316-Liter-Edelstahl verdanken ihre Originalit\u00e4t dem in der Schweiz gefertigten Uhrwerk aus Rosagold und sind mit 17 echten Edelsteinen besetzt. Diese Besonderheit verleiht ihnen zu jeder Gelegenheit sowohl Raffinesse als auch Eleganz. <\/p>\n<p>Dieses Unikat wird mit einem nummerierten, vom Handwerker signierten Echtheitszertifikat geliefert.<\/p>\n","protected":false},"excerpt":{"rendered":"<p>Manschettenkn\u00f6pfe aus 316-Liter-Edelstahl aus chirurgischem Stahl mit Schweizer Uhrwerk, Ros\u00e9gold in der Farbe und mit 17 echten Edelsteinen besetzt. Durchmesser: 18 mm <\/p>\n","protected":false},"featured_media":54860,"comment_status":"open","ping_status":"closed","template":"","meta":{"_glsr_average":0,"_glsr_ranking":0,"_glsr_reviews":0,"jetpack_publicize_message":"","jetpack_publicize_feature_enabled":true,"jetpack_social_post_already_shared":true,"jetpack_social_options":{"image_generator_settings":{"template":"highway","default_image_id":0,"font":"","enabled":false},"version":2}},"product_brand":[],"product_cat":[105,84,168,2598],"product_tag":[],"class_list":{"0":"post-54862","1":"product","2":"type-product","3":"status-publish","4":"has-post-thumbnail","6":"product_cat-geschenkideen-aus-pret-a-porter-und-accessoires-fuer-sie-fuer-ihn","7":"product_cat-konfektionskleidung-mann","8":"product_cat-modische-schmuckstuecke","9":"product_cat-vano-schmuck-der-neu-erfundenen-uhrmacherkunst","10":"pa_genre-man-de","11":"pa_lieudefabrication-schweitz-de","12":"pa_style-business-de","13":"pa_style-festlich-de","14":"pa_style-original-de","15":"pa_style-trend-de","16":"pa_style-zeitlos-de","18":"first","19":"outofstock","20":"taxable","21":"shipping-taxable","22":"purchasable","23":"product-type-simple"},"yoast_head":"<!-- This site is optimized with the Yoast SEO plugin v27.4 - https:\/\/yoast.com\/product\/yoast-seo-wordpress\/ -->\n<title>Manschettenkn\u00f6pfe mit antikem Schweizer Uhrwerk im Ros\u00e9goldton - Audacieuse-Galerie<\/title>\n<meta name=\"description\" content=\"Manschettenkn\u00f6pfe mit antikem Schweizer Uhrwerk im Ros\u00e9goldton - Audacieuse-Galerie\" \/>\n<meta name=\"robots\" content=\"index, follow, max-snippet:-1, max-image-preview:large, max-video-preview:-1\" \/>\n<link rel=\"canonical\" href=\"https:\/\/www.audacieuse-galerie.ch\/de\/produit\/manschettenknoepfe-mit-antikem-schweizer-uhrwerk-in-rosegold\/\" \/>\n<meta property=\"og:locale\" content=\"de_DE\" \/>\n<meta property=\"og:type\" content=\"article\" \/>\n<meta property=\"og:title\" content=\"Manschettenkn\u00f6pfe mit antikem Schweizer Uhrwerk im Ros\u00e9goldton - Audacieuse-Galerie\" \/>\n<meta property=\"og:description\" content=\"Manschettenkn\u00f6pfe mit antikem Schweizer Uhrwerk im Ros\u00e9goldton - Audacieuse-Galerie\" \/>\n<meta property=\"og:url\" content=\"https:\/\/www.audacieuse-galerie.ch\/de\/produit\/manschettenknoepfe-mit-antikem-schweizer-uhrwerk-in-rosegold\/\" \/>\n<meta property=\"og:site_name\" content=\"Audacieuse-Galerie\" \/>\n<meta property=\"article:publisher\" content=\"https:\/\/www.facebook.com\/audacieuse.galerie\" \/>\n<meta property=\"article:modified_time\" content=\"2025-12-04T21:31:51+00:00\" \/>\n<meta property=\"og:image\" content=\"https:\/\/www.audacieuse-galerie.ch\/wp-content\/uploads\/2019\/12\/836-Boutons-de-manchette-avec-ancien-mouvement-de-montre-suisse-de-teinte-or-rose.jpg\" \/>\n\t<meta property=\"og:image:width\" content=\"1000\" \/>\n\t<meta property=\"og:image:height\" content=\"1000\" \/>\n\t<meta property=\"og:image:type\" content=\"image\/jpeg\" \/>\n<meta name=\"twitter:card\" content=\"summary_large_image\" \/>\n<script type=\"application\/ld+json\" class=\"yoast-schema-graph\">{\"@context\":\"https:\\\/\\\/schema.org\",\"@graph\":[{\"@type\":\"ImageObject\",\"inLanguage\":\"de\",\"@id\":\"https:\\\/\\\/www.audacieuse-galerie.ch\\\/de\\\/produit\\\/manschettenknoepfe-mit-antikem-schweizer-uhrwerk-in-rosegold\\\/#primaryimage\",\"url\":\"https:\\\/\\\/www.audacieuse-galerie.ch\\\/wp-content\\\/uploads\\\/2019\\\/12\\\/836-Boutons-de-manchette-avec-ancien-mouvement-de-montre-suisse-de-teinte-or-rose.jpg\",\"contentUrl\":\"https:\\\/\\\/www.audacieuse-galerie.ch\\\/wp-content\\\/uploads\\\/2019\\\/12\\\/836-Boutons-de-manchette-avec-ancien-mouvement-de-montre-suisse-de-teinte-or-rose.jpg\",\"width\":1000,\"height\":1000,\"caption\":\"Manschettenkn\u00f6pfe mit antikem Schweizer Uhrwerk im Ros\u00e9goldton\"}]}<\/script>\n<!-- \/ Yoast SEO plugin. -->","yoast_head_json":{"title":"Manschettenkn\u00f6pfe mit antikem Schweizer Uhrwerk im Ros\u00e9goldton - Audacieuse-Galerie","description":"Manschettenkn\u00f6pfe mit antikem Schweizer Uhrwerk im Ros\u00e9goldton - Audacieuse-Galerie","robots":{"index":"index","follow":"follow","max-snippet":"max-snippet:-1","max-image-preview":"max-image-preview:large","max-video-preview":"max-video-preview:-1"},"canonical":"https:\/\/www.audacieuse-galerie.ch\/de\/produit\/manschettenknoepfe-mit-antikem-schweizer-uhrwerk-in-rosegold\/","og_locale":"de_DE","og_type":"article","og_title":"Manschettenkn\u00f6pfe mit antikem Schweizer Uhrwerk im Ros\u00e9goldton - Audacieuse-Galerie","og_description":"Manschettenkn\u00f6pfe mit antikem Schweizer Uhrwerk im Ros\u00e9goldton - Audacieuse-Galerie","og_url":"https:\/\/www.audacieuse-galerie.ch\/de\/produit\/manschettenknoepfe-mit-antikem-schweizer-uhrwerk-in-rosegold\/","og_site_name":"Audacieuse-Galerie","article_publisher":"https:\/\/www.facebook.com\/audacieuse.galerie","article_modified_time":"2025-12-04T21:31:51+00:00","og_image":[{"width":1000,"height":1000,"url":"https:\/\/www.audacieuse-galerie.ch\/wp-content\/uploads\/2019\/12\/836-Boutons-de-manchette-avec-ancien-mouvement-de-montre-suisse-de-teinte-or-rose.jpg","type":"image\/jpeg"}],"twitter_card":"summary_large_image","schema":{"@context":"https:\/\/schema.org","@graph":[{"@type":"ImageObject","inLanguage":"de","@id":"https:\/\/www.audacieuse-galerie.ch\/de\/produit\/manschettenknoepfe-mit-antikem-schweizer-uhrwerk-in-rosegold\/#primaryimage","url":"https:\/\/www.audacieuse-galerie.ch\/wp-content\/uploads\/2019\/12\/836-Boutons-de-manchette-avec-ancien-mouvement-de-montre-suisse-de-teinte-or-rose.jpg","contentUrl":"https:\/\/www.audacieuse-galerie.ch\/wp-content\/uploads\/2019\/12\/836-Boutons-de-manchette-avec-ancien-mouvement-de-montre-suisse-de-teinte-or-rose.jpg","width":1000,"height":1000,"caption":"Manschettenkn\u00f6pfe mit antikem Schweizer Uhrwerk im Ros\u00e9goldton"}]}},"jetpack_publicize_connections":[],"_links":{"self":[{"href":"https:\/\/www.audacieuse-galerie.ch\/de\/wp-json\/wp\/v2\/product\/54862","targetHints":{"allow":["GET"]}}],"collection":[{"href":"https:\/\/www.audacieuse-galerie.ch\/de\/wp-json\/wp\/v2\/product"}],"about":[{"href":"https:\/\/www.audacieuse-galerie.ch\/de\/wp-json\/wp\/v2\/types\/product"}],"replies":[{"embeddable":true,"href":"https:\/\/www.audacieuse-galerie.ch\/de\/wp-json\/wp\/v2\/comments?post=54862"}],"version-history":[{"count":0,"href":"https:\/\/www.audacieuse-galerie.ch\/de\/wp-json\/wp\/v2\/product\/54862\/revisions"}],"wp:featuredmedia":[{"embeddable":true,"href":"https:\/\/www.audacieuse-galerie.ch\/de\/wp-json\/wp\/v2\/media\/54860"}],"wp:attachment":[{"href":"https:\/\/www.audacieuse-galerie.ch\/de\/wp-json\/wp\/v2\/media?parent=54862"}],"wp:term":[{"taxonomy":"product_brand","embeddable":true,"href":"https:\/\/www.audacieuse-galerie.ch\/de\/wp-json\/wp\/v2\/product_brand?post=54862"},{"taxonomy":"product_cat","embeddable":true,"href":"https:\/\/www.audacieuse-galerie.ch\/de\/wp-json\/wp\/v2\/product_cat?post=54862"},{"taxonomy":"product_tag","embeddable":true,"href":"https:\/\/www.audacieuse-galerie.ch\/de\/wp-json\/wp\/v2\/product_tag?post=54862"}],"curies":[{"name":"wp","href":"https:\/\/api.w.org\/{rel}","templated":true}]}}