{"id":54919,"date":"2019-12-09T23:23:47","date_gmt":"2019-12-09T22:23:47","guid":{"rendered":"https:\/\/woo.audacieuse-galerie.ch\/produit\/kettenarmband-art-deco-mit-altem-schweizer-uhrwerk\/"},"modified":"2025-10-27T15:45:20","modified_gmt":"2025-10-27T14:45:20","slug":"kettenarmband-art-deco-mit-altem-schweizer-uhrwerk","status":"publish","type":"product","link":"https:\/\/www.audacieuse-galerie.ch\/de\/produit\/kettenarmband-art-deco-mit-altem-schweizer-uhrwerk\/","title":{"rendered":"Art-D\u00e9co-Kettenarmband mit antikem Schweizer Uhrwerk"},"content":{"rendered":"<p>Dieses Armband im Art-D\u00e9co-Stil mit seinem in der Schweiz hergestellten Uhrengeh\u00e4use ist aus Edelstahl gefertigt. Die Kette und der Verschluss sind versilbert. Das patinierte Finish verleiht diesem originellen Schmuckst\u00fcck einen sehr originellen und futuristischen Vintage-Retro-Touch.<\/p>\n<p>Dieses Unikat wird mit einem nummerierten, vom Handwerker signierten Echtheitszertifikat geliefert.<\/p>\n","protected":false},"excerpt":{"rendered":"<p>Art-D\u00e9co-Armband mit Uhrengeh\u00e4use aus Schweizer Edelstahl, versilberter Kette und Schlie\u00dfe mit antikem Patina-Finish. 19 cm lange Kette.<\/p>\n","protected":false},"featured_media":54917,"comment_status":"open","ping_status":"closed","template":"","meta":{"_glsr_average":0,"_glsr_ranking":0,"_glsr_reviews":0,"jetpack_publicize_message":"","jetpack_publicize_feature_enabled":true,"jetpack_social_post_already_shared":true,"jetpack_social_options":{"image_generator_settings":{"template":"highway","default_image_id":0,"font":"","enabled":false},"version":2}},"product_brand":[],"product_cat":[96,105,102,168,2598],"product_tag":[],"class_list":{"0":"post-54919","1":"product","2":"type-product","3":"status-publish","4":"has-post-thumbnail","6":"product_cat-accessoires-von-schoepfern","7":"product_cat-geschenkideen-aus-pret-a-porter-und-accessoires-fuer-sie-fuer-ihn","8":"product_cat-im-schaufenster-in-carouge-gesehen","9":"product_cat-modische-schmuckstuecke","10":"product_cat-vano-schmuck-der-neu-erfundenen-uhrmacherkunst","11":"pa_genre-frau-de","12":"pa_lieudefabrication-schweitz-de","13":"pa_style-business-de","14":"pa_style-glamour-de","15":"pa_style-original-de","16":"pa_style-retro-de","17":"pa_style-trend-de","19":"first","20":"instock","21":"taxable","22":"shipping-taxable","23":"purchasable","24":"product-type-simple"},"yoast_head":"<!-- This site is optimized with the Yoast SEO plugin v27.4 - https:\/\/yoast.com\/product\/yoast-seo-wordpress\/ -->\n<title>Art-D\u00e9co-Kettenarmband mit antikem Schweizer Uhrwerk - Audacieuse-Galerie<\/title>\n<meta name=\"description\" content=\"Art-D\u00e9co-Kettenarmband mit antikem Schweizer Uhrwerk - Audacieuse-Galerie\" \/>\n<meta name=\"robots\" content=\"index, follow, max-snippet:-1, max-image-preview:large, max-video-preview:-1\" \/>\n<link rel=\"canonical\" href=\"https:\/\/www.audacieuse-galerie.ch\/de\/produit\/kettenarmband-art-deco-mit-altem-schweizer-uhrwerk\/\" \/>\n<meta property=\"og:locale\" content=\"de_DE\" \/>\n<meta property=\"og:type\" content=\"article\" \/>\n<meta property=\"og:title\" content=\"Art-D\u00e9co-Kettenarmband mit antikem Schweizer Uhrwerk - Audacieuse-Galerie\" \/>\n<meta property=\"og:description\" content=\"Art-D\u00e9co-Kettenarmband mit antikem Schweizer Uhrwerk - Audacieuse-Galerie\" \/>\n<meta property=\"og:url\" content=\"https:\/\/www.audacieuse-galerie.ch\/de\/produit\/kettenarmband-art-deco-mit-altem-schweizer-uhrwerk\/\" \/>\n<meta property=\"og:site_name\" content=\"Audacieuse-Galerie\" \/>\n<meta property=\"article:publisher\" content=\"https:\/\/www.facebook.com\/audacieuse.galerie\" \/>\n<meta property=\"article:modified_time\" content=\"2025-10-27T14:45:20+00:00\" \/>\n<meta property=\"og:image\" content=\"https:\/\/www.audacieuse-galerie.ch\/wp-content\/uploads\/2019\/12\/899-Bracelet-chaine-art-deco-garni-dun-ancien-mouvement-de-montre-suisse.jpg\" \/>\n\t<meta property=\"og:image:width\" content=\"1000\" \/>\n\t<meta property=\"og:image:height\" content=\"1000\" \/>\n\t<meta property=\"og:image:type\" content=\"image\/jpeg\" \/>\n<meta name=\"twitter:card\" content=\"summary_large_image\" \/>\n<script type=\"application\/ld+json\" class=\"yoast-schema-graph\">{\"@context\":\"https:\\\/\\\/schema.org\",\"@graph\":[{\"@type\":\"ImageObject\",\"inLanguage\":\"de\",\"@id\":\"https:\\\/\\\/www.audacieuse-galerie.ch\\\/de\\\/produit\\\/kettenarmband-art-deco-mit-altem-schweizer-uhrwerk\\\/#primaryimage\",\"url\":\"https:\\\/\\\/www.audacieuse-galerie.ch\\\/wp-content\\\/uploads\\\/2019\\\/12\\\/899-Bracelet-chaine-art-deco-garni-dun-ancien-mouvement-de-montre-suisse.jpg\",\"contentUrl\":\"https:\\\/\\\/www.audacieuse-galerie.ch\\\/wp-content\\\/uploads\\\/2019\\\/12\\\/899-Bracelet-chaine-art-deco-garni-dun-ancien-mouvement-de-montre-suisse.jpg\",\"width\":1000,\"height\":1000,\"caption\":\"Art-D\u00e9co-Kettenarmband mit antikem Schweizer Uhrwerk\"}]}<\/script>\n<!-- \/ Yoast SEO plugin. -->","yoast_head_json":{"title":"Art-D\u00e9co-Kettenarmband mit antikem Schweizer Uhrwerk - Audacieuse-Galerie","description":"Art-D\u00e9co-Kettenarmband mit antikem Schweizer Uhrwerk - Audacieuse-Galerie","robots":{"index":"index","follow":"follow","max-snippet":"max-snippet:-1","max-image-preview":"max-image-preview:large","max-video-preview":"max-video-preview:-1"},"canonical":"https:\/\/www.audacieuse-galerie.ch\/de\/produit\/kettenarmband-art-deco-mit-altem-schweizer-uhrwerk\/","og_locale":"de_DE","og_type":"article","og_title":"Art-D\u00e9co-Kettenarmband mit antikem Schweizer Uhrwerk - Audacieuse-Galerie","og_description":"Art-D\u00e9co-Kettenarmband mit antikem Schweizer Uhrwerk - Audacieuse-Galerie","og_url":"https:\/\/www.audacieuse-galerie.ch\/de\/produit\/kettenarmband-art-deco-mit-altem-schweizer-uhrwerk\/","og_site_name":"Audacieuse-Galerie","article_publisher":"https:\/\/www.facebook.com\/audacieuse.galerie","article_modified_time":"2025-10-27T14:45:20+00:00","og_image":[{"width":1000,"height":1000,"url":"https:\/\/www.audacieuse-galerie.ch\/wp-content\/uploads\/2019\/12\/899-Bracelet-chaine-art-deco-garni-dun-ancien-mouvement-de-montre-suisse.jpg","type":"image\/jpeg"}],"twitter_card":"summary_large_image","schema":{"@context":"https:\/\/schema.org","@graph":[{"@type":"ImageObject","inLanguage":"de","@id":"https:\/\/www.audacieuse-galerie.ch\/de\/produit\/kettenarmband-art-deco-mit-altem-schweizer-uhrwerk\/#primaryimage","url":"https:\/\/www.audacieuse-galerie.ch\/wp-content\/uploads\/2019\/12\/899-Bracelet-chaine-art-deco-garni-dun-ancien-mouvement-de-montre-suisse.jpg","contentUrl":"https:\/\/www.audacieuse-galerie.ch\/wp-content\/uploads\/2019\/12\/899-Bracelet-chaine-art-deco-garni-dun-ancien-mouvement-de-montre-suisse.jpg","width":1000,"height":1000,"caption":"Art-D\u00e9co-Kettenarmband mit antikem Schweizer Uhrwerk"}]}},"jetpack_publicize_connections":[],"_links":{"self":[{"href":"https:\/\/www.audacieuse-galerie.ch\/de\/wp-json\/wp\/v2\/product\/54919","targetHints":{"allow":["GET"]}}],"collection":[{"href":"https:\/\/www.audacieuse-galerie.ch\/de\/wp-json\/wp\/v2\/product"}],"about":[{"href":"https:\/\/www.audacieuse-galerie.ch\/de\/wp-json\/wp\/v2\/types\/product"}],"replies":[{"embeddable":true,"href":"https:\/\/www.audacieuse-galerie.ch\/de\/wp-json\/wp\/v2\/comments?post=54919"}],"version-history":[{"count":0,"href":"https:\/\/www.audacieuse-galerie.ch\/de\/wp-json\/wp\/v2\/product\/54919\/revisions"}],"wp:featuredmedia":[{"embeddable":true,"href":"https:\/\/www.audacieuse-galerie.ch\/de\/wp-json\/wp\/v2\/media\/54917"}],"wp:attachment":[{"href":"https:\/\/www.audacieuse-galerie.ch\/de\/wp-json\/wp\/v2\/media?parent=54919"}],"wp:term":[{"taxonomy":"product_brand","embeddable":true,"href":"https:\/\/www.audacieuse-galerie.ch\/de\/wp-json\/wp\/v2\/product_brand?post=54919"},{"taxonomy":"product_cat","embeddable":true,"href":"https:\/\/www.audacieuse-galerie.ch\/de\/wp-json\/wp\/v2\/product_cat?post=54919"},{"taxonomy":"product_tag","embeddable":true,"href":"https:\/\/www.audacieuse-galerie.ch\/de\/wp-json\/wp\/v2\/product_tag?post=54919"}],"curies":[{"name":"wp","href":"https:\/\/api.w.org\/{rel}","templated":true}]}}