{"id":54925,"date":"2019-12-18T16:52:12","date_gmt":"2019-12-18T15:52:12","guid":{"rendered":"https:\/\/woo.audacieuse-galerie.ch\/produit\/anfaengernaehkurs\/"},"modified":"2025-10-22T14:04:52","modified_gmt":"2025-10-22T12:04:52","slug":"anfaengernaehkurs","status":"publish","type":"product","link":"https:\/\/www.audacieuse-galerie.ch\/de\/produit\/anfaengernaehkurs\/","title":{"rendered":"2-st\u00fcndiger N\u00e4hkurs in der Gruppe, f\u00fcr Anf\u00e4nger\u22c5e"},"content":{"rendered":"<h2>N\u00e4hkurs f\u00fcr Anf\u00e4nger<\/h2>\n<p>Erfahren Sie mehr \u00fcber verschiedene N\u00e4htechniken und entdecken Sie die Textilmaterialien.\u00a0Lernen Sie im Laufe der Kurse mit einer professionellen N\u00e4herin, die einfache Ausbesserungen,die Schaffung Ihrer ersten Schnittmuster, Ihre Kleidung zu n\u00e4hen und erstellen Sie einzigartige Modelle. In einer echten N\u00e4hwerkstatt in Carouge lernen Sie den Umgang mit einer N\u00e4hmaschine, einem Overlock, einem professionellen B\u00fcgelbrett.<\/p>\n<h2>Der Kurs wird auf Franz\u00f6sisch erteilt.<\/h2>\n<p>Der Kurs wird auf Franz\u00f6sisch erteilt. Die Lehrerin versteht Deutsch, fals der\/die Sch\u00fcler\/in nicht\u00a0 auf Franz\u00f6sisch ungezwungen spricht.<\/p>\n","protected":false},"excerpt":{"rendered":"<p>Erfahren Sie mehr \u00fcber verschiedene N\u00e4htechniken und entdecken Sie die Textilmaterialien. Lernen Sie im Laufe der Kurse in einer echten N\u00e4hwerkstatt in Carouge bei einer professionellen N\u00e4herin, die einfache Ausbesserung, die Schaffung Ihrer ersten Schnittmuster, Ihre Kleidung zu n\u00e4hen.<\/p>\n","protected":false},"featured_media":54923,"comment_status":"open","ping_status":"closed","template":"elementor_theme","meta":{"_glsr_average":0,"_glsr_ranking":0,"_glsr_reviews":0,"jetpack_publicize_message":"","jetpack_publicize_feature_enabled":true,"jetpack_social_post_already_shared":true,"jetpack_social_options":{"image_generator_settings":{"template":"highway","default_image_id":0,"font":"","enabled":false},"version":2}},"product_brand":[],"product_cat":[120],"product_tag":[],"class_list":{"0":"post-54925","1":"product","2":"type-product","3":"status-publish","4":"has-post-thumbnail","6":"product_cat-carouge-genf-schneiderkurs","7":"pa_nombredestagiaires-3auszubildenden-de","8":"pa_nombredheuresdeformation-2stunden-de","10":"first","11":"instock","12":"downloadable","13":"virtual","14":"taxable","15":"purchasable","16":"product-type-simple"},"yoast_head":"<!-- This site is optimized with the Yoast SEO plugin v27.4 - https:\/\/yoast.com\/product\/yoast-seo-wordpress\/ -->\n<title>2-st\u00fcndiger N\u00e4hkurs in der Gruppe, f\u00fcr Anf\u00e4nger\u22c5e - Audacieuse-Galerie<\/title>\n<meta name=\"description\" content=\"2-st\u00fcndiger N\u00e4hkurs in der Gruppe, f\u00fcr Anf\u00e4nger\u22c5e - Audacieuse-Galerie\" \/>\n<meta name=\"robots\" content=\"index, follow, max-snippet:-1, max-image-preview:large, max-video-preview:-1\" \/>\n<link rel=\"canonical\" href=\"https:\/\/www.audacieuse-galerie.ch\/de\/produit\/anfaengernaehkurs\/\" \/>\n<meta property=\"og:locale\" content=\"de_DE\" \/>\n<meta property=\"og:type\" content=\"article\" \/>\n<meta property=\"og:title\" content=\"2-st\u00fcndiger N\u00e4hkurs in der Gruppe, f\u00fcr Anf\u00e4nger\u22c5e - Audacieuse-Galerie\" \/>\n<meta property=\"og:description\" content=\"2-st\u00fcndiger N\u00e4hkurs in der Gruppe, f\u00fcr Anf\u00e4nger\u22c5e - Audacieuse-Galerie\" \/>\n<meta property=\"og:url\" content=\"https:\/\/www.audacieuse-galerie.ch\/de\/produit\/anfaengernaehkurs\/\" \/>\n<meta property=\"og:site_name\" content=\"Audacieuse-Galerie\" \/>\n<meta property=\"article:publisher\" content=\"https:\/\/www.facebook.com\/audacieuse.galerie\" \/>\n<meta property=\"article:modified_time\" content=\"2025-10-22T12:04:52+00:00\" \/>\n<meta property=\"og:image\" content=\"https:\/\/www.audacieuse-galerie.ch\/wp-content\/uploads\/2019\/12\/797-Cours-de-couture-niveau-debutant.jpg\" \/>\n\t<meta property=\"og:image:width\" content=\"1000\" \/>\n\t<meta property=\"og:image:height\" content=\"1000\" \/>\n\t<meta property=\"og:image:type\" content=\"image\/jpeg\" \/>\n<meta name=\"twitter:card\" content=\"summary_large_image\" \/>\n<script type=\"application\/ld+json\" class=\"yoast-schema-graph\">{\"@context\":\"https:\\\/\\\/schema.org\",\"@graph\":[{\"@type\":\"ImageObject\",\"inLanguage\":\"de\",\"@id\":\"https:\\\/\\\/www.audacieuse-galerie.ch\\\/de\\\/produit\\\/anfaengernaehkurs\\\/#primaryimage\",\"url\":\"https:\\\/\\\/www.audacieuse-galerie.ch\\\/wp-content\\\/uploads\\\/2019\\\/12\\\/797-Cours-de-couture-niveau-debutant.jpg\",\"contentUrl\":\"https:\\\/\\\/www.audacieuse-galerie.ch\\\/wp-content\\\/uploads\\\/2019\\\/12\\\/797-Cours-de-couture-niveau-debutant.jpg\",\"width\":1000,\"height\":1000}]}<\/script>\n<!-- \/ Yoast SEO plugin. -->","yoast_head_json":{"title":"2-st\u00fcndiger N\u00e4hkurs in der Gruppe, f\u00fcr Anf\u00e4nger\u22c5e - Audacieuse-Galerie","description":"2-st\u00fcndiger N\u00e4hkurs in der Gruppe, f\u00fcr Anf\u00e4nger\u22c5e - Audacieuse-Galerie","robots":{"index":"index","follow":"follow","max-snippet":"max-snippet:-1","max-image-preview":"max-image-preview:large","max-video-preview":"max-video-preview:-1"},"canonical":"https:\/\/www.audacieuse-galerie.ch\/de\/produit\/anfaengernaehkurs\/","og_locale":"de_DE","og_type":"article","og_title":"2-st\u00fcndiger N\u00e4hkurs in der Gruppe, f\u00fcr Anf\u00e4nger\u22c5e - Audacieuse-Galerie","og_description":"2-st\u00fcndiger N\u00e4hkurs in der Gruppe, f\u00fcr Anf\u00e4nger\u22c5e - Audacieuse-Galerie","og_url":"https:\/\/www.audacieuse-galerie.ch\/de\/produit\/anfaengernaehkurs\/","og_site_name":"Audacieuse-Galerie","article_publisher":"https:\/\/www.facebook.com\/audacieuse.galerie","article_modified_time":"2025-10-22T12:04:52+00:00","og_image":[{"width":1000,"height":1000,"url":"https:\/\/www.audacieuse-galerie.ch\/wp-content\/uploads\/2019\/12\/797-Cours-de-couture-niveau-debutant.jpg","type":"image\/jpeg"}],"twitter_card":"summary_large_image","schema":{"@context":"https:\/\/schema.org","@graph":[{"@type":"ImageObject","inLanguage":"de","@id":"https:\/\/www.audacieuse-galerie.ch\/de\/produit\/anfaengernaehkurs\/#primaryimage","url":"https:\/\/www.audacieuse-galerie.ch\/wp-content\/uploads\/2019\/12\/797-Cours-de-couture-niveau-debutant.jpg","contentUrl":"https:\/\/www.audacieuse-galerie.ch\/wp-content\/uploads\/2019\/12\/797-Cours-de-couture-niveau-debutant.jpg","width":1000,"height":1000}]}},"jetpack_publicize_connections":[],"_links":{"self":[{"href":"https:\/\/www.audacieuse-galerie.ch\/de\/wp-json\/wp\/v2\/product\/54925","targetHints":{"allow":["GET"]}}],"collection":[{"href":"https:\/\/www.audacieuse-galerie.ch\/de\/wp-json\/wp\/v2\/product"}],"about":[{"href":"https:\/\/www.audacieuse-galerie.ch\/de\/wp-json\/wp\/v2\/types\/product"}],"replies":[{"embeddable":true,"href":"https:\/\/www.audacieuse-galerie.ch\/de\/wp-json\/wp\/v2\/comments?post=54925"}],"version-history":[{"count":0,"href":"https:\/\/www.audacieuse-galerie.ch\/de\/wp-json\/wp\/v2\/product\/54925\/revisions"}],"wp:featuredmedia":[{"embeddable":true,"href":"https:\/\/www.audacieuse-galerie.ch\/de\/wp-json\/wp\/v2\/media\/54923"}],"wp:attachment":[{"href":"https:\/\/www.audacieuse-galerie.ch\/de\/wp-json\/wp\/v2\/media?parent=54925"}],"wp:term":[{"taxonomy":"product_brand","embeddable":true,"href":"https:\/\/www.audacieuse-galerie.ch\/de\/wp-json\/wp\/v2\/product_brand?post=54925"},{"taxonomy":"product_cat","embeddable":true,"href":"https:\/\/www.audacieuse-galerie.ch\/de\/wp-json\/wp\/v2\/product_cat?post=54925"},{"taxonomy":"product_tag","embeddable":true,"href":"https:\/\/www.audacieuse-galerie.ch\/de\/wp-json\/wp\/v2\/product_tag?post=54925"}],"curies":[{"name":"wp","href":"https:\/\/api.w.org\/{rel}","templated":true}]}}