{"id":54964,"date":"2019-12-21T01:13:48","date_gmt":"2019-12-21T00:13:48","guid":{"rendered":"https:\/\/woo.audacieuse-galerie.ch\/produit\/halskette-mit-altes-uhrwerk-aus-der-schweiz\/"},"modified":"2025-12-08T13:24:36","modified_gmt":"2025-12-08T12:24:36","slug":"halskette-mit-altes-uhrwerk-aus-der-schweiz","status":"publish","type":"product","link":"https:\/\/www.audacieuse-galerie.ch\/de\/produit\/halskette-mit-altes-uhrwerk-aus-der-schweiz\/","title":{"rendered":"Halskette mit antikem Schweizer Uhrwerk"},"content":{"rendered":"<p>Diese wundersch\u00f6ne, vergoldete Art-Deco-Langkette ist ein charmantes Accessoire, da sie originell ist und Ihre Pr\u00e4senz hervorhebt. Ihre Ornamente, darunter das alte Schweizer Uhrwerk mit Rubinen und das fein gemei\u00dfelte Anh\u00e4nger, unterstreichen ihr zartes Erscheinungsbild und erinnern an den Wahnsinn der 20er Jahre!<\/p>\n<p>Dieses Unikat wird mit einem nummerierten, vom Handwerker signierten Echtheitszertifikat geliefert.<\/p>\n","protected":false},"excerpt":{"rendered":"<p>Art-D\u00e9co-Halskette mit goldplattierter Langkette und antikem Uhrwerk, mit Schweizer Markenzeichen, die mit echten Rubinen versehen sind. Eine nette Besonderheit: Seine geringe Bewegung wieder, sie soll manuell aufgewickelt werden.<\/p>\n","protected":false},"featured_media":54956,"comment_status":"open","ping_status":"closed","template":"","meta":{"jetpack_publicize_message":"","jetpack_publicize_feature_enabled":true,"jetpack_social_post_already_shared":true,"jetpack_social_options":{"image_generator_settings":{"template":"highway","default_image_id":0,"font":"","enabled":false},"version":2}},"product_brand":[],"product_cat":[96,102,168],"product_tag":[],"class_list":{"0":"post-54964","1":"product","2":"type-product","3":"status-publish","4":"has-post-thumbnail","6":"product_cat-accessoires-von-schoepfern","7":"product_cat-im-schaufenster-in-carouge-gesehen","8":"product_cat-modische-schmuckstuecke","9":"pa_genre-frau-de","10":"pa_lieudefabrication-schweitz-de","11":"pa_style-glamour-de","12":"pa_style-original-de","13":"pa_style-retro-de","14":"pa_style-trend-de","15":"pa_style-zeitlos-de","17":"first","18":"outofstock","19":"taxable","20":"shipping-taxable","21":"purchasable","22":"product-type-simple"},"yoast_head":"<!-- This site is optimized with the Yoast SEO plugin v27.3 - https:\/\/yoast.com\/product\/yoast-seo-wordpress\/ -->\n<title>Halskette mit antikem Schweizer Uhrwerk - Audacieuse-Galerie<\/title>\n<meta name=\"description\" content=\"Halskette mit antikem Schweizer Uhrwerk - Audacieuse-Galerie\" \/>\n<meta name=\"robots\" content=\"index, follow, max-snippet:-1, max-image-preview:large, max-video-preview:-1\" \/>\n<link rel=\"canonical\" href=\"https:\/\/www.audacieuse-galerie.ch\/de\/produit\/halskette-mit-altes-uhrwerk-aus-der-schweiz\/\" \/>\n<meta property=\"og:locale\" content=\"de_DE\" \/>\n<meta property=\"og:type\" content=\"article\" \/>\n<meta property=\"og:title\" content=\"Halskette mit antikem Schweizer Uhrwerk - Audacieuse-Galerie\" \/>\n<meta property=\"og:description\" content=\"Halskette mit antikem Schweizer Uhrwerk - Audacieuse-Galerie\" \/>\n<meta property=\"og:url\" content=\"https:\/\/www.audacieuse-galerie.ch\/de\/produit\/halskette-mit-altes-uhrwerk-aus-der-schweiz\/\" \/>\n<meta property=\"og:site_name\" content=\"Audacieuse-Galerie\" \/>\n<meta property=\"article:publisher\" content=\"https:\/\/www.facebook.com\/audacieuse.galerie\" \/>\n<meta property=\"article:modified_time\" content=\"2025-12-08T12:24:36+00:00\" \/>\n<meta property=\"og:image\" content=\"https:\/\/www.audacieuse-galerie.ch\/wp-content\/uploads\/2019\/12\/873-Collier-avec-mouvement-dancienne-montre-suisse.jpg\" \/>\n\t<meta property=\"og:image:width\" content=\"1000\" \/>\n\t<meta property=\"og:image:height\" content=\"1000\" \/>\n\t<meta property=\"og:image:type\" content=\"image\/jpeg\" \/>\n<meta name=\"twitter:card\" content=\"summary_large_image\" \/>\n<script type=\"application\/ld+json\" class=\"yoast-schema-graph\">{\"@context\":\"https:\\\/\\\/schema.org\",\"@graph\":[{\"@type\":\"WebPage\",\"@id\":\"https:\\\/\\\/www.audacieuse-galerie.ch\\\/de\\\/produit\\\/halskette-mit-altes-uhrwerk-aus-der-schweiz\\\/\",\"url\":\"https:\\\/\\\/www.audacieuse-galerie.ch\\\/de\\\/produit\\\/halskette-mit-altes-uhrwerk-aus-der-schweiz\\\/\",\"name\":\"Halskette mit antikem Schweizer Uhrwerk - Audacieuse-Galerie\",\"isPartOf\":{\"@id\":\"https:\\\/\\\/www.audacieuse-galerie.ch\\\/de\\\/#website\"},\"primaryImageOfPage\":{\"@id\":\"https:\\\/\\\/www.audacieuse-galerie.ch\\\/de\\\/produit\\\/halskette-mit-altes-uhrwerk-aus-der-schweiz\\\/#primaryimage\"},\"image\":{\"@id\":\"https:\\\/\\\/www.audacieuse-galerie.ch\\\/de\\\/produit\\\/halskette-mit-altes-uhrwerk-aus-der-schweiz\\\/#primaryimage\"},\"thumbnailUrl\":\"https:\\\/\\\/www.audacieuse-galerie.ch\\\/wp-content\\\/uploads\\\/2019\\\/12\\\/873-Collier-avec-mouvement-dancienne-montre-suisse.jpg\",\"datePublished\":\"2019-12-21T00:13:48+00:00\",\"dateModified\":\"2025-12-08T12:24:36+00:00\",\"description\":\"Halskette mit antikem Schweizer Uhrwerk - Audacieuse-Galerie\",\"breadcrumb\":{\"@id\":\"https:\\\/\\\/www.audacieuse-galerie.ch\\\/de\\\/produit\\\/halskette-mit-altes-uhrwerk-aus-der-schweiz\\\/#breadcrumb\"},\"inLanguage\":\"de\",\"potentialAction\":[{\"@type\":\"ReadAction\",\"target\":[\"https:\\\/\\\/www.audacieuse-galerie.ch\\\/de\\\/produit\\\/halskette-mit-altes-uhrwerk-aus-der-schweiz\\\/\"]}]},{\"@type\":\"ImageObject\",\"inLanguage\":\"de\",\"@id\":\"https:\\\/\\\/www.audacieuse-galerie.ch\\\/de\\\/produit\\\/halskette-mit-altes-uhrwerk-aus-der-schweiz\\\/#primaryimage\",\"url\":\"https:\\\/\\\/www.audacieuse-galerie.ch\\\/wp-content\\\/uploads\\\/2019\\\/12\\\/873-Collier-avec-mouvement-dancienne-montre-suisse.jpg\",\"contentUrl\":\"https:\\\/\\\/www.audacieuse-galerie.ch\\\/wp-content\\\/uploads\\\/2019\\\/12\\\/873-Collier-avec-mouvement-dancienne-montre-suisse.jpg\",\"width\":1000,\"height\":1000,\"caption\":\"Halskette mit antikem Schweizer Uhrwerk\"},{\"@type\":\"BreadcrumbList\",\"@id\":\"https:\\\/\\\/www.audacieuse-galerie.ch\\\/de\\\/produit\\\/halskette-mit-altes-uhrwerk-aus-der-schweiz\\\/#breadcrumb\",\"itemListElement\":[{\"@type\":\"ListItem\",\"position\":1,\"name\":\"Heim\",\"item\":\"https:\\\/\\\/www.audacieuse-galerie.ch\\\/de\\\/\"},{\"@type\":\"ListItem\",\"position\":2,\"name\":\"Alle unsere Produkte\",\"item\":\"https:\\\/\\\/www.audacieuse-galerie.ch\\\/tous-nos-produits\\\/\"},{\"@type\":\"ListItem\",\"position\":3,\"name\":\"Halskette mit antikem Schweizer Uhrwerk\"}]},{\"@type\":\"WebSite\",\"@id\":\"https:\\\/\\\/www.audacieuse-galerie.ch\\\/de\\\/#website\",\"url\":\"https:\\\/\\\/www.audacieuse-galerie.ch\\\/de\\\/\",\"name\":\"Audacieuse-Galerie\",\"description\":\"Mode et Images\",\"potentialAction\":[{\"@type\":\"SearchAction\",\"target\":{\"@type\":\"EntryPoint\",\"urlTemplate\":\"https:\\\/\\\/www.audacieuse-galerie.ch\\\/de\\\/?s={search_term_string}\"},\"query-input\":{\"@type\":\"PropertyValueSpecification\",\"valueRequired\":true,\"valueName\":\"search_term_string\"}}],\"inLanguage\":\"de\"}]}<\/script>\n<!-- \/ Yoast SEO plugin. -->","yoast_head_json":{"title":"Halskette mit antikem Schweizer Uhrwerk - Audacieuse-Galerie","description":"Halskette mit antikem Schweizer Uhrwerk - Audacieuse-Galerie","robots":{"index":"index","follow":"follow","max-snippet":"max-snippet:-1","max-image-preview":"max-image-preview:large","max-video-preview":"max-video-preview:-1"},"canonical":"https:\/\/www.audacieuse-galerie.ch\/de\/produit\/halskette-mit-altes-uhrwerk-aus-der-schweiz\/","og_locale":"de_DE","og_type":"article","og_title":"Halskette mit antikem Schweizer Uhrwerk - Audacieuse-Galerie","og_description":"Halskette mit antikem Schweizer Uhrwerk - Audacieuse-Galerie","og_url":"https:\/\/www.audacieuse-galerie.ch\/de\/produit\/halskette-mit-altes-uhrwerk-aus-der-schweiz\/","og_site_name":"Audacieuse-Galerie","article_publisher":"https:\/\/www.facebook.com\/audacieuse.galerie","article_modified_time":"2025-12-08T12:24:36+00:00","og_image":[{"width":1000,"height":1000,"url":"https:\/\/www.audacieuse-galerie.ch\/wp-content\/uploads\/2019\/12\/873-Collier-avec-mouvement-dancienne-montre-suisse.jpg","type":"image\/jpeg"}],"twitter_card":"summary_large_image","schema":{"@context":"https:\/\/schema.org","@graph":[{"@type":"WebPage","@id":"https:\/\/www.audacieuse-galerie.ch\/de\/produit\/halskette-mit-altes-uhrwerk-aus-der-schweiz\/","url":"https:\/\/www.audacieuse-galerie.ch\/de\/produit\/halskette-mit-altes-uhrwerk-aus-der-schweiz\/","name":"Halskette mit antikem Schweizer Uhrwerk - Audacieuse-Galerie","isPartOf":{"@id":"https:\/\/www.audacieuse-galerie.ch\/de\/#website"},"primaryImageOfPage":{"@id":"https:\/\/www.audacieuse-galerie.ch\/de\/produit\/halskette-mit-altes-uhrwerk-aus-der-schweiz\/#primaryimage"},"image":{"@id":"https:\/\/www.audacieuse-galerie.ch\/de\/produit\/halskette-mit-altes-uhrwerk-aus-der-schweiz\/#primaryimage"},"thumbnailUrl":"https:\/\/www.audacieuse-galerie.ch\/wp-content\/uploads\/2019\/12\/873-Collier-avec-mouvement-dancienne-montre-suisse.jpg","datePublished":"2019-12-21T00:13:48+00:00","dateModified":"2025-12-08T12:24:36+00:00","description":"Halskette mit antikem Schweizer Uhrwerk - Audacieuse-Galerie","breadcrumb":{"@id":"https:\/\/www.audacieuse-galerie.ch\/de\/produit\/halskette-mit-altes-uhrwerk-aus-der-schweiz\/#breadcrumb"},"inLanguage":"de","potentialAction":[{"@type":"ReadAction","target":["https:\/\/www.audacieuse-galerie.ch\/de\/produit\/halskette-mit-altes-uhrwerk-aus-der-schweiz\/"]}]},{"@type":"ImageObject","inLanguage":"de","@id":"https:\/\/www.audacieuse-galerie.ch\/de\/produit\/halskette-mit-altes-uhrwerk-aus-der-schweiz\/#primaryimage","url":"https:\/\/www.audacieuse-galerie.ch\/wp-content\/uploads\/2019\/12\/873-Collier-avec-mouvement-dancienne-montre-suisse.jpg","contentUrl":"https:\/\/www.audacieuse-galerie.ch\/wp-content\/uploads\/2019\/12\/873-Collier-avec-mouvement-dancienne-montre-suisse.jpg","width":1000,"height":1000,"caption":"Halskette mit antikem Schweizer Uhrwerk"},{"@type":"BreadcrumbList","@id":"https:\/\/www.audacieuse-galerie.ch\/de\/produit\/halskette-mit-altes-uhrwerk-aus-der-schweiz\/#breadcrumb","itemListElement":[{"@type":"ListItem","position":1,"name":"Heim","item":"https:\/\/www.audacieuse-galerie.ch\/de\/"},{"@type":"ListItem","position":2,"name":"Alle unsere Produkte","item":"https:\/\/www.audacieuse-galerie.ch\/tous-nos-produits\/"},{"@type":"ListItem","position":3,"name":"Halskette mit antikem Schweizer Uhrwerk"}]},{"@type":"WebSite","@id":"https:\/\/www.audacieuse-galerie.ch\/de\/#website","url":"https:\/\/www.audacieuse-galerie.ch\/de\/","name":"Audacieuse-Galerie","description":"Mode et Images","potentialAction":[{"@type":"SearchAction","target":{"@type":"EntryPoint","urlTemplate":"https:\/\/www.audacieuse-galerie.ch\/de\/?s={search_term_string}"},"query-input":{"@type":"PropertyValueSpecification","valueRequired":true,"valueName":"search_term_string"}}],"inLanguage":"de"}]}},"jetpack_publicize_connections":[],"_links":{"self":[{"href":"https:\/\/www.audacieuse-galerie.ch\/de\/wp-json\/wp\/v2\/product\/54964","targetHints":{"allow":["GET"]}}],"collection":[{"href":"https:\/\/www.audacieuse-galerie.ch\/de\/wp-json\/wp\/v2\/product"}],"about":[{"href":"https:\/\/www.audacieuse-galerie.ch\/de\/wp-json\/wp\/v2\/types\/product"}],"replies":[{"embeddable":true,"href":"https:\/\/www.audacieuse-galerie.ch\/de\/wp-json\/wp\/v2\/comments?post=54964"}],"version-history":[{"count":0,"href":"https:\/\/www.audacieuse-galerie.ch\/de\/wp-json\/wp\/v2\/product\/54964\/revisions"}],"wp:featuredmedia":[{"embeddable":true,"href":"https:\/\/www.audacieuse-galerie.ch\/de\/wp-json\/wp\/v2\/media\/54956"}],"wp:attachment":[{"href":"https:\/\/www.audacieuse-galerie.ch\/de\/wp-json\/wp\/v2\/media?parent=54964"}],"wp:term":[{"taxonomy":"product_brand","embeddable":true,"href":"https:\/\/www.audacieuse-galerie.ch\/de\/wp-json\/wp\/v2\/product_brand?post=54964"},{"taxonomy":"product_cat","embeddable":true,"href":"https:\/\/www.audacieuse-galerie.ch\/de\/wp-json\/wp\/v2\/product_cat?post=54964"},{"taxonomy":"product_tag","embeddable":true,"href":"https:\/\/www.audacieuse-galerie.ch\/de\/wp-json\/wp\/v2\/product_tag?post=54964"}],"curies":[{"name":"wp","href":"https:\/\/api.w.org\/{rel}","templated":true}]}}