{"id":55000,"date":"2020-02-13T13:16:54","date_gmt":"2020-02-13T12:16:54","guid":{"rendered":"https:\/\/woo.audacieuse-galerie.ch\/produit\/voice-over-aufnahme\/"},"modified":"2025-12-05T12:36:23","modified_gmt":"2025-12-05T11:36:23","slug":"voice-over-aufnahme","status":"publish","type":"product","link":"https:\/\/www.audacieuse-galerie.ch\/de\/produit\/voice-over-aufnahme\/","title":{"rendered":"Voice-over oder Werbeaufnahme"},"content":{"rendered":"<h2>Ein professionelles Voice-Over<\/h2>\n<p>Ein Schauspieler wird Ihren Text entsprechend dem Kontext Ihres Projekts agieren und interpretieren. Der Stil der Stimme \u00e4ndert sich je nach Thema, Zielpublikum, Rhythmus, der durch die Bilder vorgegeben wird. Das Voice-Over ist sehr unterschiedlich, wenn es um die Interpretation einer Zeichentrickfigur oder um die Synchronisation eines institutionellen Dokumentarfilms geht. Noch wichtiger ist, dass ein gutes Voice-Over in der Lage ist, die ganze Atmosph\u00e4re wiederzugeben: ein vertrauliches Fl\u00fcstern, eine sinnliche Stimme, eine blaue Angst, eine dramatische oder fr\u00f6hliche Stimme, eine schwarze Wut, Humor, Trunkenheit, &#8230;   <\/p>\n<h2>Synchronisieren Sie Ihre Texte in Ihrem Video<\/h2>\n<p>Wir k\u00f6nnen ein Voiceover oder eine Synchronisation f\u00fcr Ihre Videobearbeitung einstellen. Mit Ihrem Einverst\u00e4ndnis wird der Text manchmal angepasst, um das Timing jeder Sequenz des Films einzuhalten. <\/p>\n<h2>Klangqualit\u00e4t<\/h2>\n<p>Unsere Aufnahmekabine absorbiert alle sekund\u00e4ren Reverbs, so dass nur der Klang der Stimme direkt auf das Mikrofon \u00fcbertragen wird. Auf diese Weise haben wir die v\u00f6llige Freiheit, w\u00e4hrend des Bearbeitungsprozesses einen digitalen Hall hinzuzuf\u00fcgen, der die Atmosph\u00e4re der Orte widerspiegelt, an denen Sie aufnehmen. Ein Treppenhaus, ein m\u00f6bliertes B\u00fcro, eine Tiefgarage, eine Kathedrale, ein Aufzug,&#8230; wird dann in Ihrem Film anders mitschwingen. Das Atelier wird sich dann in den Ohren des Betrachters v\u00f6llig vergessen lassen.   <\/p>\n<p>Wir verwenden hochwertige Rekorder und Mikrofone. Wir liefern Ihnen hochwertige 192 kHz unkomprimierte Aufnahmedateien. (Eine h\u00f6here Abtastrate als bei einer CD.) Wahlweise 24 Bit\/96 kHz (3,2-mal mehr \u00fcbertragene Daten als CD) und 24 bit\/192 kHz (6,5-mal mehr \u00fcbertragene Daten als CD). Auswahl an Dateien: WAVE, AIFF oder verlustfreies FLAC.    <\/p>\n","protected":false},"excerpt":{"rendered":"<p>Voice-over f\u00fcr Videowerbung, Radiospots, Film- und Kurzfilme, E-Learning, Voice-Over, Audioguides und Audiotel, Synchronisation.<\/p>\n","protected":false},"featured_media":54998,"comment_status":"open","ping_status":"closed","template":"","meta":{"_glsr_average":0,"_glsr_ranking":0,"_glsr_reviews":0,"jetpack_publicize_message":"","jetpack_publicize_feature_enabled":true,"jetpack_social_post_already_shared":true,"jetpack_social_options":{"image_generator_settings":{"template":"highway","default_image_id":0,"font":"","enabled":false},"version":2}},"product_brand":[],"product_cat":[117],"product_tag":[],"class_list":{"0":"post-55000","1":"product","2":"type-product","3":"status-publish","4":"has-post-thumbnail","6":"product_cat-videos-und-kuerzfilme","7":"pa_qualitedesfilms-hi_res_audio-de","9":"first","10":"instock","11":"sale","12":"featured","13":"virtual","14":"taxable","15":"purchasable","16":"product-type-simple"},"yoast_head":"<!-- This site is optimized with the Yoast SEO plugin v27.4 - https:\/\/yoast.com\/product\/yoast-seo-wordpress\/ -->\n<title>Voice-over oder Werbeaufnahme - Audacieuse-Galerie<\/title>\n<meta name=\"description\" content=\"Voice-over oder Werbeaufnahme - Audacieuse-Galerie\" \/>\n<meta name=\"robots\" content=\"index, follow, max-snippet:-1, max-image-preview:large, max-video-preview:-1\" \/>\n<link rel=\"canonical\" href=\"https:\/\/www.audacieuse-galerie.ch\/de\/produit\/voice-over-aufnahme\/\" \/>\n<meta property=\"og:locale\" content=\"de_DE\" \/>\n<meta property=\"og:type\" content=\"article\" \/>\n<meta property=\"og:title\" content=\"Voice-over oder Werbeaufnahme - Audacieuse-Galerie\" \/>\n<meta property=\"og:description\" content=\"Voice-over oder Werbeaufnahme - Audacieuse-Galerie\" \/>\n<meta property=\"og:url\" content=\"https:\/\/www.audacieuse-galerie.ch\/de\/produit\/voice-over-aufnahme\/\" \/>\n<meta property=\"og:site_name\" content=\"Audacieuse-Galerie\" \/>\n<meta property=\"article:publisher\" content=\"https:\/\/www.facebook.com\/audacieuse.galerie\" \/>\n<meta property=\"article:modified_time\" content=\"2025-12-05T11:36:23+00:00\" \/>\n<meta property=\"og:image\" content=\"https:\/\/www.audacieuse-galerie.ch\/wp-content\/uploads\/2020\/02\/1243-Enregistrement-de-voix-off.jpg\" \/>\n\t<meta property=\"og:image:width\" content=\"1000\" \/>\n\t<meta property=\"og:image:height\" content=\"1000\" \/>\n\t<meta property=\"og:image:type\" content=\"image\/jpeg\" \/>\n<meta name=\"twitter:card\" content=\"summary_large_image\" \/>\n<meta name=\"twitter:label1\" content=\"Gesch\u00e4tzte Lesezeit\" \/>\n\t<meta name=\"twitter:data1\" content=\"1 Minute\" \/>\n<script type=\"application\/ld+json\" class=\"yoast-schema-graph\">{\"@context\":\"https:\\\/\\\/schema.org\",\"@graph\":[{\"@type\":\"ImageObject\",\"inLanguage\":\"de\",\"@id\":\"https:\\\/\\\/www.audacieuse-galerie.ch\\\/de\\\/produit\\\/voice-over-aufnahme\\\/#primaryimage\",\"url\":\"https:\\\/\\\/www.audacieuse-galerie.ch\\\/wp-content\\\/uploads\\\/2020\\\/02\\\/1243-Enregistrement-de-voix-off.jpg\",\"contentUrl\":\"https:\\\/\\\/www.audacieuse-galerie.ch\\\/wp-content\\\/uploads\\\/2020\\\/02\\\/1243-Enregistrement-de-voix-off.jpg\",\"width\":1000,\"height\":1000,\"caption\":\"Voiceover-Aufnahme\"}]}<\/script>\n<!-- \/ Yoast SEO plugin. -->","yoast_head_json":{"title":"Voice-over oder Werbeaufnahme - Audacieuse-Galerie","description":"Voice-over oder Werbeaufnahme - Audacieuse-Galerie","robots":{"index":"index","follow":"follow","max-snippet":"max-snippet:-1","max-image-preview":"max-image-preview:large","max-video-preview":"max-video-preview:-1"},"canonical":"https:\/\/www.audacieuse-galerie.ch\/de\/produit\/voice-over-aufnahme\/","og_locale":"de_DE","og_type":"article","og_title":"Voice-over oder Werbeaufnahme - Audacieuse-Galerie","og_description":"Voice-over oder Werbeaufnahme - Audacieuse-Galerie","og_url":"https:\/\/www.audacieuse-galerie.ch\/de\/produit\/voice-over-aufnahme\/","og_site_name":"Audacieuse-Galerie","article_publisher":"https:\/\/www.facebook.com\/audacieuse.galerie","article_modified_time":"2025-12-05T11:36:23+00:00","og_image":[{"width":1000,"height":1000,"url":"https:\/\/www.audacieuse-galerie.ch\/wp-content\/uploads\/2020\/02\/1243-Enregistrement-de-voix-off.jpg","type":"image\/jpeg"}],"twitter_card":"summary_large_image","twitter_misc":{"Gesch\u00e4tzte Lesezeit":"1 Minute"},"schema":{"@context":"https:\/\/schema.org","@graph":[{"@type":"ImageObject","inLanguage":"de","@id":"https:\/\/www.audacieuse-galerie.ch\/de\/produit\/voice-over-aufnahme\/#primaryimage","url":"https:\/\/www.audacieuse-galerie.ch\/wp-content\/uploads\/2020\/02\/1243-Enregistrement-de-voix-off.jpg","contentUrl":"https:\/\/www.audacieuse-galerie.ch\/wp-content\/uploads\/2020\/02\/1243-Enregistrement-de-voix-off.jpg","width":1000,"height":1000,"caption":"Voiceover-Aufnahme"}]}},"jetpack_publicize_connections":[],"_links":{"self":[{"href":"https:\/\/www.audacieuse-galerie.ch\/de\/wp-json\/wp\/v2\/product\/55000","targetHints":{"allow":["GET"]}}],"collection":[{"href":"https:\/\/www.audacieuse-galerie.ch\/de\/wp-json\/wp\/v2\/product"}],"about":[{"href":"https:\/\/www.audacieuse-galerie.ch\/de\/wp-json\/wp\/v2\/types\/product"}],"replies":[{"embeddable":true,"href":"https:\/\/www.audacieuse-galerie.ch\/de\/wp-json\/wp\/v2\/comments?post=55000"}],"version-history":[{"count":0,"href":"https:\/\/www.audacieuse-galerie.ch\/de\/wp-json\/wp\/v2\/product\/55000\/revisions"}],"wp:featuredmedia":[{"embeddable":true,"href":"https:\/\/www.audacieuse-galerie.ch\/de\/wp-json\/wp\/v2\/media\/54998"}],"wp:attachment":[{"href":"https:\/\/www.audacieuse-galerie.ch\/de\/wp-json\/wp\/v2\/media?parent=55000"}],"wp:term":[{"taxonomy":"product_brand","embeddable":true,"href":"https:\/\/www.audacieuse-galerie.ch\/de\/wp-json\/wp\/v2\/product_brand?post=55000"},{"taxonomy":"product_cat","embeddable":true,"href":"https:\/\/www.audacieuse-galerie.ch\/de\/wp-json\/wp\/v2\/product_cat?post=55000"},{"taxonomy":"product_tag","embeddable":true,"href":"https:\/\/www.audacieuse-galerie.ch\/de\/wp-json\/wp\/v2\/product_tag?post=55000"}],"curies":[{"name":"wp","href":"https:\/\/api.w.org\/{rel}","templated":true}]}}