{"id":55285,"date":"2020-03-01T16:07:15","date_gmt":"2020-03-01T15:07:15","guid":{"rendered":"https:\/\/woo.audacieuse-galerie.ch\/produit\/retour-au-carnaval-les-moches-ta-grdi-2\/"},"modified":"2026-02-18T12:02:40","modified_gmt":"2026-02-18T11:02:40","slug":"retour-au-carnaval-les-moches-ta-grdi-2","status":"publish","type":"product","link":"https:\/\/www.audacieuse-galerie.ch\/de\/produit\/retour-au-carnaval-les-moches-ta-grdi-2\/","title":{"rendered":"Zur\u00fcck zum Karneval: Das H\u00e4ssliche (Ta Grdi)"},"content":{"rendered":"<p>Ein Kunstfoto von Jason Gardner: Die Moche (Ta Grdi) bedecken Kinder mit Ru\u00df, indem sie sie mit einer mit Asche gef\u00fcllten Socke auf dem zentralen Platz schlagen, nachdem sie sie in einem wilden und chaotischen Rennen durch das Dorf gefangen haben.<\/p>\n","protected":false},"excerpt":{"rendered":"<p>Ein Kunstfoto von Jason Gardner: Die Moche (Ta Grdi) bedecken Kinder mit Ru\u00df, indem sie sie mit einer mit Asche gef\u00fcllten Socke auf dem zentralen Platz schlagen, nachdem sie sie in einem wilden und chaotischen Rennen durch das Dorf gefangen haben.<\/p>\n","protected":false},"featured_media":55220,"comment_status":"open","ping_status":"closed","template":"","meta":{"_glsr_average":0,"_glsr_ranking":0,"_glsr_reviews":0,"jetpack_publicize_message":"","jetpack_publicize_feature_enabled":true,"jetpack_social_post_already_shared":true,"jetpack_social_options":{"image_generator_settings":{"template":"highway","default_image_id":0,"font":"","enabled":false},"version":2}},"product_brand":[],"product_cat":[63,222,111,2231,108,243],"product_tag":[],"class_list":{"0":"post-55285","1":"product","2":"type-product","3":"status-publish","4":"has-post-thumbnail","6":"product_cat-auswahlkurator","7":"product_cat-europa","8":"product_cat-farben","9":"product_cat-fotograf-jason-gardner","10":"product_cat-mensch","11":"product_cat-tierwelt","12":"pa_bordureblancheautourdelimage-3cm-de","13":"pa_dimensions-43x56cm-de","14":"pa_dimensions-60x80cm-de","15":"pa_dimensions-70x100cm-de","16":"pa_encadrements-dunklesholz-de","17":"pa_encadrements-farben-de","18":"pa_encadrements-grau-de","19":"pa_encadrements-hellesholz-de","20":"pa_encadrements-keinen-de","21":"pa_encadrements-schwarz-de","22":"pa_encadrements-weiss-de","23":"pa_oeuvresnumerotees_limitees-18exemplaren-de","24":"pa_papiers-hahnemuhlerultrasmooth-de","25":"pa_protectionfinitionsupport-druckunterglasacrylglass-de","26":"pa_protectionfinitionsupport-20-kunstpapieraufdibondr_alu-de","27":"pa_protectionfinitionsupport-e4-kunstpapieraufholzplatteu-de","28":"pa_techniquesphotographiques-farbe-de","29":"pa_themesphotographiques-europa-de","30":"pa_themesphotographiques-mensch-de","31":"pa_themesphotographiques-tierwelt-de","33":"first","34":"outofstock","35":"taxable","36":"shipping-taxable","37":"purchasable","38":"product-type-variable","39":"has-default-attributes"},"yoast_head":"<!-- This site is optimized with the Yoast SEO plugin v27.4 - https:\/\/yoast.com\/product\/yoast-seo-wordpress\/ -->\n<title>Zur\u00fcck zum Karneval: Das H\u00e4ssliche (Ta Grdi) - Audacieuse-Galerie<\/title>\n<meta name=\"description\" content=\"Zur\u00fcck zum Karneval: Das H\u00e4ssliche (Ta Grdi) - Audacieuse-Galerie\" \/>\n<meta name=\"robots\" content=\"index, follow, max-snippet:-1, max-image-preview:large, max-video-preview:-1\" \/>\n<link rel=\"canonical\" href=\"https:\/\/www.audacieuse-galerie.ch\/de\/produit\/retour-au-carnaval-les-moches-ta-grdi-2\/\" \/>\n<meta property=\"og:locale\" content=\"de_DE\" \/>\n<meta property=\"og:type\" content=\"article\" \/>\n<meta property=\"og:title\" content=\"Zur\u00fcck zum Karneval: Das H\u00e4ssliche (Ta Grdi) - Audacieuse-Galerie\" \/>\n<meta property=\"og:description\" content=\"Zur\u00fcck zum Karneval: Das H\u00e4ssliche (Ta Grdi) - Audacieuse-Galerie\" \/>\n<meta property=\"og:url\" content=\"https:\/\/www.audacieuse-galerie.ch\/de\/produit\/retour-au-carnaval-les-moches-ta-grdi-2\/\" \/>\n<meta property=\"og:site_name\" content=\"Audacieuse-Galerie\" \/>\n<meta property=\"article:publisher\" content=\"https:\/\/www.facebook.com\/audacieuse.galerie\" \/>\n<meta property=\"article:modified_time\" content=\"2026-02-18T11:02:40+00:00\" \/>\n<meta property=\"og:image\" content=\"https:\/\/www.audacieuse-galerie.ch\/wp-content\/uploads\/2020\/03\/735-Retour-au-Carnaval-Les-Moches-Ta-Grdi.jpg\" \/>\n\t<meta property=\"og:image:width\" content=\"667\" \/>\n\t<meta property=\"og:image:height\" content=\"1000\" \/>\n\t<meta property=\"og:image:type\" content=\"image\/jpeg\" \/>\n<meta name=\"twitter:card\" content=\"summary_large_image\" \/>\n<script type=\"application\/ld+json\" class=\"yoast-schema-graph\">{\"@context\":\"https:\\\/\\\/schema.org\",\"@graph\":[{\"@type\":\"ImageObject\",\"inLanguage\":\"de\",\"@id\":\"https:\\\/\\\/www.audacieuse-galerie.ch\\\/de\\\/produit\\\/retour-au-carnaval-les-moches-ta-grdi-2\\\/#primaryimage\",\"url\":\"https:\\\/\\\/www.audacieuse-galerie.ch\\\/wp-content\\\/uploads\\\/2020\\\/03\\\/735-Retour-au-Carnaval-Les-Moches-Ta-Grdi.jpg\",\"contentUrl\":\"https:\\\/\\\/www.audacieuse-galerie.ch\\\/wp-content\\\/uploads\\\/2020\\\/03\\\/735-Retour-au-Carnaval-Les-Moches-Ta-Grdi.jpg\",\"width\":667,\"height\":1000,\"caption\":\"Zur\u00fcck zum Karneval: Das H\u00e4ssliche (Ta Grdi)\"}]}<\/script>\n<!-- \/ Yoast SEO plugin. -->","yoast_head_json":{"title":"Zur\u00fcck zum Karneval: Das H\u00e4ssliche (Ta Grdi) - Audacieuse-Galerie","description":"Zur\u00fcck zum Karneval: Das H\u00e4ssliche (Ta Grdi) - Audacieuse-Galerie","robots":{"index":"index","follow":"follow","max-snippet":"max-snippet:-1","max-image-preview":"max-image-preview:large","max-video-preview":"max-video-preview:-1"},"canonical":"https:\/\/www.audacieuse-galerie.ch\/de\/produit\/retour-au-carnaval-les-moches-ta-grdi-2\/","og_locale":"de_DE","og_type":"article","og_title":"Zur\u00fcck zum Karneval: Das H\u00e4ssliche (Ta Grdi) - Audacieuse-Galerie","og_description":"Zur\u00fcck zum Karneval: Das H\u00e4ssliche (Ta Grdi) - Audacieuse-Galerie","og_url":"https:\/\/www.audacieuse-galerie.ch\/de\/produit\/retour-au-carnaval-les-moches-ta-grdi-2\/","og_site_name":"Audacieuse-Galerie","article_publisher":"https:\/\/www.facebook.com\/audacieuse.galerie","article_modified_time":"2026-02-18T11:02:40+00:00","og_image":[{"width":667,"height":1000,"url":"https:\/\/www.audacieuse-galerie.ch\/wp-content\/uploads\/2020\/03\/735-Retour-au-Carnaval-Les-Moches-Ta-Grdi.jpg","type":"image\/jpeg"}],"twitter_card":"summary_large_image","schema":{"@context":"https:\/\/schema.org","@graph":[{"@type":"ImageObject","inLanguage":"de","@id":"https:\/\/www.audacieuse-galerie.ch\/de\/produit\/retour-au-carnaval-les-moches-ta-grdi-2\/#primaryimage","url":"https:\/\/www.audacieuse-galerie.ch\/wp-content\/uploads\/2020\/03\/735-Retour-au-Carnaval-Les-Moches-Ta-Grdi.jpg","contentUrl":"https:\/\/www.audacieuse-galerie.ch\/wp-content\/uploads\/2020\/03\/735-Retour-au-Carnaval-Les-Moches-Ta-Grdi.jpg","width":667,"height":1000,"caption":"Zur\u00fcck zum Karneval: Das H\u00e4ssliche (Ta Grdi)"}]}},"jetpack_publicize_connections":[],"_links":{"self":[{"href":"https:\/\/www.audacieuse-galerie.ch\/de\/wp-json\/wp\/v2\/product\/55285","targetHints":{"allow":["GET"]}}],"collection":[{"href":"https:\/\/www.audacieuse-galerie.ch\/de\/wp-json\/wp\/v2\/product"}],"about":[{"href":"https:\/\/www.audacieuse-galerie.ch\/de\/wp-json\/wp\/v2\/types\/product"}],"replies":[{"embeddable":true,"href":"https:\/\/www.audacieuse-galerie.ch\/de\/wp-json\/wp\/v2\/comments?post=55285"}],"version-history":[{"count":0,"href":"https:\/\/www.audacieuse-galerie.ch\/de\/wp-json\/wp\/v2\/product\/55285\/revisions"}],"wp:featuredmedia":[{"embeddable":true,"href":"https:\/\/www.audacieuse-galerie.ch\/de\/wp-json\/wp\/v2\/media\/55220"}],"wp:attachment":[{"href":"https:\/\/www.audacieuse-galerie.ch\/de\/wp-json\/wp\/v2\/media?parent=55285"}],"wp:term":[{"taxonomy":"product_brand","embeddable":true,"href":"https:\/\/www.audacieuse-galerie.ch\/de\/wp-json\/wp\/v2\/product_brand?post=55285"},{"taxonomy":"product_cat","embeddable":true,"href":"https:\/\/www.audacieuse-galerie.ch\/de\/wp-json\/wp\/v2\/product_cat?post=55285"},{"taxonomy":"product_tag","embeddable":true,"href":"https:\/\/www.audacieuse-galerie.ch\/de\/wp-json\/wp\/v2\/product_tag?post=55285"}],"curies":[{"name":"wp","href":"https:\/\/api.w.org\/{rel}","templated":true}]}}