{"id":55420,"date":"2020-03-04T19:02:37","date_gmt":"2020-03-04T18:02:37","guid":{"rendered":"https:\/\/woo.audacieuse-galerie.ch\/produit\/individueller-naehkurs-bei-carouge-genf\/"},"modified":"2026-04-18T19:32:05","modified_gmt":"2026-04-18T17:32:05","slug":"individueller-naehkurs-bei-carouge-genf","status":"publish","type":"product","link":"https:\/\/www.audacieuse-galerie.ch\/de\/produit\/individueller-naehkurs-bei-carouge-genf\/","title":{"rendered":"Einzeln\u00e4hkurs, 1 Stunde, in Carouge Genf"},"content":{"rendered":"<h2>N\u00e4hen lernen<\/h2>\n<p>Wie lernt man mit Freude n\u00e4hen? Nichts einfacher als das ist in der Audacieuse-Galerie. Unabh\u00e4ngig von Ihrem Niveau hilft Ihnen unsere Schneiderin, Fortschritte zu erzielen. Anl\u00e4sslich Ihres individuellen N\u00e4hkurses w\u00e4hlen wir gemeinsam mit Ihnen die Inhalte Ihrer Kurse nach Ihren N\u00e4hw\u00fcnschen aus: Von der einfachen \u00c4nderung, \u00fcber die Anfertigung eines Schnittmusters bis hin zum ma\u00dfgeschneiderten Kleidungsst\u00fcck. Um Kleidung zu reparieren oder zu verwandeln, um sie nicht wegzuwerfen, aber auch, um Ihre eigenen Kleidungsst\u00fccke und Accessoire-Kreationen zu kreieren.<\/p>\n<h2>Nehmen Sie privaten N\u00e4hunterricht<\/h2>\n<p>Das Interesse des Privatkurses ist die Exzellenz der individuellen Betreuung, aber auch die M\u00f6glichkeit, Ihr eigenes, vollst\u00e4ndig personalisiertes N\u00e4hprogramm zu w\u00e4hlen. M\u00f6chten Sie ein Kleid nur f\u00fcr Sie zusammenstellen? Oder stellen Sie lieber Kinderkleidung her? Eine einzigartige und originelle Handtasche? Um einen einzigartigen Stoff zu verwandeln, der auf einem Markt gefunden wurde?<\/p>\n<h2>N\u00e4herin werden<\/h2>\n<p>Wir begleiten alle Niveaus, vom Anf\u00e4nger bis zum Fortgeschrittenen. W\u00e4hrend Ihres Privatunterrichts lernen Sie unabh\u00e4ngig von Ihrem Niveau. Ben\u00f6tigen Sie Hilfe bei der Fertigstellung einer Kollektion? Ben\u00f6tigen Sie eine Privatstunde, um eine Bekleidungslinie zu kreieren? M\u00f6chten Sie Schneiderin werden und Ihre eigene Linie kreieren?<\/p>\n<h2>Ihr N\u00e4herinnentrainer<\/h2>\n<p>Unsere Schneiderin hat 20 Jahre Erfahrung. Leiterin von N\u00e4hwerkstatten und Stylistin hat sie in den besten N\u00e4hwerkst\u00e4tten der Schweiz gearbeitet und arbeitet bis heute f\u00fcr die gr\u00f6\u00dften Marken. Sie gr\u00fcndete ihre eigene Marke sowie die Couture-Werkstatt Audacieuse-Galerie. Sie werden die wichtigsten Gesten des Know-hows an seiner Seite in einer echten N\u00e4hwerkstatt erlernen.<\/p>\n<h3><\/h3>\n","protected":false},"excerpt":{"rendered":"<p>Wie lernt man n\u00e4hen? Einfacher geht es nicht. Unabh\u00e4ngig von Ihrem Niveau hilft Ihnen unsere Schneiderin, Fortschritte zu erzielen. F\u00fcr Ihren individuellen N\u00e4hkurs w\u00e4hlen wir die Inhalte Ihres Unterrichts gemeinsam nach Ihren N\u00e4hw\u00fcnschen aus.<\/p>\n","protected":false},"featured_media":55415,"comment_status":"open","ping_status":"closed","template":"elementor_theme","meta":{"_glsr_average":0,"_glsr_ranking":0,"_glsr_reviews":0,"jetpack_publicize_message":"","jetpack_publicize_feature_enabled":true,"jetpack_social_post_already_shared":true,"jetpack_social_options":{"image_generator_settings":{"template":"highway","default_image_id":0,"font":"","enabled":false},"version":2}},"product_brand":[],"product_cat":[120],"product_tag":[],"class_list":{"0":"post-55420","1":"product","2":"type-product","3":"status-publish","4":"has-post-thumbnail","6":"product_cat-carouge-genf-schneiderkurs","7":"pa_nombredestagiaires-1auszubildende-de","8":"pa_nombredheuresdeformation-1stunde-de","9":"bookacti-activity","11":"first","12":"instock","13":"downloadable","14":"virtual","15":"taxable","16":"purchasable","17":"product-type-simple"},"yoast_head":"<!-- This site is optimized with the Yoast SEO plugin v27.4 - https:\/\/yoast.com\/product\/yoast-seo-wordpress\/ -->\n<title>Einzeln\u00e4hkurs, 1 Stunde, in Carouge Genf - Audacieuse-Galerie<\/title>\n<meta name=\"description\" content=\"Ein einst\u00fcndiger Einzeln\u00e4hkurs, um deine Talente zu entwickeln. Ausbildung in einer Fachwerkstatt in der Audacieuse-Galerie 1227 Carouge, Genf.\" \/>\n<meta name=\"robots\" content=\"index, follow, max-snippet:-1, max-image-preview:large, max-video-preview:-1\" \/>\n<link rel=\"canonical\" href=\"https:\/\/www.audacieuse-galerie.ch\/de\/produit\/individueller-naehkurs-bei-carouge-genf\/\" \/>\n<meta property=\"og:locale\" content=\"de_DE\" \/>\n<meta property=\"og:type\" content=\"article\" \/>\n<meta property=\"og:title\" content=\"Einzeln\u00e4hkurs, 1 Stunde, in Carouge Genf - Audacieuse-Galerie\" \/>\n<meta property=\"og:description\" content=\"Ein einst\u00fcndiger Einzeln\u00e4hkurs, um deine Talente zu entwickeln. Ausbildung in einer Fachwerkstatt in der Audacieuse-Galerie 1227 Carouge, Genf.\" \/>\n<meta property=\"og:url\" content=\"https:\/\/www.audacieuse-galerie.ch\/de\/produit\/individueller-naehkurs-bei-carouge-genf\/\" \/>\n<meta property=\"og:site_name\" content=\"Audacieuse-Galerie\" \/>\n<meta property=\"article:publisher\" content=\"https:\/\/www.facebook.com\/audacieuse.galerie\" \/>\n<meta property=\"article:modified_time\" content=\"2026-04-18T17:32:05+00:00\" \/>\n<meta property=\"og:image\" content=\"https:\/\/www.audacieuse-galerie.ch\/wp-content\/uploads\/2020\/03\/799-Cours-individuel-de-couture-a-Carouge-Geneve.jpg\" \/>\n\t<meta property=\"og:image:width\" content=\"1000\" \/>\n\t<meta property=\"og:image:height\" content=\"1000\" \/>\n\t<meta property=\"og:image:type\" content=\"image\/jpeg\" \/>\n<meta name=\"twitter:card\" content=\"summary_large_image\" \/>\n<meta name=\"twitter:label1\" content=\"Gesch\u00e4tzte Lesezeit\" \/>\n\t<meta name=\"twitter:data1\" content=\"2 Minuten\" \/>\n<script type=\"application\/ld+json\" class=\"yoast-schema-graph\">{\"@context\":\"https:\\\/\\\/schema.org\",\"@graph\":[{\"@type\":\"ImageObject\",\"inLanguage\":\"de\",\"@id\":\"https:\\\/\\\/www.audacieuse-galerie.ch\\\/de\\\/produit\\\/individueller-naehkurs-bei-carouge-genf\\\/#primaryimage\",\"url\":\"https:\\\/\\\/www.audacieuse-galerie.ch\\\/wp-content\\\/uploads\\\/2020\\\/03\\\/799-Cours-individuel-de-couture-a-Carouge-Geneve.jpg\",\"contentUrl\":\"https:\\\/\\\/www.audacieuse-galerie.ch\\\/wp-content\\\/uploads\\\/2020\\\/03\\\/799-Cours-individuel-de-couture-a-Carouge-Geneve.jpg\",\"width\":1000,\"height\":1000,\"caption\":\"Individueller N\u00e4hunterricht in Carouge Genf\"}]}<\/script>\n<!-- \/ Yoast SEO plugin. -->","yoast_head_json":{"title":"Einzeln\u00e4hkurs, 1 Stunde, in Carouge Genf - Audacieuse-Galerie","description":"Ein einst\u00fcndiger Einzeln\u00e4hkurs, um deine Talente zu entwickeln. Ausbildung in einer Fachwerkstatt in der Audacieuse-Galerie 1227 Carouge, Genf.","robots":{"index":"index","follow":"follow","max-snippet":"max-snippet:-1","max-image-preview":"max-image-preview:large","max-video-preview":"max-video-preview:-1"},"canonical":"https:\/\/www.audacieuse-galerie.ch\/de\/produit\/individueller-naehkurs-bei-carouge-genf\/","og_locale":"de_DE","og_type":"article","og_title":"Einzeln\u00e4hkurs, 1 Stunde, in Carouge Genf - Audacieuse-Galerie","og_description":"Ein einst\u00fcndiger Einzeln\u00e4hkurs, um deine Talente zu entwickeln. Ausbildung in einer Fachwerkstatt in der Audacieuse-Galerie 1227 Carouge, Genf.","og_url":"https:\/\/www.audacieuse-galerie.ch\/de\/produit\/individueller-naehkurs-bei-carouge-genf\/","og_site_name":"Audacieuse-Galerie","article_publisher":"https:\/\/www.facebook.com\/audacieuse.galerie","article_modified_time":"2026-04-18T17:32:05+00:00","og_image":[{"width":1000,"height":1000,"url":"https:\/\/www.audacieuse-galerie.ch\/wp-content\/uploads\/2020\/03\/799-Cours-individuel-de-couture-a-Carouge-Geneve.jpg","type":"image\/jpeg"}],"twitter_card":"summary_large_image","twitter_misc":{"Gesch\u00e4tzte Lesezeit":"2 Minuten"},"schema":{"@context":"https:\/\/schema.org","@graph":[{"@type":"ImageObject","inLanguage":"de","@id":"https:\/\/www.audacieuse-galerie.ch\/de\/produit\/individueller-naehkurs-bei-carouge-genf\/#primaryimage","url":"https:\/\/www.audacieuse-galerie.ch\/wp-content\/uploads\/2020\/03\/799-Cours-individuel-de-couture-a-Carouge-Geneve.jpg","contentUrl":"https:\/\/www.audacieuse-galerie.ch\/wp-content\/uploads\/2020\/03\/799-Cours-individuel-de-couture-a-Carouge-Geneve.jpg","width":1000,"height":1000,"caption":"Individueller N\u00e4hunterricht in Carouge Genf"}]}},"jetpack_publicize_connections":[],"_links":{"self":[{"href":"https:\/\/www.audacieuse-galerie.ch\/de\/wp-json\/wp\/v2\/product\/55420","targetHints":{"allow":["GET"]}}],"collection":[{"href":"https:\/\/www.audacieuse-galerie.ch\/de\/wp-json\/wp\/v2\/product"}],"about":[{"href":"https:\/\/www.audacieuse-galerie.ch\/de\/wp-json\/wp\/v2\/types\/product"}],"replies":[{"embeddable":true,"href":"https:\/\/www.audacieuse-galerie.ch\/de\/wp-json\/wp\/v2\/comments?post=55420"}],"version-history":[{"count":1,"href":"https:\/\/www.audacieuse-galerie.ch\/de\/wp-json\/wp\/v2\/product\/55420\/revisions"}],"predecessor-version":[{"id":154407,"href":"https:\/\/www.audacieuse-galerie.ch\/de\/wp-json\/wp\/v2\/product\/55420\/revisions\/154407"}],"wp:featuredmedia":[{"embeddable":true,"href":"https:\/\/www.audacieuse-galerie.ch\/de\/wp-json\/wp\/v2\/media\/55415"}],"wp:attachment":[{"href":"https:\/\/www.audacieuse-galerie.ch\/de\/wp-json\/wp\/v2\/media?parent=55420"}],"wp:term":[{"taxonomy":"product_brand","embeddable":true,"href":"https:\/\/www.audacieuse-galerie.ch\/de\/wp-json\/wp\/v2\/product_brand?post=55420"},{"taxonomy":"product_cat","embeddable":true,"href":"https:\/\/www.audacieuse-galerie.ch\/de\/wp-json\/wp\/v2\/product_cat?post=55420"},{"taxonomy":"product_tag","embeddable":true,"href":"https:\/\/www.audacieuse-galerie.ch\/de\/wp-json\/wp\/v2\/product_tag?post=55420"}],"curies":[{"name":"wp","href":"https:\/\/api.w.org\/{rel}","templated":true}]}}