{"id":55566,"date":"2025-03-07T21:04:00","date_gmt":"2025-03-07T20:04:00","guid":{"rendered":"https:\/\/woo.audacieuse-galerie.ch\/?post_type=product&#038;p=55566"},"modified":"2025-06-07T15:34:39","modified_gmt":"2025-06-07T13:34:39","slug":"druck-von-architekturplaenen-und-grossen-dokumenten-a3-a2-a1-a0-bis-zu-44-zoll-111cm","status":"publish","type":"product","link":"https:\/\/www.audacieuse-galerie.ch\/de\/produit\/druck-von-architekturplaenen-und-grossen-dokumenten-a3-a2-a1-a0-bis-zu-44-zoll-111cm\/","title":{"rendered":"Drucken von Architektenpl\u00e4nen und gro\u00dfen Dokumenten A3, A2, A1, A0 bis zu 36 Zoll \u2013 92 cm Breite"},"content":{"rendered":"<p><strong>Architekten- und Gro\u00dfformatdruckservice<\/strong><\/p>\n<p>Wir bieten Ihnen einen hochwertigen Druckservice f\u00fcr Ihre Architektenpl\u00e4ne und gro\u00dfe technische Dokumente, in den Formaten A3, A2, A1 und A0, bis zu <strong>36 Zoll (92 cm) Breite<\/strong>.<\/p>\n<p><strong>Unterst\u00fctzte Formate<\/strong> : A3, A2, A1, A0 und benutzerdefinierte Formate bis zu einer Breite von 92 cm.<br \/>\n<strong>Hochaufl\u00f6sender Druck<\/strong> : Pr\u00e4zision und Sch\u00e4rfe f\u00fcr Ihre technischen, architektonischen und industriellen Pl\u00e4ne.<br \/>\n<strong>Schneller Service<\/strong> : Expressdruck f\u00fcr Ihre dringenden Anforderungen verf\u00fcgbar.<\/p>\n<p>Vertrauen Sie uns Ihre gro\u00dfformatigen Drucke f\u00fcr eine professionelle und detaillierte Wiedergabe an!<\/p>\n","protected":false},"excerpt":{"rendered":"<p>Druckservice zum besten Preis und so schnell wie m\u00f6glich von den Pl\u00e4nen Ihres Architekten<\/p>\n","protected":false},"featured_media":55550,"comment_status":"open","ping_status":"closed","template":"","meta":{"_glsr_average":0,"_glsr_ranking":0,"_glsr_reviews":0,"jetpack_publicize_message":"","jetpack_publicize_feature_enabled":true,"jetpack_social_post_already_shared":false,"jetpack_social_options":{"image_generator_settings":{"template":"highway","default_image_id":0,"font":"","enabled":false},"version":2}},"product_brand":[],"product_cat":[276],"product_tag":[],"class_list":{"0":"post-55566","1":"product","2":"type-product","3":"status-publish","4":"has-post-thumbnail","6":"product_cat-technische-und-kunstfotografie-druckdienstleistungen","7":"pa_formatpapier-a0841mmx1189mm-de","8":"pa_formatpapier-a1594mmx841mm-de","9":"pa_formatpapier-a2420mmx594mm-de","10":"pa_formatpapier-a3297mmx420mm-de","12":"first","13":"instock","14":"taxable","15":"shipping-taxable","16":"purchasable","17":"product-type-variable","18":"has-default-attributes"},"yoast_head":"<!-- This site is optimized with the Yoast SEO plugin v27.4 - https:\/\/yoast.com\/product\/yoast-seo-wordpress\/ -->\n<title>Drucken von Architektenpl\u00e4nen und gro\u00dfen Dokumenten A3, A2, A1, A0 bis zu 36 Zoll - 92 cm Breite - Audacieuse-Galerie<\/title>\n<meta name=\"description\" content=\"Drucken von Architektenpl\u00e4nen und gro\u00dfen Dokumenten A3, A2, A1, A0 bis zu 36 Zoll - 92 cm Breite - Audacieuse-Galerie\" \/>\n<meta name=\"robots\" content=\"index, follow, max-snippet:-1, max-image-preview:large, max-video-preview:-1\" \/>\n<link rel=\"canonical\" href=\"https:\/\/www.audacieuse-galerie.ch\/de\/produit\/druck-von-architekturplaenen-und-grossen-dokumenten-a3-a2-a1-a0-bis-zu-44-zoll-111cm\/\" \/>\n<meta property=\"og:locale\" content=\"de_DE\" \/>\n<meta property=\"og:type\" content=\"article\" \/>\n<meta property=\"og:title\" content=\"Drucken von Architektenpl\u00e4nen und gro\u00dfen Dokumenten A3, A2, A1, A0 bis zu 36 Zoll - 92 cm Breite - Audacieuse-Galerie\" \/>\n<meta property=\"og:description\" content=\"Drucken von Architektenpl\u00e4nen und gro\u00dfen Dokumenten A3, A2, A1, A0 bis zu 36 Zoll - 92 cm Breite - Audacieuse-Galerie\" \/>\n<meta property=\"og:url\" content=\"https:\/\/www.audacieuse-galerie.ch\/de\/produit\/druck-von-architekturplaenen-und-grossen-dokumenten-a3-a2-a1-a0-bis-zu-44-zoll-111cm\/\" \/>\n<meta property=\"og:site_name\" content=\"Audacieuse-Galerie\" \/>\n<meta property=\"article:publisher\" content=\"https:\/\/www.facebook.com\/audacieuse.galerie\" \/>\n<meta property=\"article:modified_time\" content=\"2025-06-07T13:34:39+00:00\" \/>\n<meta property=\"og:image\" content=\"https:\/\/www.audacieuse-galerie.ch\/wp-content\/uploads\/2020\/08\/779-Impression-de-plans-darchitecte-et-de-grands-documents-A3-A2-A1-A0-jusqua-44-pouces-111cm.jpg\" \/>\n\t<meta property=\"og:image:width\" content=\"837\" \/>\n\t<meta property=\"og:image:height\" content=\"837\" \/>\n\t<meta property=\"og:image:type\" content=\"image\/jpeg\" \/>\n<meta name=\"twitter:card\" content=\"summary_large_image\" \/>\n<script type=\"application\/ld+json\" class=\"yoast-schema-graph\">{\"@context\":\"https:\\\/\\\/schema.org\",\"@graph\":[{\"@type\":\"ImageObject\",\"inLanguage\":\"de\",\"@id\":\"https:\\\/\\\/www.audacieuse-galerie.ch\\\/de\\\/produit\\\/druck-von-architekturplaenen-und-grossen-dokumenten-a3-a2-a1-a0-bis-zu-44-zoll-111cm\\\/#primaryimage\",\"url\":\"https:\\\/\\\/www.audacieuse-galerie.ch\\\/wp-content\\\/uploads\\\/2020\\\/08\\\/779-Impression-de-plans-darchitecte-et-de-grands-documents-A3-A2-A1-A0-jusqua-44-pouces-111cm.jpg\",\"contentUrl\":\"https:\\\/\\\/www.audacieuse-galerie.ch\\\/wp-content\\\/uploads\\\/2020\\\/08\\\/779-Impression-de-plans-darchitecte-et-de-grands-documents-A3-A2-A1-A0-jusqua-44-pouces-111cm.jpg\",\"width\":837,\"height\":837,\"caption\":\"Drucken von Architektenpl\u00e4nen und gro\u00dfen Dokumenten A3, A2, A1, A0 bis zu 44 Zoll - 111 cm\"}]}<\/script>\n<!-- \/ Yoast SEO plugin. -->","yoast_head_json":{"title":"Drucken von Architektenpl\u00e4nen und gro\u00dfen Dokumenten A3, A2, A1, A0 bis zu 36 Zoll - 92 cm Breite - Audacieuse-Galerie","description":"Drucken von Architektenpl\u00e4nen und gro\u00dfen Dokumenten A3, A2, A1, A0 bis zu 36 Zoll - 92 cm Breite - Audacieuse-Galerie","robots":{"index":"index","follow":"follow","max-snippet":"max-snippet:-1","max-image-preview":"max-image-preview:large","max-video-preview":"max-video-preview:-1"},"canonical":"https:\/\/www.audacieuse-galerie.ch\/de\/produit\/druck-von-architekturplaenen-und-grossen-dokumenten-a3-a2-a1-a0-bis-zu-44-zoll-111cm\/","og_locale":"de_DE","og_type":"article","og_title":"Drucken von Architektenpl\u00e4nen und gro\u00dfen Dokumenten A3, A2, A1, A0 bis zu 36 Zoll - 92 cm Breite - Audacieuse-Galerie","og_description":"Drucken von Architektenpl\u00e4nen und gro\u00dfen Dokumenten A3, A2, A1, A0 bis zu 36 Zoll - 92 cm Breite - Audacieuse-Galerie","og_url":"https:\/\/www.audacieuse-galerie.ch\/de\/produit\/druck-von-architekturplaenen-und-grossen-dokumenten-a3-a2-a1-a0-bis-zu-44-zoll-111cm\/","og_site_name":"Audacieuse-Galerie","article_publisher":"https:\/\/www.facebook.com\/audacieuse.galerie","article_modified_time":"2025-06-07T13:34:39+00:00","og_image":[{"width":837,"height":837,"url":"https:\/\/www.audacieuse-galerie.ch\/wp-content\/uploads\/2020\/08\/779-Impression-de-plans-darchitecte-et-de-grands-documents-A3-A2-A1-A0-jusqua-44-pouces-111cm.jpg","type":"image\/jpeg"}],"twitter_card":"summary_large_image","schema":{"@context":"https:\/\/schema.org","@graph":[{"@type":"ImageObject","inLanguage":"de","@id":"https:\/\/www.audacieuse-galerie.ch\/de\/produit\/druck-von-architekturplaenen-und-grossen-dokumenten-a3-a2-a1-a0-bis-zu-44-zoll-111cm\/#primaryimage","url":"https:\/\/www.audacieuse-galerie.ch\/wp-content\/uploads\/2020\/08\/779-Impression-de-plans-darchitecte-et-de-grands-documents-A3-A2-A1-A0-jusqua-44-pouces-111cm.jpg","contentUrl":"https:\/\/www.audacieuse-galerie.ch\/wp-content\/uploads\/2020\/08\/779-Impression-de-plans-darchitecte-et-de-grands-documents-A3-A2-A1-A0-jusqua-44-pouces-111cm.jpg","width":837,"height":837,"caption":"Drucken von Architektenpl\u00e4nen und gro\u00dfen Dokumenten A3, A2, A1, A0 bis zu 44 Zoll - 111 cm"}]}},"jetpack_publicize_connections":[],"_links":{"self":[{"href":"https:\/\/www.audacieuse-galerie.ch\/de\/wp-json\/wp\/v2\/product\/55566","targetHints":{"allow":["GET"]}}],"collection":[{"href":"https:\/\/www.audacieuse-galerie.ch\/de\/wp-json\/wp\/v2\/product"}],"about":[{"href":"https:\/\/www.audacieuse-galerie.ch\/de\/wp-json\/wp\/v2\/types\/product"}],"replies":[{"embeddable":true,"href":"https:\/\/www.audacieuse-galerie.ch\/de\/wp-json\/wp\/v2\/comments?post=55566"}],"version-history":[{"count":0,"href":"https:\/\/www.audacieuse-galerie.ch\/de\/wp-json\/wp\/v2\/product\/55566\/revisions"}],"wp:featuredmedia":[{"embeddable":true,"href":"https:\/\/www.audacieuse-galerie.ch\/de\/wp-json\/wp\/v2\/media\/55550"}],"wp:attachment":[{"href":"https:\/\/www.audacieuse-galerie.ch\/de\/wp-json\/wp\/v2\/media?parent=55566"}],"wp:term":[{"taxonomy":"product_brand","embeddable":true,"href":"https:\/\/www.audacieuse-galerie.ch\/de\/wp-json\/wp\/v2\/product_brand?post=55566"},{"taxonomy":"product_cat","embeddable":true,"href":"https:\/\/www.audacieuse-galerie.ch\/de\/wp-json\/wp\/v2\/product_cat?post=55566"},{"taxonomy":"product_tag","embeddable":true,"href":"https:\/\/www.audacieuse-galerie.ch\/de\/wp-json\/wp\/v2\/product_tag?post=55566"}],"curies":[{"name":"wp","href":"https:\/\/api.w.org\/{rel}","templated":true}]}}