{"id":55792,"date":"2020-10-28T13:45:36","date_gmt":"2020-10-28T12:45:36","guid":{"rendered":"https:\/\/woo.audacieuse-galerie.ch\/produit\/kurse-fuer-studiofotografie-ausruestung-aufstellungen-dreharbeiten\/"},"modified":"2026-04-03T23:15:05","modified_gmt":"2026-04-03T21:15:05","slug":"kurse-fuer-studiofotografie-ausruestung-aufstellungen-dreharbeiten","status":"publish","type":"product","link":"https:\/\/www.audacieuse-galerie.ch\/de\/produit\/kurse-fuer-studiofotografie-ausruestung-aufstellungen-dreharbeiten\/","title":{"rendered":"Kurs f\u00fcr Studiofotografie. Ausr\u00fcstung, Setups, Aufnahmen"},"content":{"rendered":"<p>Entdecken Sie m\u00fchelos Studioausr\u00fcstung, Studioblitze, Lichtformer, Perspektive und Komposition, High- oder Low-Key, Wei\u00dfabgleich und Studioblende. Ihre ersten Setups, f\u00fcr Mode, Portr\u00e4ts. Dieser Kurs wird ausschlie\u00dflich auf Franz\u00f6sisch angeboten.<\/p>\n<h2>Studio-Ausstattung.<\/h2>\n<p>In dieser ersten Stunde k\u00f6nnen Sie die Ausstattung, die Auswahl der Diffusoren und die verschiedenen Einstellungen entdecken.<\/p>\n<ul>\n<li>Blitze, Generatoren und K\u00f6pfe.<\/li>\n<li>Die verschiedenen Modellierer, Octobox, Stripbox.<\/li>\n<li>Die Sch\u00fcsseln, die Snoots, die Zusatzbeleuchtung.<\/li>\n<\/ul>\n<p>Diese erste Stunde, die im Wesentlichen technisch war, wurde ohne Modell durchgef\u00fchrt. In den folgenden Optionen k\u00f6nnen Sie w\u00e4hlen, ob Sie nur diese erste Stunde buchen oder ein Foto mit einem Model bevorzugen m\u00f6chten.<\/p>\n<h2>Licht im Detail mit einem Modell.<\/h2>\n<p>Die n\u00e4chsten zwei Stunden bieten eine praktische Anwendung mit einem Modell. W\u00e4hlen Sie die Option unten mit Vorlage aus, um sie zu nutzen.<\/p>\n<ul>\n<li>Wie man ein Model steuert und es bei der Auswahl unserer Fotos anleitet.<\/li>\n<li>Rendering, H\u00e4rte, Kontrast, Schatten, Hot Spots.<\/li>\n<li>Richtung und Rendering in der Dusche, an den R\u00e4ndern, vertikal.<\/li>\n<li>Butterflight-Beleuchtung, Loop-Beleuchtung, Rembrandt, Split-Beleuchtung.<\/li>\n<li>Brennweite und Entfernung.<\/li>\n<li>Emotion durch Schatten, Streuung, H\u00e4rte oder Weichheit der Beleuchtung.<\/li>\n<li>Wahrnehmung und mentale Repr\u00e4sentation.<\/li>\n<\/ul>\n<h2>Wie bucht man seinen Kurs?<\/h2>\n<p>W\u00e4hlen Sie Ihren Kurs und legen Sie ihn einfach in Ihren Warenkorb. Anschlie\u00dfend setzen Sie den Bestellprozess wie bei jedem Online-Kauf fort. <\/p>\n<p>W\u00e4hrend der Validierung geben Sie in der Form eine maximale Verf\u00fcgbarkeit an. Diese Informationen erm\u00f6glichen es uns, Ihre Sitzung unter den besten Bedingungen zu organisieren. <\/p>\n<p>Nach Erhalt Ihrer Reservierung kontaktieren wir die Modelle und koordinieren die Tagesordnungen, um Ihren ma\u00dfgeschneiderten Kurs zu gestalten. Wir melden uns dann schnell bei Ihnen, um ein endg\u00fcltiges Datum zu best\u00e4tigen. <\/p>\n","protected":false},"excerpt":{"rendered":"<p>Entdecken Sie m\u00fchelos Studioausr\u00fcstung, Studioblitze, Lichtformer, Perspektive und Komposition, High- oder Low-Key, Wei\u00dfabgleich und Studioblende. Ihre ersten Setups, f\u00fcr Mode, Portr\u00e4ts.<\/p>\n","protected":false},"featured_media":55785,"comment_status":"open","ping_status":"closed","template":"","meta":{"_glsr_average":0,"_glsr_ranking":0,"_glsr_reviews":0,"jetpack_publicize_message":"","jetpack_publicize_feature_enabled":true,"jetpack_social_post_already_shared":true,"jetpack_social_options":{"image_generator_settings":{"template":"highway","default_image_id":0,"font":"","enabled":false},"version":2}},"product_brand":[],"product_cat":[36,180],"product_tag":[],"class_list":{"0":"post-55792","1":"product","2":"type-product","3":"status-publish","4":"has-post-thumbnail","6":"product_cat-ihr-fotograf-aus-carouge-neben-genf-fuer-private-und-firma","7":"product_cat-ihr-fotokurs-in-carouge-ge","8":"pa_avecousansmodelechoisissez-0b-1stundeausschliesslichtec-de","9":"pa_avecousansmodelechoisissez-ae-1htechnikkurs2hfotografie-de","10":"pa_nombredestagiaires-1auszubildende-de","11":"pa_nombredheuresdeformation-1stunde-de","12":"pa_nombredheuresdeformation-3stunden-de","14":"first","15":"instock","16":"sale","17":"taxable","18":"shipping-taxable","19":"purchasable","20":"product-type-variable","21":"has-default-attributes"},"yoast_head":"<!-- This site is optimized with the Yoast SEO plugin v27.4 - https:\/\/yoast.com\/product\/yoast-seo-wordpress\/ -->\n<title>Kurs f\u00fcr Studiofotografie. Ausr\u00fcstung, Setups, Aufnahmen - Audacieuse-Galerie<\/title>\n<meta name=\"description\" content=\"Lernen Sie Studiofotografie mit unseren praxisnahen Kursen: Meistern Sie die Ausr\u00fcstung, die Beleuchtung und fotografieren Sie, um professionelle Bilder zu schaffen.\" \/>\n<meta name=\"robots\" content=\"index, follow, max-snippet:-1, max-image-preview:large, max-video-preview:-1\" \/>\n<link rel=\"canonical\" href=\"https:\/\/www.audacieuse-galerie.ch\/de\/produit\/kurse-fuer-studiofotografie-ausruestung-aufstellungen-dreharbeiten\/\" \/>\n<meta property=\"og:locale\" content=\"de_DE\" \/>\n<meta property=\"og:type\" content=\"article\" \/>\n<meta property=\"og:title\" content=\"Kurs f\u00fcr Studiofotografie. Ausr\u00fcstung, Setups, Aufnahmen - Audacieuse-Galerie\" \/>\n<meta property=\"og:description\" content=\"Lernen Sie Studiofotografie mit unseren praxisnahen Kursen: Meistern Sie die Ausr\u00fcstung, die Beleuchtung und fotografieren Sie, um professionelle Bilder zu schaffen.\" \/>\n<meta property=\"og:url\" content=\"https:\/\/www.audacieuse-galerie.ch\/de\/produit\/kurse-fuer-studiofotografie-ausruestung-aufstellungen-dreharbeiten\/\" \/>\n<meta property=\"og:site_name\" content=\"Audacieuse-Galerie\" \/>\n<meta property=\"article:publisher\" content=\"https:\/\/www.facebook.com\/audacieuse.galerie\" \/>\n<meta property=\"article:modified_time\" content=\"2026-04-03T21:15:05+00:00\" \/>\n<meta property=\"og:image\" content=\"https:\/\/www.audacieuse-galerie.ch\/wp-content\/uploads\/2020\/10\/1145-Cours-de-photographie-en-studio.-Materiel-setups-prise-de-vue.jpg\" \/>\n\t<meta property=\"og:image:width\" content=\"1000\" \/>\n\t<meta property=\"og:image:height\" content=\"1000\" \/>\n\t<meta property=\"og:image:type\" content=\"image\/jpeg\" \/>\n<meta name=\"twitter:card\" content=\"summary_large_image\" \/>\n<meta name=\"twitter:label1\" content=\"Gesch\u00e4tzte Lesezeit\" \/>\n\t<meta name=\"twitter:data1\" content=\"1 Minute\" \/>\n<script type=\"application\/ld+json\" class=\"yoast-schema-graph\">{\"@context\":\"https:\\\/\\\/schema.org\",\"@graph\":[{\"@type\":\"ImageObject\",\"inLanguage\":\"de\",\"@id\":\"https:\\\/\\\/www.audacieuse-galerie.ch\\\/de\\\/produit\\\/kurse-fuer-studiofotografie-ausruestung-aufstellungen-dreharbeiten\\\/#primaryimage\",\"url\":\"https:\\\/\\\/www.audacieuse-galerie.ch\\\/wp-content\\\/uploads\\\/2020\\\/10\\\/1145-Cours-de-photographie-en-studio.-Materiel-setups-prise-de-vue.jpg\",\"contentUrl\":\"https:\\\/\\\/www.audacieuse-galerie.ch\\\/wp-content\\\/uploads\\\/2020\\\/10\\\/1145-Cours-de-photographie-en-studio.-Materiel-setups-prise-de-vue.jpg\",\"width\":1000,\"height\":1000,\"caption\":\"Kurs f\u00fcr Studiofotografie. Ausr\u00fcstung, Setups, Aufnahmen\"}]}<\/script>\n<!-- \/ Yoast SEO plugin. -->","yoast_head_json":{"title":"Kurs f\u00fcr Studiofotografie. Ausr\u00fcstung, Setups, Aufnahmen - Audacieuse-Galerie","description":"Lernen Sie Studiofotografie mit unseren praxisnahen Kursen: Meistern Sie die Ausr\u00fcstung, die Beleuchtung und fotografieren Sie, um professionelle Bilder zu schaffen.","robots":{"index":"index","follow":"follow","max-snippet":"max-snippet:-1","max-image-preview":"max-image-preview:large","max-video-preview":"max-video-preview:-1"},"canonical":"https:\/\/www.audacieuse-galerie.ch\/de\/produit\/kurse-fuer-studiofotografie-ausruestung-aufstellungen-dreharbeiten\/","og_locale":"de_DE","og_type":"article","og_title":"Kurs f\u00fcr Studiofotografie. Ausr\u00fcstung, Setups, Aufnahmen - Audacieuse-Galerie","og_description":"Lernen Sie Studiofotografie mit unseren praxisnahen Kursen: Meistern Sie die Ausr\u00fcstung, die Beleuchtung und fotografieren Sie, um professionelle Bilder zu schaffen.","og_url":"https:\/\/www.audacieuse-galerie.ch\/de\/produit\/kurse-fuer-studiofotografie-ausruestung-aufstellungen-dreharbeiten\/","og_site_name":"Audacieuse-Galerie","article_publisher":"https:\/\/www.facebook.com\/audacieuse.galerie","article_modified_time":"2026-04-03T21:15:05+00:00","og_image":[{"width":1000,"height":1000,"url":"https:\/\/www.audacieuse-galerie.ch\/wp-content\/uploads\/2020\/10\/1145-Cours-de-photographie-en-studio.-Materiel-setups-prise-de-vue.jpg","type":"image\/jpeg"}],"twitter_card":"summary_large_image","twitter_misc":{"Gesch\u00e4tzte Lesezeit":"1 Minute"},"schema":{"@context":"https:\/\/schema.org","@graph":[{"@type":"ImageObject","inLanguage":"de","@id":"https:\/\/www.audacieuse-galerie.ch\/de\/produit\/kurse-fuer-studiofotografie-ausruestung-aufstellungen-dreharbeiten\/#primaryimage","url":"https:\/\/www.audacieuse-galerie.ch\/wp-content\/uploads\/2020\/10\/1145-Cours-de-photographie-en-studio.-Materiel-setups-prise-de-vue.jpg","contentUrl":"https:\/\/www.audacieuse-galerie.ch\/wp-content\/uploads\/2020\/10\/1145-Cours-de-photographie-en-studio.-Materiel-setups-prise-de-vue.jpg","width":1000,"height":1000,"caption":"Kurs f\u00fcr Studiofotografie. Ausr\u00fcstung, Setups, Aufnahmen"}]}},"jetpack_publicize_connections":[],"_links":{"self":[{"href":"https:\/\/www.audacieuse-galerie.ch\/de\/wp-json\/wp\/v2\/product\/55792","targetHints":{"allow":["GET"]}}],"collection":[{"href":"https:\/\/www.audacieuse-galerie.ch\/de\/wp-json\/wp\/v2\/product"}],"about":[{"href":"https:\/\/www.audacieuse-galerie.ch\/de\/wp-json\/wp\/v2\/types\/product"}],"replies":[{"embeddable":true,"href":"https:\/\/www.audacieuse-galerie.ch\/de\/wp-json\/wp\/v2\/comments?post=55792"}],"version-history":[{"count":0,"href":"https:\/\/www.audacieuse-galerie.ch\/de\/wp-json\/wp\/v2\/product\/55792\/revisions"}],"wp:featuredmedia":[{"embeddable":true,"href":"https:\/\/www.audacieuse-galerie.ch\/de\/wp-json\/wp\/v2\/media\/55785"}],"wp:attachment":[{"href":"https:\/\/www.audacieuse-galerie.ch\/de\/wp-json\/wp\/v2\/media?parent=55792"}],"wp:term":[{"taxonomy":"product_brand","embeddable":true,"href":"https:\/\/www.audacieuse-galerie.ch\/de\/wp-json\/wp\/v2\/product_brand?post=55792"},{"taxonomy":"product_cat","embeddable":true,"href":"https:\/\/www.audacieuse-galerie.ch\/de\/wp-json\/wp\/v2\/product_cat?post=55792"},{"taxonomy":"product_tag","embeddable":true,"href":"https:\/\/www.audacieuse-galerie.ch\/de\/wp-json\/wp\/v2\/product_tag?post=55792"}],"curies":[{"name":"wp","href":"https:\/\/api.w.org\/{rel}","templated":true}]}}