{"id":56581,"date":"2020-11-22T15:24:54","date_gmt":"2020-11-22T14:24:54","guid":{"rendered":"https:\/\/woo.audacieuse-galerie.ch\/produit\/15-minuten-freie-studiozeit-versuchen-sie-es\/"},"modified":"2025-06-07T15:41:50","modified_gmt":"2025-06-07T13:41:50","slug":"15-minuten-freie-studiozeit-versuchen-sie-es","status":"publish","type":"product","link":"https:\/\/www.audacieuse-galerie.ch\/de\/produit\/15-minuten-freie-studiozeit-versuchen-sie-es\/","title":{"rendered":"15 Minuten Studiofotografie werden angeboten. Versuchen!"},"content":{"rendered":"<h2>Komm und posiere im Studio.<\/h2>\n<p>Der Fotograf bietet Ihnen 15 Minuten gratis f\u00fcr jeden Einkauf von mindestens 50CHF in unserem Shop oder auf unserer Website an. Sie erhalten Ihre trillierten Fotos in unserer privaten Cloud. Das Angebot gilt nur einmal pro Person.  <\/p>\n<h2>Wie man sich fotografieren l\u00e4sst<\/h2>\n<ol>\n<li>Buchen Sie eine Dienstleistung oder kaufen Sie ein beliebiges Produkt f\u00fcr 50,- kumulativ, erstellen Sie ein Konto und best\u00e4tigen Sie Ihre Bestellung. Die 15 Freiminuten werden automatisch in Ihren Warenkorb gelegt. <\/li>\n<li>Dann vereinbaren Sie einen Termin unter 022.556.52.53 oder in unserem Gesch\u00e4ft Rue Ancienne 50 in Carouge, GE.<\/li>\n<li>Kommen Sie f\u00fcr Ihren Termin ins Studio Rue Ancienne 50 in Carouge, GE.<\/li>\n<li>Sie erhalten Ihre Zugangsdaten f\u00fcr unsere Cloud, um Ihre Fotos hochzuladen.<\/li>\n<li>Nutzen Sie als optionale Erg\u00e4nzung und zu einem sehr guten Preis unsere Erfahrung als Fotodrucker: Au\u00dfergew\u00f6hnlicher Druck, einzigartiges Buch, sch\u00f6ne Rahmen, f\u00fcr ein einzigartiges Souvenir.<\/li>\n<\/ol>\n<h2>Bis bald.<\/h2>\n","protected":false},"excerpt":{"rendered":"<p>Kommen Sie und posieren Sie im Studio. Der Fotograf bietet Ihnen 15 Minuten kostenlos f\u00fcr jeden Einkauf von 50 oder mehr St\u00fcck, in unserem Shop oder auf unserer Website. <\/p>\n","protected":false},"featured_media":56579,"comment_status":"open","ping_status":"closed","template":"","meta":{"_glsr_average":0,"_glsr_ranking":0,"_glsr_reviews":0,"jetpack_publicize_message":"","jetpack_publicize_feature_enabled":true,"jetpack_social_post_already_shared":true,"jetpack_social_options":{"image_generator_settings":{"template":"highway","default_image_id":0,"font":"","enabled":false},"version":2}},"product_brand":[],"product_cat":[93],"product_tag":[],"class_list":{"0":"post-56581","1":"product","2":"type-product","3":"status-publish","4":"has-post-thumbnail","6":"product_cat-fotostudio-in-carouge-genf","7":"pa_qualitedesphotos-42mopixelsvollbild-de","8":"pa_qualitedesphotos-qualitatsoptik-de","10":"first","11":"instock","12":"virtual","13":"taxable","14":"purchasable","15":"product-type-simple"},"yoast_head":"<!-- This site is optimized with the Yoast SEO plugin v27.4 - https:\/\/yoast.com\/product\/yoast-seo-wordpress\/ -->\n<title>15 Minuten Studiofotografie werden angeboten. Versuchen! - Audacieuse-Galerie<\/title>\n<meta name=\"description\" content=\"15 Minuten Studiofotografie werden angeboten. Versuchen! - Audacieuse-Galerie\" \/>\n<meta name=\"robots\" content=\"index, follow, max-snippet:-1, max-image-preview:large, max-video-preview:-1\" \/>\n<link rel=\"canonical\" href=\"https:\/\/www.audacieuse-galerie.ch\/de\/produit\/15-minuten-freie-studiozeit-versuchen-sie-es\/\" \/>\n<meta property=\"og:locale\" content=\"de_DE\" \/>\n<meta property=\"og:type\" content=\"article\" \/>\n<meta property=\"og:title\" content=\"15 Minuten Studiofotografie werden angeboten. Versuchen! - Audacieuse-Galerie\" \/>\n<meta property=\"og:description\" content=\"15 Minuten Studiofotografie werden angeboten. Versuchen! - Audacieuse-Galerie\" \/>\n<meta property=\"og:url\" content=\"https:\/\/www.audacieuse-galerie.ch\/de\/produit\/15-minuten-freie-studiozeit-versuchen-sie-es\/\" \/>\n<meta property=\"og:site_name\" content=\"Audacieuse-Galerie\" \/>\n<meta property=\"article:publisher\" content=\"https:\/\/www.facebook.com\/audacieuse.galerie\" \/>\n<meta property=\"article:modified_time\" content=\"2025-06-07T13:41:50+00:00\" \/>\n<meta property=\"og:image\" content=\"https:\/\/www.audacieuse-galerie.ch\/wp-content\/uploads\/2020\/11\/1018-15-minutes-de-photos-en-studio-offertes.-Essayez.jpg\" \/>\n\t<meta property=\"og:image:width\" content=\"1000\" \/>\n\t<meta property=\"og:image:height\" content=\"1000\" \/>\n\t<meta property=\"og:image:type\" content=\"image\/jpeg\" \/>\n<meta name=\"twitter:card\" content=\"summary_large_image\" \/>\n<meta name=\"twitter:label1\" content=\"Gesch\u00e4tzte Lesezeit\" \/>\n\t<meta name=\"twitter:data1\" content=\"1 Minute\" \/>\n<script type=\"application\/ld+json\" class=\"yoast-schema-graph\">{\"@context\":\"https:\\\/\\\/schema.org\",\"@graph\":[{\"@type\":\"ImageObject\",\"inLanguage\":\"de\",\"@id\":\"https:\\\/\\\/www.audacieuse-galerie.ch\\\/de\\\/produit\\\/15-minuten-freie-studiozeit-versuchen-sie-es\\\/#primaryimage\",\"url\":\"https:\\\/\\\/www.audacieuse-galerie.ch\\\/wp-content\\\/uploads\\\/2020\\\/11\\\/1018-15-minutes-de-photos-en-studio-offertes.-Essayez.jpg\",\"contentUrl\":\"https:\\\/\\\/www.audacieuse-galerie.ch\\\/wp-content\\\/uploads\\\/2020\\\/11\\\/1018-15-minutes-de-photos-en-studio-offertes.-Essayez.jpg\",\"width\":1000,\"height\":1000,\"caption\":\"15 Minuten kostenlose Studiofotos. Versuchen!\"}]}<\/script>\n<!-- \/ Yoast SEO plugin. -->","yoast_head_json":{"title":"15 Minuten Studiofotografie werden angeboten. Versuchen! - Audacieuse-Galerie","description":"15 Minuten Studiofotografie werden angeboten. Versuchen! - Audacieuse-Galerie","robots":{"index":"index","follow":"follow","max-snippet":"max-snippet:-1","max-image-preview":"max-image-preview:large","max-video-preview":"max-video-preview:-1"},"canonical":"https:\/\/www.audacieuse-galerie.ch\/de\/produit\/15-minuten-freie-studiozeit-versuchen-sie-es\/","og_locale":"de_DE","og_type":"article","og_title":"15 Minuten Studiofotografie werden angeboten. Versuchen! - Audacieuse-Galerie","og_description":"15 Minuten Studiofotografie werden angeboten. Versuchen! - Audacieuse-Galerie","og_url":"https:\/\/www.audacieuse-galerie.ch\/de\/produit\/15-minuten-freie-studiozeit-versuchen-sie-es\/","og_site_name":"Audacieuse-Galerie","article_publisher":"https:\/\/www.facebook.com\/audacieuse.galerie","article_modified_time":"2025-06-07T13:41:50+00:00","og_image":[{"width":1000,"height":1000,"url":"https:\/\/www.audacieuse-galerie.ch\/wp-content\/uploads\/2020\/11\/1018-15-minutes-de-photos-en-studio-offertes.-Essayez.jpg","type":"image\/jpeg"}],"twitter_card":"summary_large_image","twitter_misc":{"Gesch\u00e4tzte Lesezeit":"1 Minute"},"schema":{"@context":"https:\/\/schema.org","@graph":[{"@type":"ImageObject","inLanguage":"de","@id":"https:\/\/www.audacieuse-galerie.ch\/de\/produit\/15-minuten-freie-studiozeit-versuchen-sie-es\/#primaryimage","url":"https:\/\/www.audacieuse-galerie.ch\/wp-content\/uploads\/2020\/11\/1018-15-minutes-de-photos-en-studio-offertes.-Essayez.jpg","contentUrl":"https:\/\/www.audacieuse-galerie.ch\/wp-content\/uploads\/2020\/11\/1018-15-minutes-de-photos-en-studio-offertes.-Essayez.jpg","width":1000,"height":1000,"caption":"15 Minuten kostenlose Studiofotos. Versuchen!"}]}},"jetpack_publicize_connections":[],"_links":{"self":[{"href":"https:\/\/www.audacieuse-galerie.ch\/de\/wp-json\/wp\/v2\/product\/56581","targetHints":{"allow":["GET"]}}],"collection":[{"href":"https:\/\/www.audacieuse-galerie.ch\/de\/wp-json\/wp\/v2\/product"}],"about":[{"href":"https:\/\/www.audacieuse-galerie.ch\/de\/wp-json\/wp\/v2\/types\/product"}],"replies":[{"embeddable":true,"href":"https:\/\/www.audacieuse-galerie.ch\/de\/wp-json\/wp\/v2\/comments?post=56581"}],"version-history":[{"count":0,"href":"https:\/\/www.audacieuse-galerie.ch\/de\/wp-json\/wp\/v2\/product\/56581\/revisions"}],"wp:featuredmedia":[{"embeddable":true,"href":"https:\/\/www.audacieuse-galerie.ch\/de\/wp-json\/wp\/v2\/media\/56579"}],"wp:attachment":[{"href":"https:\/\/www.audacieuse-galerie.ch\/de\/wp-json\/wp\/v2\/media?parent=56581"}],"wp:term":[{"taxonomy":"product_brand","embeddable":true,"href":"https:\/\/www.audacieuse-galerie.ch\/de\/wp-json\/wp\/v2\/product_brand?post=56581"},{"taxonomy":"product_cat","embeddable":true,"href":"https:\/\/www.audacieuse-galerie.ch\/de\/wp-json\/wp\/v2\/product_cat?post=56581"},{"taxonomy":"product_tag","embeddable":true,"href":"https:\/\/www.audacieuse-galerie.ch\/de\/wp-json\/wp\/v2\/product_tag?post=56581"}],"curies":[{"name":"wp","href":"https:\/\/api.w.org\/{rel}","templated":true}]}}