{"id":56696,"date":"2020-12-16T15:05:54","date_gmt":"2020-12-16T14:05:54","guid":{"rendered":"https:\/\/woo.audacieuse-galerie.ch\/produit\/collier-en-cuir-rouge-et-pendentif-arbre-du-temps-reversible-argent-cisele-et-ferloir-art-deco-2\/"},"modified":"2025-12-08T10:40:20","modified_gmt":"2025-12-08T09:40:20","slug":"collier-en-cuir-rouge-et-pendentif-arbre-du-temps-reversible-argent-cisele-et-ferloir-art-deco-2","status":"publish","type":"product","link":"https:\/\/www.audacieuse-galerie.ch\/de\/produit\/collier-en-cuir-rouge-et-pendentif-arbre-du-temps-reversible-argent-cisele-et-ferloir-art-deco-2\/","title":{"rendered":"Halskette aus rotem Leder und Anh\u00e4nger Arbre du Temps, wendbarer Ormolu aus Silber und Art-D\u00e9co-Verschluss"},"content":{"rendered":"<p>Diese hervorragende, nat\u00fcrliche, gegerbte rote Lederkette mit gemei\u00dfeltem Silberanh\u00e4nger und Art-D\u00e9co-Verschluss hat die Besonderheit, wendbar zu sein!<\/p>\n<p>Je nach Wunsch k\u00f6nnen Sie entweder einen pr\u00e4chtigen Baum der Zeit im Relief oder den Mechanismus eines alten Schweizer Uhrensets mit authentischen Rubinen enth\u00fcllen.<\/p>\n<p>Dieses einzigartige St\u00fcck wird mit einem nummerierten Echtheitszertifikat geliefert, das vom Handwerker unterschrieben wurde.<\/p>\n<p>Ma\u00dfe: Lederhalsband 46,2 cm, Durchmesser der Lederkordel ca. 6 mm, Medaillon 2,9 cm Durchmesser.<\/p>\n","protected":false},"excerpt":{"rendered":"<p>Rote Lederhalskette (pflanzlich gegerbt) und wendbarer Arbre du Temps-Anh\u00e4nger aus gesch\u00e4ftem Silber. Art-D\u00e9co-Verschluss und antiker Schweizer Uhrmechanismus, versetzt mit echten Rubinen.<\/p>\n","protected":false},"featured_media":56685,"comment_status":"open","ping_status":"closed","template":"","meta":{"jetpack_publicize_message":"","jetpack_publicize_feature_enabled":true,"jetpack_social_post_already_shared":true,"jetpack_social_options":{"image_generator_settings":{"template":"highway","default_image_id":0,"font":"","enabled":false},"version":2}},"product_brand":[],"product_cat":[96,105,102,168],"product_tag":[],"class_list":{"0":"post-56696","1":"product","2":"type-product","3":"status-publish","4":"has-post-thumbnail","6":"product_cat-accessoires-von-schoepfern","7":"product_cat-geschenkideen-aus-pret-a-porter-und-accessoires-fuer-sie-fuer-ihn","8":"product_cat-im-schaufenster-in-carouge-gesehen","9":"product_cat-modische-schmuckstuecke","10":"pa_genre-frau-de","11":"pa_lieudefabrication-schweitz-de","12":"pa_style-original-de","13":"pa_style-trend-de","14":"pa_style-zeitlos-de","16":"first","17":"instock","18":"taxable","19":"shipping-taxable","20":"purchasable","21":"product-type-simple"},"yoast_head":"<!-- This site is optimized with the Yoast SEO plugin v27.3 - https:\/\/yoast.com\/product\/yoast-seo-wordpress\/ -->\n<title>Halskette aus rotem Leder und Anh\u00e4nger Arbre du Temps, wendbarer Ormolu aus Silber und Art-D\u00e9co-Verschluss - Audacieuse-Galerie<\/title>\n<meta name=\"description\" content=\"Halskette aus rotem Leder und Anh\u00e4nger Arbre du Temps, wendbarer Ormolu aus Silber und Art-D\u00e9co-Verschluss - Audacieuse-Galerie\" \/>\n<meta name=\"robots\" content=\"index, follow, max-snippet:-1, max-image-preview:large, max-video-preview:-1\" \/>\n<link rel=\"canonical\" href=\"https:\/\/www.audacieuse-galerie.ch\/de\/produit\/collier-en-cuir-rouge-et-pendentif-arbre-du-temps-reversible-argent-cisele-et-ferloir-art-deco-2\/\" \/>\n<meta property=\"og:locale\" content=\"de_DE\" \/>\n<meta property=\"og:type\" content=\"article\" \/>\n<meta property=\"og:title\" content=\"Halskette aus rotem Leder und Anh\u00e4nger Arbre du Temps, wendbarer Ormolu aus Silber und Art-D\u00e9co-Verschluss - Audacieuse-Galerie\" \/>\n<meta property=\"og:description\" content=\"Halskette aus rotem Leder und Anh\u00e4nger Arbre du Temps, wendbarer Ormolu aus Silber und Art-D\u00e9co-Verschluss - Audacieuse-Galerie\" \/>\n<meta property=\"og:url\" content=\"https:\/\/www.audacieuse-galerie.ch\/de\/produit\/collier-en-cuir-rouge-et-pendentif-arbre-du-temps-reversible-argent-cisele-et-ferloir-art-deco-2\/\" \/>\n<meta property=\"og:site_name\" content=\"Audacieuse-Galerie\" \/>\n<meta property=\"article:publisher\" content=\"https:\/\/www.facebook.com\/audacieuse.galerie\" \/>\n<meta property=\"article:modified_time\" content=\"2025-12-08T09:40:20+00:00\" \/>\n<meta property=\"og:image\" content=\"https:\/\/www.audacieuse-galerie.ch\/wp-content\/uploads\/2020\/12\/882-Collier-en-cuir-rouge-et-pendentif-Arbre-du-Temps-reversible-argent-cisele-et-fermoir-Art-Deco.jpg\" \/>\n\t<meta property=\"og:image:width\" content=\"1000\" \/>\n\t<meta property=\"og:image:height\" content=\"1000\" \/>\n\t<meta property=\"og:image:type\" content=\"image\/jpeg\" \/>\n<meta name=\"twitter:card\" content=\"summary_large_image\" \/>\n<script type=\"application\/ld+json\" class=\"yoast-schema-graph\">{\"@context\":\"https:\\\/\\\/schema.org\",\"@graph\":[{\"@type\":\"WebPage\",\"@id\":\"https:\\\/\\\/www.audacieuse-galerie.ch\\\/de\\\/produit\\\/collier-en-cuir-rouge-et-pendentif-arbre-du-temps-reversible-argent-cisele-et-ferloir-art-deco-2\\\/\",\"url\":\"https:\\\/\\\/www.audacieuse-galerie.ch\\\/de\\\/produit\\\/collier-en-cuir-rouge-et-pendentif-arbre-du-temps-reversible-argent-cisele-et-ferloir-art-deco-2\\\/\",\"name\":\"Halskette aus rotem Leder und Anh\u00e4nger Arbre du Temps, wendbarer Ormolu aus Silber und Art-D\u00e9co-Verschluss - Audacieuse-Galerie\",\"isPartOf\":{\"@id\":\"https:\\\/\\\/www.audacieuse-galerie.ch\\\/de\\\/#website\"},\"primaryImageOfPage\":{\"@id\":\"https:\\\/\\\/www.audacieuse-galerie.ch\\\/de\\\/produit\\\/collier-en-cuir-rouge-et-pendentif-arbre-du-temps-reversible-argent-cisele-et-ferloir-art-deco-2\\\/#primaryimage\"},\"image\":{\"@id\":\"https:\\\/\\\/www.audacieuse-galerie.ch\\\/de\\\/produit\\\/collier-en-cuir-rouge-et-pendentif-arbre-du-temps-reversible-argent-cisele-et-ferloir-art-deco-2\\\/#primaryimage\"},\"thumbnailUrl\":\"https:\\\/\\\/www.audacieuse-galerie.ch\\\/wp-content\\\/uploads\\\/2020\\\/12\\\/882-Collier-en-cuir-rouge-et-pendentif-Arbre-du-Temps-reversible-argent-cisele-et-fermoir-Art-Deco.jpg\",\"datePublished\":\"2020-12-16T14:05:54+00:00\",\"dateModified\":\"2025-12-08T09:40:20+00:00\",\"description\":\"Halskette aus rotem Leder und Anh\u00e4nger Arbre du Temps, wendbarer Ormolu aus Silber und Art-D\u00e9co-Verschluss - Audacieuse-Galerie\",\"breadcrumb\":{\"@id\":\"https:\\\/\\\/www.audacieuse-galerie.ch\\\/de\\\/produit\\\/collier-en-cuir-rouge-et-pendentif-arbre-du-temps-reversible-argent-cisele-et-ferloir-art-deco-2\\\/#breadcrumb\"},\"inLanguage\":\"de\",\"potentialAction\":[{\"@type\":\"ReadAction\",\"target\":[\"https:\\\/\\\/www.audacieuse-galerie.ch\\\/de\\\/produit\\\/collier-en-cuir-rouge-et-pendentif-arbre-du-temps-reversible-argent-cisele-et-ferloir-art-deco-2\\\/\"]}]},{\"@type\":\"ImageObject\",\"inLanguage\":\"de\",\"@id\":\"https:\\\/\\\/www.audacieuse-galerie.ch\\\/de\\\/produit\\\/collier-en-cuir-rouge-et-pendentif-arbre-du-temps-reversible-argent-cisele-et-ferloir-art-deco-2\\\/#primaryimage\",\"url\":\"https:\\\/\\\/www.audacieuse-galerie.ch\\\/wp-content\\\/uploads\\\/2020\\\/12\\\/882-Collier-en-cuir-rouge-et-pendentif-Arbre-du-Temps-reversible-argent-cisele-et-fermoir-Art-Deco.jpg\",\"contentUrl\":\"https:\\\/\\\/www.audacieuse-galerie.ch\\\/wp-content\\\/uploads\\\/2020\\\/12\\\/882-Collier-en-cuir-rouge-et-pendentif-Arbre-du-Temps-reversible-argent-cisele-et-fermoir-Art-Deco.jpg\",\"width\":1000,\"height\":1000,\"caption\":\"Halskette aus rotem Leder und Anh\u00e4nger Arbre du Temps, wendbarer Ormolu aus Silber und Art-D\u00e9co-Verschluss\"},{\"@type\":\"BreadcrumbList\",\"@id\":\"https:\\\/\\\/www.audacieuse-galerie.ch\\\/de\\\/produit\\\/collier-en-cuir-rouge-et-pendentif-arbre-du-temps-reversible-argent-cisele-et-ferloir-art-deco-2\\\/#breadcrumb\",\"itemListElement\":[{\"@type\":\"ListItem\",\"position\":1,\"name\":\"Heim\",\"item\":\"https:\\\/\\\/www.audacieuse-galerie.ch\\\/de\\\/\"},{\"@type\":\"ListItem\",\"position\":2,\"name\":\"Alle unsere Produkte\",\"item\":\"https:\\\/\\\/www.audacieuse-galerie.ch\\\/tous-nos-produits\\\/\"},{\"@type\":\"ListItem\",\"position\":3,\"name\":\"Halskette aus rotem Leder und Anh\u00e4nger Arbre du Temps, wendbarer Ormolu aus Silber und Art-D\u00e9co-Verschluss\"}]},{\"@type\":\"WebSite\",\"@id\":\"https:\\\/\\\/www.audacieuse-galerie.ch\\\/de\\\/#website\",\"url\":\"https:\\\/\\\/www.audacieuse-galerie.ch\\\/de\\\/\",\"name\":\"Audacieuse-Galerie\",\"description\":\"Mode et Images\",\"potentialAction\":[{\"@type\":\"SearchAction\",\"target\":{\"@type\":\"EntryPoint\",\"urlTemplate\":\"https:\\\/\\\/www.audacieuse-galerie.ch\\\/de\\\/?s={search_term_string}\"},\"query-input\":{\"@type\":\"PropertyValueSpecification\",\"valueRequired\":true,\"valueName\":\"search_term_string\"}}],\"inLanguage\":\"de\"}]}<\/script>\n<!-- \/ Yoast SEO plugin. -->","yoast_head_json":{"title":"Halskette aus rotem Leder und Anh\u00e4nger Arbre du Temps, wendbarer Ormolu aus Silber und Art-D\u00e9co-Verschluss - Audacieuse-Galerie","description":"Halskette aus rotem Leder und Anh\u00e4nger Arbre du Temps, wendbarer Ormolu aus Silber und Art-D\u00e9co-Verschluss - Audacieuse-Galerie","robots":{"index":"index","follow":"follow","max-snippet":"max-snippet:-1","max-image-preview":"max-image-preview:large","max-video-preview":"max-video-preview:-1"},"canonical":"https:\/\/www.audacieuse-galerie.ch\/de\/produit\/collier-en-cuir-rouge-et-pendentif-arbre-du-temps-reversible-argent-cisele-et-ferloir-art-deco-2\/","og_locale":"de_DE","og_type":"article","og_title":"Halskette aus rotem Leder und Anh\u00e4nger Arbre du Temps, wendbarer Ormolu aus Silber und Art-D\u00e9co-Verschluss - Audacieuse-Galerie","og_description":"Halskette aus rotem Leder und Anh\u00e4nger Arbre du Temps, wendbarer Ormolu aus Silber und Art-D\u00e9co-Verschluss - Audacieuse-Galerie","og_url":"https:\/\/www.audacieuse-galerie.ch\/de\/produit\/collier-en-cuir-rouge-et-pendentif-arbre-du-temps-reversible-argent-cisele-et-ferloir-art-deco-2\/","og_site_name":"Audacieuse-Galerie","article_publisher":"https:\/\/www.facebook.com\/audacieuse.galerie","article_modified_time":"2025-12-08T09:40:20+00:00","og_image":[{"width":1000,"height":1000,"url":"https:\/\/www.audacieuse-galerie.ch\/wp-content\/uploads\/2020\/12\/882-Collier-en-cuir-rouge-et-pendentif-Arbre-du-Temps-reversible-argent-cisele-et-fermoir-Art-Deco.jpg","type":"image\/jpeg"}],"twitter_card":"summary_large_image","schema":{"@context":"https:\/\/schema.org","@graph":[{"@type":"WebPage","@id":"https:\/\/www.audacieuse-galerie.ch\/de\/produit\/collier-en-cuir-rouge-et-pendentif-arbre-du-temps-reversible-argent-cisele-et-ferloir-art-deco-2\/","url":"https:\/\/www.audacieuse-galerie.ch\/de\/produit\/collier-en-cuir-rouge-et-pendentif-arbre-du-temps-reversible-argent-cisele-et-ferloir-art-deco-2\/","name":"Halskette aus rotem Leder und Anh\u00e4nger Arbre du Temps, wendbarer Ormolu aus Silber und Art-D\u00e9co-Verschluss - Audacieuse-Galerie","isPartOf":{"@id":"https:\/\/www.audacieuse-galerie.ch\/de\/#website"},"primaryImageOfPage":{"@id":"https:\/\/www.audacieuse-galerie.ch\/de\/produit\/collier-en-cuir-rouge-et-pendentif-arbre-du-temps-reversible-argent-cisele-et-ferloir-art-deco-2\/#primaryimage"},"image":{"@id":"https:\/\/www.audacieuse-galerie.ch\/de\/produit\/collier-en-cuir-rouge-et-pendentif-arbre-du-temps-reversible-argent-cisele-et-ferloir-art-deco-2\/#primaryimage"},"thumbnailUrl":"https:\/\/www.audacieuse-galerie.ch\/wp-content\/uploads\/2020\/12\/882-Collier-en-cuir-rouge-et-pendentif-Arbre-du-Temps-reversible-argent-cisele-et-fermoir-Art-Deco.jpg","datePublished":"2020-12-16T14:05:54+00:00","dateModified":"2025-12-08T09:40:20+00:00","description":"Halskette aus rotem Leder und Anh\u00e4nger Arbre du Temps, wendbarer Ormolu aus Silber und Art-D\u00e9co-Verschluss - Audacieuse-Galerie","breadcrumb":{"@id":"https:\/\/www.audacieuse-galerie.ch\/de\/produit\/collier-en-cuir-rouge-et-pendentif-arbre-du-temps-reversible-argent-cisele-et-ferloir-art-deco-2\/#breadcrumb"},"inLanguage":"de","potentialAction":[{"@type":"ReadAction","target":["https:\/\/www.audacieuse-galerie.ch\/de\/produit\/collier-en-cuir-rouge-et-pendentif-arbre-du-temps-reversible-argent-cisele-et-ferloir-art-deco-2\/"]}]},{"@type":"ImageObject","inLanguage":"de","@id":"https:\/\/www.audacieuse-galerie.ch\/de\/produit\/collier-en-cuir-rouge-et-pendentif-arbre-du-temps-reversible-argent-cisele-et-ferloir-art-deco-2\/#primaryimage","url":"https:\/\/www.audacieuse-galerie.ch\/wp-content\/uploads\/2020\/12\/882-Collier-en-cuir-rouge-et-pendentif-Arbre-du-Temps-reversible-argent-cisele-et-fermoir-Art-Deco.jpg","contentUrl":"https:\/\/www.audacieuse-galerie.ch\/wp-content\/uploads\/2020\/12\/882-Collier-en-cuir-rouge-et-pendentif-Arbre-du-Temps-reversible-argent-cisele-et-fermoir-Art-Deco.jpg","width":1000,"height":1000,"caption":"Halskette aus rotem Leder und Anh\u00e4nger Arbre du Temps, wendbarer Ormolu aus Silber und Art-D\u00e9co-Verschluss"},{"@type":"BreadcrumbList","@id":"https:\/\/www.audacieuse-galerie.ch\/de\/produit\/collier-en-cuir-rouge-et-pendentif-arbre-du-temps-reversible-argent-cisele-et-ferloir-art-deco-2\/#breadcrumb","itemListElement":[{"@type":"ListItem","position":1,"name":"Heim","item":"https:\/\/www.audacieuse-galerie.ch\/de\/"},{"@type":"ListItem","position":2,"name":"Alle unsere Produkte","item":"https:\/\/www.audacieuse-galerie.ch\/tous-nos-produits\/"},{"@type":"ListItem","position":3,"name":"Halskette aus rotem Leder und Anh\u00e4nger Arbre du Temps, wendbarer Ormolu aus Silber und Art-D\u00e9co-Verschluss"}]},{"@type":"WebSite","@id":"https:\/\/www.audacieuse-galerie.ch\/de\/#website","url":"https:\/\/www.audacieuse-galerie.ch\/de\/","name":"Audacieuse-Galerie","description":"Mode et Images","potentialAction":[{"@type":"SearchAction","target":{"@type":"EntryPoint","urlTemplate":"https:\/\/www.audacieuse-galerie.ch\/de\/?s={search_term_string}"},"query-input":{"@type":"PropertyValueSpecification","valueRequired":true,"valueName":"search_term_string"}}],"inLanguage":"de"}]}},"jetpack_publicize_connections":[],"_links":{"self":[{"href":"https:\/\/www.audacieuse-galerie.ch\/de\/wp-json\/wp\/v2\/product\/56696","targetHints":{"allow":["GET"]}}],"collection":[{"href":"https:\/\/www.audacieuse-galerie.ch\/de\/wp-json\/wp\/v2\/product"}],"about":[{"href":"https:\/\/www.audacieuse-galerie.ch\/de\/wp-json\/wp\/v2\/types\/product"}],"replies":[{"embeddable":true,"href":"https:\/\/www.audacieuse-galerie.ch\/de\/wp-json\/wp\/v2\/comments?post=56696"}],"version-history":[{"count":0,"href":"https:\/\/www.audacieuse-galerie.ch\/de\/wp-json\/wp\/v2\/product\/56696\/revisions"}],"wp:featuredmedia":[{"embeddable":true,"href":"https:\/\/www.audacieuse-galerie.ch\/de\/wp-json\/wp\/v2\/media\/56685"}],"wp:attachment":[{"href":"https:\/\/www.audacieuse-galerie.ch\/de\/wp-json\/wp\/v2\/media?parent=56696"}],"wp:term":[{"taxonomy":"product_brand","embeddable":true,"href":"https:\/\/www.audacieuse-galerie.ch\/de\/wp-json\/wp\/v2\/product_brand?post=56696"},{"taxonomy":"product_cat","embeddable":true,"href":"https:\/\/www.audacieuse-galerie.ch\/de\/wp-json\/wp\/v2\/product_cat?post=56696"},{"taxonomy":"product_tag","embeddable":true,"href":"https:\/\/www.audacieuse-galerie.ch\/de\/wp-json\/wp\/v2\/product_tag?post=56696"}],"curies":[{"name":"wp","href":"https:\/\/api.w.org\/{rel}","templated":true}]}}