{"id":56742,"date":"2020-12-25T19:10:37","date_gmt":"2020-12-25T18:10:37","guid":{"rendered":"https:\/\/woo.audacieuse-galerie.ch\/produit\/gesteppte-bananentasche-aus-leder-auf-der-taille-zu-tragen\/"},"modified":"2025-12-08T14:28:21","modified_gmt":"2025-12-08T13:28:21","slug":"gesteppte-bananentasche-aus-leder-auf-der-taille-zu-tragen","status":"publish","type":"product","link":"https:\/\/www.audacieuse-galerie.ch\/de\/produit\/gesteppte-bananentasche-aus-leder-auf-der-taille-zu-tragen\/","title":{"rendered":"Gesteppte Leder-Bauchtasche zum Tragen an der Taille"},"content":{"rendered":"<p>Eine Umh\u00e4ngetasche oder Bauchtasche, sehr praktisch in der Taille zu tragen. Sie besteht aus massivem Leder und ist mit einer h\u00fcbschen gesteppten Ziernaht verziert. Eine Sch\u00f6pfung des Vimoda-Labels in Paris. Der G\u00fcrtel ist f\u00fcr verschiedene Taillengr\u00f6\u00dfen verstellbar. Der Beutel ist leicht zu tragen. Erh\u00e4ltlich in verschiedenen Farben.<\/p>\n","protected":false},"excerpt":{"rendered":"<p>Eine Umh\u00e4ngetasche oder Bauchtasche, sehr praktisch, um sie an der Taille statt in der Tasche zu tragen. Es besteht aus massivem Leder und ist mit einer h\u00fcbschen gesteppten Ziernaht verziert, vom Haus Vimoda in Paris.<\/p>\n","protected":false},"featured_media":56727,"comment_status":"open","ping_status":"closed","template":"","meta":{"_glsr_average":0,"_glsr_ranking":0,"_glsr_reviews":0,"jetpack_publicize_message":"","jetpack_publicize_feature_enabled":true,"jetpack_social_post_already_shared":true,"jetpack_social_options":{"image_generator_settings":{"template":"highway","default_image_id":0,"font":"","enabled":false},"version":2}},"product_brand":[],"product_cat":[42,105,102,126],"product_tag":[],"class_list":{"0":"post-56742","1":"product","2":"type-product","3":"status-publish","4":"has-post-thumbnail","6":"product_cat-frauen-konfektionskleidung-und-modeaccessoires","7":"product_cat-geschenkideen-aus-pret-a-porter-und-accessoires-fuer-sie-fuer-ihn","8":"product_cat-im-schaufenster-in-carouge-gesehen","9":"product_cat-taschen-handtaeschchen-und-mappen","10":"pa_color-beige-de","11":"pa_color-fuchsiefarb-de","12":"pa_color-hellrosa-de","13":"pa_color-rot-de","14":"pa_composition-leder-de","15":"pa_genre-frau-de","16":"pa_lieudefabrication-europa-de","17":"pa_lieudefabrication-frankreich-de","18":"pa_motif-unifarben-de","19":"pa_saison-fruhjahrsommer-de","20":"pa_saison-herbstwinter-de","21":"pa_style-casual-de","22":"pa_style-freizeit-de","23":"pa_style-original-de","24":"pa_style-zeitlos-de","26":"first","27":"instock","28":"sale","29":"taxable","30":"shipping-taxable","31":"purchasable","32":"product-type-variable","33":"has-default-attributes"},"yoast_head":"<!-- This site is optimized with the Yoast SEO plugin v27.4 - https:\/\/yoast.com\/product\/yoast-seo-wordpress\/ -->\n<title>Gesteppte Leder-Bauchtasche zum Tragen an der Taille - Audacieuse-Galerie<\/title>\n<meta name=\"description\" content=\"Gesteppte Leder-Bauchtasche zum Tragen an der Taille - Audacieuse-Galerie\" \/>\n<meta name=\"robots\" content=\"index, follow, max-snippet:-1, max-image-preview:large, max-video-preview:-1\" \/>\n<link rel=\"canonical\" href=\"https:\/\/www.audacieuse-galerie.ch\/de\/produit\/gesteppte-bananentasche-aus-leder-auf-der-taille-zu-tragen\/\" \/>\n<meta property=\"og:locale\" content=\"de_DE\" \/>\n<meta property=\"og:type\" content=\"article\" \/>\n<meta property=\"og:title\" content=\"Gesteppte Leder-Bauchtasche zum Tragen an der Taille - Audacieuse-Galerie\" \/>\n<meta property=\"og:description\" content=\"Gesteppte Leder-Bauchtasche zum Tragen an der Taille - Audacieuse-Galerie\" \/>\n<meta property=\"og:url\" content=\"https:\/\/www.audacieuse-galerie.ch\/de\/produit\/gesteppte-bananentasche-aus-leder-auf-der-taille-zu-tragen\/\" \/>\n<meta property=\"og:site_name\" content=\"Audacieuse-Galerie\" \/>\n<meta property=\"article:publisher\" content=\"https:\/\/www.facebook.com\/audacieuse.galerie\" \/>\n<meta property=\"article:modified_time\" content=\"2025-12-08T13:28:21+00:00\" \/>\n<meta property=\"og:image\" content=\"https:\/\/www.audacieuse-galerie.ch\/wp-content\/uploads\/2020\/12\/859-Sac-pochette-banane-en-cuir-matelasse-a-porter-a-la-taille.jpg\" \/>\n\t<meta property=\"og:image:width\" content=\"1000\" \/>\n\t<meta property=\"og:image:height\" content=\"1000\" \/>\n\t<meta property=\"og:image:type\" content=\"image\/jpeg\" \/>\n<meta name=\"twitter:card\" content=\"summary_large_image\" \/>\n<script type=\"application\/ld+json\" class=\"yoast-schema-graph\">{\"@context\":\"https:\\\/\\\/schema.org\",\"@graph\":[{\"@type\":\"ImageObject\",\"inLanguage\":\"de\",\"@id\":\"https:\\\/\\\/www.audacieuse-galerie.ch\\\/de\\\/produit\\\/gesteppte-bananentasche-aus-leder-auf-der-taille-zu-tragen\\\/#primaryimage\",\"url\":\"https:\\\/\\\/www.audacieuse-galerie.ch\\\/wp-content\\\/uploads\\\/2020\\\/12\\\/859-Sac-pochette-banane-en-cuir-matelasse-a-porter-a-la-taille.jpg\",\"contentUrl\":\"https:\\\/\\\/www.audacieuse-galerie.ch\\\/wp-content\\\/uploads\\\/2020\\\/12\\\/859-Sac-pochette-banane-en-cuir-matelasse-a-porter-a-la-taille.jpg\",\"width\":1000,\"height\":1000,\"caption\":\"Gesteppte Leder-Bauchtasche zum Tragen an der Taille\"}]}<\/script>\n<!-- \/ Yoast SEO plugin. -->","yoast_head_json":{"title":"Gesteppte Leder-Bauchtasche zum Tragen an der Taille - Audacieuse-Galerie","description":"Gesteppte Leder-Bauchtasche zum Tragen an der Taille - Audacieuse-Galerie","robots":{"index":"index","follow":"follow","max-snippet":"max-snippet:-1","max-image-preview":"max-image-preview:large","max-video-preview":"max-video-preview:-1"},"canonical":"https:\/\/www.audacieuse-galerie.ch\/de\/produit\/gesteppte-bananentasche-aus-leder-auf-der-taille-zu-tragen\/","og_locale":"de_DE","og_type":"article","og_title":"Gesteppte Leder-Bauchtasche zum Tragen an der Taille - Audacieuse-Galerie","og_description":"Gesteppte Leder-Bauchtasche zum Tragen an der Taille - Audacieuse-Galerie","og_url":"https:\/\/www.audacieuse-galerie.ch\/de\/produit\/gesteppte-bananentasche-aus-leder-auf-der-taille-zu-tragen\/","og_site_name":"Audacieuse-Galerie","article_publisher":"https:\/\/www.facebook.com\/audacieuse.galerie","article_modified_time":"2025-12-08T13:28:21+00:00","og_image":[{"width":1000,"height":1000,"url":"https:\/\/www.audacieuse-galerie.ch\/wp-content\/uploads\/2020\/12\/859-Sac-pochette-banane-en-cuir-matelasse-a-porter-a-la-taille.jpg","type":"image\/jpeg"}],"twitter_card":"summary_large_image","schema":{"@context":"https:\/\/schema.org","@graph":[{"@type":"ImageObject","inLanguage":"de","@id":"https:\/\/www.audacieuse-galerie.ch\/de\/produit\/gesteppte-bananentasche-aus-leder-auf-der-taille-zu-tragen\/#primaryimage","url":"https:\/\/www.audacieuse-galerie.ch\/wp-content\/uploads\/2020\/12\/859-Sac-pochette-banane-en-cuir-matelasse-a-porter-a-la-taille.jpg","contentUrl":"https:\/\/www.audacieuse-galerie.ch\/wp-content\/uploads\/2020\/12\/859-Sac-pochette-banane-en-cuir-matelasse-a-porter-a-la-taille.jpg","width":1000,"height":1000,"caption":"Gesteppte Leder-Bauchtasche zum Tragen an der Taille"}]}},"jetpack_publicize_connections":[],"_links":{"self":[{"href":"https:\/\/www.audacieuse-galerie.ch\/de\/wp-json\/wp\/v2\/product\/56742","targetHints":{"allow":["GET"]}}],"collection":[{"href":"https:\/\/www.audacieuse-galerie.ch\/de\/wp-json\/wp\/v2\/product"}],"about":[{"href":"https:\/\/www.audacieuse-galerie.ch\/de\/wp-json\/wp\/v2\/types\/product"}],"replies":[{"embeddable":true,"href":"https:\/\/www.audacieuse-galerie.ch\/de\/wp-json\/wp\/v2\/comments?post=56742"}],"version-history":[{"count":0,"href":"https:\/\/www.audacieuse-galerie.ch\/de\/wp-json\/wp\/v2\/product\/56742\/revisions"}],"wp:featuredmedia":[{"embeddable":true,"href":"https:\/\/www.audacieuse-galerie.ch\/de\/wp-json\/wp\/v2\/media\/56727"}],"wp:attachment":[{"href":"https:\/\/www.audacieuse-galerie.ch\/de\/wp-json\/wp\/v2\/media?parent=56742"}],"wp:term":[{"taxonomy":"product_brand","embeddable":true,"href":"https:\/\/www.audacieuse-galerie.ch\/de\/wp-json\/wp\/v2\/product_brand?post=56742"},{"taxonomy":"product_cat","embeddable":true,"href":"https:\/\/www.audacieuse-galerie.ch\/de\/wp-json\/wp\/v2\/product_cat?post=56742"},{"taxonomy":"product_tag","embeddable":true,"href":"https:\/\/www.audacieuse-galerie.ch\/de\/wp-json\/wp\/v2\/product_tag?post=56742"}],"curies":[{"name":"wp","href":"https:\/\/api.w.org\/{rel}","templated":true}]}}