{"id":56777,"date":"2021-04-21T23:43:05","date_gmt":"2021-04-21T21:43:05","guid":{"rendered":"https:\/\/woo.audacieuse-galerie.ch\/produit\/bleistiftrock-aus-camel-beigem-kunstleder\/"},"modified":"2026-02-14T20:44:41","modified_gmt":"2026-02-14T19:44:41","slug":"bleistiftrock-aus-camel-beigem-kunstleder","status":"publish","type":"product","link":"https:\/\/www.audacieuse-galerie.ch\/de\/produit\/bleistiftrock-aus-camel-beigem-kunstleder\/","title":{"rendered":"Bleistiftrock aus kamelbeige Kunstleder"},"content":{"rendered":"<p>Ein h\u00fcbscher Rock von Sweew\u00eb, einem Pariser Label. Ein Hauptteil im Kleiderschrank, das sich leicht mit verschiedenen kleinen Oberteilen in einfarbigen oder mehrfarbigen Farbt\u00f6nen kombinieren l\u00e4sst.<\/p>\n<p>Gefertigt aus Imitatleder, leicht dehnbar in Karamellbeige.<\/p>\n<p>L\u00e4nge in der vorderen Mitte vom unteren Teil des Bundes: 57,5 cm (Taille M) und 59 cm (K\u00f6rpergr\u00f6\u00dfe) L).<\/p>\n<p>Handreinigung empfohlen<\/p>\n","protected":false},"excerpt":{"rendered":"<p>Ein Rock in Camel Beige, leicht und bequem zu einem h\u00fcbschen gestrickten Pullover sowie einer Viskose- oder Baumwollbluse in verschiedenen Farben.<\/p>\n<div class=\"notranslate\"><\/div>\n","protected":false},"featured_media":56772,"comment_status":"open","ping_status":"closed","template":"","meta":{"_glsr_average":0,"_glsr_ranking":0,"_glsr_reviews":0,"jetpack_publicize_message":"","jetpack_publicize_feature_enabled":true,"jetpack_social_post_already_shared":true,"jetpack_social_options":{"image_generator_settings":{"template":"highway","default_image_id":0,"font":"","enabled":false},"version":2}},"product_brand":[],"product_cat":[198],"product_tag":[],"class_list":{"0":"post-56777","1":"product","2":"type-product","3":"status-publish","4":"has-post-thumbnail","6":"product_cat-kleider-kurz-oder-lang-von-kreatoren","7":"pa_composition-polyurethan-de","8":"pa_entretien-bleichennichterlaubt-de","9":"pa_entretien-handwasche30c-de","10":"pa_entretien-nichtbugeln-de","11":"pa_entretien-trockenereinigung-de","12":"pa_genre-frau-de","13":"pa_lieudefabrication-frankreich-de","14":"pa_lieudefabrication-international-de","15":"pa_longueur-lang-de","16":"pa_motif-unifarben-de","17":"pa_saison-fruhjahrsommer-de","18":"pa_saison-herbstwinter-de","19":"pa_style-business-de","20":"pa_style-glamour-de","21":"pa_style-original-de","22":"pa_style-retro-de","23":"pa_style-zeitlos-de","24":"pa_taille-36_s-de","25":"pa_taille-38_m-de","26":"pa_taille-42_l-de","28":"first","29":"instock","30":"sale","31":"taxable","32":"shipping-taxable","33":"purchasable","34":"product-type-variable","35":"has-default-attributes"},"yoast_head":"<!-- This site is optimized with the Yoast SEO plugin v27.4 - https:\/\/yoast.com\/product\/yoast-seo-wordpress\/ -->\n<title>Bleistiftrock aus kamelbeige Kunstleder - Audacieuse-Galerie<\/title>\n<meta name=\"description\" content=\"Bleistiftrock aus kamelbeige Kunstleder - Audacieuse-Galerie\" \/>\n<meta name=\"robots\" content=\"index, follow, max-snippet:-1, max-image-preview:large, max-video-preview:-1\" \/>\n<link rel=\"canonical\" href=\"https:\/\/www.audacieuse-galerie.ch\/de\/produit\/bleistiftrock-aus-camel-beigem-kunstleder\/\" \/>\n<meta property=\"og:locale\" content=\"de_DE\" \/>\n<meta property=\"og:type\" content=\"article\" \/>\n<meta property=\"og:title\" content=\"Bleistiftrock aus kamelbeige Kunstleder - Audacieuse-Galerie\" \/>\n<meta property=\"og:description\" content=\"Bleistiftrock aus kamelbeige Kunstleder - Audacieuse-Galerie\" \/>\n<meta property=\"og:url\" content=\"https:\/\/www.audacieuse-galerie.ch\/de\/produit\/bleistiftrock-aus-camel-beigem-kunstleder\/\" \/>\n<meta property=\"og:site_name\" content=\"Audacieuse-Galerie\" \/>\n<meta property=\"article:publisher\" content=\"https:\/\/www.facebook.com\/audacieuse.galerie\" \/>\n<meta property=\"article:modified_time\" content=\"2026-02-14T19:44:41+00:00\" \/>\n<meta property=\"og:image\" content=\"https:\/\/www.audacieuse-galerie.ch\/wp-content\/uploads\/2021\/04\/960-Solve-et-Coagula.jpg\" \/>\n\t<meta property=\"og:image:width\" content=\"1000\" \/>\n\t<meta property=\"og:image:height\" content=\"1000\" \/>\n\t<meta property=\"og:image:type\" content=\"image\/jpeg\" \/>\n<meta name=\"twitter:card\" content=\"summary_large_image\" \/>\n<script type=\"application\/ld+json\" class=\"yoast-schema-graph\">{\"@context\":\"https:\\\/\\\/schema.org\",\"@graph\":[{\"@type\":\"ImageObject\",\"inLanguage\":\"de\",\"@id\":\"https:\\\/\\\/www.audacieuse-galerie.ch\\\/de\\\/produit\\\/bleistiftrock-aus-camel-beigem-kunstleder\\\/#primaryimage\",\"url\":\"https:\\\/\\\/www.audacieuse-galerie.ch\\\/wp-content\\\/uploads\\\/2021\\\/04\\\/960-Solve-et-Coagula.jpg\",\"contentUrl\":\"https:\\\/\\\/www.audacieuse-galerie.ch\\\/wp-content\\\/uploads\\\/2021\\\/04\\\/960-Solve-et-Coagula.jpg\",\"width\":1000,\"height\":1000,\"caption\":\"Solve und Coagula\"}]}<\/script>\n<!-- \/ Yoast SEO plugin. -->","yoast_head_json":{"title":"Bleistiftrock aus kamelbeige Kunstleder - Audacieuse-Galerie","description":"Bleistiftrock aus kamelbeige Kunstleder - Audacieuse-Galerie","robots":{"index":"index","follow":"follow","max-snippet":"max-snippet:-1","max-image-preview":"max-image-preview:large","max-video-preview":"max-video-preview:-1"},"canonical":"https:\/\/www.audacieuse-galerie.ch\/de\/produit\/bleistiftrock-aus-camel-beigem-kunstleder\/","og_locale":"de_DE","og_type":"article","og_title":"Bleistiftrock aus kamelbeige Kunstleder - Audacieuse-Galerie","og_description":"Bleistiftrock aus kamelbeige Kunstleder - Audacieuse-Galerie","og_url":"https:\/\/www.audacieuse-galerie.ch\/de\/produit\/bleistiftrock-aus-camel-beigem-kunstleder\/","og_site_name":"Audacieuse-Galerie","article_publisher":"https:\/\/www.facebook.com\/audacieuse.galerie","article_modified_time":"2026-02-14T19:44:41+00:00","og_image":[{"width":1000,"height":1000,"url":"https:\/\/www.audacieuse-galerie.ch\/wp-content\/uploads\/2021\/04\/960-Solve-et-Coagula.jpg","type":"image\/jpeg"}],"twitter_card":"summary_large_image","schema":{"@context":"https:\/\/schema.org","@graph":[{"@type":"ImageObject","inLanguage":"de","@id":"https:\/\/www.audacieuse-galerie.ch\/de\/produit\/bleistiftrock-aus-camel-beigem-kunstleder\/#primaryimage","url":"https:\/\/www.audacieuse-galerie.ch\/wp-content\/uploads\/2021\/04\/960-Solve-et-Coagula.jpg","contentUrl":"https:\/\/www.audacieuse-galerie.ch\/wp-content\/uploads\/2021\/04\/960-Solve-et-Coagula.jpg","width":1000,"height":1000,"caption":"Solve und Coagula"}]}},"jetpack_publicize_connections":[],"_links":{"self":[{"href":"https:\/\/www.audacieuse-galerie.ch\/de\/wp-json\/wp\/v2\/product\/56777","targetHints":{"allow":["GET"]}}],"collection":[{"href":"https:\/\/www.audacieuse-galerie.ch\/de\/wp-json\/wp\/v2\/product"}],"about":[{"href":"https:\/\/www.audacieuse-galerie.ch\/de\/wp-json\/wp\/v2\/types\/product"}],"replies":[{"embeddable":true,"href":"https:\/\/www.audacieuse-galerie.ch\/de\/wp-json\/wp\/v2\/comments?post=56777"}],"version-history":[{"count":0,"href":"https:\/\/www.audacieuse-galerie.ch\/de\/wp-json\/wp\/v2\/product\/56777\/revisions"}],"wp:featuredmedia":[{"embeddable":true,"href":"https:\/\/www.audacieuse-galerie.ch\/de\/wp-json\/wp\/v2\/media\/56772"}],"wp:attachment":[{"href":"https:\/\/www.audacieuse-galerie.ch\/de\/wp-json\/wp\/v2\/media?parent=56777"}],"wp:term":[{"taxonomy":"product_brand","embeddable":true,"href":"https:\/\/www.audacieuse-galerie.ch\/de\/wp-json\/wp\/v2\/product_brand?post=56777"},{"taxonomy":"product_cat","embeddable":true,"href":"https:\/\/www.audacieuse-galerie.ch\/de\/wp-json\/wp\/v2\/product_cat?post=56777"},{"taxonomy":"product_tag","embeddable":true,"href":"https:\/\/www.audacieuse-galerie.ch\/de\/wp-json\/wp\/v2\/product_tag?post=56777"}],"curies":[{"name":"wp","href":"https:\/\/api.w.org\/{rel}","templated":true}]}}