{"id":56904,"date":"2021-07-29T16:33:54","date_gmt":"2021-07-29T14:33:54","guid":{"rendered":"https:\/\/woo.audacieuse-galerie.ch\/produit\/sac-pochette-en-cuir-fin-et-tissu-d-inspiration-japonaise-2\/"},"modified":"2026-04-16T12:24:59","modified_gmt":"2026-04-16T10:24:59","slug":"sac-pochette-en-cuir-fin-et-tissu-d-inspiration-japonaise-2","status":"publish","type":"product","link":"https:\/\/www.audacieuse-galerie.ch\/de\/produit\/sac-pochette-en-cuir-fin-et-tissu-d-inspiration-japonaise-2\/","title":{"rendered":"MIU faltbare Clutch aus feinem Leder und japanisch inspiriertem Stoff"},"content":{"rendered":"<p>Die Clutch &#8222;MIU&#8220; l\u00e4sst sich aufklappen und zusammenfalten und wird diskret von einem Magnetsystem an Ort und Stelle gehalten. Diese Tasche hat \u00d6ffnungen mit Rei\u00dfverschluss und ist mit einem d\u00fcnnen Schulterriemen und einem Lederriemen verziert. Es ist sehr sch\u00f6n und komfortabel. Es ist aus einem sch\u00f6nen feinen und weichen Leder gefertigt und spielt mit der Sch\u00f6nheit des japanischen Musterdrucks.<\/p>\n<p>Die Veredelungen und Absteppungen werden mit gro\u00dfer Finesse und Sorgfalt in der Werkstatt der Designer ausgef\u00fchrt. Entworfen und hergestellt in Deutschland, aus echtem Leder und bedrucktem Stoff.<\/p>\n<p>Ma\u00dfe: 29 x 3 x 16 cm<\/p>\n","protected":false},"excerpt":{"rendered":"<p>Eine &#8222;MIU&#8220; Clutch hat klare Linien. Es faltet und entfaltet sich nach Ihren W\u00fcnschen. Hergestellt aus einem sch\u00f6nen, feinen und weichen Leder, das ihm mit der Sch\u00f6nheit des von Japan inspirierten Stoffmusters schmeichelt.<\/p>\n","protected":false},"featured_media":56790,"comment_status":"open","ping_status":"closed","template":"","meta":{"_glsr_average":0,"_glsr_ranking":0,"_glsr_reviews":0,"jetpack_publicize_message":"","jetpack_publicize_feature_enabled":true,"jetpack_social_post_already_shared":true,"jetpack_social_options":{"image_generator_settings":{"template":"highway","default_image_id":0,"font":"","enabled":false},"version":2}},"product_brand":[],"product_cat":[96,2600,105,102,2593,126],"product_tag":[],"class_list":{"0":"post-56904","1":"product","2":"type-product","3":"status-publish","4":"has-post-thumbnail","6":"product_cat-accessoires-von-schoepfern","7":"product_cat-aimi-designer-lederaccessoires","8":"product_cat-geschenkideen-aus-pret-a-porter-und-accessoires-fuer-sie-fuer-ihn","9":"product_cat-im-schaufenster-in-carouge-gesehen","10":"product_cat-modedesigner","11":"product_cat-taschen-handtaeschchen-und-mappen","12":"pa_color-beige-de","13":"pa_color-grau-de","14":"pa_color-marineblau-de","15":"pa_color-rot-de","16":"pa_color-schwarz-de","17":"pa_color-violet-de","18":"pa_color-wassergrun-de","19":"pa_composition-leder-de","20":"pa_lieudefabrication-europa-de","21":"pa_motif-grafik-de","22":"pa_motif-motivprint-de","23":"pa_motif-unifarben-de","24":"pa_saison-fruhjahrsommer-de","25":"pa_saison-herbstwinter-de","26":"pa_style-casual-de","27":"pa_style-original-de","28":"pa_style-trend-de","29":"pa_style-zeitlos-de","31":"first","32":"instock","33":"taxable","34":"shipping-taxable","35":"purchasable","36":"product-type-variable","37":"has-default-attributes"},"yoast_head":"<!-- This site is optimized with the Yoast SEO plugin v27.4 - https:\/\/yoast.com\/product\/yoast-seo-wordpress\/ -->\n<title>MIU faltbare Clutch aus feinem Leder und japanisch inspiriertem Stoff - Audacieuse-Galerie<\/title>\n<meta name=\"description\" content=\"MIU faltbare Clutch aus feinem Leder und japanisch inspiriertem Stoff - Audacieuse-Galerie\" \/>\n<meta name=\"robots\" content=\"index, follow, max-snippet:-1, max-image-preview:large, max-video-preview:-1\" \/>\n<link rel=\"canonical\" href=\"https:\/\/www.audacieuse-galerie.ch\/de\/produit\/sac-pochette-en-cuir-fin-et-tissu-d-inspiration-japonaise-2\/\" \/>\n<meta property=\"og:locale\" content=\"de_DE\" \/>\n<meta property=\"og:type\" content=\"article\" \/>\n<meta property=\"og:title\" content=\"MIU faltbare Clutch aus feinem Leder und japanisch inspiriertem Stoff - Audacieuse-Galerie\" \/>\n<meta property=\"og:description\" content=\"MIU faltbare Clutch aus feinem Leder und japanisch inspiriertem Stoff - Audacieuse-Galerie\" \/>\n<meta property=\"og:url\" content=\"https:\/\/www.audacieuse-galerie.ch\/de\/produit\/sac-pochette-en-cuir-fin-et-tissu-d-inspiration-japonaise-2\/\" \/>\n<meta property=\"og:site_name\" content=\"Audacieuse-Galerie\" \/>\n<meta property=\"article:publisher\" content=\"https:\/\/www.facebook.com\/audacieuse.galerie\" \/>\n<meta property=\"article:modified_time\" content=\"2026-04-16T10:24:59+00:00\" \/>\n<meta property=\"og:image\" content=\"https:\/\/www.audacieuse-galerie.ch\/wp-content\/uploads\/2021\/07\/1075-Sac-pochette-en-cuir-fin-et-tissu-dinspiration-japonaise.jpg\" \/>\n\t<meta property=\"og:image:width\" content=\"1000\" \/>\n\t<meta property=\"og:image:height\" content=\"997\" \/>\n\t<meta property=\"og:image:type\" content=\"image\/jpeg\" \/>\n<meta name=\"twitter:card\" content=\"summary_large_image\" \/>\n<script type=\"application\/ld+json\" class=\"yoast-schema-graph\">{\"@context\":\"https:\\\/\\\/schema.org\",\"@graph\":[{\"@type\":\"ImageObject\",\"inLanguage\":\"de\",\"@id\":\"https:\\\/\\\/www.audacieuse-galerie.ch\\\/de\\\/produit\\\/sac-pochette-en-cuir-fin-et-tissu-d-inspiration-japonaise-2\\\/#primaryimage\",\"url\":\"https:\\\/\\\/www.audacieuse-galerie.ch\\\/wp-content\\\/uploads\\\/2021\\\/07\\\/1075-Sac-pochette-en-cuir-fin-et-tissu-dinspiration-japonaise.jpg\",\"contentUrl\":\"https:\\\/\\\/www.audacieuse-galerie.ch\\\/wp-content\\\/uploads\\\/2021\\\/07\\\/1075-Sac-pochette-en-cuir-fin-et-tissu-dinspiration-japonaise.jpg\",\"width\":1000,\"height\":997,\"caption\":\"Clutch aus feinem Leder und japanisch inspiriertem Stoff\"}]}<\/script>\n<!-- \/ Yoast SEO plugin. -->","yoast_head_json":{"title":"MIU faltbare Clutch aus feinem Leder und japanisch inspiriertem Stoff - Audacieuse-Galerie","description":"MIU faltbare Clutch aus feinem Leder und japanisch inspiriertem Stoff - Audacieuse-Galerie","robots":{"index":"index","follow":"follow","max-snippet":"max-snippet:-1","max-image-preview":"max-image-preview:large","max-video-preview":"max-video-preview:-1"},"canonical":"https:\/\/www.audacieuse-galerie.ch\/de\/produit\/sac-pochette-en-cuir-fin-et-tissu-d-inspiration-japonaise-2\/","og_locale":"de_DE","og_type":"article","og_title":"MIU faltbare Clutch aus feinem Leder und japanisch inspiriertem Stoff - Audacieuse-Galerie","og_description":"MIU faltbare Clutch aus feinem Leder und japanisch inspiriertem Stoff - Audacieuse-Galerie","og_url":"https:\/\/www.audacieuse-galerie.ch\/de\/produit\/sac-pochette-en-cuir-fin-et-tissu-d-inspiration-japonaise-2\/","og_site_name":"Audacieuse-Galerie","article_publisher":"https:\/\/www.facebook.com\/audacieuse.galerie","article_modified_time":"2026-04-16T10:24:59+00:00","og_image":[{"width":1000,"height":997,"url":"https:\/\/www.audacieuse-galerie.ch\/wp-content\/uploads\/2021\/07\/1075-Sac-pochette-en-cuir-fin-et-tissu-dinspiration-japonaise.jpg","type":"image\/jpeg"}],"twitter_card":"summary_large_image","schema":{"@context":"https:\/\/schema.org","@graph":[{"@type":"ImageObject","inLanguage":"de","@id":"https:\/\/www.audacieuse-galerie.ch\/de\/produit\/sac-pochette-en-cuir-fin-et-tissu-d-inspiration-japonaise-2\/#primaryimage","url":"https:\/\/www.audacieuse-galerie.ch\/wp-content\/uploads\/2021\/07\/1075-Sac-pochette-en-cuir-fin-et-tissu-dinspiration-japonaise.jpg","contentUrl":"https:\/\/www.audacieuse-galerie.ch\/wp-content\/uploads\/2021\/07\/1075-Sac-pochette-en-cuir-fin-et-tissu-dinspiration-japonaise.jpg","width":1000,"height":997,"caption":"Clutch aus feinem Leder und japanisch inspiriertem Stoff"}]}},"jetpack_publicize_connections":[],"_links":{"self":[{"href":"https:\/\/www.audacieuse-galerie.ch\/de\/wp-json\/wp\/v2\/product\/56904","targetHints":{"allow":["GET"]}}],"collection":[{"href":"https:\/\/www.audacieuse-galerie.ch\/de\/wp-json\/wp\/v2\/product"}],"about":[{"href":"https:\/\/www.audacieuse-galerie.ch\/de\/wp-json\/wp\/v2\/types\/product"}],"replies":[{"embeddable":true,"href":"https:\/\/www.audacieuse-galerie.ch\/de\/wp-json\/wp\/v2\/comments?post=56904"}],"version-history":[{"count":1,"href":"https:\/\/www.audacieuse-galerie.ch\/de\/wp-json\/wp\/v2\/product\/56904\/revisions"}],"predecessor-version":[{"id":154465,"href":"https:\/\/www.audacieuse-galerie.ch\/de\/wp-json\/wp\/v2\/product\/56904\/revisions\/154465"}],"wp:featuredmedia":[{"embeddable":true,"href":"https:\/\/www.audacieuse-galerie.ch\/de\/wp-json\/wp\/v2\/media\/56790"}],"wp:attachment":[{"href":"https:\/\/www.audacieuse-galerie.ch\/de\/wp-json\/wp\/v2\/media?parent=56904"}],"wp:term":[{"taxonomy":"product_brand","embeddable":true,"href":"https:\/\/www.audacieuse-galerie.ch\/de\/wp-json\/wp\/v2\/product_brand?post=56904"},{"taxonomy":"product_cat","embeddable":true,"href":"https:\/\/www.audacieuse-galerie.ch\/de\/wp-json\/wp\/v2\/product_cat?post=56904"},{"taxonomy":"product_tag","embeddable":true,"href":"https:\/\/www.audacieuse-galerie.ch\/de\/wp-json\/wp\/v2\/product_tag?post=56904"}],"curies":[{"name":"wp","href":"https:\/\/api.w.org\/{rel}","templated":true}]}}