{"id":56987,"date":"2021-06-26T16:05:29","date_gmt":"2021-06-26T14:05:29","guid":{"rendered":"https:\/\/woo.audacieuse-galerie.ch\/produit\/pronghorns-2\/"},"modified":"2025-06-07T15:42:59","modified_gmt":"2025-06-07T13:42:59","slug":"pronghorns-2","status":"publish","type":"product","link":"https:\/\/www.audacieuse-galerie.ch\/de\/produit\/pronghorns-2\/","title":{"rendered":"Kunstfotografie: Gabelh\u00f6rner"},"content":{"rendered":"<p>Foto aus der Serie Yellowstone,Antelopes&#8230; Das Wort allein beschw\u00f6rt Bilder von Savannen und Afrika herauf. Die Hitze, die am Boden im d\u00fcnnen Schatten der Akazienb\u00e4ume vibriert. Daher das seltsame Gef\u00fchl, so weit weg vom schwarzen Kontinent unter dem Schnee die Antilope zu entdecken&#8230; der einzige Vertreter dieser Art in Amerika. Diese, durch die Gnade einer optischen T\u00e4uschung, eines spiegelartigen Zwillings, wirken wie eine zweik\u00f6pfige Chim\u00e4re.<\/p>\n","protected":false},"excerpt":{"rendered":"<p>Kunstfotografie: Daher das seltsame Gef\u00fchl, so weit weg vom schwarzen Kontinent, unter dem Schnee, die Antilope zu entdecken.<\/p>\n","protected":false},"featured_media":56922,"comment_status":"open","ping_status":"closed","template":"","meta":{"_glsr_average":0,"_glsr_ranking":0,"_glsr_reviews":0,"jetpack_publicize_message":"","jetpack_publicize_feature_enabled":true,"jetpack_social_post_already_shared":true,"jetpack_social_options":{"image_generator_settings":{"template":"highway","default_image_id":0,"font":"","enabled":false},"version":2}},"product_brand":[],"product_cat":[189,111,2203,240,237,243],"product_tag":[],"class_list":{"0":"post-56987","1":"product","2":"type-product","3":"status-publish","4":"has-post-thumbnail","6":"product_cat-amerika","7":"product_cat-farben","8":"product_cat-fotograf-thierry-vezon","9":"product_cat-landschaftsbilder","10":"product_cat-natur","11":"product_cat-tierwelt","12":"pa_dimensions-40x40cm-de","13":"pa_dimensions-60x60cm-de","14":"pa_dimensions-80x80cm-de","15":"pa_encadrements-dunklesholz-de","16":"pa_encadrements-farben-de","17":"pa_encadrements-grau-de","18":"pa_encadrements-hellesholz-de","19":"pa_encadrements-keinen-de","20":"pa_encadrements-schwarz-de","21":"pa_encadrements-weiss-de","22":"pa_oeuvresnumerotees_limitees-15exemplaren-de","23":"pa_protectionfinitionsupport-druckunterglasacrylglass-de","24":"pa_protectionfinitionsupport-20-kunstpapieraufdibondr_alu-de","25":"pa_protectionfinitionsupport-e4-kunstpapieraufholzplatteu-de","26":"pa_techniquesphotographiques-farbe-de","27":"pa_themesphotographiques-afrika-de","28":"pa_themesphotographiques-amerika-de","29":"pa_themesphotographiques-landschaft-de","30":"pa_themesphotographiques-natur-de","31":"pa_themesphotographiques-tierwelt-de","33":"first","34":"instock","35":"taxable","36":"shipping-taxable","37":"purchasable","38":"product-type-variable","39":"has-default-attributes"},"yoast_head":"<!-- This site is optimized with the Yoast SEO plugin v27.4 - https:\/\/yoast.com\/product\/yoast-seo-wordpress\/ -->\n<title>Kunstfotografie: Gabelh\u00f6rner - Audacieuse-Galerie<\/title>\n<meta name=\"description\" content=\"Kunstfotografie: Gabelh\u00f6rner - Audacieuse-Galerie\" \/>\n<meta name=\"robots\" content=\"index, follow, max-snippet:-1, max-image-preview:large, max-video-preview:-1\" \/>\n<link rel=\"canonical\" href=\"https:\/\/www.audacieuse-galerie.ch\/de\/produit\/pronghorns-2\/\" \/>\n<meta property=\"og:locale\" content=\"de_DE\" \/>\n<meta property=\"og:type\" content=\"article\" \/>\n<meta property=\"og:title\" content=\"Kunstfotografie: Gabelh\u00f6rner - Audacieuse-Galerie\" \/>\n<meta property=\"og:description\" content=\"Kunstfotografie: Gabelh\u00f6rner - Audacieuse-Galerie\" \/>\n<meta property=\"og:url\" content=\"https:\/\/www.audacieuse-galerie.ch\/de\/produit\/pronghorns-2\/\" \/>\n<meta property=\"og:site_name\" content=\"Audacieuse-Galerie\" \/>\n<meta property=\"article:publisher\" content=\"https:\/\/www.facebook.com\/audacieuse.galerie\" \/>\n<meta property=\"article:modified_time\" content=\"2025-06-07T13:42:59+00:00\" \/>\n<meta property=\"og:image\" content=\"https:\/\/www.audacieuse-galerie.ch\/wp-content\/uploads\/2021\/06\/992-Photographie-dart-Pronghorns.jpg\" \/>\n\t<meta property=\"og:image:width\" content=\"1000\" \/>\n\t<meta property=\"og:image:height\" content=\"1001\" \/>\n\t<meta property=\"og:image:type\" content=\"image\/jpeg\" \/>\n<meta name=\"twitter:card\" content=\"summary_large_image\" \/>\n<script type=\"application\/ld+json\" class=\"yoast-schema-graph\">{\"@context\":\"https:\\\/\\\/schema.org\",\"@graph\":[{\"@type\":\"ImageObject\",\"inLanguage\":\"de\",\"@id\":\"https:\\\/\\\/www.audacieuse-galerie.ch\\\/de\\\/produit\\\/pronghorns-2\\\/#primaryimage\",\"url\":\"https:\\\/\\\/www.audacieuse-galerie.ch\\\/wp-content\\\/uploads\\\/2021\\\/06\\\/992-Photographie-dart-Pronghorns.jpg\",\"contentUrl\":\"https:\\\/\\\/www.audacieuse-galerie.ch\\\/wp-content\\\/uploads\\\/2021\\\/06\\\/992-Photographie-dart-Pronghorns.jpg\",\"width\":1000,\"height\":1001,\"caption\":\"Kunstfotografie: Gabelh\u00f6rner\"}]}<\/script>\n<!-- \/ Yoast SEO plugin. -->","yoast_head_json":{"title":"Kunstfotografie: Gabelh\u00f6rner - Audacieuse-Galerie","description":"Kunstfotografie: Gabelh\u00f6rner - Audacieuse-Galerie","robots":{"index":"index","follow":"follow","max-snippet":"max-snippet:-1","max-image-preview":"max-image-preview:large","max-video-preview":"max-video-preview:-1"},"canonical":"https:\/\/www.audacieuse-galerie.ch\/de\/produit\/pronghorns-2\/","og_locale":"de_DE","og_type":"article","og_title":"Kunstfotografie: Gabelh\u00f6rner - Audacieuse-Galerie","og_description":"Kunstfotografie: Gabelh\u00f6rner - Audacieuse-Galerie","og_url":"https:\/\/www.audacieuse-galerie.ch\/de\/produit\/pronghorns-2\/","og_site_name":"Audacieuse-Galerie","article_publisher":"https:\/\/www.facebook.com\/audacieuse.galerie","article_modified_time":"2025-06-07T13:42:59+00:00","og_image":[{"width":1000,"height":1001,"url":"https:\/\/www.audacieuse-galerie.ch\/wp-content\/uploads\/2021\/06\/992-Photographie-dart-Pronghorns.jpg","type":"image\/jpeg"}],"twitter_card":"summary_large_image","schema":{"@context":"https:\/\/schema.org","@graph":[{"@type":"ImageObject","inLanguage":"de","@id":"https:\/\/www.audacieuse-galerie.ch\/de\/produit\/pronghorns-2\/#primaryimage","url":"https:\/\/www.audacieuse-galerie.ch\/wp-content\/uploads\/2021\/06\/992-Photographie-dart-Pronghorns.jpg","contentUrl":"https:\/\/www.audacieuse-galerie.ch\/wp-content\/uploads\/2021\/06\/992-Photographie-dart-Pronghorns.jpg","width":1000,"height":1001,"caption":"Kunstfotografie: Gabelh\u00f6rner"}]}},"jetpack_publicize_connections":[],"_links":{"self":[{"href":"https:\/\/www.audacieuse-galerie.ch\/de\/wp-json\/wp\/v2\/product\/56987","targetHints":{"allow":["GET"]}}],"collection":[{"href":"https:\/\/www.audacieuse-galerie.ch\/de\/wp-json\/wp\/v2\/product"}],"about":[{"href":"https:\/\/www.audacieuse-galerie.ch\/de\/wp-json\/wp\/v2\/types\/product"}],"replies":[{"embeddable":true,"href":"https:\/\/www.audacieuse-galerie.ch\/de\/wp-json\/wp\/v2\/comments?post=56987"}],"version-history":[{"count":0,"href":"https:\/\/www.audacieuse-galerie.ch\/de\/wp-json\/wp\/v2\/product\/56987\/revisions"}],"wp:featuredmedia":[{"embeddable":true,"href":"https:\/\/www.audacieuse-galerie.ch\/de\/wp-json\/wp\/v2\/media\/56922"}],"wp:attachment":[{"href":"https:\/\/www.audacieuse-galerie.ch\/de\/wp-json\/wp\/v2\/media?parent=56987"}],"wp:term":[{"taxonomy":"product_brand","embeddable":true,"href":"https:\/\/www.audacieuse-galerie.ch\/de\/wp-json\/wp\/v2\/product_brand?post=56987"},{"taxonomy":"product_cat","embeddable":true,"href":"https:\/\/www.audacieuse-galerie.ch\/de\/wp-json\/wp\/v2\/product_cat?post=56987"},{"taxonomy":"product_tag","embeddable":true,"href":"https:\/\/www.audacieuse-galerie.ch\/de\/wp-json\/wp\/v2\/product_tag?post=56987"}],"curies":[{"name":"wp","href":"https:\/\/api.w.org\/{rel}","templated":true}]}}