{"id":57182,"date":"2021-06-26T17:17:36","date_gmt":"2021-06-26T15:17:36","guid":{"rendered":"https:\/\/woo.audacieuse-galerie.ch\/produit\/fotografie-tatanka-kuenstler-thierry-vezon\/"},"modified":"2025-06-07T15:47:06","modified_gmt":"2025-06-07T13:47:06","slug":"fotografie-tatanka-kuenstler-thierry-vezon","status":"publish","type":"product","link":"https:\/\/www.audacieuse-galerie.ch\/de\/produit\/fotografie-tatanka-kuenstler-thierry-vezon\/","title":{"rendered":"Foto: Tatanka. K\u00fcnstler: Thierry Vezon."},"content":{"rendered":"<p>Foto aus der Yellowstone-Serie, Der Yellowstone Park in Wyoming wurde 1872 auf Initiative von Pr\u00e4sident Ulysses Grant gegr\u00fcndet. Es war das erste Naturschutzgebiet in der Geschichte, und seine Schaffung ging mit der Gr\u00fcndung der Indianerreservate einher, in denen die Amerikaner behaupteten, die sie die Indianer nannten, zu konzentrieren und einzud\u00e4mmen. Nachdem sie eine Welt erobert und beherrscht hatten, wollten sie einige Fragmente davon bewahren, frei von allen Angriffen und jeglichem Fortschritt. Der Park ist ber\u00fchmt f\u00fcr seine Schluchten, f\u00fcr seine Geysire, f\u00fcr den Reichtum seiner Gew\u00e4sser und die Tiefe seiner W\u00e4lder. Er ist auch f\u00fcr die Rettung des Bisons verantwortlich, einem emblematischen Tier der Great Plains. Im Jahre 1902 gab es nur etwa f\u00fcnfzig von ihnen im Park; Heute sind es mehr als viertausend. Kraftvoll, eigensinnig, die Farbe von Fels und Rinde, niemand dr\u00fcckt besser als er die tellurischen Kr\u00e4fte eines Landes aus, das jungfr\u00e4ulich geblieben ist.<\/p>\n","protected":false},"excerpt":{"rendered":"<p>Kraftvoll, eigensinnig, die Farbe von Gestein und Rinde, niemand dr\u00fcckt besser aus als sie die tellurischen Kr\u00e4fte eines Landes, das jungfr\u00e4ulich geblieben ist. Im Jahre 1902 gab es nur etwa f\u00fcnfzig von ihnen im Park; Heute gibt es mehr als viertausend Bisons.<\/p>\n","protected":false},"featured_media":57117,"comment_status":"open","ping_status":"closed","template":"","meta":{"_glsr_average":0,"_glsr_ranking":0,"_glsr_reviews":0,"jetpack_publicize_message":"","jetpack_publicize_feature_enabled":true,"jetpack_social_post_already_shared":true,"jetpack_social_options":{"image_generator_settings":{"template":"highway","default_image_id":0,"font":"","enabled":false},"version":2}},"product_brand":[],"product_cat":[189,63,111,2203,240,237,243],"product_tag":[],"class_list":{"0":"post-57182","1":"product","2":"type-product","3":"status-publish","4":"has-post-thumbnail","6":"product_cat-amerika","7":"product_cat-auswahlkurator","8":"product_cat-farben","9":"product_cat-fotograf-thierry-vezon","10":"product_cat-landschaftsbilder","11":"product_cat-natur","12":"product_cat-tierwelt","13":"pa_dimensions-40x60cm-de","14":"pa_dimensions-50x75cm-de","15":"pa_dimensions-60x90cm-de","16":"pa_encadrements-dunklesholz-de","17":"pa_encadrements-farben-de","18":"pa_encadrements-grau-de","19":"pa_encadrements-hellesholz-de","20":"pa_encadrements-keinen-de","21":"pa_encadrements-schwarz-de","22":"pa_encadrements-weiss-de","23":"pa_oeuvresnumerotees_limitees-15exemplaren-de","24":"pa_protectionfinitionsupport-druckunterglasacrylglass-de","25":"pa_protectionfinitionsupport-e4-kunstpapieraufholzplatteu-de","26":"pa_protectionfinitionsupport-20-kunstpapieraufdibondr_alu-de","27":"pa_techniquesphotographiques-farbe-de","28":"pa_themesphotographiques-amerika-de","29":"pa_themesphotographiques-landschaft-de","30":"pa_themesphotographiques-natur-de","31":"pa_themesphotographiques-tierwelt-de","33":"first","34":"instock","35":"taxable","36":"shipping-taxable","37":"purchasable","38":"product-type-variable","39":"has-default-attributes"},"yoast_head":"<!-- This site is optimized with the Yoast SEO plugin v27.5 - https:\/\/yoast.com\/product\/yoast-seo-wordpress\/ -->\n<title>Foto: Tatanka. K\u00fcnstler: Thierry Vezon. - Audacieuse-Galerie<\/title>\n<meta name=\"description\" content=\"Foto: Tatanka. K\u00fcnstler: Thierry Vezon. - Audacieuse-Galerie\" \/>\n<meta name=\"robots\" content=\"index, follow, max-snippet:-1, max-image-preview:large, max-video-preview:-1\" \/>\n<link rel=\"canonical\" href=\"https:\/\/www.audacieuse-galerie.ch\/de\/produit\/fotografie-tatanka-kuenstler-thierry-vezon\/\" \/>\n<meta property=\"og:locale\" content=\"de_DE\" \/>\n<meta property=\"og:type\" content=\"article\" \/>\n<meta property=\"og:title\" content=\"Foto: Tatanka. K\u00fcnstler: Thierry Vezon. - Audacieuse-Galerie\" \/>\n<meta property=\"og:description\" content=\"Foto: Tatanka. K\u00fcnstler: Thierry Vezon. - Audacieuse-Galerie\" \/>\n<meta property=\"og:url\" content=\"https:\/\/www.audacieuse-galerie.ch\/de\/produit\/fotografie-tatanka-kuenstler-thierry-vezon\/\" \/>\n<meta property=\"og:site_name\" content=\"Audacieuse-Galerie\" \/>\n<meta property=\"article:publisher\" content=\"https:\/\/www.facebook.com\/audacieuse.galerie\" \/>\n<meta property=\"article:modified_time\" content=\"2025-06-07T13:47:06+00:00\" \/>\n<meta property=\"og:image\" content=\"https:\/\/www.audacieuse-galerie.ch\/wp-content\/uploads\/2021\/06\/1317-Photographie-Tatanka.-Artiste-Thierry-Vezon.jpg\" \/>\n\t<meta property=\"og:image:width\" content=\"1000\" \/>\n\t<meta property=\"og:image:height\" content=\"571\" \/>\n\t<meta property=\"og:image:type\" content=\"image\/jpeg\" \/>\n<meta name=\"twitter:card\" content=\"summary_large_image\" \/>\n<meta name=\"twitter:label1\" content=\"Gesch\u00e4tzte Lesezeit\" \/>\n\t<meta name=\"twitter:data1\" content=\"1 Minute\" \/>\n<script type=\"application\/ld+json\" class=\"yoast-schema-graph\">{\"@context\":\"https:\\\/\\\/schema.org\",\"@graph\":[{\"@type\":\"WebPage\",\"@id\":\"https:\\\/\\\/www.audacieuse-galerie.ch\\\/de\\\/produit\\\/fotografie-tatanka-kuenstler-thierry-vezon\\\/\",\"url\":\"https:\\\/\\\/www.audacieuse-galerie.ch\\\/de\\\/produit\\\/fotografie-tatanka-kuenstler-thierry-vezon\\\/\",\"name\":\"Foto: Tatanka. K\u00fcnstler: Thierry Vezon. - Audacieuse-Galerie\",\"isPartOf\":{\"@id\":\"https:\\\/\\\/www.audacieuse-galerie.ch\\\/de\\\/#website\"},\"primaryImageOfPage\":{\"@id\":\"https:\\\/\\\/www.audacieuse-galerie.ch\\\/de\\\/produit\\\/fotografie-tatanka-kuenstler-thierry-vezon\\\/#primaryimage\"},\"image\":{\"@id\":\"https:\\\/\\\/www.audacieuse-galerie.ch\\\/de\\\/produit\\\/fotografie-tatanka-kuenstler-thierry-vezon\\\/#primaryimage\"},\"thumbnailUrl\":\"https:\\\/\\\/www.audacieuse-galerie.ch\\\/wp-content\\\/uploads\\\/2021\\\/06\\\/1317-Photographie-Tatanka.-Artiste-Thierry-Vezon.jpg\",\"datePublished\":\"2021-06-26T15:17:36+00:00\",\"dateModified\":\"2025-06-07T13:47:06+00:00\",\"description\":\"Foto: Tatanka. K\u00fcnstler: Thierry Vezon. - Audacieuse-Galerie\",\"breadcrumb\":{\"@id\":\"https:\\\/\\\/www.audacieuse-galerie.ch\\\/de\\\/produit\\\/fotografie-tatanka-kuenstler-thierry-vezon\\\/#breadcrumb\"},\"inLanguage\":\"de\",\"potentialAction\":[{\"@type\":\"ReadAction\",\"target\":[\"https:\\\/\\\/www.audacieuse-galerie.ch\\\/de\\\/produit\\\/fotografie-tatanka-kuenstler-thierry-vezon\\\/\"]}]},{\"@type\":\"ImageObject\",\"inLanguage\":\"de\",\"@id\":\"https:\\\/\\\/www.audacieuse-galerie.ch\\\/de\\\/produit\\\/fotografie-tatanka-kuenstler-thierry-vezon\\\/#primaryimage\",\"url\":\"https:\\\/\\\/www.audacieuse-galerie.ch\\\/wp-content\\\/uploads\\\/2021\\\/06\\\/1317-Photographie-Tatanka.-Artiste-Thierry-Vezon.jpg\",\"contentUrl\":\"https:\\\/\\\/www.audacieuse-galerie.ch\\\/wp-content\\\/uploads\\\/2021\\\/06\\\/1317-Photographie-Tatanka.-Artiste-Thierry-Vezon.jpg\",\"width\":1000,\"height\":571,\"caption\":\"Foto: Tatanka. K\u00fcnstler: Thierry Vezon.\"},{\"@type\":\"BreadcrumbList\",\"@id\":\"https:\\\/\\\/www.audacieuse-galerie.ch\\\/de\\\/produit\\\/fotografie-tatanka-kuenstler-thierry-vezon\\\/#breadcrumb\",\"itemListElement\":[{\"@type\":\"ListItem\",\"position\":1,\"name\":\"Heim\",\"item\":\"https:\\\/\\\/www.audacieuse-galerie.ch\\\/de\\\/startseite-demo\\\/\"},{\"@type\":\"ListItem\",\"position\":2,\"name\":\"Laden\",\"item\":\"https:\\\/\\\/www.audacieuse-galerie.ch\\\/de\\\/laden\\\/\"},{\"@type\":\"ListItem\",\"position\":3,\"name\":\"Foto: Tatanka. K\u00fcnstler: Thierry Vezon.\"}]},{\"@type\":\"WebSite\",\"@id\":\"https:\\\/\\\/www.audacieuse-galerie.ch\\\/de\\\/#website\",\"url\":\"https:\\\/\\\/www.audacieuse-galerie.ch\\\/de\\\/\",\"name\":\"Audacieuse-Galerie\",\"description\":\"Mode et Images\",\"potentialAction\":[{\"@type\":\"SearchAction\",\"target\":{\"@type\":\"EntryPoint\",\"urlTemplate\":\"https:\\\/\\\/www.audacieuse-galerie.ch\\\/de\\\/?s={search_term_string}\"},\"query-input\":{\"@type\":\"PropertyValueSpecification\",\"valueRequired\":true,\"valueName\":\"search_term_string\"}}],\"inLanguage\":\"de\"}]}<\/script>\n<!-- \/ Yoast SEO plugin. -->","yoast_head_json":{"title":"Foto: Tatanka. K\u00fcnstler: Thierry Vezon. - Audacieuse-Galerie","description":"Foto: Tatanka. K\u00fcnstler: Thierry Vezon. - Audacieuse-Galerie","robots":{"index":"index","follow":"follow","max-snippet":"max-snippet:-1","max-image-preview":"max-image-preview:large","max-video-preview":"max-video-preview:-1"},"canonical":"https:\/\/www.audacieuse-galerie.ch\/de\/produit\/fotografie-tatanka-kuenstler-thierry-vezon\/","og_locale":"de_DE","og_type":"article","og_title":"Foto: Tatanka. K\u00fcnstler: Thierry Vezon. - Audacieuse-Galerie","og_description":"Foto: Tatanka. K\u00fcnstler: Thierry Vezon. - Audacieuse-Galerie","og_url":"https:\/\/www.audacieuse-galerie.ch\/de\/produit\/fotografie-tatanka-kuenstler-thierry-vezon\/","og_site_name":"Audacieuse-Galerie","article_publisher":"https:\/\/www.facebook.com\/audacieuse.galerie","article_modified_time":"2025-06-07T13:47:06+00:00","og_image":[{"width":1000,"height":571,"url":"https:\/\/www.audacieuse-galerie.ch\/wp-content\/uploads\/2021\/06\/1317-Photographie-Tatanka.-Artiste-Thierry-Vezon.jpg","type":"image\/jpeg"}],"twitter_card":"summary_large_image","twitter_misc":{"Gesch\u00e4tzte Lesezeit":"1 Minute"},"schema":{"@context":"https:\/\/schema.org","@graph":[{"@type":"WebPage","@id":"https:\/\/www.audacieuse-galerie.ch\/de\/produit\/fotografie-tatanka-kuenstler-thierry-vezon\/","url":"https:\/\/www.audacieuse-galerie.ch\/de\/produit\/fotografie-tatanka-kuenstler-thierry-vezon\/","name":"Foto: Tatanka. K\u00fcnstler: Thierry Vezon. - Audacieuse-Galerie","isPartOf":{"@id":"https:\/\/www.audacieuse-galerie.ch\/de\/#website"},"primaryImageOfPage":{"@id":"https:\/\/www.audacieuse-galerie.ch\/de\/produit\/fotografie-tatanka-kuenstler-thierry-vezon\/#primaryimage"},"image":{"@id":"https:\/\/www.audacieuse-galerie.ch\/de\/produit\/fotografie-tatanka-kuenstler-thierry-vezon\/#primaryimage"},"thumbnailUrl":"https:\/\/www.audacieuse-galerie.ch\/wp-content\/uploads\/2021\/06\/1317-Photographie-Tatanka.-Artiste-Thierry-Vezon.jpg","datePublished":"2021-06-26T15:17:36+00:00","dateModified":"2025-06-07T13:47:06+00:00","description":"Foto: Tatanka. K\u00fcnstler: Thierry Vezon. - Audacieuse-Galerie","breadcrumb":{"@id":"https:\/\/www.audacieuse-galerie.ch\/de\/produit\/fotografie-tatanka-kuenstler-thierry-vezon\/#breadcrumb"},"inLanguage":"de","potentialAction":[{"@type":"ReadAction","target":["https:\/\/www.audacieuse-galerie.ch\/de\/produit\/fotografie-tatanka-kuenstler-thierry-vezon\/"]}]},{"@type":"ImageObject","inLanguage":"de","@id":"https:\/\/www.audacieuse-galerie.ch\/de\/produit\/fotografie-tatanka-kuenstler-thierry-vezon\/#primaryimage","url":"https:\/\/www.audacieuse-galerie.ch\/wp-content\/uploads\/2021\/06\/1317-Photographie-Tatanka.-Artiste-Thierry-Vezon.jpg","contentUrl":"https:\/\/www.audacieuse-galerie.ch\/wp-content\/uploads\/2021\/06\/1317-Photographie-Tatanka.-Artiste-Thierry-Vezon.jpg","width":1000,"height":571,"caption":"Foto: Tatanka. K\u00fcnstler: Thierry Vezon."},{"@type":"BreadcrumbList","@id":"https:\/\/www.audacieuse-galerie.ch\/de\/produit\/fotografie-tatanka-kuenstler-thierry-vezon\/#breadcrumb","itemListElement":[{"@type":"ListItem","position":1,"name":"Heim","item":"https:\/\/www.audacieuse-galerie.ch\/de\/startseite-demo\/"},{"@type":"ListItem","position":2,"name":"Laden","item":"https:\/\/www.audacieuse-galerie.ch\/de\/laden\/"},{"@type":"ListItem","position":3,"name":"Foto: Tatanka. K\u00fcnstler: Thierry Vezon."}]},{"@type":"WebSite","@id":"https:\/\/www.audacieuse-galerie.ch\/de\/#website","url":"https:\/\/www.audacieuse-galerie.ch\/de\/","name":"Audacieuse-Galerie","description":"Mode et Images","potentialAction":[{"@type":"SearchAction","target":{"@type":"EntryPoint","urlTemplate":"https:\/\/www.audacieuse-galerie.ch\/de\/?s={search_term_string}"},"query-input":{"@type":"PropertyValueSpecification","valueRequired":true,"valueName":"search_term_string"}}],"inLanguage":"de"}]}},"jetpack_publicize_connections":[],"_links":{"self":[{"href":"https:\/\/www.audacieuse-galerie.ch\/de\/wp-json\/wp\/v2\/product\/57182","targetHints":{"allow":["GET"]}}],"collection":[{"href":"https:\/\/www.audacieuse-galerie.ch\/de\/wp-json\/wp\/v2\/product"}],"about":[{"href":"https:\/\/www.audacieuse-galerie.ch\/de\/wp-json\/wp\/v2\/types\/product"}],"replies":[{"embeddable":true,"href":"https:\/\/www.audacieuse-galerie.ch\/de\/wp-json\/wp\/v2\/comments?post=57182"}],"version-history":[{"count":0,"href":"https:\/\/www.audacieuse-galerie.ch\/de\/wp-json\/wp\/v2\/product\/57182\/revisions"}],"wp:featuredmedia":[{"embeddable":true,"href":"https:\/\/www.audacieuse-galerie.ch\/de\/wp-json\/wp\/v2\/media\/57117"}],"wp:attachment":[{"href":"https:\/\/www.audacieuse-galerie.ch\/de\/wp-json\/wp\/v2\/media?parent=57182"}],"wp:term":[{"taxonomy":"product_brand","embeddable":true,"href":"https:\/\/www.audacieuse-galerie.ch\/de\/wp-json\/wp\/v2\/product_brand?post=57182"},{"taxonomy":"product_cat","embeddable":true,"href":"https:\/\/www.audacieuse-galerie.ch\/de\/wp-json\/wp\/v2\/product_cat?post=57182"},{"taxonomy":"product_tag","embeddable":true,"href":"https:\/\/www.audacieuse-galerie.ch\/de\/wp-json\/wp\/v2\/product_tag?post=57182"}],"curies":[{"name":"wp","href":"https:\/\/api.w.org\/{rel}","templated":true}]}}