{"id":57377,"date":"2021-06-26T17:44:17","date_gmt":"2021-06-26T15:44:17","guid":{"rendered":"https:\/\/woo.audacieuse-galerie.ch\/produit\/die-seele-des-yellowstone\/"},"modified":"2025-06-07T15:46:44","modified_gmt":"2025-06-07T13:46:44","slug":"die-seele-des-yellowstone","status":"publish","type":"product","link":"https:\/\/www.audacieuse-galerie.ch\/de\/produit\/die-seele-des-yellowstone\/","title":{"rendered":"Die Seele des Yellowstone"},"content":{"rendered":"<p>Foto aus der Yellowstone-Serie, Wolf oder Kojote? Aus der Ferne ist es oft schwierig, die wahre Identit\u00e4t dieses verstohlenen Geistes, dieses Geistes, der den Park heimsucht, zu sagen. Der Kojote hat nie aufgeh\u00f6rt, pr\u00e4sent zu sein. Der Wolf seinerseits war Mitte der 1930er Jahre verschwunden. Im Jahr 1995 wurde beschlossen, ihn wieder im Yellowstone anzusiedeln, und zu diesem Zweck wurden etwa drei\u00dfig graue W\u00f6lfe aus dem Mackenzie River Valley in Kanada gefangen. Zehn Jahre sp\u00e4ter konnte diese Wiederansiedlung als Erfolg gewertet werden, denn fast einhundertzwanzig Tiere bev\u00f6lkerten das Reservat. Heute, und seit diesem Fokus der Wiederbesiedlung, hat der Wolf seinen Platz im \u00d6kosystem von Wyoming, Montana, Idaho zur\u00fcckerobert. Seine Anwesenheit hat die Zahl der Elche halbiert, was das nat\u00fcrliche Gleichgewicht der Region bedroht.<\/p>\n","protected":false},"excerpt":{"rendered":"<p>Foto aus der Yellowstone-Serie, Wolf oder Kojote? Aus der Ferne ist es oft schwierig, die wahre Identit\u00e4t dieses verstohlenen Geistes, dieses Geistes, der den Park heimsucht, zu sagen. Der Kojote hat nie aufgeh\u00f6rt, pr\u00e4sent zu sein. Der Wolf seinerseits war Mitte der 1930er Jahre verschwunden.<\/p>\n","protected":false},"featured_media":57312,"comment_status":"open","ping_status":"closed","template":"","meta":{"_glsr_average":0,"_glsr_ranking":0,"_glsr_reviews":0,"jetpack_publicize_message":"","jetpack_publicize_feature_enabled":true,"jetpack_social_post_already_shared":true,"jetpack_social_options":{"image_generator_settings":{"template":"highway","default_image_id":0,"font":"","enabled":false},"version":2}},"product_brand":[],"product_cat":[189,111,2203,240,237,243],"product_tag":[],"class_list":{"0":"post-57377","1":"product","2":"type-product","3":"status-publish","4":"has-post-thumbnail","6":"product_cat-amerika","7":"product_cat-farben","8":"product_cat-fotograf-thierry-vezon","9":"product_cat-landschaftsbilder","10":"product_cat-natur","11":"product_cat-tierwelt","12":"pa_dimensions-40x60cm-de","13":"pa_dimensions-50x75cm-de","14":"pa_dimensions-60x90cm-de","15":"pa_encadrements-dunklesholz-de","16":"pa_encadrements-farben-de","17":"pa_encadrements-grau-de","18":"pa_encadrements-hellesholz-de","19":"pa_encadrements-keinen-de","20":"pa_encadrements-schwarz-de","21":"pa_encadrements-weiss-de","22":"pa_oeuvresnumerotees_limitees-15exemplaren-de","23":"pa_protectionfinitionsupport-druckunterglasacrylglass-de","24":"pa_protectionfinitionsupport-e4-kunstpapieraufholzplatteu-de","25":"pa_protectionfinitionsupport-20-kunstpapieraufdibondr_alu-de","26":"pa_techniquesphotographiques-farbe-de","27":"pa_themesphotographiques-amerika-de","28":"pa_themesphotographiques-landschaft-de","29":"pa_themesphotographiques-natur-de","30":"pa_themesphotographiques-tierwelt-de","32":"first","33":"instock","34":"taxable","35":"shipping-taxable","36":"purchasable","37":"product-type-variable","38":"has-default-attributes"},"yoast_head":"<!-- This site is optimized with the Yoast SEO plugin v27.5 - https:\/\/yoast.com\/product\/yoast-seo-wordpress\/ -->\n<title>Die Seele des Yellowstone - Audacieuse-Galerie<\/title>\n<meta name=\"description\" content=\"Die Seele des Yellowstone - Audacieuse-Galerie\" \/>\n<meta name=\"robots\" content=\"index, follow, max-snippet:-1, max-image-preview:large, max-video-preview:-1\" \/>\n<link rel=\"canonical\" href=\"https:\/\/www.audacieuse-galerie.ch\/de\/produit\/die-seele-des-yellowstone\/\" \/>\n<meta property=\"og:locale\" content=\"de_DE\" \/>\n<meta property=\"og:type\" content=\"article\" \/>\n<meta property=\"og:title\" content=\"Die Seele des Yellowstone - Audacieuse-Galerie\" \/>\n<meta property=\"og:description\" content=\"Die Seele des Yellowstone - Audacieuse-Galerie\" \/>\n<meta property=\"og:url\" content=\"https:\/\/www.audacieuse-galerie.ch\/de\/produit\/die-seele-des-yellowstone\/\" \/>\n<meta property=\"og:site_name\" content=\"Audacieuse-Galerie\" \/>\n<meta property=\"article:publisher\" content=\"https:\/\/www.facebook.com\/audacieuse.galerie\" \/>\n<meta property=\"article:modified_time\" content=\"2025-06-07T13:46:44+00:00\" \/>\n<meta property=\"og:image\" content=\"https:\/\/www.audacieuse-galerie.ch\/wp-content\/uploads\/2021\/06\/1318-Lame-du-Yellowstone.jpg\" \/>\n\t<meta property=\"og:image:width\" content=\"1000\" \/>\n\t<meta property=\"og:image:height\" content=\"571\" \/>\n\t<meta property=\"og:image:type\" content=\"image\/jpeg\" \/>\n<meta name=\"twitter:card\" content=\"summary_large_image\" \/>\n<meta name=\"twitter:label1\" content=\"Gesch\u00e4tzte Lesezeit\" \/>\n\t<meta name=\"twitter:data1\" content=\"1 Minute\" \/>\n<script type=\"application\/ld+json\" class=\"yoast-schema-graph\">{\"@context\":\"https:\\\/\\\/schema.org\",\"@graph\":[{\"@type\":\"WebPage\",\"@id\":\"https:\\\/\\\/www.audacieuse-galerie.ch\\\/de\\\/produit\\\/die-seele-des-yellowstone\\\/\",\"url\":\"https:\\\/\\\/www.audacieuse-galerie.ch\\\/de\\\/produit\\\/die-seele-des-yellowstone\\\/\",\"name\":\"Die Seele des Yellowstone - Audacieuse-Galerie\",\"isPartOf\":{\"@id\":\"https:\\\/\\\/www.audacieuse-galerie.ch\\\/de\\\/#website\"},\"primaryImageOfPage\":{\"@id\":\"https:\\\/\\\/www.audacieuse-galerie.ch\\\/de\\\/produit\\\/die-seele-des-yellowstone\\\/#primaryimage\"},\"image\":{\"@id\":\"https:\\\/\\\/www.audacieuse-galerie.ch\\\/de\\\/produit\\\/die-seele-des-yellowstone\\\/#primaryimage\"},\"thumbnailUrl\":\"https:\\\/\\\/www.audacieuse-galerie.ch\\\/wp-content\\\/uploads\\\/2021\\\/06\\\/1318-Lame-du-Yellowstone.jpg\",\"datePublished\":\"2021-06-26T15:44:17+00:00\",\"dateModified\":\"2025-06-07T13:46:44+00:00\",\"description\":\"Die Seele des Yellowstone - Audacieuse-Galerie\",\"breadcrumb\":{\"@id\":\"https:\\\/\\\/www.audacieuse-galerie.ch\\\/de\\\/produit\\\/die-seele-des-yellowstone\\\/#breadcrumb\"},\"inLanguage\":\"de\",\"potentialAction\":[{\"@type\":\"ReadAction\",\"target\":[\"https:\\\/\\\/www.audacieuse-galerie.ch\\\/de\\\/produit\\\/die-seele-des-yellowstone\\\/\"]}]},{\"@type\":\"ImageObject\",\"inLanguage\":\"de\",\"@id\":\"https:\\\/\\\/www.audacieuse-galerie.ch\\\/de\\\/produit\\\/die-seele-des-yellowstone\\\/#primaryimage\",\"url\":\"https:\\\/\\\/www.audacieuse-galerie.ch\\\/wp-content\\\/uploads\\\/2021\\\/06\\\/1318-Lame-du-Yellowstone.jpg\",\"contentUrl\":\"https:\\\/\\\/www.audacieuse-galerie.ch\\\/wp-content\\\/uploads\\\/2021\\\/06\\\/1318-Lame-du-Yellowstone.jpg\",\"width\":1000,\"height\":571,\"caption\":\"Die Seele des Yellowstone\"},{\"@type\":\"BreadcrumbList\",\"@id\":\"https:\\\/\\\/www.audacieuse-galerie.ch\\\/de\\\/produit\\\/die-seele-des-yellowstone\\\/#breadcrumb\",\"itemListElement\":[{\"@type\":\"ListItem\",\"position\":1,\"name\":\"Heim\",\"item\":\"https:\\\/\\\/www.audacieuse-galerie.ch\\\/de\\\/startseite-demo\\\/\"},{\"@type\":\"ListItem\",\"position\":2,\"name\":\"Laden\",\"item\":\"https:\\\/\\\/www.audacieuse-galerie.ch\\\/de\\\/laden\\\/\"},{\"@type\":\"ListItem\",\"position\":3,\"name\":\"Die Seele des Yellowstone\"}]},{\"@type\":\"WebSite\",\"@id\":\"https:\\\/\\\/www.audacieuse-galerie.ch\\\/de\\\/#website\",\"url\":\"https:\\\/\\\/www.audacieuse-galerie.ch\\\/de\\\/\",\"name\":\"Audacieuse-Galerie\",\"description\":\"Mode et Images\",\"potentialAction\":[{\"@type\":\"SearchAction\",\"target\":{\"@type\":\"EntryPoint\",\"urlTemplate\":\"https:\\\/\\\/www.audacieuse-galerie.ch\\\/de\\\/?s={search_term_string}\"},\"query-input\":{\"@type\":\"PropertyValueSpecification\",\"valueRequired\":true,\"valueName\":\"search_term_string\"}}],\"inLanguage\":\"de\"}]}<\/script>\n<!-- \/ Yoast SEO plugin. -->","yoast_head_json":{"title":"Die Seele des Yellowstone - Audacieuse-Galerie","description":"Die Seele des Yellowstone - Audacieuse-Galerie","robots":{"index":"index","follow":"follow","max-snippet":"max-snippet:-1","max-image-preview":"max-image-preview:large","max-video-preview":"max-video-preview:-1"},"canonical":"https:\/\/www.audacieuse-galerie.ch\/de\/produit\/die-seele-des-yellowstone\/","og_locale":"de_DE","og_type":"article","og_title":"Die Seele des Yellowstone - Audacieuse-Galerie","og_description":"Die Seele des Yellowstone - Audacieuse-Galerie","og_url":"https:\/\/www.audacieuse-galerie.ch\/de\/produit\/die-seele-des-yellowstone\/","og_site_name":"Audacieuse-Galerie","article_publisher":"https:\/\/www.facebook.com\/audacieuse.galerie","article_modified_time":"2025-06-07T13:46:44+00:00","og_image":[{"width":1000,"height":571,"url":"https:\/\/www.audacieuse-galerie.ch\/wp-content\/uploads\/2021\/06\/1318-Lame-du-Yellowstone.jpg","type":"image\/jpeg"}],"twitter_card":"summary_large_image","twitter_misc":{"Gesch\u00e4tzte Lesezeit":"1 Minute"},"schema":{"@context":"https:\/\/schema.org","@graph":[{"@type":"WebPage","@id":"https:\/\/www.audacieuse-galerie.ch\/de\/produit\/die-seele-des-yellowstone\/","url":"https:\/\/www.audacieuse-galerie.ch\/de\/produit\/die-seele-des-yellowstone\/","name":"Die Seele des Yellowstone - Audacieuse-Galerie","isPartOf":{"@id":"https:\/\/www.audacieuse-galerie.ch\/de\/#website"},"primaryImageOfPage":{"@id":"https:\/\/www.audacieuse-galerie.ch\/de\/produit\/die-seele-des-yellowstone\/#primaryimage"},"image":{"@id":"https:\/\/www.audacieuse-galerie.ch\/de\/produit\/die-seele-des-yellowstone\/#primaryimage"},"thumbnailUrl":"https:\/\/www.audacieuse-galerie.ch\/wp-content\/uploads\/2021\/06\/1318-Lame-du-Yellowstone.jpg","datePublished":"2021-06-26T15:44:17+00:00","dateModified":"2025-06-07T13:46:44+00:00","description":"Die Seele des Yellowstone - Audacieuse-Galerie","breadcrumb":{"@id":"https:\/\/www.audacieuse-galerie.ch\/de\/produit\/die-seele-des-yellowstone\/#breadcrumb"},"inLanguage":"de","potentialAction":[{"@type":"ReadAction","target":["https:\/\/www.audacieuse-galerie.ch\/de\/produit\/die-seele-des-yellowstone\/"]}]},{"@type":"ImageObject","inLanguage":"de","@id":"https:\/\/www.audacieuse-galerie.ch\/de\/produit\/die-seele-des-yellowstone\/#primaryimage","url":"https:\/\/www.audacieuse-galerie.ch\/wp-content\/uploads\/2021\/06\/1318-Lame-du-Yellowstone.jpg","contentUrl":"https:\/\/www.audacieuse-galerie.ch\/wp-content\/uploads\/2021\/06\/1318-Lame-du-Yellowstone.jpg","width":1000,"height":571,"caption":"Die Seele des Yellowstone"},{"@type":"BreadcrumbList","@id":"https:\/\/www.audacieuse-galerie.ch\/de\/produit\/die-seele-des-yellowstone\/#breadcrumb","itemListElement":[{"@type":"ListItem","position":1,"name":"Heim","item":"https:\/\/www.audacieuse-galerie.ch\/de\/startseite-demo\/"},{"@type":"ListItem","position":2,"name":"Laden","item":"https:\/\/www.audacieuse-galerie.ch\/de\/laden\/"},{"@type":"ListItem","position":3,"name":"Die Seele des Yellowstone"}]},{"@type":"WebSite","@id":"https:\/\/www.audacieuse-galerie.ch\/de\/#website","url":"https:\/\/www.audacieuse-galerie.ch\/de\/","name":"Audacieuse-Galerie","description":"Mode et Images","potentialAction":[{"@type":"SearchAction","target":{"@type":"EntryPoint","urlTemplate":"https:\/\/www.audacieuse-galerie.ch\/de\/?s={search_term_string}"},"query-input":{"@type":"PropertyValueSpecification","valueRequired":true,"valueName":"search_term_string"}}],"inLanguage":"de"}]}},"jetpack_publicize_connections":[],"_links":{"self":[{"href":"https:\/\/www.audacieuse-galerie.ch\/de\/wp-json\/wp\/v2\/product\/57377","targetHints":{"allow":["GET"]}}],"collection":[{"href":"https:\/\/www.audacieuse-galerie.ch\/de\/wp-json\/wp\/v2\/product"}],"about":[{"href":"https:\/\/www.audacieuse-galerie.ch\/de\/wp-json\/wp\/v2\/types\/product"}],"replies":[{"embeddable":true,"href":"https:\/\/www.audacieuse-galerie.ch\/de\/wp-json\/wp\/v2\/comments?post=57377"}],"version-history":[{"count":0,"href":"https:\/\/www.audacieuse-galerie.ch\/de\/wp-json\/wp\/v2\/product\/57377\/revisions"}],"wp:featuredmedia":[{"embeddable":true,"href":"https:\/\/www.audacieuse-galerie.ch\/de\/wp-json\/wp\/v2\/media\/57312"}],"wp:attachment":[{"href":"https:\/\/www.audacieuse-galerie.ch\/de\/wp-json\/wp\/v2\/media?parent=57377"}],"wp:term":[{"taxonomy":"product_brand","embeddable":true,"href":"https:\/\/www.audacieuse-galerie.ch\/de\/wp-json\/wp\/v2\/product_brand?post=57377"},{"taxonomy":"product_cat","embeddable":true,"href":"https:\/\/www.audacieuse-galerie.ch\/de\/wp-json\/wp\/v2\/product_cat?post=57377"},{"taxonomy":"product_tag","embeddable":true,"href":"https:\/\/www.audacieuse-galerie.ch\/de\/wp-json\/wp\/v2\/product_tag?post=57377"}],"curies":[{"name":"wp","href":"https:\/\/api.w.org\/{rel}","templated":true}]}}