{"id":58999,"date":"2021-07-29T17:40:14","date_gmt":"2021-07-29T15:40:14","guid":{"rendered":"https:\/\/woo.audacieuse-galerie.ch\/produit\/baguette-handtasche-aus-leder\/"},"modified":"2026-03-04T20:05:18","modified_gmt":"2026-03-04T19:05:18","slug":"baguette-handtasche-aus-leder","status":"publish","type":"product","link":"https:\/\/www.audacieuse-galerie.ch\/de\/produit\/baguette-handtasche-aus-leder\/","title":{"rendered":"Leder-Baguette-Handtasche und passende Handtasche."},"content":{"rendered":"<p>Eine originale und gut verarbeitete Baguette-Tasche. Sehr sch\u00f6nes Leder, massiver Ledermaderung mit feiner und weicher Maserung. Sowohl die Tasche als auch die Handtasche sind mit einem kleinen Dreieck aus dekorativem Leder und sch\u00f6n verarbeiteten Rei\u00dfverschl\u00fcssen verziert. Die Farbe der Handtasche passt zur Tasche.<\/p>\n<p>Das Portemonnaie kann mit einem kleinen Karabiner au\u00dfen oder innen an der Tasche befestigt werden, damit es nicht verloren geht.<\/p>\n<p>Der Gurt ist breit und bequem \u00fcber der Schulter. Sie kann abgenommen werden, wenn du die Tasche in der Hand tragen m\u00f6chtest. Ein kleiner Link erm\u00f6glicht es, das Portemonnaie auf halber H\u00f6he am Riemen zu befestigen, sodass es immer in Reichweite liegt.<\/p>\n<p>Ein weiterer d\u00fcnnerer Riemen, komplett aus Leder, eleganter, wird bereitgestellt. Auch hier wurde gro\u00dfe Sorgfalt auf die hochwertigen Oberfl\u00e4chen gelegt.<\/p>\n","protected":false},"excerpt":{"rendered":"<p>Eine originale und gut verarbeitete Baguette-Tasche. Sehr sch\u00f6nes Leder, massiver Ledermaderung mit feiner und weicher Maserung. Passende Handtasche.<\/p>\n","protected":false},"featured_media":58992,"comment_status":"open","ping_status":"closed","template":"","meta":{"_glsr_average":0,"_glsr_ranking":0,"_glsr_reviews":0,"jetpack_publicize_message":"","jetpack_publicize_feature_enabled":true,"jetpack_social_post_already_shared":true,"jetpack_social_options":{"image_generator_settings":{"template":"highway","default_image_id":0,"font":"","enabled":false},"version":2}},"product_brand":[],"product_cat":[105,102,126],"product_tag":[],"class_list":{"0":"post-58999","1":"product","2":"type-product","3":"status-publish","4":"has-post-thumbnail","6":"product_cat-geschenkideen-aus-pret-a-porter-und-accessoires-fuer-sie-fuer-ihn","7":"product_cat-im-schaufenster-in-carouge-gesehen","8":"product_cat-taschen-handtaeschchen-und-mappen","9":"pa_color-hellrosa-de","10":"pa_color-rot-de","11":"pa_composition-leder-de","12":"pa_composition-polyester-de","13":"pa_genre-frau-de","14":"pa_motif-unifarben-de","15":"pa_saison-fruhjahrsommer-de","16":"pa_saison-herbstwinter-de","17":"pa_style-business-de","18":"pa_style-glamour-de","19":"pa_style-original-de","20":"pa_style-trend-de","21":"pa_style-zeitlos-de","23":"first","24":"instock","25":"sale","26":"taxable","27":"shipping-taxable","28":"purchasable","29":"product-type-simple"},"yoast_head":"<!-- This site is optimized with the Yoast SEO plugin v27.5 - https:\/\/yoast.com\/product\/yoast-seo-wordpress\/ -->\n<title>Leder-Baguette-Handtasche und passende Handtasche. - Audacieuse-Galerie<\/title>\n<meta name=\"description\" content=\"Leder-Baguette-Handtasche und passende Handtasche. - Audacieuse-Galerie\" \/>\n<meta name=\"robots\" content=\"index, follow, max-snippet:-1, max-image-preview:large, max-video-preview:-1\" \/>\n<link rel=\"canonical\" href=\"https:\/\/www.audacieuse-galerie.ch\/de\/produit\/baguette-handtasche-aus-leder\/\" \/>\n<meta property=\"og:locale\" content=\"de_DE\" \/>\n<meta property=\"og:type\" content=\"article\" \/>\n<meta property=\"og:title\" content=\"Leder-Baguette-Handtasche und passende Handtasche. - Audacieuse-Galerie\" \/>\n<meta property=\"og:description\" content=\"Leder-Baguette-Handtasche und passende Handtasche. - Audacieuse-Galerie\" \/>\n<meta property=\"og:url\" content=\"https:\/\/www.audacieuse-galerie.ch\/de\/produit\/baguette-handtasche-aus-leder\/\" \/>\n<meta property=\"og:site_name\" content=\"Audacieuse-Galerie\" \/>\n<meta property=\"article:publisher\" content=\"https:\/\/www.facebook.com\/audacieuse.galerie\" \/>\n<meta property=\"article:modified_time\" content=\"2026-03-04T19:05:18+00:00\" \/>\n<meta property=\"og:image\" content=\"https:\/\/www.audacieuse-galerie.ch\/wp-content\/uploads\/2021\/07\/1286-Sac-a-main-baguette-cuir.jpg\" \/>\n\t<meta property=\"og:image:width\" content=\"695\" \/>\n\t<meta property=\"og:image:height\" content=\"695\" \/>\n\t<meta property=\"og:image:type\" content=\"image\/jpeg\" \/>\n<meta name=\"twitter:card\" content=\"summary_large_image\" \/>\n<meta name=\"twitter:label1\" content=\"Gesch\u00e4tzte Lesezeit\" \/>\n\t<meta name=\"twitter:data1\" content=\"1 Minute\" \/>\n<script type=\"application\/ld+json\" class=\"yoast-schema-graph\">{\"@context\":\"https:\\\/\\\/schema.org\",\"@graph\":[{\"@type\":\"WebPage\",\"@id\":\"https:\\\/\\\/www.audacieuse-galerie.ch\\\/de\\\/produit\\\/baguette-handtasche-aus-leder\\\/\",\"url\":\"https:\\\/\\\/www.audacieuse-galerie.ch\\\/de\\\/produit\\\/baguette-handtasche-aus-leder\\\/\",\"name\":\"Leder-Baguette-Handtasche und passende Handtasche. - Audacieuse-Galerie\",\"isPartOf\":{\"@id\":\"https:\\\/\\\/www.audacieuse-galerie.ch\\\/de\\\/#website\"},\"primaryImageOfPage\":{\"@id\":\"https:\\\/\\\/www.audacieuse-galerie.ch\\\/de\\\/produit\\\/baguette-handtasche-aus-leder\\\/#primaryimage\"},\"image\":{\"@id\":\"https:\\\/\\\/www.audacieuse-galerie.ch\\\/de\\\/produit\\\/baguette-handtasche-aus-leder\\\/#primaryimage\"},\"thumbnailUrl\":\"https:\\\/\\\/www.audacieuse-galerie.ch\\\/wp-content\\\/uploads\\\/2021\\\/07\\\/1286-Sac-a-main-baguette-cuir.jpg\",\"datePublished\":\"2021-07-29T15:40:14+00:00\",\"dateModified\":\"2026-03-04T19:05:18+00:00\",\"description\":\"Leder-Baguette-Handtasche und passende Handtasche. - Audacieuse-Galerie\",\"breadcrumb\":{\"@id\":\"https:\\\/\\\/www.audacieuse-galerie.ch\\\/de\\\/produit\\\/baguette-handtasche-aus-leder\\\/#breadcrumb\"},\"inLanguage\":\"de\",\"potentialAction\":[{\"@type\":\"ReadAction\",\"target\":[\"https:\\\/\\\/www.audacieuse-galerie.ch\\\/de\\\/produit\\\/baguette-handtasche-aus-leder\\\/\"]}]},{\"@type\":\"ImageObject\",\"inLanguage\":\"de\",\"@id\":\"https:\\\/\\\/www.audacieuse-galerie.ch\\\/de\\\/produit\\\/baguette-handtasche-aus-leder\\\/#primaryimage\",\"url\":\"https:\\\/\\\/www.audacieuse-galerie.ch\\\/wp-content\\\/uploads\\\/2021\\\/07\\\/1286-Sac-a-main-baguette-cuir.jpg\",\"contentUrl\":\"https:\\\/\\\/www.audacieuse-galerie.ch\\\/wp-content\\\/uploads\\\/2021\\\/07\\\/1286-Sac-a-main-baguette-cuir.jpg\",\"width\":695,\"height\":695,\"caption\":\"Baguette-Lederhandtasche\"},{\"@type\":\"BreadcrumbList\",\"@id\":\"https:\\\/\\\/www.audacieuse-galerie.ch\\\/de\\\/produit\\\/baguette-handtasche-aus-leder\\\/#breadcrumb\",\"itemListElement\":[{\"@type\":\"ListItem\",\"position\":1,\"name\":\"Heim\",\"item\":\"https:\\\/\\\/www.audacieuse-galerie.ch\\\/de\\\/startseite-demo\\\/\"},{\"@type\":\"ListItem\",\"position\":2,\"name\":\"Laden\",\"item\":\"https:\\\/\\\/www.audacieuse-galerie.ch\\\/de\\\/laden\\\/\"},{\"@type\":\"ListItem\",\"position\":3,\"name\":\"Leder-Baguette-Handtasche und passende Handtasche.\"}]},{\"@type\":\"WebSite\",\"@id\":\"https:\\\/\\\/www.audacieuse-galerie.ch\\\/de\\\/#website\",\"url\":\"https:\\\/\\\/www.audacieuse-galerie.ch\\\/de\\\/\",\"name\":\"Audacieuse-Galerie\",\"description\":\"Mode et Images\",\"potentialAction\":[{\"@type\":\"SearchAction\",\"target\":{\"@type\":\"EntryPoint\",\"urlTemplate\":\"https:\\\/\\\/www.audacieuse-galerie.ch\\\/de\\\/?s={search_term_string}\"},\"query-input\":{\"@type\":\"PropertyValueSpecification\",\"valueRequired\":true,\"valueName\":\"search_term_string\"}}],\"inLanguage\":\"de\"}]}<\/script>\n<!-- \/ Yoast SEO plugin. -->","yoast_head_json":{"title":"Leder-Baguette-Handtasche und passende Handtasche. - Audacieuse-Galerie","description":"Leder-Baguette-Handtasche und passende Handtasche. - Audacieuse-Galerie","robots":{"index":"index","follow":"follow","max-snippet":"max-snippet:-1","max-image-preview":"max-image-preview:large","max-video-preview":"max-video-preview:-1"},"canonical":"https:\/\/www.audacieuse-galerie.ch\/de\/produit\/baguette-handtasche-aus-leder\/","og_locale":"de_DE","og_type":"article","og_title":"Leder-Baguette-Handtasche und passende Handtasche. - Audacieuse-Galerie","og_description":"Leder-Baguette-Handtasche und passende Handtasche. - Audacieuse-Galerie","og_url":"https:\/\/www.audacieuse-galerie.ch\/de\/produit\/baguette-handtasche-aus-leder\/","og_site_name":"Audacieuse-Galerie","article_publisher":"https:\/\/www.facebook.com\/audacieuse.galerie","article_modified_time":"2026-03-04T19:05:18+00:00","og_image":[{"width":695,"height":695,"url":"https:\/\/www.audacieuse-galerie.ch\/wp-content\/uploads\/2021\/07\/1286-Sac-a-main-baguette-cuir.jpg","type":"image\/jpeg"}],"twitter_card":"summary_large_image","twitter_misc":{"Gesch\u00e4tzte Lesezeit":"1 Minute"},"schema":{"@context":"https:\/\/schema.org","@graph":[{"@type":"WebPage","@id":"https:\/\/www.audacieuse-galerie.ch\/de\/produit\/baguette-handtasche-aus-leder\/","url":"https:\/\/www.audacieuse-galerie.ch\/de\/produit\/baguette-handtasche-aus-leder\/","name":"Leder-Baguette-Handtasche und passende Handtasche. - Audacieuse-Galerie","isPartOf":{"@id":"https:\/\/www.audacieuse-galerie.ch\/de\/#website"},"primaryImageOfPage":{"@id":"https:\/\/www.audacieuse-galerie.ch\/de\/produit\/baguette-handtasche-aus-leder\/#primaryimage"},"image":{"@id":"https:\/\/www.audacieuse-galerie.ch\/de\/produit\/baguette-handtasche-aus-leder\/#primaryimage"},"thumbnailUrl":"https:\/\/www.audacieuse-galerie.ch\/wp-content\/uploads\/2021\/07\/1286-Sac-a-main-baguette-cuir.jpg","datePublished":"2021-07-29T15:40:14+00:00","dateModified":"2026-03-04T19:05:18+00:00","description":"Leder-Baguette-Handtasche und passende Handtasche. - Audacieuse-Galerie","breadcrumb":{"@id":"https:\/\/www.audacieuse-galerie.ch\/de\/produit\/baguette-handtasche-aus-leder\/#breadcrumb"},"inLanguage":"de","potentialAction":[{"@type":"ReadAction","target":["https:\/\/www.audacieuse-galerie.ch\/de\/produit\/baguette-handtasche-aus-leder\/"]}]},{"@type":"ImageObject","inLanguage":"de","@id":"https:\/\/www.audacieuse-galerie.ch\/de\/produit\/baguette-handtasche-aus-leder\/#primaryimage","url":"https:\/\/www.audacieuse-galerie.ch\/wp-content\/uploads\/2021\/07\/1286-Sac-a-main-baguette-cuir.jpg","contentUrl":"https:\/\/www.audacieuse-galerie.ch\/wp-content\/uploads\/2021\/07\/1286-Sac-a-main-baguette-cuir.jpg","width":695,"height":695,"caption":"Baguette-Lederhandtasche"},{"@type":"BreadcrumbList","@id":"https:\/\/www.audacieuse-galerie.ch\/de\/produit\/baguette-handtasche-aus-leder\/#breadcrumb","itemListElement":[{"@type":"ListItem","position":1,"name":"Heim","item":"https:\/\/www.audacieuse-galerie.ch\/de\/startseite-demo\/"},{"@type":"ListItem","position":2,"name":"Laden","item":"https:\/\/www.audacieuse-galerie.ch\/de\/laden\/"},{"@type":"ListItem","position":3,"name":"Leder-Baguette-Handtasche und passende Handtasche."}]},{"@type":"WebSite","@id":"https:\/\/www.audacieuse-galerie.ch\/de\/#website","url":"https:\/\/www.audacieuse-galerie.ch\/de\/","name":"Audacieuse-Galerie","description":"Mode et Images","potentialAction":[{"@type":"SearchAction","target":{"@type":"EntryPoint","urlTemplate":"https:\/\/www.audacieuse-galerie.ch\/de\/?s={search_term_string}"},"query-input":{"@type":"PropertyValueSpecification","valueRequired":true,"valueName":"search_term_string"}}],"inLanguage":"de"}]}},"jetpack_publicize_connections":[],"_links":{"self":[{"href":"https:\/\/www.audacieuse-galerie.ch\/de\/wp-json\/wp\/v2\/product\/58999","targetHints":{"allow":["GET"]}}],"collection":[{"href":"https:\/\/www.audacieuse-galerie.ch\/de\/wp-json\/wp\/v2\/product"}],"about":[{"href":"https:\/\/www.audacieuse-galerie.ch\/de\/wp-json\/wp\/v2\/types\/product"}],"replies":[{"embeddable":true,"href":"https:\/\/www.audacieuse-galerie.ch\/de\/wp-json\/wp\/v2\/comments?post=58999"}],"version-history":[{"count":0,"href":"https:\/\/www.audacieuse-galerie.ch\/de\/wp-json\/wp\/v2\/product\/58999\/revisions"}],"wp:featuredmedia":[{"embeddable":true,"href":"https:\/\/www.audacieuse-galerie.ch\/de\/wp-json\/wp\/v2\/media\/58992"}],"wp:attachment":[{"href":"https:\/\/www.audacieuse-galerie.ch\/de\/wp-json\/wp\/v2\/media?parent=58999"}],"wp:term":[{"taxonomy":"product_brand","embeddable":true,"href":"https:\/\/www.audacieuse-galerie.ch\/de\/wp-json\/wp\/v2\/product_brand?post=58999"},{"taxonomy":"product_cat","embeddable":true,"href":"https:\/\/www.audacieuse-galerie.ch\/de\/wp-json\/wp\/v2\/product_cat?post=58999"},{"taxonomy":"product_tag","embeddable":true,"href":"https:\/\/www.audacieuse-galerie.ch\/de\/wp-json\/wp\/v2\/product_tag?post=58999"}],"curies":[{"name":"wp","href":"https:\/\/api.w.org\/{rel}","templated":true}]}}