{"id":59142,"date":"2021-08-27T14:58:00","date_gmt":"2021-08-27T12:58:00","guid":{"rendered":"https:\/\/woo.audacieuse-galerie.ch\/produit\/pantalon-leggins-beige-avec-coton-melange-zip-sur-devant-2\/"},"modified":"2026-04-21T11:14:41","modified_gmt":"2026-04-21T09:14:41","slug":"pantalon-leggins-beige-avec-coton-melange-zip-sur-devant-2","status":"publish","type":"product","link":"https:\/\/www.audacieuse-galerie.ch\/de\/produit\/pantalon-leggins-beige-avec-coton-melange-zip-sur-devant-2\/","title":{"rendered":"Beige Leggings, Hose mit Baumwollmischung, Rei\u00dfverschluss vorne"},"content":{"rendered":"<p>Beige Leggings-Hosen mit 10 % Lycra, die dank ihrer Flexibilit\u00e4t frei beweglich sind. Seine pastellbeige Farbe erm\u00f6glicht es, mit einer gro\u00dfen Anzahl von Blusen und Blusen zu passen. Es ist vorne mit einem Knopf und einem Rei\u00dfverschluss verschlossen. Seitliche und hintere Schlaufen erm\u00f6glichen es, ihn mit einem passenden G\u00fcrtel zu verzieren.   <\/p>\n<p>Materialien: Polyester 50 %, Baumwolle 40 %, Lycra 10 %.<\/p>\n","protected":false},"excerpt":{"rendered":"<p>Eine beige Legging-Hose mit 10 % Lycra, super funktional dank ihres weichen Stoffes.<\/p>\n","protected":false},"featured_media":59130,"comment_status":"open","ping_status":"closed","template":"","meta":{"_glsr_average":0,"_glsr_ranking":0,"_glsr_reviews":0,"jetpack_publicize_message":"","jetpack_publicize_feature_enabled":true,"jetpack_social_post_already_shared":true,"jetpack_social_options":{"image_generator_settings":{"template":"highway","default_image_id":0,"font":"","enabled":false},"version":2}},"product_brand":[],"product_cat":[165],"product_tag":[],"class_list":{"0":"post-59142","1":"product","2":"type-product","3":"status-publish","4":"has-post-thumbnail","6":"product_cat-hosen-und-jeans","7":"pa_color-hellbeige-de","8":"pa_taille-46_xl-de","10":"first","11":"outofstock","12":"sale","13":"taxable","14":"shipping-taxable","15":"purchasable","16":"product-type-variable","17":"has-default-attributes"},"yoast_head":"<!-- This site is optimized with the Yoast SEO plugin v27.4 - https:\/\/yoast.com\/product\/yoast-seo-wordpress\/ -->\n<title>Beige Leggings, Hose mit Baumwollmischung, Rei\u00dfverschluss vorne - Audacieuse-Galerie<\/title>\n<meta name=\"description\" content=\"Beige Leggings, Hose mit Baumwollmischung, Rei\u00dfverschluss vorne - Audacieuse-Galerie\" \/>\n<meta name=\"robots\" content=\"index, follow, max-snippet:-1, max-image-preview:large, max-video-preview:-1\" \/>\n<link rel=\"canonical\" href=\"https:\/\/www.audacieuse-galerie.ch\/de\/produit\/pantalon-leggins-beige-avec-coton-melange-zip-sur-devant-2\/\" \/>\n<meta property=\"og:locale\" content=\"de_DE\" \/>\n<meta property=\"og:type\" content=\"article\" \/>\n<meta property=\"og:title\" content=\"Beige Leggings, Hose mit Baumwollmischung, Rei\u00dfverschluss vorne - Audacieuse-Galerie\" \/>\n<meta property=\"og:description\" content=\"Beige Leggings, Hose mit Baumwollmischung, Rei\u00dfverschluss vorne - Audacieuse-Galerie\" \/>\n<meta property=\"og:url\" content=\"https:\/\/www.audacieuse-galerie.ch\/de\/produit\/pantalon-leggins-beige-avec-coton-melange-zip-sur-devant-2\/\" \/>\n<meta property=\"og:site_name\" content=\"Audacieuse-Galerie\" \/>\n<meta property=\"article:publisher\" content=\"https:\/\/www.facebook.com\/audacieuse.galerie\" \/>\n<meta property=\"article:modified_time\" content=\"2026-04-21T09:14:41+00:00\" \/>\n<meta property=\"og:image\" content=\"https:\/\/www.audacieuse-galerie.ch\/wp-content\/uploads\/2021\/08\/1083-Pantalon-leggins-beige-avec-coton-melange-zip-sur-devant.jpg\" \/>\n\t<meta property=\"og:image:width\" content=\"887\" \/>\n\t<meta property=\"og:image:height\" content=\"1111\" \/>\n\t<meta property=\"og:image:type\" content=\"image\/jpeg\" \/>\n<meta name=\"twitter:card\" content=\"summary_large_image\" \/>\n<script type=\"application\/ld+json\" class=\"yoast-schema-graph\">{\"@context\":\"https:\\\/\\\/schema.org\",\"@graph\":[{\"@type\":\"ImageObject\",\"inLanguage\":\"de\",\"@id\":\"https:\\\/\\\/www.audacieuse-galerie.ch\\\/de\\\/produit\\\/pantalon-leggins-beige-avec-coton-melange-zip-sur-devant-2\\\/#primaryimage\",\"url\":\"https:\\\/\\\/www.audacieuse-galerie.ch\\\/wp-content\\\/uploads\\\/2021\\\/08\\\/1083-Pantalon-leggins-beige-avec-coton-melange-zip-sur-devant.jpg\",\"contentUrl\":\"https:\\\/\\\/www.audacieuse-galerie.ch\\\/wp-content\\\/uploads\\\/2021\\\/08\\\/1083-Pantalon-leggins-beige-avec-coton-melange-zip-sur-devant.jpg\",\"width\":887,\"height\":1111,\"caption\":\"Beige Leggings, Hose mit Baumwollmischung, Rei\u00dfverschluss vorne\"}]}<\/script>\n<!-- \/ Yoast SEO plugin. -->","yoast_head_json":{"title":"Beige Leggings, Hose mit Baumwollmischung, Rei\u00dfverschluss vorne - Audacieuse-Galerie","description":"Beige Leggings, Hose mit Baumwollmischung, Rei\u00dfverschluss vorne - Audacieuse-Galerie","robots":{"index":"index","follow":"follow","max-snippet":"max-snippet:-1","max-image-preview":"max-image-preview:large","max-video-preview":"max-video-preview:-1"},"canonical":"https:\/\/www.audacieuse-galerie.ch\/de\/produit\/pantalon-leggins-beige-avec-coton-melange-zip-sur-devant-2\/","og_locale":"de_DE","og_type":"article","og_title":"Beige Leggings, Hose mit Baumwollmischung, Rei\u00dfverschluss vorne - Audacieuse-Galerie","og_description":"Beige Leggings, Hose mit Baumwollmischung, Rei\u00dfverschluss vorne - Audacieuse-Galerie","og_url":"https:\/\/www.audacieuse-galerie.ch\/de\/produit\/pantalon-leggins-beige-avec-coton-melange-zip-sur-devant-2\/","og_site_name":"Audacieuse-Galerie","article_publisher":"https:\/\/www.facebook.com\/audacieuse.galerie","article_modified_time":"2026-04-21T09:14:41+00:00","og_image":[{"width":887,"height":1111,"url":"https:\/\/www.audacieuse-galerie.ch\/wp-content\/uploads\/2021\/08\/1083-Pantalon-leggins-beige-avec-coton-melange-zip-sur-devant.jpg","type":"image\/jpeg"}],"twitter_card":"summary_large_image","schema":{"@context":"https:\/\/schema.org","@graph":[{"@type":"ImageObject","inLanguage":"de","@id":"https:\/\/www.audacieuse-galerie.ch\/de\/produit\/pantalon-leggins-beige-avec-coton-melange-zip-sur-devant-2\/#primaryimage","url":"https:\/\/www.audacieuse-galerie.ch\/wp-content\/uploads\/2021\/08\/1083-Pantalon-leggins-beige-avec-coton-melange-zip-sur-devant.jpg","contentUrl":"https:\/\/www.audacieuse-galerie.ch\/wp-content\/uploads\/2021\/08\/1083-Pantalon-leggins-beige-avec-coton-melange-zip-sur-devant.jpg","width":887,"height":1111,"caption":"Beige Leggings, Hose mit Baumwollmischung, Rei\u00dfverschluss vorne"}]}},"jetpack_publicize_connections":[],"_links":{"self":[{"href":"https:\/\/www.audacieuse-galerie.ch\/de\/wp-json\/wp\/v2\/product\/59142","targetHints":{"allow":["GET"]}}],"collection":[{"href":"https:\/\/www.audacieuse-galerie.ch\/de\/wp-json\/wp\/v2\/product"}],"about":[{"href":"https:\/\/www.audacieuse-galerie.ch\/de\/wp-json\/wp\/v2\/types\/product"}],"replies":[{"embeddable":true,"href":"https:\/\/www.audacieuse-galerie.ch\/de\/wp-json\/wp\/v2\/comments?post=59142"}],"version-history":[{"count":1,"href":"https:\/\/www.audacieuse-galerie.ch\/de\/wp-json\/wp\/v2\/product\/59142\/revisions"}],"predecessor-version":[{"id":154832,"href":"https:\/\/www.audacieuse-galerie.ch\/de\/wp-json\/wp\/v2\/product\/59142\/revisions\/154832"}],"wp:featuredmedia":[{"embeddable":true,"href":"https:\/\/www.audacieuse-galerie.ch\/de\/wp-json\/wp\/v2\/media\/59130"}],"wp:attachment":[{"href":"https:\/\/www.audacieuse-galerie.ch\/de\/wp-json\/wp\/v2\/media?parent=59142"}],"wp:term":[{"taxonomy":"product_brand","embeddable":true,"href":"https:\/\/www.audacieuse-galerie.ch\/de\/wp-json\/wp\/v2\/product_brand?post=59142"},{"taxonomy":"product_cat","embeddable":true,"href":"https:\/\/www.audacieuse-galerie.ch\/de\/wp-json\/wp\/v2\/product_cat?post=59142"},{"taxonomy":"product_tag","embeddable":true,"href":"https:\/\/www.audacieuse-galerie.ch\/de\/wp-json\/wp\/v2\/product_tag?post=59142"}],"curies":[{"name":"wp","href":"https:\/\/api.w.org\/{rel}","templated":true}]}}