{"id":59163,"date":"2021-09-08T11:10:43","date_gmt":"2021-09-08T09:10:43","guid":{"rendered":"https:\/\/woo.audacieuse-galerie.ch\/produit\/faltbare-clutch-tasche-aus-feinem-leder-mit-schulterriemen-und-zahlreichen-reissverschlusstaschen\/"},"modified":"2025-10-21T10:43:53","modified_gmt":"2025-10-21T08:43:53","slug":"faltbare-clutch-tasche-aus-feinem-leder-mit-schulterriemen-und-zahlreichen-reissverschlusstaschen","status":"publish","type":"product","link":"https:\/\/www.audacieuse-galerie.ch\/de\/produit\/faltbare-clutch-tasche-aus-feinem-leder-mit-schulterriemen-und-zahlreichen-reissverschlusstaschen\/","title":{"rendered":"Faltbare Clutch aus feinem Leder mit Schultergurt und zahlreichen Rei\u00dfverschlusstaschen"},"content":{"rendered":"<p>Die NINJA Clutch l\u00e4sst sich aufklappen und zusammenklappen. Er wird durch ein diskretes Magnetsystem geschlossen gehalten. Mit seinen Rei\u00dfverschluss\u00f6ffnungen und verziert mit einem d\u00fcnnen Schultergurt und einem Lederriemen ist es sehr angenehm und bequem. Es ist aus einem sch\u00f6nen feinen und weichen Leder gefertigt.<\/p>\n<p>Die Veredelungen und Absteppungen werden mit gro\u00dfer Finesse und Sorgfalt in der Werkstatt der Designer ausgef\u00fchrt.<\/p>\n<p>Eine in Deutschland entworfene und hergestellte Tasche aus echtem Leder.<\/p>\n<p>Ma\u00dfe: 29 x 3 x 16 cm<\/p>\n","protected":false},"excerpt":{"rendered":"<p>Eine NINJA Clutch mit klaren Linien, die sich nach Ihren W\u00fcnschen falten und entfalten l\u00e4sst.<\/p>\n<p>Es ist aus einem sch\u00f6nen feinen und weichen Leder mit klaren Linien gefertigt.<\/p>\n","protected":false},"featured_media":59148,"comment_status":"open","ping_status":"closed","template":"","meta":{"_glsr_average":0,"_glsr_ranking":0,"_glsr_reviews":0,"jetpack_publicize_message":"","jetpack_publicize_feature_enabled":true,"jetpack_social_post_already_shared":true,"jetpack_social_options":{"image_generator_settings":{"template":"highway","default_image_id":0,"font":"","enabled":false},"version":2}},"product_brand":[],"product_cat":[96,2600,105,102,126],"product_tag":[],"class_list":{"0":"post-59163","1":"product","2":"type-product","3":"status-publish","4":"has-post-thumbnail","6":"product_cat-accessoires-von-schoepfern","7":"product_cat-aimi-designer-lederaccessoires","8":"product_cat-geschenkideen-aus-pret-a-porter-und-accessoires-fuer-sie-fuer-ihn","9":"product_cat-im-schaufenster-in-carouge-gesehen","10":"product_cat-taschen-handtaeschchen-und-mappen","11":"pa_color-grau-de","12":"pa_composition-leder-de","13":"pa_creation-handgemacht-de","14":"pa_genre-frau-de","15":"pa_lieudefabrication-europa-de","16":"pa_motif-unifarben-de","17":"pa_saison-fruhjahrsommer-de","18":"pa_saison-herbstwinter-de","19":"pa_style-casual-de","20":"pa_style-glamour-de","21":"pa_style-original-de","22":"pa_style-trend-de","24":"first","25":"instock","26":"taxable","27":"shipping-taxable","28":"purchasable","29":"product-type-variable","30":"has-default-attributes"},"yoast_head":"<!-- This site is optimized with the Yoast SEO plugin v27.4 - https:\/\/yoast.com\/product\/yoast-seo-wordpress\/ -->\n<title>Faltbare Clutch aus feinem Leder mit Schultergurt und zahlreichen Rei\u00dfverschlusstaschen - Audacieuse-Galerie<\/title>\n<meta name=\"description\" content=\"Faltbare Clutch aus feinem Leder mit Schultergurt und zahlreichen Rei\u00dfverschlusstaschen - Audacieuse-Galerie\" \/>\n<meta name=\"robots\" content=\"index, follow, max-snippet:-1, max-image-preview:large, max-video-preview:-1\" \/>\n<link rel=\"canonical\" href=\"https:\/\/www.audacieuse-galerie.ch\/de\/produit\/faltbare-clutch-tasche-aus-feinem-leder-mit-schulterriemen-und-zahlreichen-reissverschlusstaschen\/\" \/>\n<meta property=\"og:locale\" content=\"de_DE\" \/>\n<meta property=\"og:type\" content=\"article\" \/>\n<meta property=\"og:title\" content=\"Faltbare Clutch aus feinem Leder mit Schultergurt und zahlreichen Rei\u00dfverschlusstaschen - Audacieuse-Galerie\" \/>\n<meta property=\"og:description\" content=\"Faltbare Clutch aus feinem Leder mit Schultergurt und zahlreichen Rei\u00dfverschlusstaschen - Audacieuse-Galerie\" \/>\n<meta property=\"og:url\" content=\"https:\/\/www.audacieuse-galerie.ch\/de\/produit\/faltbare-clutch-tasche-aus-feinem-leder-mit-schulterriemen-und-zahlreichen-reissverschlusstaschen\/\" \/>\n<meta property=\"og:site_name\" content=\"Audacieuse-Galerie\" \/>\n<meta property=\"article:publisher\" content=\"https:\/\/www.facebook.com\/audacieuse.galerie\" \/>\n<meta property=\"article:modified_time\" content=\"2025-10-21T08:43:53+00:00\" \/>\n<meta property=\"og:image\" content=\"https:\/\/www.audacieuse-galerie.ch\/wp-content\/uploads\/2021\/09\/1069-Sac-pochette-pliable-en-cuir-fin-avec-bandouliere-et-nombreuses-poches-zippees.jpg\" \/>\n\t<meta property=\"og:image:width\" content=\"1700\" \/>\n\t<meta property=\"og:image:height\" content=\"1700\" \/>\n\t<meta property=\"og:image:type\" content=\"image\/jpeg\" \/>\n<meta name=\"twitter:card\" content=\"summary_large_image\" \/>\n<script type=\"application\/ld+json\" class=\"yoast-schema-graph\">{\"@context\":\"https:\\\/\\\/schema.org\",\"@graph\":[{\"@type\":\"ImageObject\",\"inLanguage\":\"de\",\"@id\":\"https:\\\/\\\/www.audacieuse-galerie.ch\\\/de\\\/produit\\\/faltbare-clutch-tasche-aus-feinem-leder-mit-schulterriemen-und-zahlreichen-reissverschlusstaschen\\\/#primaryimage\",\"url\":\"https:\\\/\\\/www.audacieuse-galerie.ch\\\/wp-content\\\/uploads\\\/2021\\\/09\\\/1069-Sac-pochette-pliable-en-cuir-fin-avec-bandouliere-et-nombreuses-poches-zippees.jpg\",\"contentUrl\":\"https:\\\/\\\/www.audacieuse-galerie.ch\\\/wp-content\\\/uploads\\\/2021\\\/09\\\/1069-Sac-pochette-pliable-en-cuir-fin-avec-bandouliere-et-nombreuses-poches-zippees.jpg\",\"width\":1700,\"height\":1700,\"caption\":\"Faltbare Clutch aus feinem Leder mit Schultergurt und zahlreichen Rei\u00dfverschlusstaschen\"}]}<\/script>\n<!-- \/ Yoast SEO plugin. -->","yoast_head_json":{"title":"Faltbare Clutch aus feinem Leder mit Schultergurt und zahlreichen Rei\u00dfverschlusstaschen - Audacieuse-Galerie","description":"Faltbare Clutch aus feinem Leder mit Schultergurt und zahlreichen Rei\u00dfverschlusstaschen - Audacieuse-Galerie","robots":{"index":"index","follow":"follow","max-snippet":"max-snippet:-1","max-image-preview":"max-image-preview:large","max-video-preview":"max-video-preview:-1"},"canonical":"https:\/\/www.audacieuse-galerie.ch\/de\/produit\/faltbare-clutch-tasche-aus-feinem-leder-mit-schulterriemen-und-zahlreichen-reissverschlusstaschen\/","og_locale":"de_DE","og_type":"article","og_title":"Faltbare Clutch aus feinem Leder mit Schultergurt und zahlreichen Rei\u00dfverschlusstaschen - Audacieuse-Galerie","og_description":"Faltbare Clutch aus feinem Leder mit Schultergurt und zahlreichen Rei\u00dfverschlusstaschen - Audacieuse-Galerie","og_url":"https:\/\/www.audacieuse-galerie.ch\/de\/produit\/faltbare-clutch-tasche-aus-feinem-leder-mit-schulterriemen-und-zahlreichen-reissverschlusstaschen\/","og_site_name":"Audacieuse-Galerie","article_publisher":"https:\/\/www.facebook.com\/audacieuse.galerie","article_modified_time":"2025-10-21T08:43:53+00:00","og_image":[{"width":1700,"height":1700,"url":"https:\/\/www.audacieuse-galerie.ch\/wp-content\/uploads\/2021\/09\/1069-Sac-pochette-pliable-en-cuir-fin-avec-bandouliere-et-nombreuses-poches-zippees.jpg","type":"image\/jpeg"}],"twitter_card":"summary_large_image","schema":{"@context":"https:\/\/schema.org","@graph":[{"@type":"ImageObject","inLanguage":"de","@id":"https:\/\/www.audacieuse-galerie.ch\/de\/produit\/faltbare-clutch-tasche-aus-feinem-leder-mit-schulterriemen-und-zahlreichen-reissverschlusstaschen\/#primaryimage","url":"https:\/\/www.audacieuse-galerie.ch\/wp-content\/uploads\/2021\/09\/1069-Sac-pochette-pliable-en-cuir-fin-avec-bandouliere-et-nombreuses-poches-zippees.jpg","contentUrl":"https:\/\/www.audacieuse-galerie.ch\/wp-content\/uploads\/2021\/09\/1069-Sac-pochette-pliable-en-cuir-fin-avec-bandouliere-et-nombreuses-poches-zippees.jpg","width":1700,"height":1700,"caption":"Faltbare Clutch aus feinem Leder mit Schultergurt und zahlreichen Rei\u00dfverschlusstaschen"}]}},"jetpack_publicize_connections":[],"_links":{"self":[{"href":"https:\/\/www.audacieuse-galerie.ch\/de\/wp-json\/wp\/v2\/product\/59163","targetHints":{"allow":["GET"]}}],"collection":[{"href":"https:\/\/www.audacieuse-galerie.ch\/de\/wp-json\/wp\/v2\/product"}],"about":[{"href":"https:\/\/www.audacieuse-galerie.ch\/de\/wp-json\/wp\/v2\/types\/product"}],"replies":[{"embeddable":true,"href":"https:\/\/www.audacieuse-galerie.ch\/de\/wp-json\/wp\/v2\/comments?post=59163"}],"version-history":[{"count":0,"href":"https:\/\/www.audacieuse-galerie.ch\/de\/wp-json\/wp\/v2\/product\/59163\/revisions"}],"wp:featuredmedia":[{"embeddable":true,"href":"https:\/\/www.audacieuse-galerie.ch\/de\/wp-json\/wp\/v2\/media\/59148"}],"wp:attachment":[{"href":"https:\/\/www.audacieuse-galerie.ch\/de\/wp-json\/wp\/v2\/media?parent=59163"}],"wp:term":[{"taxonomy":"product_brand","embeddable":true,"href":"https:\/\/www.audacieuse-galerie.ch\/de\/wp-json\/wp\/v2\/product_brand?post=59163"},{"taxonomy":"product_cat","embeddable":true,"href":"https:\/\/www.audacieuse-galerie.ch\/de\/wp-json\/wp\/v2\/product_cat?post=59163"},{"taxonomy":"product_tag","embeddable":true,"href":"https:\/\/www.audacieuse-galerie.ch\/de\/wp-json\/wp\/v2\/product_tag?post=59163"}],"curies":[{"name":"wp","href":"https:\/\/api.w.org\/{rel}","templated":true}]}}