{"id":59233,"date":"2022-01-06T13:31:51","date_gmt":"2022-01-06T12:31:51","guid":{"rendered":"https:\/\/woo.audacieuse-galerie.ch\/produit\/bracelet-cuir-design-epure-fermoir-acier-inoxydable-plaque-or-2\/"},"modified":"2025-10-27T15:45:21","modified_gmt":"2025-10-27T14:45:21","slug":"bracelet-cuir-design-epure-fermoir-acier-inoxydable-plaque-or-2","status":"publish","type":"product","link":"https:\/\/www.audacieuse-galerie.ch\/de\/produit\/bracelet-cuir-design-epure-fermoir-acier-inoxydable-plaque-or-2\/","title":{"rendered":"Lederarmband mit schlankem Design und vergoldeter Schlie\u00dfe aus Edelstahl"},"content":{"rendered":"<p>Entz\u00fcckendes Armband mit einem ultra-raffinierten Design, eine Linie, die vom Designhaus AIMI gew\u00fcnscht wird, das von der japanischen Kunst inspiriert ist.<\/p>\n<p>Das Armband ist aus echtem Leder gefertigt. Er wird durch ein Magnet- und Schiebesystem geschlossen.<\/p>\n<p>Mit einem zus\u00e4tzlichen St\u00fcck kann das Armband um 13 mm vergr\u00f6\u00dfert werden.<\/p>\n<p>Die Schlie\u00dfe aus Edelstahl ist 18 Karat vergoldet.<\/p>\n<p>L\u00e4nge des Armbandes: 18 cm<\/p>\n","protected":false},"excerpt":{"rendered":"<p>Ein Bandband aus feinem Leder, das innen mit feinem Gold \u00fcberzogen ist. Es ist in mehreren Farben erh\u00e4ltlich. Das Haus Aimi bietet eine sehr sch\u00f6ne Farbpalette.<\/p>\n","protected":false},"featured_media":59172,"comment_status":"open","ping_status":"closed","template":"","meta":{"_glsr_average":0,"_glsr_ranking":0,"_glsr_reviews":0,"jetpack_publicize_message":"","jetpack_publicize_feature_enabled":true,"jetpack_social_post_already_shared":true,"jetpack_social_options":{"image_generator_settings":{"template":"highway","default_image_id":0,"font":"","enabled":false},"version":2}},"product_brand":[],"product_cat":[96,2600,105,102,168],"product_tag":[],"class_list":{"0":"post-59233","1":"product","2":"type-product","3":"status-publish","4":"has-post-thumbnail","6":"product_cat-accessoires-von-schoepfern","7":"product_cat-aimi-designer-lederaccessoires","8":"product_cat-geschenkideen-aus-pret-a-porter-und-accessoires-fuer-sie-fuer-ihn","9":"product_cat-im-schaufenster-in-carouge-gesehen","10":"product_cat-modische-schmuckstuecke","11":"pa_color-gelb-de","12":"pa_color-golden-de","13":"pa_color-grau-de","14":"pa_color-grun-de","15":"pa_color-hellblau-de","16":"pa_color-hellbraun-de","17":"pa_color-marineblau-de","18":"pa_color-rot-de","19":"pa_color-schwarz-de","20":"pa_color-turkis-de","21":"pa_color-violet-de","22":"pa_taille-38_m-de","24":"first","25":"instock","26":"taxable","27":"shipping-taxable","28":"purchasable","29":"product-type-variable","30":"has-default-attributes"},"yoast_head":"<!-- This site is optimized with the Yoast SEO plugin v27.4 - https:\/\/yoast.com\/product\/yoast-seo-wordpress\/ -->\n<title>Lederarmband mit schlankem Design und vergoldeter Schlie\u00dfe aus Edelstahl - Audacieuse-Galerie<\/title>\n<meta name=\"description\" content=\"Lederarmband mit schlankem Design und vergoldeter Schlie\u00dfe aus Edelstahl - Audacieuse-Galerie\" \/>\n<meta name=\"robots\" content=\"index, follow, max-snippet:-1, max-image-preview:large, max-video-preview:-1\" \/>\n<link rel=\"canonical\" href=\"https:\/\/www.audacieuse-galerie.ch\/de\/produit\/bracelet-cuir-design-epure-fermoir-acier-inoxydable-plaque-or-2\/\" \/>\n<meta property=\"og:locale\" content=\"de_DE\" \/>\n<meta property=\"og:type\" content=\"article\" \/>\n<meta property=\"og:title\" content=\"Lederarmband mit schlankem Design und vergoldeter Schlie\u00dfe aus Edelstahl - Audacieuse-Galerie\" \/>\n<meta property=\"og:description\" content=\"Lederarmband mit schlankem Design und vergoldeter Schlie\u00dfe aus Edelstahl - Audacieuse-Galerie\" \/>\n<meta property=\"og:url\" content=\"https:\/\/www.audacieuse-galerie.ch\/de\/produit\/bracelet-cuir-design-epure-fermoir-acier-inoxydable-plaque-or-2\/\" \/>\n<meta property=\"og:site_name\" content=\"Audacieuse-Galerie\" \/>\n<meta property=\"article:publisher\" content=\"https:\/\/www.facebook.com\/audacieuse.galerie\" \/>\n<meta property=\"article:modified_time\" content=\"2025-10-27T14:45:21+00:00\" \/>\n<meta property=\"og:image\" content=\"https:\/\/www.audacieuse-galerie.ch\/wp-content\/uploads\/2022\/01\/1035-Bracelet-cuir-BANDLETS-design-epure-fermoir-acier-inoxydable-plaque-or.jpg\" \/>\n\t<meta property=\"og:image:width\" content=\"1700\" \/>\n\t<meta property=\"og:image:height\" content=\"1700\" \/>\n\t<meta property=\"og:image:type\" content=\"image\/jpeg\" \/>\n<meta name=\"twitter:card\" content=\"summary_large_image\" \/>\n<script type=\"application\/ld+json\" class=\"yoast-schema-graph\">{\"@context\":\"https:\\\/\\\/schema.org\",\"@graph\":[{\"@type\":\"ImageObject\",\"inLanguage\":\"de\",\"@id\":\"https:\\\/\\\/www.audacieuse-galerie.ch\\\/de\\\/produit\\\/bracelet-cuir-design-epure-fermoir-acier-inoxydable-plaque-or-2\\\/#primaryimage\",\"url\":\"https:\\\/\\\/www.audacieuse-galerie.ch\\\/wp-content\\\/uploads\\\/2022\\\/01\\\/1035-Bracelet-cuir-BANDLETS-design-epure-fermoir-acier-inoxydable-plaque-or.jpg\",\"contentUrl\":\"https:\\\/\\\/www.audacieuse-galerie.ch\\\/wp-content\\\/uploads\\\/2022\\\/01\\\/1035-Bracelet-cuir-BANDLETS-design-epure-fermoir-acier-inoxydable-plaque-or.jpg\",\"width\":1700,\"height\":1700,\"caption\":\"BANDLETS Lederarmband, schlankes Design, Verschluss aus vergoldetem Edelstahl\"}]}<\/script>\n<!-- \/ Yoast SEO plugin. -->","yoast_head_json":{"title":"Lederarmband mit schlankem Design und vergoldeter Schlie\u00dfe aus Edelstahl - Audacieuse-Galerie","description":"Lederarmband mit schlankem Design und vergoldeter Schlie\u00dfe aus Edelstahl - Audacieuse-Galerie","robots":{"index":"index","follow":"follow","max-snippet":"max-snippet:-1","max-image-preview":"max-image-preview:large","max-video-preview":"max-video-preview:-1"},"canonical":"https:\/\/www.audacieuse-galerie.ch\/de\/produit\/bracelet-cuir-design-epure-fermoir-acier-inoxydable-plaque-or-2\/","og_locale":"de_DE","og_type":"article","og_title":"Lederarmband mit schlankem Design und vergoldeter Schlie\u00dfe aus Edelstahl - Audacieuse-Galerie","og_description":"Lederarmband mit schlankem Design und vergoldeter Schlie\u00dfe aus Edelstahl - Audacieuse-Galerie","og_url":"https:\/\/www.audacieuse-galerie.ch\/de\/produit\/bracelet-cuir-design-epure-fermoir-acier-inoxydable-plaque-or-2\/","og_site_name":"Audacieuse-Galerie","article_publisher":"https:\/\/www.facebook.com\/audacieuse.galerie","article_modified_time":"2025-10-27T14:45:21+00:00","og_image":[{"width":1700,"height":1700,"url":"https:\/\/www.audacieuse-galerie.ch\/wp-content\/uploads\/2022\/01\/1035-Bracelet-cuir-BANDLETS-design-epure-fermoir-acier-inoxydable-plaque-or.jpg","type":"image\/jpeg"}],"twitter_card":"summary_large_image","schema":{"@context":"https:\/\/schema.org","@graph":[{"@type":"ImageObject","inLanguage":"de","@id":"https:\/\/www.audacieuse-galerie.ch\/de\/produit\/bracelet-cuir-design-epure-fermoir-acier-inoxydable-plaque-or-2\/#primaryimage","url":"https:\/\/www.audacieuse-galerie.ch\/wp-content\/uploads\/2022\/01\/1035-Bracelet-cuir-BANDLETS-design-epure-fermoir-acier-inoxydable-plaque-or.jpg","contentUrl":"https:\/\/www.audacieuse-galerie.ch\/wp-content\/uploads\/2022\/01\/1035-Bracelet-cuir-BANDLETS-design-epure-fermoir-acier-inoxydable-plaque-or.jpg","width":1700,"height":1700,"caption":"BANDLETS Lederarmband, schlankes Design, Verschluss aus vergoldetem Edelstahl"}]}},"jetpack_publicize_connections":[],"_links":{"self":[{"href":"https:\/\/www.audacieuse-galerie.ch\/de\/wp-json\/wp\/v2\/product\/59233","targetHints":{"allow":["GET"]}}],"collection":[{"href":"https:\/\/www.audacieuse-galerie.ch\/de\/wp-json\/wp\/v2\/product"}],"about":[{"href":"https:\/\/www.audacieuse-galerie.ch\/de\/wp-json\/wp\/v2\/types\/product"}],"replies":[{"embeddable":true,"href":"https:\/\/www.audacieuse-galerie.ch\/de\/wp-json\/wp\/v2\/comments?post=59233"}],"version-history":[{"count":0,"href":"https:\/\/www.audacieuse-galerie.ch\/de\/wp-json\/wp\/v2\/product\/59233\/revisions"}],"wp:featuredmedia":[{"embeddable":true,"href":"https:\/\/www.audacieuse-galerie.ch\/de\/wp-json\/wp\/v2\/media\/59172"}],"wp:attachment":[{"href":"https:\/\/www.audacieuse-galerie.ch\/de\/wp-json\/wp\/v2\/media?parent=59233"}],"wp:term":[{"taxonomy":"product_brand","embeddable":true,"href":"https:\/\/www.audacieuse-galerie.ch\/de\/wp-json\/wp\/v2\/product_brand?post=59233"},{"taxonomy":"product_cat","embeddable":true,"href":"https:\/\/www.audacieuse-galerie.ch\/de\/wp-json\/wp\/v2\/product_cat?post=59233"},{"taxonomy":"product_tag","embeddable":true,"href":"https:\/\/www.audacieuse-galerie.ch\/de\/wp-json\/wp\/v2\/product_tag?post=59233"}],"curies":[{"name":"wp","href":"https:\/\/api.w.org\/{rel}","templated":true}]}}