{"id":60552,"date":"2021-10-01T19:42:10","date_gmt":"2021-10-01T17:42:10","guid":{"rendered":"https:\/\/woo.audacieuse-galerie.ch\/produit\/nebelfront\/"},"modified":"2025-06-07T16:26:31","modified_gmt":"2025-06-07T14:26:31","slug":"nebelfront","status":"publish","type":"product","link":"https:\/\/www.audacieuse-galerie.ch\/de\/produit\/nebelfront\/","title":{"rendered":"Nebelfront"},"content":{"rendered":"<p>Der aufziehende Nebel und die sonnengefrorenen B\u00e4ume bilden den Kontrast auf diesem Novemberfoto. Wenige Minuten sp\u00e4ter waren die B\u00e4ume im Nebel verschwunden.<\/p>\n","protected":false},"excerpt":{"rendered":"<p>Der aufziehende Nebel und die sonnengefrorenen B\u00e4ume bilden den Kontrast auf diesem Novemberfoto. Wenige Minuten sp\u00e4ter waren die B\u00e4ume im Nebel verschwunden.<\/p>\n","protected":false},"featured_media":60466,"comment_status":"open","ping_status":"closed","template":"","meta":{"_glsr_average":0,"_glsr_ranking":0,"_glsr_reviews":0,"jetpack_publicize_message":"","jetpack_publicize_feature_enabled":true,"jetpack_social_post_already_shared":true,"jetpack_social_options":{"image_generator_settings":{"template":"highway","default_image_id":0,"font":"","enabled":false},"version":2}},"product_brand":[],"product_cat":[111,2235,153,240,237],"product_tag":[],"class_list":{"0":"post-60552","1":"product","2":"type-product","3":"status-publish","4":"has-post-thumbnail","6":"product_cat-farben","7":"product_cat-fotograf-simon-gruber","8":"product_cat-grafik","9":"product_cat-landschaftsbilder","10":"product_cat-natur","11":"pa_dimensions-100x150cm-de","12":"pa_dimensions-50x75cm-de","13":"pa_dimensions-60x90cm-de","14":"pa_dimensions-80x120-de","15":"pa_encadrements-dunklesholz-de","16":"pa_encadrements-farben-de","17":"pa_encadrements-grau-de","18":"pa_encadrements-hellesholz-de","19":"pa_encadrements-keinen-de","20":"pa_encadrements-schwarz-de","21":"pa_encadrements-weiss-de","22":"pa_protectionfinitionsupport-druckunterglasacrylglass-de","23":"pa_protectionfinitionsupport-20-kunstpapieraufdibondr_alu-de","24":"pa_protectionfinitionsupport-e4-kunstpapieraufholzplatteu-de","26":"first","27":"instock","28":"taxable","29":"shipping-taxable","30":"purchasable","31":"product-type-variable","32":"has-default-attributes"},"yoast_head":"<!-- This site is optimized with the Yoast SEO plugin v27.4 - https:\/\/yoast.com\/product\/yoast-seo-wordpress\/ -->\n<title>Nebelfront - Audacieuse-Galerie<\/title>\n<meta name=\"description\" content=\"Nebelfront - Audacieuse-Galerie\" \/>\n<meta name=\"robots\" content=\"index, follow, max-snippet:-1, max-image-preview:large, max-video-preview:-1\" \/>\n<link rel=\"canonical\" href=\"https:\/\/www.audacieuse-galerie.ch\/de\/produit\/nebelfront\/\" \/>\n<meta property=\"og:locale\" content=\"de_DE\" \/>\n<meta property=\"og:type\" content=\"article\" \/>\n<meta property=\"og:title\" content=\"Nebelfront - Audacieuse-Galerie\" \/>\n<meta property=\"og:description\" content=\"Nebelfront - Audacieuse-Galerie\" \/>\n<meta property=\"og:url\" content=\"https:\/\/www.audacieuse-galerie.ch\/de\/produit\/nebelfront\/\" \/>\n<meta property=\"og:site_name\" content=\"Audacieuse-Galerie\" \/>\n<meta property=\"article:publisher\" content=\"https:\/\/www.facebook.com\/audacieuse.galerie\" \/>\n<meta property=\"article:modified_time\" content=\"2025-06-07T14:26:31+00:00\" \/>\n<meta property=\"og:image\" content=\"https:\/\/www.audacieuse-galerie.ch\/wp-content\/uploads\/2021\/10\/1051-Front-de-brouillard.jpg\" \/>\n\t<meta property=\"og:image:width\" content=\"1000\" \/>\n\t<meta property=\"og:image:height\" content=\"667\" \/>\n\t<meta property=\"og:image:type\" content=\"image\/jpeg\" \/>\n<meta name=\"twitter:card\" content=\"summary_large_image\" \/>\n<script type=\"application\/ld+json\" class=\"yoast-schema-graph\">{\"@context\":\"https:\\\/\\\/schema.org\",\"@graph\":[{\"@type\":\"ImageObject\",\"inLanguage\":\"de\",\"@id\":\"https:\\\/\\\/www.audacieuse-galerie.ch\\\/de\\\/produit\\\/nebelfront\\\/#primaryimage\",\"url\":\"https:\\\/\\\/www.audacieuse-galerie.ch\\\/wp-content\\\/uploads\\\/2021\\\/10\\\/1051-Front-de-brouillard.jpg\",\"contentUrl\":\"https:\\\/\\\/www.audacieuse-galerie.ch\\\/wp-content\\\/uploads\\\/2021\\\/10\\\/1051-Front-de-brouillard.jpg\",\"width\":1000,\"height\":667,\"caption\":\"Nebelfront\"}]}<\/script>\n<!-- \/ Yoast SEO plugin. -->","yoast_head_json":{"title":"Nebelfront - Audacieuse-Galerie","description":"Nebelfront - Audacieuse-Galerie","robots":{"index":"index","follow":"follow","max-snippet":"max-snippet:-1","max-image-preview":"max-image-preview:large","max-video-preview":"max-video-preview:-1"},"canonical":"https:\/\/www.audacieuse-galerie.ch\/de\/produit\/nebelfront\/","og_locale":"de_DE","og_type":"article","og_title":"Nebelfront - Audacieuse-Galerie","og_description":"Nebelfront - Audacieuse-Galerie","og_url":"https:\/\/www.audacieuse-galerie.ch\/de\/produit\/nebelfront\/","og_site_name":"Audacieuse-Galerie","article_publisher":"https:\/\/www.facebook.com\/audacieuse.galerie","article_modified_time":"2025-06-07T14:26:31+00:00","og_image":[{"width":1000,"height":667,"url":"https:\/\/www.audacieuse-galerie.ch\/wp-content\/uploads\/2021\/10\/1051-Front-de-brouillard.jpg","type":"image\/jpeg"}],"twitter_card":"summary_large_image","schema":{"@context":"https:\/\/schema.org","@graph":[{"@type":"ImageObject","inLanguage":"de","@id":"https:\/\/www.audacieuse-galerie.ch\/de\/produit\/nebelfront\/#primaryimage","url":"https:\/\/www.audacieuse-galerie.ch\/wp-content\/uploads\/2021\/10\/1051-Front-de-brouillard.jpg","contentUrl":"https:\/\/www.audacieuse-galerie.ch\/wp-content\/uploads\/2021\/10\/1051-Front-de-brouillard.jpg","width":1000,"height":667,"caption":"Nebelfront"}]}},"jetpack_publicize_connections":[],"_links":{"self":[{"href":"https:\/\/www.audacieuse-galerie.ch\/de\/wp-json\/wp\/v2\/product\/60552","targetHints":{"allow":["GET"]}}],"collection":[{"href":"https:\/\/www.audacieuse-galerie.ch\/de\/wp-json\/wp\/v2\/product"}],"about":[{"href":"https:\/\/www.audacieuse-galerie.ch\/de\/wp-json\/wp\/v2\/types\/product"}],"replies":[{"embeddable":true,"href":"https:\/\/www.audacieuse-galerie.ch\/de\/wp-json\/wp\/v2\/comments?post=60552"}],"version-history":[{"count":0,"href":"https:\/\/www.audacieuse-galerie.ch\/de\/wp-json\/wp\/v2\/product\/60552\/revisions"}],"wp:featuredmedia":[{"embeddable":true,"href":"https:\/\/www.audacieuse-galerie.ch\/de\/wp-json\/wp\/v2\/media\/60466"}],"wp:attachment":[{"href":"https:\/\/www.audacieuse-galerie.ch\/de\/wp-json\/wp\/v2\/media?parent=60552"}],"wp:term":[{"taxonomy":"product_brand","embeddable":true,"href":"https:\/\/www.audacieuse-galerie.ch\/de\/wp-json\/wp\/v2\/product_brand?post=60552"},{"taxonomy":"product_cat","embeddable":true,"href":"https:\/\/www.audacieuse-galerie.ch\/de\/wp-json\/wp\/v2\/product_cat?post=60552"},{"taxonomy":"product_tag","embeddable":true,"href":"https:\/\/www.audacieuse-galerie.ch\/de\/wp-json\/wp\/v2\/product_tag?post=60552"}],"curies":[{"name":"wp","href":"https:\/\/api.w.org\/{rel}","templated":true}]}}