{"id":62973,"date":"2024-06-06T16:48:05","date_gmt":"2024-06-06T14:48:05","guid":{"rendered":"https:\/\/woo.audacieuse-galerie.ch\/?post_type=product&#038;p=62973"},"modified":"2024-06-07T16:27:47","modified_gmt":"2024-06-07T14:27:47","slug":"petit-porte-monnaie-en-cuir-imprime-noir-a-pois-blanc","status":"publish","type":"product","link":"https:\/\/www.audacieuse-galerie.ch\/de\/produit\/petit-porte-monnaie-en-cuir-imprime-noir-a-pois-blanc\/","title":{"rendered":"Kleines schwarzes bedrucktes Lederportemonnaie mit wei\u00dfen Punkten"},"content":{"rendered":"<p>Ganz aus Leder, innen aus Stoff, mit zwei Hauptf\u00e4chern f\u00fcr M\u00fcnzen, 4 Kreditkartenf\u00e4chern und einem kleinen zentralen Rei\u00dfverschlussfach. Ein Hauptrei\u00dfverschluss verschlie\u00dft das Ganze an der Seite. Abmessungen: 11 x 9 x 2,4 cm Material: 100% Leder, innen Polyestergewebe<\/p>\n","protected":false},"excerpt":{"rendered":"<p>Das kleine Modell aus der Mio Collection von Mira Luna ist sehr niedlich.<\/p>\n","protected":false},"featured_media":62962,"comment_status":"open","ping_status":"closed","template":"","meta":{"_glsr_average":0,"_glsr_ranking":0,"_glsr_reviews":0,"jetpack_publicize_message":"","jetpack_publicize_feature_enabled":true,"jetpack_social_post_already_shared":false,"jetpack_social_options":{"image_generator_settings":{"template":"highway","default_image_id":0,"font":"","enabled":false},"version":2}},"product_brand":[],"product_cat":[96,126],"product_tag":[],"class_list":{"0":"post-62973","1":"product","2":"type-product","3":"status-publish","4":"has-post-thumbnail","6":"product_cat-accessoires-von-schoepfern","7":"product_cat-taschen-handtaeschchen-und-mappen","8":"pa_composition-leder-de","9":"pa_composition-polyester-de","10":"pa_genre-frau-de","11":"pa_grandeur-klein-de","12":"pa_lieudefabrication-europa-de","13":"pa_lieudefabrication-international-de","14":"pa_motif-gepunktet-de","15":"pa_saison-fruhjahrsommer-de","16":"pa_saison-herbstwinter-de","17":"pa_style-casual-de","18":"pa_style-glamour-de","19":"pa_style-original-de","20":"pa_style-zeitlos-de","22":"first","23":"outofstock","24":"taxable","25":"shipping-taxable","26":"purchasable","27":"product-type-simple"},"yoast_head":"<!-- This site is optimized with the Yoast SEO plugin v27.4 - https:\/\/yoast.com\/product\/yoast-seo-wordpress\/ -->\n<title>Kleines schwarzes bedrucktes Lederportemonnaie mit wei\u00dfen Punkten - Audacieuse-Galerie<\/title>\n<meta name=\"description\" content=\"Kleines schwarzes bedrucktes Lederportemonnaie mit wei\u00dfen Punkten - Audacieuse-Galerie\" \/>\n<meta name=\"robots\" content=\"index, follow, max-snippet:-1, max-image-preview:large, max-video-preview:-1\" \/>\n<link rel=\"canonical\" href=\"https:\/\/www.audacieuse-galerie.ch\/de\/produit\/petit-porte-monnaie-en-cuir-imprime-noir-a-pois-blanc\/\" \/>\n<meta property=\"og:locale\" content=\"de_DE\" \/>\n<meta property=\"og:type\" content=\"article\" \/>\n<meta property=\"og:title\" content=\"Kleines schwarzes bedrucktes Lederportemonnaie mit wei\u00dfen Punkten - Audacieuse-Galerie\" \/>\n<meta property=\"og:description\" content=\"Kleines schwarzes bedrucktes Lederportemonnaie mit wei\u00dfen Punkten - Audacieuse-Galerie\" \/>\n<meta property=\"og:url\" content=\"https:\/\/www.audacieuse-galerie.ch\/de\/produit\/petit-porte-monnaie-en-cuir-imprime-noir-a-pois-blanc\/\" \/>\n<meta property=\"og:site_name\" content=\"Audacieuse-Galerie\" \/>\n<meta property=\"article:publisher\" content=\"https:\/\/www.facebook.com\/audacieuse.galerie\" \/>\n<meta property=\"article:modified_time\" content=\"2024-06-07T14:27:47+00:00\" \/>\n<meta property=\"og:image\" content=\"https:\/\/www.audacieuse-galerie.ch\/wp-content\/uploads\/2021\/11\/1110-Petit-porte-monnaie-en-cuir-imprime-noir-a-pois-blanc.jpg\" \/>\n\t<meta property=\"og:image:width\" content=\"1000\" \/>\n\t<meta property=\"og:image:height\" content=\"658\" \/>\n\t<meta property=\"og:image:type\" content=\"image\/jpeg\" \/>\n<meta name=\"twitter:card\" content=\"summary_large_image\" \/>\n<script type=\"application\/ld+json\" class=\"yoast-schema-graph\">{\"@context\":\"https:\\\/\\\/schema.org\",\"@graph\":[{\"@type\":\"ImageObject\",\"inLanguage\":\"de\",\"@id\":\"https:\\\/\\\/www.audacieuse-galerie.ch\\\/de\\\/produit\\\/petit-porte-monnaie-en-cuir-imprime-noir-a-pois-blanc\\\/#primaryimage\",\"url\":\"https:\\\/\\\/www.audacieuse-galerie.ch\\\/wp-content\\\/uploads\\\/2021\\\/11\\\/1110-Petit-porte-monnaie-en-cuir-imprime-noir-a-pois-blanc.jpg\",\"contentUrl\":\"https:\\\/\\\/www.audacieuse-galerie.ch\\\/wp-content\\\/uploads\\\/2021\\\/11\\\/1110-Petit-porte-monnaie-en-cuir-imprime-noir-a-pois-blanc.jpg\",\"width\":1000,\"height\":658}]}<\/script>\n<!-- \/ Yoast SEO plugin. -->","yoast_head_json":{"title":"Kleines schwarzes bedrucktes Lederportemonnaie mit wei\u00dfen Punkten - Audacieuse-Galerie","description":"Kleines schwarzes bedrucktes Lederportemonnaie mit wei\u00dfen Punkten - Audacieuse-Galerie","robots":{"index":"index","follow":"follow","max-snippet":"max-snippet:-1","max-image-preview":"max-image-preview:large","max-video-preview":"max-video-preview:-1"},"canonical":"https:\/\/www.audacieuse-galerie.ch\/de\/produit\/petit-porte-monnaie-en-cuir-imprime-noir-a-pois-blanc\/","og_locale":"de_DE","og_type":"article","og_title":"Kleines schwarzes bedrucktes Lederportemonnaie mit wei\u00dfen Punkten - Audacieuse-Galerie","og_description":"Kleines schwarzes bedrucktes Lederportemonnaie mit wei\u00dfen Punkten - Audacieuse-Galerie","og_url":"https:\/\/www.audacieuse-galerie.ch\/de\/produit\/petit-porte-monnaie-en-cuir-imprime-noir-a-pois-blanc\/","og_site_name":"Audacieuse-Galerie","article_publisher":"https:\/\/www.facebook.com\/audacieuse.galerie","article_modified_time":"2024-06-07T14:27:47+00:00","og_image":[{"width":1000,"height":658,"url":"https:\/\/www.audacieuse-galerie.ch\/wp-content\/uploads\/2021\/11\/1110-Petit-porte-monnaie-en-cuir-imprime-noir-a-pois-blanc.jpg","type":"image\/jpeg"}],"twitter_card":"summary_large_image","schema":{"@context":"https:\/\/schema.org","@graph":[{"@type":"ImageObject","inLanguage":"de","@id":"https:\/\/www.audacieuse-galerie.ch\/de\/produit\/petit-porte-monnaie-en-cuir-imprime-noir-a-pois-blanc\/#primaryimage","url":"https:\/\/www.audacieuse-galerie.ch\/wp-content\/uploads\/2021\/11\/1110-Petit-porte-monnaie-en-cuir-imprime-noir-a-pois-blanc.jpg","contentUrl":"https:\/\/www.audacieuse-galerie.ch\/wp-content\/uploads\/2021\/11\/1110-Petit-porte-monnaie-en-cuir-imprime-noir-a-pois-blanc.jpg","width":1000,"height":658}]}},"jetpack_publicize_connections":[],"_links":{"self":[{"href":"https:\/\/www.audacieuse-galerie.ch\/de\/wp-json\/wp\/v2\/product\/62973","targetHints":{"allow":["GET"]}}],"collection":[{"href":"https:\/\/www.audacieuse-galerie.ch\/de\/wp-json\/wp\/v2\/product"}],"about":[{"href":"https:\/\/www.audacieuse-galerie.ch\/de\/wp-json\/wp\/v2\/types\/product"}],"replies":[{"embeddable":true,"href":"https:\/\/www.audacieuse-galerie.ch\/de\/wp-json\/wp\/v2\/comments?post=62973"}],"version-history":[{"count":0,"href":"https:\/\/www.audacieuse-galerie.ch\/de\/wp-json\/wp\/v2\/product\/62973\/revisions"}],"wp:featuredmedia":[{"embeddable":true,"href":"https:\/\/www.audacieuse-galerie.ch\/de\/wp-json\/wp\/v2\/media\/62962"}],"wp:attachment":[{"href":"https:\/\/www.audacieuse-galerie.ch\/de\/wp-json\/wp\/v2\/media?parent=62973"}],"wp:term":[{"taxonomy":"product_brand","embeddable":true,"href":"https:\/\/www.audacieuse-galerie.ch\/de\/wp-json\/wp\/v2\/product_brand?post=62973"},{"taxonomy":"product_cat","embeddable":true,"href":"https:\/\/www.audacieuse-galerie.ch\/de\/wp-json\/wp\/v2\/product_cat?post=62973"},{"taxonomy":"product_tag","embeddable":true,"href":"https:\/\/www.audacieuse-galerie.ch\/de\/wp-json\/wp\/v2\/product_tag?post=62973"}],"curies":[{"name":"wp","href":"https:\/\/api.w.org\/{rel}","templated":true}]}}