{"id":63026,"date":"2021-11-13T16:25:13","date_gmt":"2021-11-13T15:25:13","guid":{"rendered":"https:\/\/woo.audacieuse-galerie.ch\/produit\/porte-clefs-franges-en-cuir-surpique-2\/"},"modified":"2025-12-03T17:12:43","modified_gmt":"2025-12-03T16:12:43","slug":"porte-clefs-franges-en-cuir-surpique-2","status":"publish","type":"product","link":"https:\/\/www.audacieuse-galerie.ch\/de\/produit\/porte-clefs-franges-en-cuir-surpique-2\/","title":{"rendered":"Fransen-Schl\u00fcsselanh\u00e4nger aus gen\u00e4htem Leder"},"content":{"rendered":"<p>Das deutsche Haus Mio Mira Luna bietet eine gro\u00dfe Auswahl an Lederwaren, Schl\u00fcsselanh\u00e4ngern, Handtaschen und Kartenhaltern in verschiedenen Gr\u00f6\u00dfen.<\/p>\n<p>Immer aus glattem Leder gefertigt oder an der Oberfl\u00e4che mit Maserung und einem textilen Innenraum kombiniert mit einem RFID-Schutzsystem, um Ihre Daten zu sch\u00fctzen.<\/p>\n<p>Verzierungsmaterial: echtes<\/p>\n<p>Leder Abmessungen: Durchmesser 2 cm x 14 cm (einschlie\u00dflich Karabiner)<\/p>\n<p> Gewicht: 18 g<\/p>\n","protected":false},"excerpt":{"rendered":"<p>Dieser leichte Schl\u00fcsselanh\u00e4nger besteht aus gen\u00e4hten Lederstreifen, das Mio-Etikett ist auf das Leder eingraviert. Bestehend aus dem klassischen Schl\u00fcsselbund und einem mobilen Karabiner, um ihn an deinen pers\u00f6nlichen Gegenst\u00e4nden zu h\u00e4ngen.<\/p>\n","protected":false},"featured_media":63004,"comment_status":"open","ping_status":"closed","template":"","meta":{"jetpack_publicize_message":"","jetpack_publicize_feature_enabled":true,"jetpack_social_post_already_shared":true,"jetpack_social_options":{"image_generator_settings":{"template":"highway","default_image_id":0,"font":"","enabled":false},"version":2}},"product_brand":[],"product_cat":[96,105,102,126],"product_tag":[],"class_list":{"0":"post-63026","1":"product","2":"type-product","3":"status-publish","4":"has-post-thumbnail","6":"product_cat-accessoires-von-schoepfern","7":"product_cat-geschenkideen-aus-pret-a-porter-und-accessoires-fuer-sie-fuer-ihn","8":"product_cat-im-schaufenster-in-carouge-gesehen","9":"product_cat-taschen-handtaeschchen-und-mappen","10":"pa_color-grau-de","11":"pa_color-orange-de","12":"pa_color-rosa-de","13":"pa_color-rot-de","14":"pa_color-schwarz-de","16":"first","17":"instock","18":"taxable","19":"shipping-taxable","20":"product-type-variable","21":"has-default-attributes"},"yoast_head":"<!-- This site is optimized with the Yoast SEO plugin v27.4 - https:\/\/yoast.com\/product\/yoast-seo-wordpress\/ -->\n<title>Fransen-Schl\u00fcsselanh\u00e4nger aus gen\u00e4htem Leder - Audacieuse-Galerie<\/title>\n<meta name=\"description\" content=\"Fransen-Schl\u00fcsselanh\u00e4nger aus gen\u00e4htem Leder - Audacieuse-Galerie\" \/>\n<meta name=\"robots\" content=\"index, follow, max-snippet:-1, max-image-preview:large, max-video-preview:-1\" \/>\n<link rel=\"canonical\" href=\"https:\/\/www.audacieuse-galerie.ch\/de\/produit\/porte-clefs-franges-en-cuir-surpique-2\/\" \/>\n<meta property=\"og:locale\" content=\"de_DE\" \/>\n<meta property=\"og:type\" content=\"article\" \/>\n<meta property=\"og:title\" content=\"Fransen-Schl\u00fcsselanh\u00e4nger aus gen\u00e4htem Leder - Audacieuse-Galerie\" \/>\n<meta property=\"og:description\" content=\"Fransen-Schl\u00fcsselanh\u00e4nger aus gen\u00e4htem Leder - Audacieuse-Galerie\" \/>\n<meta property=\"og:url\" content=\"https:\/\/www.audacieuse-galerie.ch\/de\/produit\/porte-clefs-franges-en-cuir-surpique-2\/\" \/>\n<meta property=\"og:site_name\" content=\"Audacieuse-Galerie\" \/>\n<meta property=\"article:publisher\" content=\"https:\/\/www.facebook.com\/audacieuse.galerie\" \/>\n<meta property=\"article:modified_time\" content=\"2025-12-03T16:12:43+00:00\" \/>\n<meta property=\"og:image\" content=\"https:\/\/www.audacieuse-galerie.ch\/wp-content\/uploads\/2021\/11\/1150-Porte-clefs-franges-en-cuir-surpique.jpg\" \/>\n\t<meta property=\"og:image:width\" content=\"452\" \/>\n\t<meta property=\"og:image:height\" content=\"1000\" \/>\n\t<meta property=\"og:image:type\" content=\"image\/jpeg\" \/>\n<meta name=\"twitter:card\" content=\"summary_large_image\" \/>\n<script type=\"application\/ld+json\" class=\"yoast-schema-graph\">{\"@context\":\"https:\\\/\\\/schema.org\",\"@graph\":[{\"@type\":\"ImageObject\",\"inLanguage\":\"de\",\"@id\":\"https:\\\/\\\/www.audacieuse-galerie.ch\\\/de\\\/produit\\\/porte-clefs-franges-en-cuir-surpique-2\\\/#primaryimage\",\"url\":\"https:\\\/\\\/www.audacieuse-galerie.ch\\\/wp-content\\\/uploads\\\/2021\\\/11\\\/1150-Porte-clefs-franges-en-cuir-surpique.jpg\",\"contentUrl\":\"https:\\\/\\\/www.audacieuse-galerie.ch\\\/wp-content\\\/uploads\\\/2021\\\/11\\\/1150-Porte-clefs-franges-en-cuir-surpique.jpg\",\"width\":452,\"height\":1000,\"caption\":\"Fransen-Schl\u00fcsselanh\u00e4nger aus gen\u00e4htem Leder\"}]}<\/script>\n<!-- \/ Yoast SEO plugin. -->","yoast_head_json":{"title":"Fransen-Schl\u00fcsselanh\u00e4nger aus gen\u00e4htem Leder - Audacieuse-Galerie","description":"Fransen-Schl\u00fcsselanh\u00e4nger aus gen\u00e4htem Leder - Audacieuse-Galerie","robots":{"index":"index","follow":"follow","max-snippet":"max-snippet:-1","max-image-preview":"max-image-preview:large","max-video-preview":"max-video-preview:-1"},"canonical":"https:\/\/www.audacieuse-galerie.ch\/de\/produit\/porte-clefs-franges-en-cuir-surpique-2\/","og_locale":"de_DE","og_type":"article","og_title":"Fransen-Schl\u00fcsselanh\u00e4nger aus gen\u00e4htem Leder - Audacieuse-Galerie","og_description":"Fransen-Schl\u00fcsselanh\u00e4nger aus gen\u00e4htem Leder - Audacieuse-Galerie","og_url":"https:\/\/www.audacieuse-galerie.ch\/de\/produit\/porte-clefs-franges-en-cuir-surpique-2\/","og_site_name":"Audacieuse-Galerie","article_publisher":"https:\/\/www.facebook.com\/audacieuse.galerie","article_modified_time":"2025-12-03T16:12:43+00:00","og_image":[{"width":452,"height":1000,"url":"https:\/\/www.audacieuse-galerie.ch\/wp-content\/uploads\/2021\/11\/1150-Porte-clefs-franges-en-cuir-surpique.jpg","type":"image\/jpeg"}],"twitter_card":"summary_large_image","schema":{"@context":"https:\/\/schema.org","@graph":[{"@type":"ImageObject","inLanguage":"de","@id":"https:\/\/www.audacieuse-galerie.ch\/de\/produit\/porte-clefs-franges-en-cuir-surpique-2\/#primaryimage","url":"https:\/\/www.audacieuse-galerie.ch\/wp-content\/uploads\/2021\/11\/1150-Porte-clefs-franges-en-cuir-surpique.jpg","contentUrl":"https:\/\/www.audacieuse-galerie.ch\/wp-content\/uploads\/2021\/11\/1150-Porte-clefs-franges-en-cuir-surpique.jpg","width":452,"height":1000,"caption":"Fransen-Schl\u00fcsselanh\u00e4nger aus gen\u00e4htem Leder"}]}},"jetpack_publicize_connections":[],"_links":{"self":[{"href":"https:\/\/www.audacieuse-galerie.ch\/de\/wp-json\/wp\/v2\/product\/63026","targetHints":{"allow":["GET"]}}],"collection":[{"href":"https:\/\/www.audacieuse-galerie.ch\/de\/wp-json\/wp\/v2\/product"}],"about":[{"href":"https:\/\/www.audacieuse-galerie.ch\/de\/wp-json\/wp\/v2\/types\/product"}],"replies":[{"embeddable":true,"href":"https:\/\/www.audacieuse-galerie.ch\/de\/wp-json\/wp\/v2\/comments?post=63026"}],"version-history":[{"count":0,"href":"https:\/\/www.audacieuse-galerie.ch\/de\/wp-json\/wp\/v2\/product\/63026\/revisions"}],"wp:featuredmedia":[{"embeddable":true,"href":"https:\/\/www.audacieuse-galerie.ch\/de\/wp-json\/wp\/v2\/media\/63004"}],"wp:attachment":[{"href":"https:\/\/www.audacieuse-galerie.ch\/de\/wp-json\/wp\/v2\/media?parent=63026"}],"wp:term":[{"taxonomy":"product_brand","embeddable":true,"href":"https:\/\/www.audacieuse-galerie.ch\/de\/wp-json\/wp\/v2\/product_brand?post=63026"},{"taxonomy":"product_cat","embeddable":true,"href":"https:\/\/www.audacieuse-galerie.ch\/de\/wp-json\/wp\/v2\/product_cat?post=63026"},{"taxonomy":"product_tag","embeddable":true,"href":"https:\/\/www.audacieuse-galerie.ch\/de\/wp-json\/wp\/v2\/product_tag?post=63026"}],"curies":[{"name":"wp","href":"https:\/\/api.w.org\/{rel}","templated":true}]}}