{"id":63112,"date":"2021-11-20T22:01:12","date_gmt":"2021-11-20T21:01:12","guid":{"rendered":"https:\/\/woo.audacieuse-galerie.ch\/produit\/rock-aus-meliertem-stoff-in-weiss-und-pastellrosa-wickeleffekt-mit-fransenbesatz\/"},"modified":"2026-02-14T20:01:59","modified_gmt":"2026-02-14T19:01:59","slug":"rock-aus-meliertem-stoff-in-weiss-und-pastellrosa-wickeleffekt-mit-fransenbesatz","status":"publish","type":"product","link":"https:\/\/www.audacieuse-galerie.ch\/de\/produit\/rock-aus-meliertem-stoff-in-weiss-und-pastellrosa-wickeleffekt-mit-fransenbesatz\/","title":{"rendered":"Rock aus wei\u00dfem und pastellrosa heidefarbenem Stoff mit einem Wickel-Effekt, der mit Fransen besetzt ist"},"content":{"rendered":"<p>Ein sehr couturefarbener und trendiger Rock, in sanften Farbt\u00f6nen und Baumwoll- und Wollfasern, die man mit der Jacke aus derselben Kollektion tragen kann, oder ebenso wie mit einem kleinen Strick- oder Seidenoberteil. Ein wertvolles Modell aus der Sammlung von Perspective, einem irischen Designhaus.<\/p>\n<p>Ein kurzer Rock erzeugt einen Chanel-Stoff-Effekt mit einer Mischung aus Wei\u00dft\u00f6nen und Karamellbraun, Rosat\u00f6nen und besonders den fransigen R\u00e4ndern am Saum und Vorderkanten. Es ist vorne mit drei goldenen Metallkn\u00f6pfen versehen, hat ein asymmetrisches Portemonnaie und schlie\u00dft hinten in der Mitte mit einem unsichtbaren Rei\u00dfverschluss. Sie ist mit wei\u00dfem Viskosestoff gef\u00fcttert.<\/p>\n<p>Mit diesem Modell werden Sie elegant sein, das dank seines weichen und angenehmen Stoffs ebenso bequem ist.<\/p>\n<p>Model tr\u00e4gt einen Rock in Gr\u00f6\u00dfe 36<\/p>\n<p>Materialien: 56 % Baumwolle, 34 % Polyester, 10 % Viskose \/ Futter: 100 % Viskose<\/p>\n<p>Ma\u00df: Mittenl\u00e4nge vorne Gr\u00f6\u00dfe 36 = 45 cm<\/p>\n","protected":false},"excerpt":{"rendered":"<p>Ein eleganter Chanel-Rock mit asymmetrischem Schnitt, mit Fransen und goldenen Metallkn\u00f6pfen. Der weiche Stoff besteht aus gemischten Baumwoll-, Viskose- und Polyesterfasern in Ecru-Wei\u00df mit braunen und rosa Akzenten.<\/p>\n","protected":false},"featured_media":63100,"comment_status":"open","ping_status":"closed","template":"","meta":{"_glsr_average":0,"_glsr_ranking":0,"_glsr_reviews":0,"jetpack_publicize_message":"","jetpack_publicize_feature_enabled":true,"jetpack_social_post_already_shared":true,"jetpack_social_options":{"image_generator_settings":{"template":"highway","default_image_id":0,"font":"","enabled":false},"version":2}},"product_brand":[],"product_cat":[102,198,72],"product_tag":[],"class_list":{"0":"post-63112","1":"product","2":"type-product","3":"status-publish","4":"has-post-thumbnail","6":"product_cat-im-schaufenster-in-carouge-gesehen","7":"product_cat-kleider-kurz-oder-lang-von-kreatoren","8":"product_cat-pret-a-porter-frau","9":"pa_composition-baumwolle-de","10":"pa_composition-polyester-de","11":"pa_composition-viskose-de","12":"pa_lieudefabrication-europa-de","13":"pa_lieudefabrication-international-de","14":"pa_longueur-kurz-de","15":"pa_motif-meliert-de","16":"pa_saison-fruhjahrsommer-de","17":"pa_saison-herbstwinter-de","18":"pa_style-festlich-de","19":"pa_style-glamour-de","20":"pa_style-original-de","21":"pa_style-trend-de","22":"pa_taille-40_m-de","24":"first","25":"instock","26":"sale","27":"taxable","28":"shipping-taxable","29":"purchasable","30":"product-type-variable","31":"has-default-attributes"},"yoast_head":"<!-- This site is optimized with the Yoast SEO plugin v27.4 - https:\/\/yoast.com\/product\/yoast-seo-wordpress\/ -->\n<title>Rock aus wei\u00dfem und pastellrosa gesprenkeltem Stoff<\/title>\n<meta name=\"description\" content=\"Rock aus wei\u00dfem und pastellrosa gesprenkeltem Stoff\" \/>\n<meta name=\"robots\" content=\"index, follow, max-snippet:-1, max-image-preview:large, max-video-preview:-1\" \/>\n<link rel=\"canonical\" href=\"https:\/\/www.audacieuse-galerie.ch\/de\/produit\/rock-aus-meliertem-stoff-in-weiss-und-pastellrosa-wickeleffekt-mit-fransenbesatz\/\" \/>\n<meta property=\"og:locale\" content=\"de_DE\" \/>\n<meta property=\"og:type\" content=\"article\" \/>\n<meta property=\"og:title\" content=\"Rock aus wei\u00dfem und pastellrosa gesprenkeltem Stoff\" \/>\n<meta property=\"og:description\" content=\"Rock aus wei\u00dfem und pastellrosa gesprenkeltem Stoff\" \/>\n<meta property=\"og:url\" content=\"https:\/\/www.audacieuse-galerie.ch\/de\/produit\/rock-aus-meliertem-stoff-in-weiss-und-pastellrosa-wickeleffekt-mit-fransenbesatz\/\" \/>\n<meta property=\"og:site_name\" content=\"Audacieuse-Galerie\" \/>\n<meta property=\"article:publisher\" content=\"https:\/\/www.facebook.com\/audacieuse.galerie\" \/>\n<meta property=\"article:modified_time\" content=\"2026-02-14T19:01:59+00:00\" \/>\n<meta property=\"og:image\" content=\"https:\/\/www.audacieuse-galerie.ch\/wp-content\/uploads\/2021\/11\/1125-Jupe-en-tissu-chine-blanc-et-rose-pastel-effet-portefeuille-garni-de-franges.jpg\" \/>\n\t<meta property=\"og:image:width\" content=\"1000\" \/>\n\t<meta property=\"og:image:height\" content=\"1502\" \/>\n\t<meta property=\"og:image:type\" content=\"image\/jpeg\" \/>\n<meta name=\"twitter:card\" content=\"summary_large_image\" \/>\n<meta name=\"twitter:label1\" content=\"Gesch\u00e4tzte Lesezeit\" \/>\n\t<meta name=\"twitter:data1\" content=\"1 Minute\" \/>\n<script type=\"application\/ld+json\" class=\"yoast-schema-graph\">{\"@context\":\"https:\\\/\\\/schema.org\",\"@graph\":[{\"@type\":\"ImageObject\",\"inLanguage\":\"de\",\"@id\":\"https:\\\/\\\/www.audacieuse-galerie.ch\\\/de\\\/produit\\\/rock-aus-meliertem-stoff-in-weiss-und-pastellrosa-wickeleffekt-mit-fransenbesatz\\\/#primaryimage\",\"url\":\"https:\\\/\\\/www.audacieuse-galerie.ch\\\/wp-content\\\/uploads\\\/2021\\\/11\\\/1125-Jupe-en-tissu-chine-blanc-et-rose-pastel-effet-portefeuille-garni-de-franges.jpg\",\"contentUrl\":\"https:\\\/\\\/www.audacieuse-galerie.ch\\\/wp-content\\\/uploads\\\/2021\\\/11\\\/1125-Jupe-en-tissu-chine-blanc-et-rose-pastel-effet-portefeuille-garni-de-franges.jpg\",\"width\":1000,\"height\":1502,\"caption\":\"Rock aus wei\u00dfem und pastellrosa heidefarbenem Stoff mit einem Wickel-Effekt, der mit Fransen besetzt ist\"}]}<\/script>\n<!-- \/ Yoast SEO plugin. -->","yoast_head_json":{"title":"Rock aus wei\u00dfem und pastellrosa gesprenkeltem Stoff","description":"Rock aus wei\u00dfem und pastellrosa gesprenkeltem Stoff","robots":{"index":"index","follow":"follow","max-snippet":"max-snippet:-1","max-image-preview":"max-image-preview:large","max-video-preview":"max-video-preview:-1"},"canonical":"https:\/\/www.audacieuse-galerie.ch\/de\/produit\/rock-aus-meliertem-stoff-in-weiss-und-pastellrosa-wickeleffekt-mit-fransenbesatz\/","og_locale":"de_DE","og_type":"article","og_title":"Rock aus wei\u00dfem und pastellrosa gesprenkeltem Stoff","og_description":"Rock aus wei\u00dfem und pastellrosa gesprenkeltem Stoff","og_url":"https:\/\/www.audacieuse-galerie.ch\/de\/produit\/rock-aus-meliertem-stoff-in-weiss-und-pastellrosa-wickeleffekt-mit-fransenbesatz\/","og_site_name":"Audacieuse-Galerie","article_publisher":"https:\/\/www.facebook.com\/audacieuse.galerie","article_modified_time":"2026-02-14T19:01:59+00:00","og_image":[{"width":1000,"height":1502,"url":"https:\/\/www.audacieuse-galerie.ch\/wp-content\/uploads\/2021\/11\/1125-Jupe-en-tissu-chine-blanc-et-rose-pastel-effet-portefeuille-garni-de-franges.jpg","type":"image\/jpeg"}],"twitter_card":"summary_large_image","twitter_misc":{"Gesch\u00e4tzte Lesezeit":"1 Minute"},"schema":{"@context":"https:\/\/schema.org","@graph":[{"@type":"ImageObject","inLanguage":"de","@id":"https:\/\/www.audacieuse-galerie.ch\/de\/produit\/rock-aus-meliertem-stoff-in-weiss-und-pastellrosa-wickeleffekt-mit-fransenbesatz\/#primaryimage","url":"https:\/\/www.audacieuse-galerie.ch\/wp-content\/uploads\/2021\/11\/1125-Jupe-en-tissu-chine-blanc-et-rose-pastel-effet-portefeuille-garni-de-franges.jpg","contentUrl":"https:\/\/www.audacieuse-galerie.ch\/wp-content\/uploads\/2021\/11\/1125-Jupe-en-tissu-chine-blanc-et-rose-pastel-effet-portefeuille-garni-de-franges.jpg","width":1000,"height":1502,"caption":"Rock aus wei\u00dfem und pastellrosa heidefarbenem Stoff mit einem Wickel-Effekt, der mit Fransen besetzt ist"}]}},"jetpack_publicize_connections":[],"_links":{"self":[{"href":"https:\/\/www.audacieuse-galerie.ch\/de\/wp-json\/wp\/v2\/product\/63112","targetHints":{"allow":["GET"]}}],"collection":[{"href":"https:\/\/www.audacieuse-galerie.ch\/de\/wp-json\/wp\/v2\/product"}],"about":[{"href":"https:\/\/www.audacieuse-galerie.ch\/de\/wp-json\/wp\/v2\/types\/product"}],"replies":[{"embeddable":true,"href":"https:\/\/www.audacieuse-galerie.ch\/de\/wp-json\/wp\/v2\/comments?post=63112"}],"version-history":[{"count":0,"href":"https:\/\/www.audacieuse-galerie.ch\/de\/wp-json\/wp\/v2\/product\/63112\/revisions"}],"wp:featuredmedia":[{"embeddable":true,"href":"https:\/\/www.audacieuse-galerie.ch\/de\/wp-json\/wp\/v2\/media\/63100"}],"wp:attachment":[{"href":"https:\/\/www.audacieuse-galerie.ch\/de\/wp-json\/wp\/v2\/media?parent=63112"}],"wp:term":[{"taxonomy":"product_brand","embeddable":true,"href":"https:\/\/www.audacieuse-galerie.ch\/de\/wp-json\/wp\/v2\/product_brand?post=63112"},{"taxonomy":"product_cat","embeddable":true,"href":"https:\/\/www.audacieuse-galerie.ch\/de\/wp-json\/wp\/v2\/product_cat?post=63112"},{"taxonomy":"product_tag","embeddable":true,"href":"https:\/\/www.audacieuse-galerie.ch\/de\/wp-json\/wp\/v2\/product_tag?post=63112"}],"curies":[{"name":"wp","href":"https:\/\/api.w.org\/{rel}","templated":true}]}}