{"id":63133,"date":"2022-05-22T12:51:43","date_gmt":"2022-05-22T10:51:43","guid":{"rendered":"https:\/\/woo.audacieuse-galerie.ch\/produit\/langes-kleid-aus-viskose-satin-braun-camel-kupfer-mit-guertel\/"},"modified":"2024-06-07T16:33:49","modified_gmt":"2024-06-07T14:33:49","slug":"langes-kleid-aus-viskose-satin-braun-camel-kupfer-mit-guertel","status":"publish","type":"product","link":"https:\/\/www.audacieuse-galerie.ch\/de\/produit\/langes-kleid-aus-viskose-satin-braun-camel-kupfer-mit-guertel\/","title":{"rendered":"Langes Kleid aus Viskose-Satin braun camel kupfer mit G\u00fcrtel"},"content":{"rendered":"<p>Mit diesem Kleid ist es sehr einfach, mit wenig Aufwand eine sehr elegante Silhouette zu erzielen.<\/p>\n<p>Es besteht aus einem weichen, atmungsaktiven 100 % Viskosegewebe.<\/p>\n<p>Es wird mittellang getragen und hat einen G\u00fcrtel, der die Taille betont. Der Ausschnitt und der satinierte Stoff verleihen ihr einen sehr sinnlichen Stil, ebenso wie der Rockschlitz am linken Bein. Es wird auf dem R\u00fccken mit einem unsichtbaren Verschluss geschlossen.<\/p>\n<p>Das Kleid &#8222;Frans&#8220; wird Sie sowohl tags\u00fcber als auch am Abend begleiten. Dieses Kleidungsst\u00fcck wird in den kommenden Saisons leicht zu einem wichtigen Bestandteil Ihrer Garderobe werden.<\/p>\n<p>Das Model tr\u00e4gt Gr\u00f6\u00dfe 36.<\/p>\n<p>Material: 100 % Viskose<\/p>\n<p>Pflege: Nicht bleichen, Handw\u00e4sche empfohlen, B\u00fcgeltemperatur 110 \u00b0c<\/p>\n<p>&nbsp;<\/p>\n","protected":false},"excerpt":{"rendered":"<p>Ein Kleid aus Viskose-Satin in den Farben Camelbraun und Terrakotta f\u00fcr einen stilvollen Auftritt mit hohem Tragekomfort. Eine nat\u00fcrliche Farbe, die Sie mit gleichfarbigen oder bunteren Accessoires kombinieren k\u00f6nnen, um Ihren eigenen Stil zu verwirklichen.<\/p>\n","protected":false},"featured_media":63118,"comment_status":"open","ping_status":"closed","template":"","meta":{"_glsr_average":0,"_glsr_ranking":0,"_glsr_reviews":0,"jetpack_publicize_message":"","jetpack_publicize_feature_enabled":true,"jetpack_social_post_already_shared":false,"jetpack_social_options":{"image_generator_settings":{"template":"highway","default_image_id":0,"font":"","enabled":false},"version":2}},"product_brand":[],"product_cat":[198,72],"product_tag":[],"class_list":{"0":"post-63133","1":"product","2":"type-product","3":"status-publish","4":"has-post-thumbnail","6":"product_cat-kleider-kurz-oder-lang-von-kreatoren","7":"product_cat-pret-a-porter-frau","8":"pa_color-beige-de","9":"pa_composition-viskose-de","10":"pa_genre-frau-de","11":"pa_lieudefabrication-europa-de","12":"pa_lieudefabrication-international-de","13":"pa_longueur-lang-de","14":"pa_motif-unifarben-de","15":"pa_saison-fruhjahrsommer-de","16":"pa_saison-herbstwinter-de","17":"pa_style-festlich-de","18":"pa_style-glamour-de","19":"pa_style-original-de","20":"pa_style-retro-de","21":"pa_style-trend-de","22":"pa_taille-36_s-de","23":"pa_taille-38_m-de","24":"pa_taille-40_m-de","25":"pa_taille-42_l-de","27":"first","28":"instock","29":"sale","30":"taxable","31":"shipping-taxable","32":"purchasable","33":"product-type-variable"},"yoast_head":"<!-- This site is optimized with the Yoast SEO plugin v27.4 - https:\/\/yoast.com\/product\/yoast-seo-wordpress\/ -->\n<title>Langes Kleid aus Viskose-Satin braun camel kupfer mit G\u00fcrtel - Audacieuse-Galerie<\/title>\n<meta name=\"description\" content=\"Langes Kleid aus Viskose-Satin braun camel kupfer mit G\u00fcrtel - Audacieuse-Galerie\" \/>\n<meta name=\"robots\" content=\"index, follow, max-snippet:-1, max-image-preview:large, max-video-preview:-1\" \/>\n<link rel=\"canonical\" href=\"https:\/\/www.audacieuse-galerie.ch\/de\/produit\/langes-kleid-aus-viskose-satin-braun-camel-kupfer-mit-guertel\/\" \/>\n<meta property=\"og:locale\" content=\"de_DE\" \/>\n<meta property=\"og:type\" content=\"article\" \/>\n<meta property=\"og:title\" content=\"Langes Kleid aus Viskose-Satin braun camel kupfer mit G\u00fcrtel - Audacieuse-Galerie\" \/>\n<meta property=\"og:description\" content=\"Langes Kleid aus Viskose-Satin braun camel kupfer mit G\u00fcrtel - Audacieuse-Galerie\" \/>\n<meta property=\"og:url\" content=\"https:\/\/www.audacieuse-galerie.ch\/de\/produit\/langes-kleid-aus-viskose-satin-braun-camel-kupfer-mit-guertel\/\" \/>\n<meta property=\"og:site_name\" content=\"Audacieuse-Galerie\" \/>\n<meta property=\"article:publisher\" content=\"https:\/\/www.facebook.com\/audacieuse.galerie\" \/>\n<meta property=\"article:modified_time\" content=\"2024-06-07T14:33:49+00:00\" \/>\n<meta property=\"og:image\" content=\"https:\/\/www.audacieuse-galerie.ch\/wp-content\/uploads\/2022\/05\/1117-Robe-longue-en-satin-de-viscose-brun-camel-cuivr-avec-ceinturee.jpg\" \/>\n\t<meta property=\"og:image:width\" content=\"1000\" \/>\n\t<meta property=\"og:image:height\" content=\"1500\" \/>\n\t<meta property=\"og:image:type\" content=\"image\/jpeg\" \/>\n<meta name=\"twitter:card\" content=\"summary_large_image\" \/>\n<meta name=\"twitter:label1\" content=\"Gesch\u00e4tzte Lesezeit\" \/>\n\t<meta name=\"twitter:data1\" content=\"1 Minute\" \/>\n<script type=\"application\/ld+json\" class=\"yoast-schema-graph\">{\"@context\":\"https:\\\/\\\/schema.org\",\"@graph\":[{\"@type\":\"ImageObject\",\"inLanguage\":\"de\",\"@id\":\"https:\\\/\\\/www.audacieuse-galerie.ch\\\/de\\\/produit\\\/langes-kleid-aus-viskose-satin-braun-camel-kupfer-mit-guertel\\\/#primaryimage\",\"url\":\"https:\\\/\\\/www.audacieuse-galerie.ch\\\/wp-content\\\/uploads\\\/2022\\\/05\\\/1117-Robe-longue-en-satin-de-viscose-brun-camel-cuivr-avec-ceinturee.jpg\",\"contentUrl\":\"https:\\\/\\\/www.audacieuse-galerie.ch\\\/wp-content\\\/uploads\\\/2022\\\/05\\\/1117-Robe-longue-en-satin-de-viscose-brun-camel-cuivr-avec-ceinturee.jpg\",\"width\":1000,\"height\":1500}]}<\/script>\n<!-- \/ Yoast SEO plugin. -->","yoast_head_json":{"title":"Langes Kleid aus Viskose-Satin braun camel kupfer mit G\u00fcrtel - Audacieuse-Galerie","description":"Langes Kleid aus Viskose-Satin braun camel kupfer mit G\u00fcrtel - Audacieuse-Galerie","robots":{"index":"index","follow":"follow","max-snippet":"max-snippet:-1","max-image-preview":"max-image-preview:large","max-video-preview":"max-video-preview:-1"},"canonical":"https:\/\/www.audacieuse-galerie.ch\/de\/produit\/langes-kleid-aus-viskose-satin-braun-camel-kupfer-mit-guertel\/","og_locale":"de_DE","og_type":"article","og_title":"Langes Kleid aus Viskose-Satin braun camel kupfer mit G\u00fcrtel - Audacieuse-Galerie","og_description":"Langes Kleid aus Viskose-Satin braun camel kupfer mit G\u00fcrtel - Audacieuse-Galerie","og_url":"https:\/\/www.audacieuse-galerie.ch\/de\/produit\/langes-kleid-aus-viskose-satin-braun-camel-kupfer-mit-guertel\/","og_site_name":"Audacieuse-Galerie","article_publisher":"https:\/\/www.facebook.com\/audacieuse.galerie","article_modified_time":"2024-06-07T14:33:49+00:00","og_image":[{"width":1000,"height":1500,"url":"https:\/\/www.audacieuse-galerie.ch\/wp-content\/uploads\/2022\/05\/1117-Robe-longue-en-satin-de-viscose-brun-camel-cuivr-avec-ceinturee.jpg","type":"image\/jpeg"}],"twitter_card":"summary_large_image","twitter_misc":{"Gesch\u00e4tzte Lesezeit":"1 Minute"},"schema":{"@context":"https:\/\/schema.org","@graph":[{"@type":"ImageObject","inLanguage":"de","@id":"https:\/\/www.audacieuse-galerie.ch\/de\/produit\/langes-kleid-aus-viskose-satin-braun-camel-kupfer-mit-guertel\/#primaryimage","url":"https:\/\/www.audacieuse-galerie.ch\/wp-content\/uploads\/2022\/05\/1117-Robe-longue-en-satin-de-viscose-brun-camel-cuivr-avec-ceinturee.jpg","contentUrl":"https:\/\/www.audacieuse-galerie.ch\/wp-content\/uploads\/2022\/05\/1117-Robe-longue-en-satin-de-viscose-brun-camel-cuivr-avec-ceinturee.jpg","width":1000,"height":1500}]}},"jetpack_publicize_connections":[],"_links":{"self":[{"href":"https:\/\/www.audacieuse-galerie.ch\/de\/wp-json\/wp\/v2\/product\/63133","targetHints":{"allow":["GET"]}}],"collection":[{"href":"https:\/\/www.audacieuse-galerie.ch\/de\/wp-json\/wp\/v2\/product"}],"about":[{"href":"https:\/\/www.audacieuse-galerie.ch\/de\/wp-json\/wp\/v2\/types\/product"}],"replies":[{"embeddable":true,"href":"https:\/\/www.audacieuse-galerie.ch\/de\/wp-json\/wp\/v2\/comments?post=63133"}],"version-history":[{"count":0,"href":"https:\/\/www.audacieuse-galerie.ch\/de\/wp-json\/wp\/v2\/product\/63133\/revisions"}],"wp:featuredmedia":[{"embeddable":true,"href":"https:\/\/www.audacieuse-galerie.ch\/de\/wp-json\/wp\/v2\/media\/63118"}],"wp:attachment":[{"href":"https:\/\/www.audacieuse-galerie.ch\/de\/wp-json\/wp\/v2\/media?parent=63133"}],"wp:term":[{"taxonomy":"product_brand","embeddable":true,"href":"https:\/\/www.audacieuse-galerie.ch\/de\/wp-json\/wp\/v2\/product_brand?post=63133"},{"taxonomy":"product_cat","embeddable":true,"href":"https:\/\/www.audacieuse-galerie.ch\/de\/wp-json\/wp\/v2\/product_cat?post=63133"},{"taxonomy":"product_tag","embeddable":true,"href":"https:\/\/www.audacieuse-galerie.ch\/de\/wp-json\/wp\/v2\/product_tag?post=63133"}],"curies":[{"name":"wp","href":"https:\/\/api.w.org\/{rel}","templated":true}]}}