{"id":63160,"date":"2021-11-20T22:20:54","date_gmt":"2021-11-20T21:20:54","guid":{"rendered":"https:\/\/woo.audacieuse-galerie.ch\/produit\/manteau-trench-en-coton-beige-orange-double-crose-avec-ceinture-2\/"},"modified":"2026-02-24T11:14:14","modified_gmt":"2026-02-24T10:14:14","slug":"manteau-trench-en-coton-beige-orange-double-crose-avec-ceinture-2","status":"publish","type":"product","link":"https:\/\/www.audacieuse-galerie.ch\/de\/produit\/manteau-trench-en-coton-beige-orange-double-crose-avec-ceinture-2\/","title":{"rendered":"Trenchcoat aus ockerfarbener erdbeiger Baumwolle \u2013 Doppelreihiger Doppelreihgurt \u2013 Goldg\u00fcrtel aus Metall"},"content":{"rendered":"<p>Trenchcoat aus ockerfarbener erdbeiger Baumwolle \u2013 zeitlose Eleganz \u2013 aus der irischen Marke Perspective.<\/p>\n<p>Verleihen Sie Ihrem Kleiderschrank mit diesem ockerfarbenen, erdbeigen Baumwoll-Trenchcoat einen eleganten Akzent. Sein zweireihiger Schnitt betont die Silhouette und sorgt gleichzeitig f\u00fcr Komfort und Stil. <\/p>\n<p>Der gro\u00dfe Kragen sorgt f\u00fcr ein schlankes und strukturiertes Aussehen, w\u00e4hrend der goldene Metall-Druckkn\u00f6pfverschluss und der passende G\u00fcrtel f\u00fcr Verfeinerung und ein hochwertiges Finish sorgen.<\/p>\n<p><strong>Merkmale:<\/strong><\/p>\n<ul>\n<li>Akribische Finishes<\/li>\n<li>Doppelter Kreuzverschluss mit goldenen Metalldruckkn\u00f6pfen<\/li>\n<li>Goldener Metallschnalleng\u00fcrtel f\u00fcr perfekte Passform<\/li>\n<li>Gro\u00dfer strukturierter Kragen f\u00fcr einen eleganten und zeitlosen Stil<\/li>\n<li>Nat\u00fcrliches Material und Komfort<\/li>\n<li>100 % Baumwolle<\/li>\n<li>Weich, leicht und atmungsaktiv<\/li>\n<li>Ideal f\u00fcr Mittelsaison und milde Wintermonate<\/li>\n<\/ul>\n","protected":false},"excerpt":{"rendered":"<p><strong>Trenchcoat aus ockerfarbener erdbeiger Baumwolle<\/strong>, zweireihig geschnitten mit goldener Metall-Druckkn\u00f6pfverschluss. Mit einem G\u00fcrtel mit goldener Metallschnalle und einem gro\u00dfen, eleganten Kragen. Gr\u00f6\u00dfe 42 (L), schick und zeitloser Stil.  <\/p>\n","protected":false},"featured_media":63145,"comment_status":"open","ping_status":"closed","template":"","meta":{"jetpack_publicize_message":"","jetpack_publicize_feature_enabled":true,"jetpack_social_post_already_shared":true,"jetpack_social_options":{"image_generator_settings":{"template":"highway","default_image_id":0,"font":"","enabled":false},"version":2}},"product_brand":[],"product_cat":[210,72],"product_tag":[],"class_list":{"0":"post-63160","1":"product","2":"type-product","3":"status-publish","4":"has-post-thumbnail","6":"product_cat-jacken-und-maentel","7":"product_cat-pret-a-porter-frau","8":"pa_taille-42_l-de","10":"first","11":"instock","12":"sale","13":"taxable","14":"shipping-taxable","15":"purchasable","16":"product-type-variable","17":"has-default-attributes"},"yoast_head":"<!-- This site is optimized with the Yoast SEO plugin v27.3 - https:\/\/yoast.com\/product\/yoast-seo-wordpress\/ -->\n<title>Trendiger Trenchcoat aus zweireihiger Erd-ocker-Beige-Baumwolle mit goldenem Metallg\u00fcrtel<\/title>\n<meta name=\"description\" content=\"Trenchcoat aus ockerfarbener erdbeiger Baumwolle, zweireihiger Schnitt, gro\u00dfer Kragen und goldener Metallg\u00fcrtel. Gr\u00f6\u00dfe 42\/L, schick und elegant f\u00fcr die Midseason. Sie ist pr\u00e4gnant, enth\u00e4lt die Hauptstichw\u00f6rter: Trenchcoat, Baumwolle, Beige, zweireihig, goldener Metallg\u00fcrtel, Gr\u00f6\u00dfe 42\/L, und bleibt attraktiv f\u00fcr Klicks.\" \/>\n<meta name=\"robots\" content=\"index, follow, max-snippet:-1, max-image-preview:large, max-video-preview:-1\" \/>\n<link rel=\"canonical\" href=\"https:\/\/www.audacieuse-galerie.ch\/de\/produit\/manteau-trench-en-coton-beige-orange-double-crose-avec-ceinture-2\/\" \/>\n<meta property=\"og:locale\" content=\"de_DE\" \/>\n<meta property=\"og:type\" content=\"article\" \/>\n<meta property=\"og:title\" content=\"Trendiger Trenchcoat aus zweireihiger Erd-ocker-Beige-Baumwolle mit goldenem Metallg\u00fcrtel\" \/>\n<meta property=\"og:description\" content=\"Trenchcoat aus ockerfarbener erdbeiger Baumwolle, zweireihiger Schnitt, gro\u00dfer Kragen und goldener Metallg\u00fcrtel. Gr\u00f6\u00dfe 42\/L, schick und elegant f\u00fcr die Midseason. Sie ist pr\u00e4gnant, enth\u00e4lt die Hauptstichw\u00f6rter: Trenchcoat, Baumwolle, Beige, zweireihig, goldener Metallg\u00fcrtel, Gr\u00f6\u00dfe 42\/L, und bleibt attraktiv f\u00fcr Klicks.\" \/>\n<meta property=\"og:url\" content=\"https:\/\/www.audacieuse-galerie.ch\/de\/produit\/manteau-trench-en-coton-beige-orange-double-crose-avec-ceinture-2\/\" \/>\n<meta property=\"og:site_name\" content=\"Audacieuse-Galerie\" \/>\n<meta property=\"article:publisher\" content=\"https:\/\/www.facebook.com\/audacieuse.galerie\" \/>\n<meta property=\"article:modified_time\" content=\"2026-02-24T10:14:14+00:00\" \/>\n<meta property=\"og:image\" content=\"https:\/\/www.audacieuse-galerie.ch\/wp-content\/uploads\/2021\/11\/1129-Manteau-trench-en-coton-beige-orange-double-crose-avec-ceinture.jpg\" \/>\n\t<meta property=\"og:image:width\" content=\"1000\" \/>\n\t<meta property=\"og:image:height\" content=\"1502\" \/>\n\t<meta property=\"og:image:type\" content=\"image\/jpeg\" \/>\n<meta name=\"twitter:card\" content=\"summary_large_image\" \/>\n<meta name=\"twitter:label1\" content=\"Gesch\u00e4tzte Lesezeit\" \/>\n\t<meta name=\"twitter:data1\" content=\"1 Minute\" \/>\n<script type=\"application\/ld+json\" class=\"yoast-schema-graph\">{\"@context\":\"https:\\\/\\\/schema.org\",\"@graph\":[{\"@type\":\"WebPage\",\"@id\":\"https:\\\/\\\/www.audacieuse-galerie.ch\\\/de\\\/produit\\\/manteau-trench-en-coton-beige-orange-double-crose-avec-ceinture-2\\\/\",\"url\":\"https:\\\/\\\/www.audacieuse-galerie.ch\\\/de\\\/produit\\\/manteau-trench-en-coton-beige-orange-double-crose-avec-ceinture-2\\\/\",\"name\":\"Trendiger Trenchcoat aus zweireihiger Erd-ocker-Beige-Baumwolle mit goldenem Metallg\u00fcrtel\",\"isPartOf\":{\"@id\":\"https:\\\/\\\/www.audacieuse-galerie.ch\\\/de\\\/#website\"},\"primaryImageOfPage\":{\"@id\":\"https:\\\/\\\/www.audacieuse-galerie.ch\\\/de\\\/produit\\\/manteau-trench-en-coton-beige-orange-double-crose-avec-ceinture-2\\\/#primaryimage\"},\"image\":{\"@id\":\"https:\\\/\\\/www.audacieuse-galerie.ch\\\/de\\\/produit\\\/manteau-trench-en-coton-beige-orange-double-crose-avec-ceinture-2\\\/#primaryimage\"},\"thumbnailUrl\":\"https:\\\/\\\/www.audacieuse-galerie.ch\\\/wp-content\\\/uploads\\\/2021\\\/11\\\/1129-Manteau-trench-en-coton-beige-orange-double-crose-avec-ceinture.jpg\",\"datePublished\":\"2021-11-20T21:20:54+00:00\",\"dateModified\":\"2026-02-24T10:14:14+00:00\",\"description\":\"Trenchcoat aus ockerfarbener erdbeiger Baumwolle, zweireihiger Schnitt, gro\u00dfer Kragen und goldener Metallg\u00fcrtel. Gr\u00f6\u00dfe 42\\\/L, schick und elegant f\u00fcr die Midseason. Sie ist pr\u00e4gnant, enth\u00e4lt die Hauptstichw\u00f6rter: Trenchcoat, Baumwolle, Beige, zweireihig, goldener Metallg\u00fcrtel, Gr\u00f6\u00dfe 42\\\/L, und bleibt attraktiv f\u00fcr Klicks.\",\"breadcrumb\":{\"@id\":\"https:\\\/\\\/www.audacieuse-galerie.ch\\\/de\\\/produit\\\/manteau-trench-en-coton-beige-orange-double-crose-avec-ceinture-2\\\/#breadcrumb\"},\"inLanguage\":\"de\",\"potentialAction\":[{\"@type\":\"ReadAction\",\"target\":[\"https:\\\/\\\/www.audacieuse-galerie.ch\\\/de\\\/produit\\\/manteau-trench-en-coton-beige-orange-double-crose-avec-ceinture-2\\\/\"]}]},{\"@type\":\"ImageObject\",\"inLanguage\":\"de\",\"@id\":\"https:\\\/\\\/www.audacieuse-galerie.ch\\\/de\\\/produit\\\/manteau-trench-en-coton-beige-orange-double-crose-avec-ceinture-2\\\/#primaryimage\",\"url\":\"https:\\\/\\\/www.audacieuse-galerie.ch\\\/wp-content\\\/uploads\\\/2021\\\/11\\\/1129-Manteau-trench-en-coton-beige-orange-double-crose-avec-ceinture.jpg\",\"contentUrl\":\"https:\\\/\\\/www.audacieuse-galerie.ch\\\/wp-content\\\/uploads\\\/2021\\\/11\\\/1129-Manteau-trench-en-coton-beige-orange-double-crose-avec-ceinture.jpg\",\"width\":1000,\"height\":1502,\"caption\":\"Trenchcoat aus orange-beige, doppelt pinker Baumwolle mit G\u00fcrtel\"},{\"@type\":\"BreadcrumbList\",\"@id\":\"https:\\\/\\\/www.audacieuse-galerie.ch\\\/de\\\/produit\\\/manteau-trench-en-coton-beige-orange-double-crose-avec-ceinture-2\\\/#breadcrumb\",\"itemListElement\":[{\"@type\":\"ListItem\",\"position\":1,\"name\":\"Heim\",\"item\":\"https:\\\/\\\/www.audacieuse-galerie.ch\\\/de\\\/\"},{\"@type\":\"ListItem\",\"position\":2,\"name\":\"Alle unsere Produkte\",\"item\":\"https:\\\/\\\/www.audacieuse-galerie.ch\\\/tous-nos-produits\\\/\"},{\"@type\":\"ListItem\",\"position\":3,\"name\":\"Trenchcoat aus ockerfarbener erdbeiger Baumwolle \u2013 Doppelreihiger Doppelreihgurt \u2013 Goldg\u00fcrtel aus Metall\"}]},{\"@type\":\"WebSite\",\"@id\":\"https:\\\/\\\/www.audacieuse-galerie.ch\\\/de\\\/#website\",\"url\":\"https:\\\/\\\/www.audacieuse-galerie.ch\\\/de\\\/\",\"name\":\"Audacieuse-Galerie\",\"description\":\"Mode et Images\",\"potentialAction\":[{\"@type\":\"SearchAction\",\"target\":{\"@type\":\"EntryPoint\",\"urlTemplate\":\"https:\\\/\\\/www.audacieuse-galerie.ch\\\/de\\\/?s={search_term_string}\"},\"query-input\":{\"@type\":\"PropertyValueSpecification\",\"valueRequired\":true,\"valueName\":\"search_term_string\"}}],\"inLanguage\":\"de\"}]}<\/script>\n<!-- \/ Yoast SEO plugin. -->","yoast_head_json":{"title":"Trendiger Trenchcoat aus zweireihiger Erd-ocker-Beige-Baumwolle mit goldenem Metallg\u00fcrtel","description":"Trenchcoat aus ockerfarbener erdbeiger Baumwolle, zweireihiger Schnitt, gro\u00dfer Kragen und goldener Metallg\u00fcrtel. Gr\u00f6\u00dfe 42\/L, schick und elegant f\u00fcr die Midseason. Sie ist pr\u00e4gnant, enth\u00e4lt die Hauptstichw\u00f6rter: Trenchcoat, Baumwolle, Beige, zweireihig, goldener Metallg\u00fcrtel, Gr\u00f6\u00dfe 42\/L, und bleibt attraktiv f\u00fcr Klicks.","robots":{"index":"index","follow":"follow","max-snippet":"max-snippet:-1","max-image-preview":"max-image-preview:large","max-video-preview":"max-video-preview:-1"},"canonical":"https:\/\/www.audacieuse-galerie.ch\/de\/produit\/manteau-trench-en-coton-beige-orange-double-crose-avec-ceinture-2\/","og_locale":"de_DE","og_type":"article","og_title":"Trendiger Trenchcoat aus zweireihiger Erd-ocker-Beige-Baumwolle mit goldenem Metallg\u00fcrtel","og_description":"Trenchcoat aus ockerfarbener erdbeiger Baumwolle, zweireihiger Schnitt, gro\u00dfer Kragen und goldener Metallg\u00fcrtel. Gr\u00f6\u00dfe 42\/L, schick und elegant f\u00fcr die Midseason. Sie ist pr\u00e4gnant, enth\u00e4lt die Hauptstichw\u00f6rter: Trenchcoat, Baumwolle, Beige, zweireihig, goldener Metallg\u00fcrtel, Gr\u00f6\u00dfe 42\/L, und bleibt attraktiv f\u00fcr Klicks.","og_url":"https:\/\/www.audacieuse-galerie.ch\/de\/produit\/manteau-trench-en-coton-beige-orange-double-crose-avec-ceinture-2\/","og_site_name":"Audacieuse-Galerie","article_publisher":"https:\/\/www.facebook.com\/audacieuse.galerie","article_modified_time":"2026-02-24T10:14:14+00:00","og_image":[{"width":1000,"height":1502,"url":"https:\/\/www.audacieuse-galerie.ch\/wp-content\/uploads\/2021\/11\/1129-Manteau-trench-en-coton-beige-orange-double-crose-avec-ceinture.jpg","type":"image\/jpeg"}],"twitter_card":"summary_large_image","twitter_misc":{"Gesch\u00e4tzte Lesezeit":"1 Minute"},"schema":{"@context":"https:\/\/schema.org","@graph":[{"@type":"WebPage","@id":"https:\/\/www.audacieuse-galerie.ch\/de\/produit\/manteau-trench-en-coton-beige-orange-double-crose-avec-ceinture-2\/","url":"https:\/\/www.audacieuse-galerie.ch\/de\/produit\/manteau-trench-en-coton-beige-orange-double-crose-avec-ceinture-2\/","name":"Trendiger Trenchcoat aus zweireihiger Erd-ocker-Beige-Baumwolle mit goldenem Metallg\u00fcrtel","isPartOf":{"@id":"https:\/\/www.audacieuse-galerie.ch\/de\/#website"},"primaryImageOfPage":{"@id":"https:\/\/www.audacieuse-galerie.ch\/de\/produit\/manteau-trench-en-coton-beige-orange-double-crose-avec-ceinture-2\/#primaryimage"},"image":{"@id":"https:\/\/www.audacieuse-galerie.ch\/de\/produit\/manteau-trench-en-coton-beige-orange-double-crose-avec-ceinture-2\/#primaryimage"},"thumbnailUrl":"https:\/\/www.audacieuse-galerie.ch\/wp-content\/uploads\/2021\/11\/1129-Manteau-trench-en-coton-beige-orange-double-crose-avec-ceinture.jpg","datePublished":"2021-11-20T21:20:54+00:00","dateModified":"2026-02-24T10:14:14+00:00","description":"Trenchcoat aus ockerfarbener erdbeiger Baumwolle, zweireihiger Schnitt, gro\u00dfer Kragen und goldener Metallg\u00fcrtel. Gr\u00f6\u00dfe 42\/L, schick und elegant f\u00fcr die Midseason. Sie ist pr\u00e4gnant, enth\u00e4lt die Hauptstichw\u00f6rter: Trenchcoat, Baumwolle, Beige, zweireihig, goldener Metallg\u00fcrtel, Gr\u00f6\u00dfe 42\/L, und bleibt attraktiv f\u00fcr Klicks.","breadcrumb":{"@id":"https:\/\/www.audacieuse-galerie.ch\/de\/produit\/manteau-trench-en-coton-beige-orange-double-crose-avec-ceinture-2\/#breadcrumb"},"inLanguage":"de","potentialAction":[{"@type":"ReadAction","target":["https:\/\/www.audacieuse-galerie.ch\/de\/produit\/manteau-trench-en-coton-beige-orange-double-crose-avec-ceinture-2\/"]}]},{"@type":"ImageObject","inLanguage":"de","@id":"https:\/\/www.audacieuse-galerie.ch\/de\/produit\/manteau-trench-en-coton-beige-orange-double-crose-avec-ceinture-2\/#primaryimage","url":"https:\/\/www.audacieuse-galerie.ch\/wp-content\/uploads\/2021\/11\/1129-Manteau-trench-en-coton-beige-orange-double-crose-avec-ceinture.jpg","contentUrl":"https:\/\/www.audacieuse-galerie.ch\/wp-content\/uploads\/2021\/11\/1129-Manteau-trench-en-coton-beige-orange-double-crose-avec-ceinture.jpg","width":1000,"height":1502,"caption":"Trenchcoat aus orange-beige, doppelt pinker Baumwolle mit G\u00fcrtel"},{"@type":"BreadcrumbList","@id":"https:\/\/www.audacieuse-galerie.ch\/de\/produit\/manteau-trench-en-coton-beige-orange-double-crose-avec-ceinture-2\/#breadcrumb","itemListElement":[{"@type":"ListItem","position":1,"name":"Heim","item":"https:\/\/www.audacieuse-galerie.ch\/de\/"},{"@type":"ListItem","position":2,"name":"Alle unsere Produkte","item":"https:\/\/www.audacieuse-galerie.ch\/tous-nos-produits\/"},{"@type":"ListItem","position":3,"name":"Trenchcoat aus ockerfarbener erdbeiger Baumwolle \u2013 Doppelreihiger Doppelreihgurt \u2013 Goldg\u00fcrtel aus Metall"}]},{"@type":"WebSite","@id":"https:\/\/www.audacieuse-galerie.ch\/de\/#website","url":"https:\/\/www.audacieuse-galerie.ch\/de\/","name":"Audacieuse-Galerie","description":"Mode et Images","potentialAction":[{"@type":"SearchAction","target":{"@type":"EntryPoint","urlTemplate":"https:\/\/www.audacieuse-galerie.ch\/de\/?s={search_term_string}"},"query-input":{"@type":"PropertyValueSpecification","valueRequired":true,"valueName":"search_term_string"}}],"inLanguage":"de"}]}},"jetpack_publicize_connections":[],"_links":{"self":[{"href":"https:\/\/www.audacieuse-galerie.ch\/de\/wp-json\/wp\/v2\/product\/63160","targetHints":{"allow":["GET"]}}],"collection":[{"href":"https:\/\/www.audacieuse-galerie.ch\/de\/wp-json\/wp\/v2\/product"}],"about":[{"href":"https:\/\/www.audacieuse-galerie.ch\/de\/wp-json\/wp\/v2\/types\/product"}],"replies":[{"embeddable":true,"href":"https:\/\/www.audacieuse-galerie.ch\/de\/wp-json\/wp\/v2\/comments?post=63160"}],"version-history":[{"count":0,"href":"https:\/\/www.audacieuse-galerie.ch\/de\/wp-json\/wp\/v2\/product\/63160\/revisions"}],"wp:featuredmedia":[{"embeddable":true,"href":"https:\/\/www.audacieuse-galerie.ch\/de\/wp-json\/wp\/v2\/media\/63145"}],"wp:attachment":[{"href":"https:\/\/www.audacieuse-galerie.ch\/de\/wp-json\/wp\/v2\/media?parent=63160"}],"wp:term":[{"taxonomy":"product_brand","embeddable":true,"href":"https:\/\/www.audacieuse-galerie.ch\/de\/wp-json\/wp\/v2\/product_brand?post=63160"},{"taxonomy":"product_cat","embeddable":true,"href":"https:\/\/www.audacieuse-galerie.ch\/de\/wp-json\/wp\/v2\/product_cat?post=63160"},{"taxonomy":"product_tag","embeddable":true,"href":"https:\/\/www.audacieuse-galerie.ch\/de\/wp-json\/wp\/v2\/product_tag?post=63160"}],"curies":[{"name":"wp","href":"https:\/\/api.w.org\/{rel}","templated":true}]}}