{"id":63165,"date":"2026-01-08T13:03:34","date_gmt":"2026-01-08T12:03:34","guid":{"rendered":"https:\/\/woo.audacieuse-galerie.ch\/?post_type=product&#038;p=63165"},"modified":"2026-01-15T11:50:03","modified_gmt":"2026-01-15T10:50:03","slug":"pendentif-fleur-marguerite-en-argent-filigrane","status":"publish","type":"product","link":"https:\/\/www.audacieuse-galerie.ch\/de\/produit\/pendentif-fleur-marguerite-en-argent-filigrane\/","title":{"rendered":"Silberne Filigran-G\u00e4nsebl\u00fcmchen-Anh\u00e4nger"},"content":{"rendered":"","protected":false},"excerpt":{"rendered":"<p>Ein gro\u00dfartiges Werk, um einen G\u00e4nsebl\u00fcmchen-Anh\u00e4nger herzustellen.<\/p>\n<p>Vollst\u00e4ndig in der Filigran-Technik gefertigt, ein sehr sorgf\u00e4ltiges Werk, um einen Silberfaden zu formen.<\/p>\n","protected":false},"featured_media":148089,"comment_status":"open","ping_status":"closed","template":"","meta":{"_glsr_average":0,"_glsr_ranking":0,"_glsr_reviews":0,"jetpack_publicize_message":"","jetpack_publicize_feature_enabled":true,"jetpack_social_post_already_shared":true,"jetpack_social_options":{"image_generator_settings":{"template":"highway","default_image_id":0,"font":"","enabled":false},"version":2}},"product_brand":[],"product_cat":[96,2603,42,168],"product_tag":[],"class_list":{"0":"post-63165","1":"product","2":"type-product","3":"status-publish","4":"has-post-thumbnail","6":"product_cat-accessoires-von-schoepfern","7":"product_cat-filgran-schmuck","8":"product_cat-frauen-konfektionskleidung-und-modeaccessoires","9":"product_cat-modische-schmuckstuecke","11":"first","12":"instock","13":"sold-individually","14":"taxable","15":"shipping-taxable","16":"purchasable","17":"product-type-simple"},"yoast_head":"<!-- This site is optimized with the Yoast SEO plugin v27.4 - https:\/\/yoast.com\/product\/yoast-seo-wordpress\/ -->\n<title>Silberne Filigran-G\u00e4nsebl\u00fcmchen-Anh\u00e4nger - Audacieuse-Galerie<\/title>\n<meta name=\"description\" content=\"Silberne Filigran-G\u00e4nsebl\u00fcmchen-Anh\u00e4nger - Audacieuse-Galerie\" \/>\n<meta name=\"robots\" content=\"index, follow, max-snippet:-1, max-image-preview:large, max-video-preview:-1\" \/>\n<link rel=\"canonical\" href=\"https:\/\/www.audacieuse-galerie.ch\/de\/produit\/pendentif-fleur-marguerite-en-argent-filigrane\/\" \/>\n<meta property=\"og:locale\" content=\"de_DE\" \/>\n<meta property=\"og:type\" content=\"article\" \/>\n<meta property=\"og:title\" content=\"Silberne Filigran-G\u00e4nsebl\u00fcmchen-Anh\u00e4nger - Audacieuse-Galerie\" \/>\n<meta property=\"og:description\" content=\"Silberne Filigran-G\u00e4nsebl\u00fcmchen-Anh\u00e4nger - Audacieuse-Galerie\" \/>\n<meta property=\"og:url\" content=\"https:\/\/www.audacieuse-galerie.ch\/de\/produit\/pendentif-fleur-marguerite-en-argent-filigrane\/\" \/>\n<meta property=\"og:site_name\" content=\"Audacieuse-Galerie\" \/>\n<meta property=\"article:publisher\" content=\"https:\/\/www.facebook.com\/audacieuse.galerie\" \/>\n<meta property=\"article:modified_time\" content=\"2026-01-15T10:50:03+00:00\" \/>\n<meta property=\"og:image\" content=\"https:\/\/www.audacieuse-galerie.ch\/wp-content\/uploads\/2026\/01\/collier-fleur-Jasmin_double_argent_filigrane-1.jpg\" \/>\n\t<meta property=\"og:image:width\" content=\"601\" \/>\n\t<meta property=\"og:image:height\" content=\"451\" \/>\n\t<meta property=\"og:image:type\" content=\"image\/jpeg\" \/>\n<meta name=\"twitter:card\" content=\"summary_large_image\" \/>\n<script type=\"application\/ld+json\" class=\"yoast-schema-graph\">{\"@context\":\"https:\\\/\\\/schema.org\",\"@graph\":[{\"@type\":\"ImageObject\",\"inLanguage\":\"de\",\"@id\":\"https:\\\/\\\/www.audacieuse-galerie.ch\\\/de\\\/produit\\\/pendentif-fleur-marguerite-en-argent-filigrane\\\/#primaryimage\",\"url\":\"https:\\\/\\\/www.audacieuse-galerie.ch\\\/wp-content\\\/uploads\\\/2026\\\/01\\\/collier-fleur-Jasmin_double_argent_filigrane-1.jpg\",\"contentUrl\":\"https:\\\/\\\/www.audacieuse-galerie.ch\\\/wp-content\\\/uploads\\\/2026\\\/01\\\/collier-fleur-Jasmin_double_argent_filigrane-1.jpg\",\"width\":601,\"height\":451}]}<\/script>\n<!-- \/ Yoast SEO plugin. -->","yoast_head_json":{"title":"Silberne Filigran-G\u00e4nsebl\u00fcmchen-Anh\u00e4nger - Audacieuse-Galerie","description":"Silberne Filigran-G\u00e4nsebl\u00fcmchen-Anh\u00e4nger - Audacieuse-Galerie","robots":{"index":"index","follow":"follow","max-snippet":"max-snippet:-1","max-image-preview":"max-image-preview:large","max-video-preview":"max-video-preview:-1"},"canonical":"https:\/\/www.audacieuse-galerie.ch\/de\/produit\/pendentif-fleur-marguerite-en-argent-filigrane\/","og_locale":"de_DE","og_type":"article","og_title":"Silberne Filigran-G\u00e4nsebl\u00fcmchen-Anh\u00e4nger - Audacieuse-Galerie","og_description":"Silberne Filigran-G\u00e4nsebl\u00fcmchen-Anh\u00e4nger - Audacieuse-Galerie","og_url":"https:\/\/www.audacieuse-galerie.ch\/de\/produit\/pendentif-fleur-marguerite-en-argent-filigrane\/","og_site_name":"Audacieuse-Galerie","article_publisher":"https:\/\/www.facebook.com\/audacieuse.galerie","article_modified_time":"2026-01-15T10:50:03+00:00","og_image":[{"width":601,"height":451,"url":"https:\/\/www.audacieuse-galerie.ch\/wp-content\/uploads\/2026\/01\/collier-fleur-Jasmin_double_argent_filigrane-1.jpg","type":"image\/jpeg"}],"twitter_card":"summary_large_image","schema":{"@context":"https:\/\/schema.org","@graph":[{"@type":"ImageObject","inLanguage":"de","@id":"https:\/\/www.audacieuse-galerie.ch\/de\/produit\/pendentif-fleur-marguerite-en-argent-filigrane\/#primaryimage","url":"https:\/\/www.audacieuse-galerie.ch\/wp-content\/uploads\/2026\/01\/collier-fleur-Jasmin_double_argent_filigrane-1.jpg","contentUrl":"https:\/\/www.audacieuse-galerie.ch\/wp-content\/uploads\/2026\/01\/collier-fleur-Jasmin_double_argent_filigrane-1.jpg","width":601,"height":451}]}},"jetpack_publicize_connections":[],"_links":{"self":[{"href":"https:\/\/www.audacieuse-galerie.ch\/de\/wp-json\/wp\/v2\/product\/63165","targetHints":{"allow":["GET"]}}],"collection":[{"href":"https:\/\/www.audacieuse-galerie.ch\/de\/wp-json\/wp\/v2\/product"}],"about":[{"href":"https:\/\/www.audacieuse-galerie.ch\/de\/wp-json\/wp\/v2\/types\/product"}],"replies":[{"embeddable":true,"href":"https:\/\/www.audacieuse-galerie.ch\/de\/wp-json\/wp\/v2\/comments?post=63165"}],"version-history":[{"count":0,"href":"https:\/\/www.audacieuse-galerie.ch\/de\/wp-json\/wp\/v2\/product\/63165\/revisions"}],"wp:featuredmedia":[{"embeddable":true,"href":"https:\/\/www.audacieuse-galerie.ch\/de\/wp-json\/wp\/v2\/media\/148089"}],"wp:attachment":[{"href":"https:\/\/www.audacieuse-galerie.ch\/de\/wp-json\/wp\/v2\/media?parent=63165"}],"wp:term":[{"taxonomy":"product_brand","embeddable":true,"href":"https:\/\/www.audacieuse-galerie.ch\/de\/wp-json\/wp\/v2\/product_brand?post=63165"},{"taxonomy":"product_cat","embeddable":true,"href":"https:\/\/www.audacieuse-galerie.ch\/de\/wp-json\/wp\/v2\/product_cat?post=63165"},{"taxonomy":"product_tag","embeddable":true,"href":"https:\/\/www.audacieuse-galerie.ch\/de\/wp-json\/wp\/v2\/product_tag?post=63165"}],"curies":[{"name":"wp","href":"https:\/\/api.w.org\/{rel}","templated":true}]}}