{"id":63177,"date":"2021-11-20T23:20:13","date_gmt":"2021-11-20T22:20:13","guid":{"rendered":"https:\/\/woo.audacieuse-galerie.ch\/produit\/boucle-d-oreille-clou-rondes-spirale-de-fin-fil-d-argent-2\/"},"modified":"2025-12-24T00:24:08","modified_gmt":"2025-12-23T23:24:08","slug":"boucle-d-oreille-clou-rondes-spirale-de-fin-fil-d-argent-2","status":"publish","type":"product","link":"https:\/\/www.audacieuse-galerie.ch\/de\/produit\/boucle-d-oreille-clou-rondes-spirale-de-fin-fil-d-argent-2\/","title":{"rendered":"Runder Spiralohrstecker aus feinem Silberdraht"},"content":{"rendered":"<p>Ein sehr modernes Paar Ohrstecker mit ihrem schlanken und zeitlosen Design. Diese Ohrringe sind in feiner Handarbeit mit einem feinen Silberdraht gefertigt.<\/p>\n<p>Die filigrane Arbeit erfordert ein sehr hohes Ma\u00df an Fingerfertigkeit und die Wahl von fast rein bearbeitetem Silber, das es Ihnen erm\u00f6glicht, seine nat\u00fcrliche Flexibilit\u00e4t zu nutzen, um einen feinen Faden zu erhalten und ihn in Torsion zu bearbeiten. Das deutsche Label bietet eine gro\u00dfe Auswahl an filigranen Halsketten, Ohrringen und Anh\u00e4ngern, die fair mit dem Fairtrade-Siegel in Zusammenarbeit mit Kunsthandwerkern aus Paraguay hergestellt werden.<\/p>\n<p>Ma\u00dfe: Kreis mit einem Durchmesser von 11 mm<\/p>\n<p>Gewicht: 18 g<\/p>\n<p>Das Schmuckst\u00fcck wird mit einer Schachtel aus biologisch abbaubaren Materialien geliefert.<\/p>\n","protected":false},"excerpt":{"rendered":"<p>Diese Ohrringe sind aus Silber gefertigt, das in feiner Handarbeit mit der filigranen Technik, einem gedrehten Silberdraht, gefertigt ist.<\/p>\n","protected":false},"featured_media":63175,"comment_status":"open","ping_status":"closed","template":"","meta":{"_glsr_average":0,"_glsr_ranking":0,"_glsr_reviews":0,"jetpack_publicize_message":"","jetpack_publicize_feature_enabled":true,"jetpack_social_post_already_shared":true,"jetpack_social_options":{"image_generator_settings":{"template":"highway","default_image_id":0,"font":"","enabled":false},"version":2}},"product_brand":[],"product_cat":[96,42,105,102,168],"product_tag":[],"class_list":{"0":"post-63177","1":"product","2":"type-product","3":"status-publish","4":"has-post-thumbnail","6":"product_cat-accessoires-von-schoepfern","7":"product_cat-frauen-konfektionskleidung-und-modeaccessoires","8":"product_cat-geschenkideen-aus-pret-a-porter-und-accessoires-fuer-sie-fuer-ihn","9":"product_cat-im-schaufenster-in-carouge-gesehen","10":"product_cat-modische-schmuckstuecke","11":"pa_composition-silber-de","12":"pa_creation-handgemacht-de","13":"pa_genre-frau-de","14":"pa_lieudefabrication-europa-de","15":"pa_lieudefabrication-international-de","16":"pa_motif-silber-de","17":"pa_saison-fruhjahrsommer-de","18":"pa_saison-herbstwinter-de","19":"pa_style-casual-de","20":"pa_style-festlich-de","21":"pa_style-glamour-de","22":"pa_style-original-de","23":"pa_style-trend-de","24":"pa_style-zeitlos-de","26":"first","27":"onbackorder","28":"taxable","29":"shipping-taxable","30":"purchasable","31":"product-type-simple"},"yoast_head":"<!-- This site is optimized with the Yoast SEO plugin v27.4 - https:\/\/yoast.com\/product\/yoast-seo-wordpress\/ -->\n<title>Runder Spiralohrstecker aus feinem Silberdraht - Audacieuse-Galerie<\/title>\n<meta name=\"description\" content=\"Runder Spiralohrstecker aus feinem Silberdraht - Audacieuse-Galerie\" \/>\n<meta name=\"robots\" content=\"index, follow, max-snippet:-1, max-image-preview:large, max-video-preview:-1\" \/>\n<link rel=\"canonical\" href=\"https:\/\/www.audacieuse-galerie.ch\/de\/produit\/boucle-d-oreille-clou-rondes-spirale-de-fin-fil-d-argent-2\/\" \/>\n<meta property=\"og:locale\" content=\"de_DE\" \/>\n<meta property=\"og:type\" content=\"article\" \/>\n<meta property=\"og:title\" content=\"Runder Spiralohrstecker aus feinem Silberdraht - Audacieuse-Galerie\" \/>\n<meta property=\"og:description\" content=\"Runder Spiralohrstecker aus feinem Silberdraht - Audacieuse-Galerie\" \/>\n<meta property=\"og:url\" content=\"https:\/\/www.audacieuse-galerie.ch\/de\/produit\/boucle-d-oreille-clou-rondes-spirale-de-fin-fil-d-argent-2\/\" \/>\n<meta property=\"og:site_name\" content=\"Audacieuse-Galerie\" \/>\n<meta property=\"article:publisher\" content=\"https:\/\/www.facebook.com\/audacieuse.galerie\" \/>\n<meta property=\"article:modified_time\" content=\"2025-12-23T23:24:08+00:00\" \/>\n<meta property=\"og:image\" content=\"https:\/\/www.audacieuse-galerie.ch\/wp-content\/uploads\/2021\/11\/1265-Boucle-doreille-clou-rondes-spirale-de-fin-fil-dargent.jpg\" \/>\n\t<meta property=\"og:image:width\" content=\"1204\" \/>\n\t<meta property=\"og:image:height\" content=\"903\" \/>\n\t<meta property=\"og:image:type\" content=\"image\/jpeg\" \/>\n<meta name=\"twitter:card\" content=\"summary_large_image\" \/>\n<meta name=\"twitter:label1\" content=\"Gesch\u00e4tzte Lesezeit\" \/>\n\t<meta name=\"twitter:data1\" content=\"1 Minute\" \/>\n<script type=\"application\/ld+json\" class=\"yoast-schema-graph\">{\"@context\":\"https:\\\/\\\/schema.org\",\"@graph\":[{\"@type\":\"ImageObject\",\"inLanguage\":\"de\",\"@id\":\"https:\\\/\\\/www.audacieuse-galerie.ch\\\/de\\\/produit\\\/boucle-d-oreille-clou-rondes-spirale-de-fin-fil-d-argent-2\\\/#primaryimage\",\"url\":\"https:\\\/\\\/www.audacieuse-galerie.ch\\\/wp-content\\\/uploads\\\/2021\\\/11\\\/1265-Boucle-doreille-clou-rondes-spirale-de-fin-fil-dargent.jpg\",\"contentUrl\":\"https:\\\/\\\/www.audacieuse-galerie.ch\\\/wp-content\\\/uploads\\\/2021\\\/11\\\/1265-Boucle-doreille-clou-rondes-spirale-de-fin-fil-dargent.jpg\",\"width\":1204,\"height\":903,\"caption\":\"Ohrstecker Rund Spiralende Silberdraht\"}]}<\/script>\n<!-- \/ Yoast SEO plugin. -->","yoast_head_json":{"title":"Runder Spiralohrstecker aus feinem Silberdraht - Audacieuse-Galerie","description":"Runder Spiralohrstecker aus feinem Silberdraht - Audacieuse-Galerie","robots":{"index":"index","follow":"follow","max-snippet":"max-snippet:-1","max-image-preview":"max-image-preview:large","max-video-preview":"max-video-preview:-1"},"canonical":"https:\/\/www.audacieuse-galerie.ch\/de\/produit\/boucle-d-oreille-clou-rondes-spirale-de-fin-fil-d-argent-2\/","og_locale":"de_DE","og_type":"article","og_title":"Runder Spiralohrstecker aus feinem Silberdraht - Audacieuse-Galerie","og_description":"Runder Spiralohrstecker aus feinem Silberdraht - Audacieuse-Galerie","og_url":"https:\/\/www.audacieuse-galerie.ch\/de\/produit\/boucle-d-oreille-clou-rondes-spirale-de-fin-fil-d-argent-2\/","og_site_name":"Audacieuse-Galerie","article_publisher":"https:\/\/www.facebook.com\/audacieuse.galerie","article_modified_time":"2025-12-23T23:24:08+00:00","og_image":[{"width":1204,"height":903,"url":"https:\/\/www.audacieuse-galerie.ch\/wp-content\/uploads\/2021\/11\/1265-Boucle-doreille-clou-rondes-spirale-de-fin-fil-dargent.jpg","type":"image\/jpeg"}],"twitter_card":"summary_large_image","twitter_misc":{"Gesch\u00e4tzte Lesezeit":"1 Minute"},"schema":{"@context":"https:\/\/schema.org","@graph":[{"@type":"ImageObject","inLanguage":"de","@id":"https:\/\/www.audacieuse-galerie.ch\/de\/produit\/boucle-d-oreille-clou-rondes-spirale-de-fin-fil-d-argent-2\/#primaryimage","url":"https:\/\/www.audacieuse-galerie.ch\/wp-content\/uploads\/2021\/11\/1265-Boucle-doreille-clou-rondes-spirale-de-fin-fil-dargent.jpg","contentUrl":"https:\/\/www.audacieuse-galerie.ch\/wp-content\/uploads\/2021\/11\/1265-Boucle-doreille-clou-rondes-spirale-de-fin-fil-dargent.jpg","width":1204,"height":903,"caption":"Ohrstecker Rund Spiralende Silberdraht"}]}},"jetpack_publicize_connections":[],"_links":{"self":[{"href":"https:\/\/www.audacieuse-galerie.ch\/de\/wp-json\/wp\/v2\/product\/63177","targetHints":{"allow":["GET"]}}],"collection":[{"href":"https:\/\/www.audacieuse-galerie.ch\/de\/wp-json\/wp\/v2\/product"}],"about":[{"href":"https:\/\/www.audacieuse-galerie.ch\/de\/wp-json\/wp\/v2\/types\/product"}],"replies":[{"embeddable":true,"href":"https:\/\/www.audacieuse-galerie.ch\/de\/wp-json\/wp\/v2\/comments?post=63177"}],"version-history":[{"count":0,"href":"https:\/\/www.audacieuse-galerie.ch\/de\/wp-json\/wp\/v2\/product\/63177\/revisions"}],"wp:featuredmedia":[{"embeddable":true,"href":"https:\/\/www.audacieuse-galerie.ch\/de\/wp-json\/wp\/v2\/media\/63175"}],"wp:attachment":[{"href":"https:\/\/www.audacieuse-galerie.ch\/de\/wp-json\/wp\/v2\/media?parent=63177"}],"wp:term":[{"taxonomy":"product_brand","embeddable":true,"href":"https:\/\/www.audacieuse-galerie.ch\/de\/wp-json\/wp\/v2\/product_brand?post=63177"},{"taxonomy":"product_cat","embeddable":true,"href":"https:\/\/www.audacieuse-galerie.ch\/de\/wp-json\/wp\/v2\/product_cat?post=63177"},{"taxonomy":"product_tag","embeddable":true,"href":"https:\/\/www.audacieuse-galerie.ch\/de\/wp-json\/wp\/v2\/product_tag?post=63177"}],"curies":[{"name":"wp","href":"https:\/\/api.w.org\/{rel}","templated":true}]}}