{"id":63186,"date":"2025-12-03T16:20:01","date_gmt":"2025-12-03T15:20:01","guid":{"rendered":"https:\/\/woo.audacieuse-galerie.ch\/?post_type=product&#038;p=63186"},"modified":"2026-01-10T22:35:49","modified_gmt":"2026-01-10T21:35:49","slug":"boucle-d-oreille-creole-fuseau-en-filigrane-d-argent","status":"publish","type":"product","link":"https:\/\/www.audacieuse-galerie.ch\/de\/produit\/boucle-d-oreille-creole-fuseau-en-filigrane-d-argent\/","title":{"rendered":"Silberner Filigran-Bobbin-Reifenring"},"content":{"rendered":"<p>Dieses Paar Ohrringe besteht aus zwei Nieten-Ohrringen, die mit Spulenreifen versehen sind und in der Mitte mit einer kleinen silbernen Perle verziert sind.<\/p>\n<p>Diese filigran handgefertigten Juwelen werden von deutschen Designern entworfen und anschlie\u00dfend \u00fcber eine Fairtrade-Lieferkette mit dem Fairtrade-Label in Paraguay hergestellt.<\/p>\n<p>Das Geh\u00e4use besteht aus einem biologisch abbaubaren Material.<\/p>\n<p>In der Kollektion von Filigrana Schmuck finden Sie eine gro\u00dfe Auswahl an modernem und wundersch\u00f6nem Qualit\u00e4tsschmuck, Halsketten mit Anh\u00e4ngern, Ohrringe \u2013 alles in Silber. Silber muss fast rein sein, um so fein geformt zu sein. <\/p>\n","protected":false},"excerpt":{"rendered":"<p>Ein Juwel unglaublicher Finesse, gefertigt aus Silberdraht mit der Filigranbearbeitungstechnik.<\/p>\n","protected":false},"featured_media":63181,"comment_status":"open","ping_status":"closed","template":"","meta":{"_glsr_average":0,"_glsr_ranking":0,"_glsr_reviews":0,"jetpack_publicize_message":"","jetpack_publicize_feature_enabled":true,"jetpack_social_post_already_shared":true,"jetpack_social_options":{"image_generator_settings":{"template":"highway","default_image_id":0,"font":"","enabled":false},"version":2}},"product_brand":[],"product_cat":[96,2603,42,105,168],"product_tag":[],"class_list":{"0":"post-63186","1":"product","2":"type-product","3":"status-publish","4":"has-post-thumbnail","6":"product_cat-accessoires-von-schoepfern","7":"product_cat-filgran-schmuck","8":"product_cat-frauen-konfektionskleidung-und-modeaccessoires","9":"product_cat-geschenkideen-aus-pret-a-porter-und-accessoires-fuer-sie-fuer-ihn","10":"product_cat-modische-schmuckstuecke","11":"pa_composition-silber-de","12":"pa_creation-handgemacht-de","13":"pa_genre-frau-de","14":"pa_lieudefabrication-europa-de","15":"pa_lieudefabrication-international-de","16":"pa_motif-grafik-de","17":"pa_motif-silber-de","18":"pa_saison-fruhjahrsommer-de","19":"pa_saison-herbstwinter-de","20":"pa_style-festlich-de","21":"pa_style-glamour-de","22":"pa_style-original-de","23":"pa_style-zeitlos-de","25":"first","26":"onbackorder","27":"taxable","28":"shipping-taxable","29":"purchasable","30":"product-type-simple"},"yoast_head":"<!-- This site is optimized with the Yoast SEO plugin v27.4 - https:\/\/yoast.com\/product\/yoast-seo-wordpress\/ -->\n<title>Silberner Filigran-Bobbin-Reifenring - Audacieuse-Galerie<\/title>\n<meta name=\"description\" content=\"Silberner Filigran-Bobbin-Reifenring - Audacieuse-Galerie\" \/>\n<meta name=\"robots\" content=\"index, follow, max-snippet:-1, max-image-preview:large, max-video-preview:-1\" \/>\n<link rel=\"canonical\" href=\"https:\/\/www.audacieuse-galerie.ch\/de\/produit\/boucle-d-oreille-creole-fuseau-en-filigrane-d-argent\/\" \/>\n<meta property=\"og:locale\" content=\"de_DE\" \/>\n<meta property=\"og:type\" content=\"article\" \/>\n<meta property=\"og:title\" content=\"Silberner Filigran-Bobbin-Reifenring - Audacieuse-Galerie\" \/>\n<meta property=\"og:description\" content=\"Silberner Filigran-Bobbin-Reifenring - Audacieuse-Galerie\" \/>\n<meta property=\"og:url\" content=\"https:\/\/www.audacieuse-galerie.ch\/de\/produit\/boucle-d-oreille-creole-fuseau-en-filigrane-d-argent\/\" \/>\n<meta property=\"og:site_name\" content=\"Audacieuse-Galerie\" \/>\n<meta property=\"article:publisher\" content=\"https:\/\/www.facebook.com\/audacieuse.galerie\" \/>\n<meta property=\"article:modified_time\" content=\"2026-01-10T21:35:49+00:00\" \/>\n<meta property=\"og:image\" content=\"https:\/\/www.audacieuse-galerie.ch\/wp-content\/uploads\/2021\/11\/1264-Boucle-doreille-creole-fuseau-en-filigrane-dargent.jpg\" \/>\n\t<meta property=\"og:image:width\" content=\"684\" \/>\n\t<meta property=\"og:image:height\" content=\"513\" \/>\n\t<meta property=\"og:image:type\" content=\"image\/jpeg\" \/>\n<meta name=\"twitter:card\" content=\"summary_large_image\" \/>\n<script type=\"application\/ld+json\" class=\"yoast-schema-graph\">{\"@context\":\"https:\\\/\\\/schema.org\",\"@graph\":[{\"@type\":\"ImageObject\",\"inLanguage\":\"de\",\"@id\":\"https:\\\/\\\/www.audacieuse-galerie.ch\\\/de\\\/produit\\\/boucle-d-oreille-creole-fuseau-en-filigrane-d-argent\\\/#primaryimage\",\"url\":\"https:\\\/\\\/www.audacieuse-galerie.ch\\\/wp-content\\\/uploads\\\/2021\\\/11\\\/1264-Boucle-doreille-creole-fuseau-en-filigrane-dargent.jpg\",\"contentUrl\":\"https:\\\/\\\/www.audacieuse-galerie.ch\\\/wp-content\\\/uploads\\\/2021\\\/11\\\/1264-Boucle-doreille-creole-fuseau-en-filigrane-dargent.jpg\",\"width\":684,\"height\":513,\"caption\":\"Silberner Filigran-Bobbin-Reifenring\"}]}<\/script>\n<!-- \/ Yoast SEO plugin. -->","yoast_head_json":{"title":"Silberner Filigran-Bobbin-Reifenring - Audacieuse-Galerie","description":"Silberner Filigran-Bobbin-Reifenring - Audacieuse-Galerie","robots":{"index":"index","follow":"follow","max-snippet":"max-snippet:-1","max-image-preview":"max-image-preview:large","max-video-preview":"max-video-preview:-1"},"canonical":"https:\/\/www.audacieuse-galerie.ch\/de\/produit\/boucle-d-oreille-creole-fuseau-en-filigrane-d-argent\/","og_locale":"de_DE","og_type":"article","og_title":"Silberner Filigran-Bobbin-Reifenring - Audacieuse-Galerie","og_description":"Silberner Filigran-Bobbin-Reifenring - Audacieuse-Galerie","og_url":"https:\/\/www.audacieuse-galerie.ch\/de\/produit\/boucle-d-oreille-creole-fuseau-en-filigrane-d-argent\/","og_site_name":"Audacieuse-Galerie","article_publisher":"https:\/\/www.facebook.com\/audacieuse.galerie","article_modified_time":"2026-01-10T21:35:49+00:00","og_image":[{"width":684,"height":513,"url":"https:\/\/www.audacieuse-galerie.ch\/wp-content\/uploads\/2021\/11\/1264-Boucle-doreille-creole-fuseau-en-filigrane-dargent.jpg","type":"image\/jpeg"}],"twitter_card":"summary_large_image","schema":{"@context":"https:\/\/schema.org","@graph":[{"@type":"ImageObject","inLanguage":"de","@id":"https:\/\/www.audacieuse-galerie.ch\/de\/produit\/boucle-d-oreille-creole-fuseau-en-filigrane-d-argent\/#primaryimage","url":"https:\/\/www.audacieuse-galerie.ch\/wp-content\/uploads\/2021\/11\/1264-Boucle-doreille-creole-fuseau-en-filigrane-dargent.jpg","contentUrl":"https:\/\/www.audacieuse-galerie.ch\/wp-content\/uploads\/2021\/11\/1264-Boucle-doreille-creole-fuseau-en-filigrane-dargent.jpg","width":684,"height":513,"caption":"Silberner Filigran-Bobbin-Reifenring"}]}},"jetpack_publicize_connections":[],"_links":{"self":[{"href":"https:\/\/www.audacieuse-galerie.ch\/de\/wp-json\/wp\/v2\/product\/63186","targetHints":{"allow":["GET"]}}],"collection":[{"href":"https:\/\/www.audacieuse-galerie.ch\/de\/wp-json\/wp\/v2\/product"}],"about":[{"href":"https:\/\/www.audacieuse-galerie.ch\/de\/wp-json\/wp\/v2\/types\/product"}],"replies":[{"embeddable":true,"href":"https:\/\/www.audacieuse-galerie.ch\/de\/wp-json\/wp\/v2\/comments?post=63186"}],"version-history":[{"count":0,"href":"https:\/\/www.audacieuse-galerie.ch\/de\/wp-json\/wp\/v2\/product\/63186\/revisions"}],"wp:featuredmedia":[{"embeddable":true,"href":"https:\/\/www.audacieuse-galerie.ch\/de\/wp-json\/wp\/v2\/media\/63181"}],"wp:attachment":[{"href":"https:\/\/www.audacieuse-galerie.ch\/de\/wp-json\/wp\/v2\/media?parent=63186"}],"wp:term":[{"taxonomy":"product_brand","embeddable":true,"href":"https:\/\/www.audacieuse-galerie.ch\/de\/wp-json\/wp\/v2\/product_brand?post=63186"},{"taxonomy":"product_cat","embeddable":true,"href":"https:\/\/www.audacieuse-galerie.ch\/de\/wp-json\/wp\/v2\/product_cat?post=63186"},{"taxonomy":"product_tag","embeddable":true,"href":"https:\/\/www.audacieuse-galerie.ch\/de\/wp-json\/wp\/v2\/product_tag?post=63186"}],"curies":[{"name":"wp","href":"https:\/\/api.w.org\/{rel}","templated":true}]}}