{"id":63189,"date":"2025-10-20T23:05:10","date_gmt":"2025-10-20T21:05:10","guid":{"rendered":"https:\/\/woo.audacieuse-galerie.ch\/?post_type=product&#038;p=63189"},"modified":"2026-01-10T22:35:45","modified_gmt":"2026-01-10T21:35:45","slug":"pendentif-yin-yang-en-filigrane-fil-d-argent","status":"publish","type":"product","link":"https:\/\/www.audacieuse-galerie.ch\/de\/produit\/pendentif-yin-yang-en-filigrane-fil-d-argent\/","title":{"rendered":"Yin Yang Anh\u00e4nger aus Silberdraht Filigran mit Silberkette"},"content":{"rendered":"<p>Dieser fein gearbeitete Anh\u00e4nger repr\u00e4sentiert Yin und Yang. Seine Entstehung erforderte viel Fingerspitzengef\u00fchl in filigranen Arbeiten, die aus einem fein gedrehten und handgefertigten Silberdraht gefertigt werden. <\/p>\n<p>Die Halskette besteht aus einer silbernen Kette mit Verschluss.<\/p>\n<p>Die Halskette misst 40 cm, silbernes Material.<\/p>\n<p>&nbsp;<\/p>\n<p>&nbsp;<\/p>\n","protected":false},"excerpt":{"rendered":"<p>Dieser fein gearbeitete Anh\u00e4nger repr\u00e4sentiert Yin und Yang. Seine Entstehung erforderte viel Fingerspitzengef\u00fchl in filigranen Arbeiten, die aus einem fein&#8230;<\/p>\n","protected":false},"featured_media":143453,"comment_status":"open","ping_status":"closed","template":"","meta":{"_glsr_average":0,"_glsr_ranking":0,"_glsr_reviews":0,"jetpack_publicize_message":"","jetpack_publicize_feature_enabled":true,"jetpack_social_post_already_shared":true,"jetpack_social_options":{"image_generator_settings":{"template":"highway","default_image_id":0,"font":"","enabled":false},"version":2}},"product_brand":[],"product_cat":[96,2603,105,102,168],"product_tag":[],"class_list":{"0":"post-63189","1":"product","2":"type-product","3":"status-publish","4":"has-post-thumbnail","6":"product_cat-accessoires-von-schoepfern","7":"product_cat-filgran-schmuck","8":"product_cat-geschenkideen-aus-pret-a-porter-und-accessoires-fuer-sie-fuer-ihn","9":"product_cat-im-schaufenster-in-carouge-gesehen","10":"product_cat-modische-schmuckstuecke","12":"first","13":"onbackorder","14":"taxable","15":"shipping-taxable","16":"purchasable","17":"product-type-simple"},"yoast_head":"<!-- This site is optimized with the Yoast SEO plugin v27.5 - https:\/\/yoast.com\/product\/yoast-seo-wordpress\/ -->\n<title>Yin Yang Anh\u00e4nger aus Silberdraht Filigran mit Silberkette - Audacieuse-Galerie<\/title>\n<meta name=\"description\" content=\"Yin Yang Anh\u00e4nger aus Silberdraht Filigran mit Silberkette - Audacieuse-Galerie\" \/>\n<meta name=\"robots\" content=\"index, follow, max-snippet:-1, max-image-preview:large, max-video-preview:-1\" \/>\n<link rel=\"canonical\" href=\"https:\/\/www.audacieuse-galerie.ch\/de\/produit\/pendentif-yin-yang-en-filigrane-fil-d-argent\/\" \/>\n<meta property=\"og:locale\" content=\"de_DE\" \/>\n<meta property=\"og:type\" content=\"article\" \/>\n<meta property=\"og:title\" content=\"Yin Yang Anh\u00e4nger aus Silberdraht Filigran mit Silberkette - Audacieuse-Galerie\" \/>\n<meta property=\"og:description\" content=\"Yin Yang Anh\u00e4nger aus Silberdraht Filigran mit Silberkette - Audacieuse-Galerie\" \/>\n<meta property=\"og:url\" content=\"https:\/\/www.audacieuse-galerie.ch\/de\/produit\/pendentif-yin-yang-en-filigrane-fil-d-argent\/\" \/>\n<meta property=\"og:site_name\" content=\"Audacieuse-Galerie\" \/>\n<meta property=\"article:publisher\" content=\"https:\/\/www.facebook.com\/audacieuse.galerie\" \/>\n<meta property=\"article:modified_time\" content=\"2026-01-10T21:35:45+00:00\" \/>\n<meta property=\"og:image\" content=\"https:\/\/www.audacieuse-galerie.ch\/wp-content\/uploads\/2025\/10\/collier-argent-yin-yang-pendentif-filigran-creation.jpg\" \/>\n\t<meta property=\"og:image:width\" content=\"670\" \/>\n\t<meta property=\"og:image:height\" content=\"503\" \/>\n\t<meta property=\"og:image:type\" content=\"image\/jpeg\" \/>\n<meta name=\"twitter:card\" content=\"summary_large_image\" \/>\n<script type=\"application\/ld+json\" class=\"yoast-schema-graph\">{\"@context\":\"https:\\\/\\\/schema.org\",\"@graph\":[{\"@type\":\"WebPage\",\"@id\":\"https:\\\/\\\/www.audacieuse-galerie.ch\\\/de\\\/produit\\\/pendentif-yin-yang-en-filigrane-fil-d-argent\\\/\",\"url\":\"https:\\\/\\\/www.audacieuse-galerie.ch\\\/de\\\/produit\\\/pendentif-yin-yang-en-filigrane-fil-d-argent\\\/\",\"name\":\"Yin Yang Anh\u00e4nger aus Silberdraht Filigran mit Silberkette - Audacieuse-Galerie\",\"isPartOf\":{\"@id\":\"https:\\\/\\\/www.audacieuse-galerie.ch\\\/de\\\/#website\"},\"primaryImageOfPage\":{\"@id\":\"https:\\\/\\\/www.audacieuse-galerie.ch\\\/de\\\/produit\\\/pendentif-yin-yang-en-filigrane-fil-d-argent\\\/#primaryimage\"},\"image\":{\"@id\":\"https:\\\/\\\/www.audacieuse-galerie.ch\\\/de\\\/produit\\\/pendentif-yin-yang-en-filigrane-fil-d-argent\\\/#primaryimage\"},\"thumbnailUrl\":\"https:\\\/\\\/www.audacieuse-galerie.ch\\\/wp-content\\\/uploads\\\/2025\\\/10\\\/collier-argent-yin-yang-pendentif-filigran-creation.jpg\",\"datePublished\":\"2025-10-20T21:05:10+00:00\",\"dateModified\":\"2026-01-10T21:35:45+00:00\",\"description\":\"Yin Yang Anh\u00e4nger aus Silberdraht Filigran mit Silberkette - Audacieuse-Galerie\",\"breadcrumb\":{\"@id\":\"https:\\\/\\\/www.audacieuse-galerie.ch\\\/de\\\/produit\\\/pendentif-yin-yang-en-filigrane-fil-d-argent\\\/#breadcrumb\"},\"inLanguage\":\"de\",\"potentialAction\":[{\"@type\":\"ReadAction\",\"target\":[\"https:\\\/\\\/www.audacieuse-galerie.ch\\\/de\\\/produit\\\/pendentif-yin-yang-en-filigrane-fil-d-argent\\\/\"]}]},{\"@type\":\"ImageObject\",\"inLanguage\":\"de\",\"@id\":\"https:\\\/\\\/www.audacieuse-galerie.ch\\\/de\\\/produit\\\/pendentif-yin-yang-en-filigrane-fil-d-argent\\\/#primaryimage\",\"url\":\"https:\\\/\\\/www.audacieuse-galerie.ch\\\/wp-content\\\/uploads\\\/2025\\\/10\\\/collier-argent-yin-yang-pendentif-filigran-creation.jpg\",\"contentUrl\":\"https:\\\/\\\/www.audacieuse-galerie.ch\\\/wp-content\\\/uploads\\\/2025\\\/10\\\/collier-argent-yin-yang-pendentif-filigran-creation.jpg\",\"width\":670,\"height\":503},{\"@type\":\"BreadcrumbList\",\"@id\":\"https:\\\/\\\/www.audacieuse-galerie.ch\\\/de\\\/produit\\\/pendentif-yin-yang-en-filigrane-fil-d-argent\\\/#breadcrumb\",\"itemListElement\":[{\"@type\":\"ListItem\",\"position\":1,\"name\":\"Heim\",\"item\":\"https:\\\/\\\/www.audacieuse-galerie.ch\\\/de\\\/\"},{\"@type\":\"ListItem\",\"position\":2,\"name\":\"Laden\",\"item\":\"https:\\\/\\\/www.audacieuse-galerie.ch\\\/de\\\/laden\\\/\"},{\"@type\":\"ListItem\",\"position\":3,\"name\":\"Yin Yang Anh\u00e4nger aus Silberdraht Filigran mit Silberkette\"}]},{\"@type\":\"WebSite\",\"@id\":\"https:\\\/\\\/www.audacieuse-galerie.ch\\\/de\\\/#website\",\"url\":\"https:\\\/\\\/www.audacieuse-galerie.ch\\\/de\\\/\",\"name\":\"Audacieuse-Galerie\",\"description\":\"Mode et Images\",\"potentialAction\":[{\"@type\":\"SearchAction\",\"target\":{\"@type\":\"EntryPoint\",\"urlTemplate\":\"https:\\\/\\\/www.audacieuse-galerie.ch\\\/de\\\/?s={search_term_string}\"},\"query-input\":{\"@type\":\"PropertyValueSpecification\",\"valueRequired\":true,\"valueName\":\"search_term_string\"}}],\"inLanguage\":\"de\"}]}<\/script>\n<!-- \/ Yoast SEO plugin. -->","yoast_head_json":{"title":"Yin Yang Anh\u00e4nger aus Silberdraht Filigran mit Silberkette - Audacieuse-Galerie","description":"Yin Yang Anh\u00e4nger aus Silberdraht Filigran mit Silberkette - Audacieuse-Galerie","robots":{"index":"index","follow":"follow","max-snippet":"max-snippet:-1","max-image-preview":"max-image-preview:large","max-video-preview":"max-video-preview:-1"},"canonical":"https:\/\/www.audacieuse-galerie.ch\/de\/produit\/pendentif-yin-yang-en-filigrane-fil-d-argent\/","og_locale":"de_DE","og_type":"article","og_title":"Yin Yang Anh\u00e4nger aus Silberdraht Filigran mit Silberkette - Audacieuse-Galerie","og_description":"Yin Yang Anh\u00e4nger aus Silberdraht Filigran mit Silberkette - Audacieuse-Galerie","og_url":"https:\/\/www.audacieuse-galerie.ch\/de\/produit\/pendentif-yin-yang-en-filigrane-fil-d-argent\/","og_site_name":"Audacieuse-Galerie","article_publisher":"https:\/\/www.facebook.com\/audacieuse.galerie","article_modified_time":"2026-01-10T21:35:45+00:00","og_image":[{"width":670,"height":503,"url":"https:\/\/www.audacieuse-galerie.ch\/wp-content\/uploads\/2025\/10\/collier-argent-yin-yang-pendentif-filigran-creation.jpg","type":"image\/jpeg"}],"twitter_card":"summary_large_image","schema":{"@context":"https:\/\/schema.org","@graph":[{"@type":"WebPage","@id":"https:\/\/www.audacieuse-galerie.ch\/de\/produit\/pendentif-yin-yang-en-filigrane-fil-d-argent\/","url":"https:\/\/www.audacieuse-galerie.ch\/de\/produit\/pendentif-yin-yang-en-filigrane-fil-d-argent\/","name":"Yin Yang Anh\u00e4nger aus Silberdraht Filigran mit Silberkette - Audacieuse-Galerie","isPartOf":{"@id":"https:\/\/www.audacieuse-galerie.ch\/de\/#website"},"primaryImageOfPage":{"@id":"https:\/\/www.audacieuse-galerie.ch\/de\/produit\/pendentif-yin-yang-en-filigrane-fil-d-argent\/#primaryimage"},"image":{"@id":"https:\/\/www.audacieuse-galerie.ch\/de\/produit\/pendentif-yin-yang-en-filigrane-fil-d-argent\/#primaryimage"},"thumbnailUrl":"https:\/\/www.audacieuse-galerie.ch\/wp-content\/uploads\/2025\/10\/collier-argent-yin-yang-pendentif-filigran-creation.jpg","datePublished":"2025-10-20T21:05:10+00:00","dateModified":"2026-01-10T21:35:45+00:00","description":"Yin Yang Anh\u00e4nger aus Silberdraht Filigran mit Silberkette - Audacieuse-Galerie","breadcrumb":{"@id":"https:\/\/www.audacieuse-galerie.ch\/de\/produit\/pendentif-yin-yang-en-filigrane-fil-d-argent\/#breadcrumb"},"inLanguage":"de","potentialAction":[{"@type":"ReadAction","target":["https:\/\/www.audacieuse-galerie.ch\/de\/produit\/pendentif-yin-yang-en-filigrane-fil-d-argent\/"]}]},{"@type":"ImageObject","inLanguage":"de","@id":"https:\/\/www.audacieuse-galerie.ch\/de\/produit\/pendentif-yin-yang-en-filigrane-fil-d-argent\/#primaryimage","url":"https:\/\/www.audacieuse-galerie.ch\/wp-content\/uploads\/2025\/10\/collier-argent-yin-yang-pendentif-filigran-creation.jpg","contentUrl":"https:\/\/www.audacieuse-galerie.ch\/wp-content\/uploads\/2025\/10\/collier-argent-yin-yang-pendentif-filigran-creation.jpg","width":670,"height":503},{"@type":"BreadcrumbList","@id":"https:\/\/www.audacieuse-galerie.ch\/de\/produit\/pendentif-yin-yang-en-filigrane-fil-d-argent\/#breadcrumb","itemListElement":[{"@type":"ListItem","position":1,"name":"Heim","item":"https:\/\/www.audacieuse-galerie.ch\/de\/"},{"@type":"ListItem","position":2,"name":"Laden","item":"https:\/\/www.audacieuse-galerie.ch\/de\/laden\/"},{"@type":"ListItem","position":3,"name":"Yin Yang Anh\u00e4nger aus Silberdraht Filigran mit Silberkette"}]},{"@type":"WebSite","@id":"https:\/\/www.audacieuse-galerie.ch\/de\/#website","url":"https:\/\/www.audacieuse-galerie.ch\/de\/","name":"Audacieuse-Galerie","description":"Mode et Images","potentialAction":[{"@type":"SearchAction","target":{"@type":"EntryPoint","urlTemplate":"https:\/\/www.audacieuse-galerie.ch\/de\/?s={search_term_string}"},"query-input":{"@type":"PropertyValueSpecification","valueRequired":true,"valueName":"search_term_string"}}],"inLanguage":"de"}]}},"jetpack_publicize_connections":[],"_links":{"self":[{"href":"https:\/\/www.audacieuse-galerie.ch\/de\/wp-json\/wp\/v2\/product\/63189","targetHints":{"allow":["GET"]}}],"collection":[{"href":"https:\/\/www.audacieuse-galerie.ch\/de\/wp-json\/wp\/v2\/product"}],"about":[{"href":"https:\/\/www.audacieuse-galerie.ch\/de\/wp-json\/wp\/v2\/types\/product"}],"replies":[{"embeddable":true,"href":"https:\/\/www.audacieuse-galerie.ch\/de\/wp-json\/wp\/v2\/comments?post=63189"}],"version-history":[{"count":0,"href":"https:\/\/www.audacieuse-galerie.ch\/de\/wp-json\/wp\/v2\/product\/63189\/revisions"}],"wp:featuredmedia":[{"embeddable":true,"href":"https:\/\/www.audacieuse-galerie.ch\/de\/wp-json\/wp\/v2\/media\/143453"}],"wp:attachment":[{"href":"https:\/\/www.audacieuse-galerie.ch\/de\/wp-json\/wp\/v2\/media?parent=63189"}],"wp:term":[{"taxonomy":"product_brand","embeddable":true,"href":"https:\/\/www.audacieuse-galerie.ch\/de\/wp-json\/wp\/v2\/product_brand?post=63189"},{"taxonomy":"product_cat","embeddable":true,"href":"https:\/\/www.audacieuse-galerie.ch\/de\/wp-json\/wp\/v2\/product_cat?post=63189"},{"taxonomy":"product_tag","embeddable":true,"href":"https:\/\/www.audacieuse-galerie.ch\/de\/wp-json\/wp\/v2\/product_tag?post=63189"}],"curies":[{"name":"wp","href":"https:\/\/api.w.org\/{rel}","templated":true}]}}