{"id":63382,"date":"2022-04-07T13:43:15","date_gmt":"2022-04-07T11:43:15","guid":{"rendered":"https:\/\/woo.audacieuse-galerie.ch\/produit\/kurzer-khakifarbener-rock-in-kreisform-aus-dehnbarem-mesh-gewebe\/"},"modified":"2026-02-14T20:44:38","modified_gmt":"2026-02-14T19:44:38","slug":"kurzer-khakifarbener-rock-in-kreisform-aus-dehnbarem-mesh-gewebe","status":"publish","type":"product","link":"https:\/\/www.audacieuse-galerie.ch\/de\/produit\/kurzer-khakifarbener-rock-in-kreisform-aus-dehnbarem-mesh-gewebe\/","title":{"rendered":"Kurzer khakifarbener Rock in Kreisform aus Stretch-Strickstoff"},"content":{"rendered":"<p>Dieser Rock kann in einer kurzen Version in der Taille oder tiefer auf der H\u00fcfte getragen werden. Er flattert sch\u00f6n um die Beine, durch eine Bewegung, die durch seine Kreisform gegeben ist. Seine L\u00e4nge betr\u00e4gt je nach Gr\u00f6\u00dfe 42 bis 43 cm. Zusammensetzung: 68% Viskose, 32% Polyester.   <\/p>\n","protected":false},"excerpt":{"rendered":"<p>Ein kurzer Rock in trendigen Farbt\u00f6nen in Khakigr\u00fcn, der sich gut mit vielen Sommerfarben kombinieren l\u00e4sst.<\/p>\n","protected":false},"featured_media":63367,"comment_status":"open","ping_status":"closed","template":"","meta":{"_glsr_average":0,"_glsr_ranking":0,"_glsr_reviews":0,"jetpack_publicize_message":"","jetpack_publicize_feature_enabled":true,"jetpack_social_post_already_shared":true,"jetpack_social_options":{"image_generator_settings":{"template":"highway","default_image_id":0,"font":"","enabled":false},"version":2}},"product_brand":[],"product_cat":[42,198],"product_tag":[],"class_list":{"0":"post-63382","1":"product","2":"type-product","3":"status-publish","4":"has-post-thumbnail","6":"product_cat-frauen-konfektionskleidung-und-modeaccessoires","7":"product_cat-kleider-kurz-oder-lang-von-kreatoren","8":"pa_color-olivengrun-de","9":"pa_longueur-kurz-de","10":"pa_motif-unifarben-de","11":"pa_taille-36_s-de","12":"pa_taille-38_m-de","13":"pa_taille-42_l-de","14":"pa_taille-46_xl-de","16":"first","17":"instock","18":"taxable","19":"shipping-taxable","20":"purchasable","21":"product-type-variable","22":"has-default-attributes"},"yoast_head":"<!-- This site is optimized with the Yoast SEO plugin v27.4 - https:\/\/yoast.com\/product\/yoast-seo-wordpress\/ -->\n<title>Kurzer khakifarbener Rock in Kreisform aus Stretch-Strickstoff - Audacieuse-Galerie<\/title>\n<meta name=\"description\" content=\"Kurzer khakifarbener Rock in Kreisform aus Stretch-Strickstoff\" \/>\n<meta name=\"robots\" content=\"index, follow, max-snippet:-1, max-image-preview:large, max-video-preview:-1\" \/>\n<link rel=\"canonical\" href=\"https:\/\/www.audacieuse-galerie.ch\/de\/produit\/kurzer-khakifarbener-rock-in-kreisform-aus-dehnbarem-mesh-gewebe\/\" \/>\n<meta property=\"og:locale\" content=\"de_DE\" \/>\n<meta property=\"og:type\" content=\"article\" \/>\n<meta property=\"og:title\" content=\"Kurzer khakifarbener Rock in Kreisform aus Stretch-Strickstoff - Audacieuse-Galerie\" \/>\n<meta property=\"og:description\" content=\"Kurzer khakifarbener Rock in Kreisform aus Stretch-Strickstoff\" \/>\n<meta property=\"og:url\" content=\"https:\/\/www.audacieuse-galerie.ch\/de\/produit\/kurzer-khakifarbener-rock-in-kreisform-aus-dehnbarem-mesh-gewebe\/\" \/>\n<meta property=\"og:site_name\" content=\"Audacieuse-Galerie\" \/>\n<meta property=\"article:publisher\" content=\"https:\/\/www.facebook.com\/audacieuse.galerie\" \/>\n<meta property=\"article:modified_time\" content=\"2026-02-14T19:44:38+00:00\" \/>\n<meta property=\"og:image\" content=\"https:\/\/www.audacieuse-galerie.ch\/wp-content\/uploads\/2022\/04\/1282-Jupe-verte-courte-en-forme-cercle-en-tissu-maille-avec-elasthanne-scaled.jpg\" \/>\n\t<meta property=\"og:image:width\" content=\"1707\" \/>\n\t<meta property=\"og:image:height\" content=\"2560\" \/>\n\t<meta property=\"og:image:type\" content=\"image\/jpeg\" \/>\n<meta name=\"twitter:card\" content=\"summary_large_image\" \/>\n<script type=\"application\/ld+json\" class=\"yoast-schema-graph\">{\"@context\":\"https:\\\/\\\/schema.org\",\"@graph\":[{\"@type\":\"ImageObject\",\"inLanguage\":\"de\",\"@id\":\"https:\\\/\\\/www.audacieuse-galerie.ch\\\/de\\\/produit\\\/kurzer-khakifarbener-rock-in-kreisform-aus-dehnbarem-mesh-gewebe\\\/#primaryimage\",\"url\":\"https:\\\/\\\/www.audacieuse-galerie.ch\\\/wp-content\\\/uploads\\\/2022\\\/04\\\/1282-Jupe-verte-courte-en-forme-cercle-en-tissu-maille-avec-elasthanne-scaled.jpg\",\"contentUrl\":\"https:\\\/\\\/www.audacieuse-galerie.ch\\\/wp-content\\\/uploads\\\/2022\\\/04\\\/1282-Jupe-verte-courte-en-forme-cercle-en-tissu-maille-avec-elasthanne-scaled.jpg\",\"width\":1707,\"height\":2560,\"caption\":\"Kurzer gr\u00fcner Tellerrock aus Strick mit Elasthan\"}]}<\/script>\n<!-- \/ Yoast SEO plugin. -->","yoast_head_json":{"title":"Kurzer khakifarbener Rock in Kreisform aus Stretch-Strickstoff - Audacieuse-Galerie","description":"Kurzer khakifarbener Rock in Kreisform aus Stretch-Strickstoff","robots":{"index":"index","follow":"follow","max-snippet":"max-snippet:-1","max-image-preview":"max-image-preview:large","max-video-preview":"max-video-preview:-1"},"canonical":"https:\/\/www.audacieuse-galerie.ch\/de\/produit\/kurzer-khakifarbener-rock-in-kreisform-aus-dehnbarem-mesh-gewebe\/","og_locale":"de_DE","og_type":"article","og_title":"Kurzer khakifarbener Rock in Kreisform aus Stretch-Strickstoff - Audacieuse-Galerie","og_description":"Kurzer khakifarbener Rock in Kreisform aus Stretch-Strickstoff","og_url":"https:\/\/www.audacieuse-galerie.ch\/de\/produit\/kurzer-khakifarbener-rock-in-kreisform-aus-dehnbarem-mesh-gewebe\/","og_site_name":"Audacieuse-Galerie","article_publisher":"https:\/\/www.facebook.com\/audacieuse.galerie","article_modified_time":"2026-02-14T19:44:38+00:00","og_image":[{"width":1707,"height":2560,"url":"https:\/\/www.audacieuse-galerie.ch\/wp-content\/uploads\/2022\/04\/1282-Jupe-verte-courte-en-forme-cercle-en-tissu-maille-avec-elasthanne-scaled.jpg","type":"image\/jpeg"}],"twitter_card":"summary_large_image","schema":{"@context":"https:\/\/schema.org","@graph":[{"@type":"ImageObject","inLanguage":"de","@id":"https:\/\/www.audacieuse-galerie.ch\/de\/produit\/kurzer-khakifarbener-rock-in-kreisform-aus-dehnbarem-mesh-gewebe\/#primaryimage","url":"https:\/\/www.audacieuse-galerie.ch\/wp-content\/uploads\/2022\/04\/1282-Jupe-verte-courte-en-forme-cercle-en-tissu-maille-avec-elasthanne-scaled.jpg","contentUrl":"https:\/\/www.audacieuse-galerie.ch\/wp-content\/uploads\/2022\/04\/1282-Jupe-verte-courte-en-forme-cercle-en-tissu-maille-avec-elasthanne-scaled.jpg","width":1707,"height":2560,"caption":"Kurzer gr\u00fcner Tellerrock aus Strick mit Elasthan"}]}},"jetpack_publicize_connections":[],"_links":{"self":[{"href":"https:\/\/www.audacieuse-galerie.ch\/de\/wp-json\/wp\/v2\/product\/63382","targetHints":{"allow":["GET"]}}],"collection":[{"href":"https:\/\/www.audacieuse-galerie.ch\/de\/wp-json\/wp\/v2\/product"}],"about":[{"href":"https:\/\/www.audacieuse-galerie.ch\/de\/wp-json\/wp\/v2\/types\/product"}],"replies":[{"embeddable":true,"href":"https:\/\/www.audacieuse-galerie.ch\/de\/wp-json\/wp\/v2\/comments?post=63382"}],"version-history":[{"count":0,"href":"https:\/\/www.audacieuse-galerie.ch\/de\/wp-json\/wp\/v2\/product\/63382\/revisions"}],"wp:featuredmedia":[{"embeddable":true,"href":"https:\/\/www.audacieuse-galerie.ch\/de\/wp-json\/wp\/v2\/media\/63367"}],"wp:attachment":[{"href":"https:\/\/www.audacieuse-galerie.ch\/de\/wp-json\/wp\/v2\/media?parent=63382"}],"wp:term":[{"taxonomy":"product_brand","embeddable":true,"href":"https:\/\/www.audacieuse-galerie.ch\/de\/wp-json\/wp\/v2\/product_brand?post=63382"},{"taxonomy":"product_cat","embeddable":true,"href":"https:\/\/www.audacieuse-galerie.ch\/de\/wp-json\/wp\/v2\/product_cat?post=63382"},{"taxonomy":"product_tag","embeddable":true,"href":"https:\/\/www.audacieuse-galerie.ch\/de\/wp-json\/wp\/v2\/product_tag?post=63382"}],"curies":[{"name":"wp","href":"https:\/\/api.w.org\/{rel}","templated":true}]}}