{"id":63429,"date":"2022-04-09T13:03:20","date_gmt":"2022-04-09T11:03:20","guid":{"rendered":"https:\/\/woo.audacieuse-galerie.ch\/produit\/sac-en-cuir-presse-motif-serpent-couleur-uniforme-avec-chainette-en-metal-fermoir-abeille-2\/"},"modified":"2026-03-01T14:40:40","modified_gmt":"2026-03-01T13:40:40","slug":"sac-en-cuir-presse-motif-serpent-couleur-uniforme-avec-chainette-en-metal-fermoir-abeille-2","status":"publish","type":"product","link":"https:\/\/www.audacieuse-galerie.ch\/de\/produit\/sac-en-cuir-presse-motif-serpent-couleur-uniforme-avec-chainette-en-metal-fermoir-abeille-2\/","title":{"rendered":"Tasche aus gepresstem Leder mit Schlangenmuster in einheitlicher Farbe mit Bienenverschluss aus Metallkette"},"content":{"rendered":"<p>Eine schicke und praktische Tasche zugleich, mit Bienenverschluss und einer Kette, um sie \u00fcber der Schulter zu tragen.<\/p>\n<p>Das Hauptmaterial ist Leder, das mit einem Muster aus Python-Kunstleder gepresst ist, was ihm eine gute Festigkeit verleiht und ihm gleichzeitig ein schickes Aussehen verleiht.<\/p>\n<p>Abmessungen der Tasche: 22 x 15 x 7 cm<\/p>\n<p>Hauptmaterial: gepresstes Wildleder<\/p>\n","protected":false},"excerpt":{"rendered":"<p>Eine sehr stilvolle Tasche mit Bienenverschluss, deren K\u00f6rper sich entfaltet, um die Tasche zu \u00f6ffnen. Das Material der Tasche aus gepresstem Leder verleiht ihr einen luxuri\u00f6sen Look.<\/p>\n<p>Abgeschnitten mit einem h\u00fcbschen alten, messingfarbenen Bienenverschluss<\/p>\n","protected":false},"featured_media":146371,"comment_status":"open","ping_status":"closed","template":"","meta":{"_glsr_average":0,"_glsr_ranking":0,"_glsr_reviews":0,"jetpack_publicize_message":"","jetpack_publicize_feature_enabled":true,"jetpack_social_post_already_shared":true,"jetpack_social_options":{"image_generator_settings":{"template":"highway","default_image_id":0,"font":"","enabled":false},"version":2}},"product_brand":[],"product_cat":[96,105,102,126],"product_tag":[],"class_list":{"0":"post-63429","1":"product","2":"type-product","3":"status-publish","4":"has-post-thumbnail","6":"product_cat-accessoires-von-schoepfern","7":"product_cat-geschenkideen-aus-pret-a-porter-und-accessoires-fuer-sie-fuer-ihn","8":"product_cat-im-schaufenster-in-carouge-gesehen","9":"product_cat-taschen-handtaeschchen-und-mappen","10":"pa_color-denim-de","11":"pa_color-olivengrun-de","12":"pa_color-rot-de","13":"pa_color-schwarz-de","14":"pa_composition-leder-de","15":"pa_genre-frau-de","16":"pa_motif-biene-de","17":"pa_motif-imprimeanimal","18":"pa_motif-unifarben-de","19":"pa_saison-fruhjahrsommer-de","20":"pa_saison-herbstwinter-de","21":"pa_style-casual-de","22":"pa_style-glamour-de","23":"pa_style-original-de","25":"first","26":"instock","27":"taxable","28":"shipping-taxable","29":"purchasable","30":"product-type-variable","31":"has-default-attributes"},"yoast_head":"<!-- This site is optimized with the Yoast SEO plugin v27.4 - https:\/\/yoast.com\/product\/yoast-seo-wordpress\/ -->\n<title>Tasche aus gepresstem Leder mit Schlangenmuster in einheitlicher Farbe mit Bienenverschluss aus Metallkette - Audacieuse-Galerie<\/title>\n<meta name=\"description\" content=\"Tasche aus gepresstem Leder mit Schlangenmuster in einheitlicher Farbe mit Bienenverschluss aus Metallkette - Audacieuse-Galerie\" \/>\n<meta name=\"robots\" content=\"index, follow, max-snippet:-1, max-image-preview:large, max-video-preview:-1\" \/>\n<link rel=\"canonical\" href=\"https:\/\/www.audacieuse-galerie.ch\/de\/produit\/sac-en-cuir-presse-motif-serpent-couleur-uniforme-avec-chainette-en-metal-fermoir-abeille-2\/\" \/>\n<meta property=\"og:locale\" content=\"de_DE\" \/>\n<meta property=\"og:type\" content=\"article\" \/>\n<meta property=\"og:title\" content=\"Tasche aus gepresstem Leder mit Schlangenmuster in einheitlicher Farbe mit Bienenverschluss aus Metallkette - Audacieuse-Galerie\" \/>\n<meta property=\"og:description\" content=\"Tasche aus gepresstem Leder mit Schlangenmuster in einheitlicher Farbe mit Bienenverschluss aus Metallkette - Audacieuse-Galerie\" \/>\n<meta property=\"og:url\" content=\"https:\/\/www.audacieuse-galerie.ch\/de\/produit\/sac-en-cuir-presse-motif-serpent-couleur-uniforme-avec-chainette-en-metal-fermoir-abeille-2\/\" \/>\n<meta property=\"og:site_name\" content=\"Audacieuse-Galerie\" \/>\n<meta property=\"article:publisher\" content=\"https:\/\/www.facebook.com\/audacieuse.galerie\" \/>\n<meta property=\"article:modified_time\" content=\"2026-03-01T13:40:40+00:00\" \/>\n<meta property=\"og:image\" content=\"https:\/\/www.audacieuse-galerie.ch\/wp-content\/uploads\/2025\/11\/sac-abeille-noir-teinte-verte.png\" \/>\n\t<meta property=\"og:image:width\" content=\"1087\" \/>\n\t<meta property=\"og:image:height\" content=\"1087\" \/>\n\t<meta property=\"og:image:type\" content=\"image\/png\" \/>\n<meta name=\"twitter:card\" content=\"summary_large_image\" \/>\n<script type=\"application\/ld+json\" class=\"yoast-schema-graph\">{\"@context\":\"https:\\\/\\\/schema.org\",\"@graph\":[{\"@type\":\"ImageObject\",\"inLanguage\":\"de\",\"@id\":\"https:\\\/\\\/www.audacieuse-galerie.ch\\\/de\\\/produit\\\/sac-en-cuir-presse-motif-serpent-couleur-uniforme-avec-chainette-en-metal-fermoir-abeille-2\\\/#primaryimage\",\"url\":\"https:\\\/\\\/www.audacieuse-galerie.ch\\\/wp-content\\\/uploads\\\/2025\\\/11\\\/sac-abeille-noir-teinte-verte.png\",\"contentUrl\":\"https:\\\/\\\/www.audacieuse-galerie.ch\\\/wp-content\\\/uploads\\\/2025\\\/11\\\/sac-abeille-noir-teinte-verte.png\",\"width\":1087,\"height\":1087}]}<\/script>\n<!-- \/ Yoast SEO plugin. -->","yoast_head_json":{"title":"Tasche aus gepresstem Leder mit Schlangenmuster in einheitlicher Farbe mit Bienenverschluss aus Metallkette - Audacieuse-Galerie","description":"Tasche aus gepresstem Leder mit Schlangenmuster in einheitlicher Farbe mit Bienenverschluss aus Metallkette - Audacieuse-Galerie","robots":{"index":"index","follow":"follow","max-snippet":"max-snippet:-1","max-image-preview":"max-image-preview:large","max-video-preview":"max-video-preview:-1"},"canonical":"https:\/\/www.audacieuse-galerie.ch\/de\/produit\/sac-en-cuir-presse-motif-serpent-couleur-uniforme-avec-chainette-en-metal-fermoir-abeille-2\/","og_locale":"de_DE","og_type":"article","og_title":"Tasche aus gepresstem Leder mit Schlangenmuster in einheitlicher Farbe mit Bienenverschluss aus Metallkette - Audacieuse-Galerie","og_description":"Tasche aus gepresstem Leder mit Schlangenmuster in einheitlicher Farbe mit Bienenverschluss aus Metallkette - Audacieuse-Galerie","og_url":"https:\/\/www.audacieuse-galerie.ch\/de\/produit\/sac-en-cuir-presse-motif-serpent-couleur-uniforme-avec-chainette-en-metal-fermoir-abeille-2\/","og_site_name":"Audacieuse-Galerie","article_publisher":"https:\/\/www.facebook.com\/audacieuse.galerie","article_modified_time":"2026-03-01T13:40:40+00:00","og_image":[{"width":1087,"height":1087,"url":"https:\/\/www.audacieuse-galerie.ch\/wp-content\/uploads\/2025\/11\/sac-abeille-noir-teinte-verte.png","type":"image\/png"}],"twitter_card":"summary_large_image","schema":{"@context":"https:\/\/schema.org","@graph":[{"@type":"ImageObject","inLanguage":"de","@id":"https:\/\/www.audacieuse-galerie.ch\/de\/produit\/sac-en-cuir-presse-motif-serpent-couleur-uniforme-avec-chainette-en-metal-fermoir-abeille-2\/#primaryimage","url":"https:\/\/www.audacieuse-galerie.ch\/wp-content\/uploads\/2025\/11\/sac-abeille-noir-teinte-verte.png","contentUrl":"https:\/\/www.audacieuse-galerie.ch\/wp-content\/uploads\/2025\/11\/sac-abeille-noir-teinte-verte.png","width":1087,"height":1087}]}},"jetpack_publicize_connections":[],"_links":{"self":[{"href":"https:\/\/www.audacieuse-galerie.ch\/de\/wp-json\/wp\/v2\/product\/63429","targetHints":{"allow":["GET"]}}],"collection":[{"href":"https:\/\/www.audacieuse-galerie.ch\/de\/wp-json\/wp\/v2\/product"}],"about":[{"href":"https:\/\/www.audacieuse-galerie.ch\/de\/wp-json\/wp\/v2\/types\/product"}],"replies":[{"embeddable":true,"href":"https:\/\/www.audacieuse-galerie.ch\/de\/wp-json\/wp\/v2\/comments?post=63429"}],"version-history":[{"count":0,"href":"https:\/\/www.audacieuse-galerie.ch\/de\/wp-json\/wp\/v2\/product\/63429\/revisions"}],"wp:featuredmedia":[{"embeddable":true,"href":"https:\/\/www.audacieuse-galerie.ch\/de\/wp-json\/wp\/v2\/media\/146371"}],"wp:attachment":[{"href":"https:\/\/www.audacieuse-galerie.ch\/de\/wp-json\/wp\/v2\/media?parent=63429"}],"wp:term":[{"taxonomy":"product_brand","embeddable":true,"href":"https:\/\/www.audacieuse-galerie.ch\/de\/wp-json\/wp\/v2\/product_brand?post=63429"},{"taxonomy":"product_cat","embeddable":true,"href":"https:\/\/www.audacieuse-galerie.ch\/de\/wp-json\/wp\/v2\/product_cat?post=63429"},{"taxonomy":"product_tag","embeddable":true,"href":"https:\/\/www.audacieuse-galerie.ch\/de\/wp-json\/wp\/v2\/product_tag?post=63429"}],"curies":[{"name":"wp","href":"https:\/\/api.w.org\/{rel}","templated":true}]}}