{"id":64311,"date":"2022-04-25T19:04:41","date_gmt":"2022-04-25T17:04:41","guid":{"rendered":"https:\/\/woo.audacieuse-galerie.ch\/produit\/auf-dem-strand\/"},"modified":"2025-06-08T17:01:56","modified_gmt":"2025-06-08T15:01:56","slug":"auf-dem-strand","status":"publish","type":"product","link":"https:\/\/www.audacieuse-galerie.ch\/de\/produit\/auf-dem-strand\/","title":{"rendered":"Am Strand"},"content":{"rendered":"<p>Es gibt ein Foto von Man Ray mit dem Titel Explosante fixe. Dieses Bild, das eines Eisw\u00fcrfels, der an einem Strand aus schwarzem und vulkanischem Sand zur\u00fcckgelassen wird, sch\u00f6pft seine ganze Kraft aus der Abwesenheit eines Bezugspunkts, aus der Unm\u00f6glichkeit des Auges und des Geistes, sich an irgendeinen Ma\u00dfstab zu klammern. Diese Abwesenheit l\u00f6st eine Art Implosion aus Metall oder Wasser aus, oder l\u00e4sst den Fall und den Einschlag eines Asteroiden erscheinen. Der Blick ist der eigentliche Zweck der Fotografie.<\/p>\n","protected":false},"excerpt":{"rendered":"<p>Dieses Bild, das eines Eisw\u00fcrfels, der an einem Strand aus schwarzem und vulkanischem Sand zur\u00fcckgelassen wird, sch\u00f6pft seine ganze Kraft aus der Abwesenheit eines Bezugspunkts, aus der Unm\u00f6glichkeit des Auges und des Geistes, sich an irgendeinen Ma\u00dfstab zu klammern.<\/p>\n","protected":false},"featured_media":64246,"comment_status":"open","ping_status":"closed","template":"","meta":{"_glsr_average":0,"_glsr_ranking":0,"_glsr_reviews":0,"jetpack_publicize_message":"","jetpack_publicize_feature_enabled":true,"jetpack_social_post_already_shared":true,"jetpack_social_options":{"image_generator_settings":{"template":"highway","default_image_id":0,"font":"","enabled":false},"version":2}},"product_brand":[],"product_cat":[111,2203,240,237],"product_tag":[],"class_list":{"0":"post-64311","1":"product","2":"type-product","3":"status-publish","4":"has-post-thumbnail","6":"product_cat-farben","7":"product_cat-fotograf-thierry-vezon","8":"product_cat-landschaftsbilder","9":"product_cat-natur","10":"pa_dimensions-40x40cm-de","11":"pa_dimensions-60x60cm-de","12":"pa_dimensions-80x80cm-de","13":"pa_encadrements-dunklesholz-de","14":"pa_encadrements-farben-de","15":"pa_encadrements-grau-de","16":"pa_encadrements-hellesholz-de","17":"pa_encadrements-keinen-de","18":"pa_encadrements-schwarz-de","19":"pa_encadrements-weiss-de","20":"pa_oeuvresnumerotees_limitees-15exemplaren-de","21":"pa_protectionfinitionsupport-druckunterglasacrylglass-de","22":"pa_protectionfinitionsupport-20-kunstpapieraufdibondr_alu-de","23":"pa_protectionfinitionsupport-e4-kunstpapieraufholzplatteu-de","24":"pa_techniquesphotographiques-farbe-de","25":"pa_themesphotographiques-grafik-de","26":"pa_themesphotographiques-landschaft-de","27":"pa_themesphotographiques-natur-de","29":"first","30":"instock","31":"taxable","32":"shipping-taxable","33":"purchasable","34":"product-type-variable","35":"has-default-attributes"},"yoast_head":"<!-- This site is optimized with the Yoast SEO plugin v27.4 - https:\/\/yoast.com\/product\/yoast-seo-wordpress\/ -->\n<title>Am Strand - Audacieuse-Galerie<\/title>\n<meta name=\"description\" content=\"Am Strand - Audacieuse-Galerie\" \/>\n<meta name=\"robots\" content=\"index, follow, max-snippet:-1, max-image-preview:large, max-video-preview:-1\" \/>\n<link rel=\"canonical\" href=\"https:\/\/www.audacieuse-galerie.ch\/de\/produit\/auf-dem-strand\/\" \/>\n<meta property=\"og:locale\" content=\"de_DE\" \/>\n<meta property=\"og:type\" content=\"article\" \/>\n<meta property=\"og:title\" content=\"Am Strand - Audacieuse-Galerie\" \/>\n<meta property=\"og:description\" content=\"Am Strand - Audacieuse-Galerie\" \/>\n<meta property=\"og:url\" content=\"https:\/\/www.audacieuse-galerie.ch\/de\/produit\/auf-dem-strand\/\" \/>\n<meta property=\"og:site_name\" content=\"Audacieuse-Galerie\" \/>\n<meta property=\"article:publisher\" content=\"https:\/\/www.facebook.com\/audacieuse.galerie\" \/>\n<meta property=\"article:modified_time\" content=\"2025-06-08T15:01:56+00:00\" \/>\n<meta property=\"og:image\" content=\"https:\/\/www.audacieuse-galerie.ch\/wp-content\/uploads\/2022\/04\/1308-Sur-la-plage.jpg\" \/>\n\t<meta property=\"og:image:width\" content=\"1000\" \/>\n\t<meta property=\"og:image:height\" content=\"997\" \/>\n\t<meta property=\"og:image:type\" content=\"image\/jpeg\" \/>\n<meta name=\"twitter:card\" content=\"summary_large_image\" \/>\n<script type=\"application\/ld+json\" class=\"yoast-schema-graph\">{\"@context\":\"https:\\\/\\\/schema.org\",\"@graph\":[{\"@type\":\"ImageObject\",\"inLanguage\":\"de\",\"@id\":\"https:\\\/\\\/www.audacieuse-galerie.ch\\\/de\\\/produit\\\/auf-dem-strand\\\/#primaryimage\",\"url\":\"https:\\\/\\\/www.audacieuse-galerie.ch\\\/wp-content\\\/uploads\\\/2022\\\/04\\\/1308-Sur-la-plage.jpg\",\"contentUrl\":\"https:\\\/\\\/www.audacieuse-galerie.ch\\\/wp-content\\\/uploads\\\/2022\\\/04\\\/1308-Sur-la-plage.jpg\",\"width\":1000,\"height\":997,\"caption\":\"Am Strand\"}]}<\/script>\n<!-- \/ Yoast SEO plugin. -->","yoast_head_json":{"title":"Am Strand - Audacieuse-Galerie","description":"Am Strand - Audacieuse-Galerie","robots":{"index":"index","follow":"follow","max-snippet":"max-snippet:-1","max-image-preview":"max-image-preview:large","max-video-preview":"max-video-preview:-1"},"canonical":"https:\/\/www.audacieuse-galerie.ch\/de\/produit\/auf-dem-strand\/","og_locale":"de_DE","og_type":"article","og_title":"Am Strand - Audacieuse-Galerie","og_description":"Am Strand - Audacieuse-Galerie","og_url":"https:\/\/www.audacieuse-galerie.ch\/de\/produit\/auf-dem-strand\/","og_site_name":"Audacieuse-Galerie","article_publisher":"https:\/\/www.facebook.com\/audacieuse.galerie","article_modified_time":"2025-06-08T15:01:56+00:00","og_image":[{"width":1000,"height":997,"url":"https:\/\/www.audacieuse-galerie.ch\/wp-content\/uploads\/2022\/04\/1308-Sur-la-plage.jpg","type":"image\/jpeg"}],"twitter_card":"summary_large_image","schema":{"@context":"https:\/\/schema.org","@graph":[{"@type":"ImageObject","inLanguage":"de","@id":"https:\/\/www.audacieuse-galerie.ch\/de\/produit\/auf-dem-strand\/#primaryimage","url":"https:\/\/www.audacieuse-galerie.ch\/wp-content\/uploads\/2022\/04\/1308-Sur-la-plage.jpg","contentUrl":"https:\/\/www.audacieuse-galerie.ch\/wp-content\/uploads\/2022\/04\/1308-Sur-la-plage.jpg","width":1000,"height":997,"caption":"Am Strand"}]}},"jetpack_publicize_connections":[],"_links":{"self":[{"href":"https:\/\/www.audacieuse-galerie.ch\/de\/wp-json\/wp\/v2\/product\/64311","targetHints":{"allow":["GET"]}}],"collection":[{"href":"https:\/\/www.audacieuse-galerie.ch\/de\/wp-json\/wp\/v2\/product"}],"about":[{"href":"https:\/\/www.audacieuse-galerie.ch\/de\/wp-json\/wp\/v2\/types\/product"}],"replies":[{"embeddable":true,"href":"https:\/\/www.audacieuse-galerie.ch\/de\/wp-json\/wp\/v2\/comments?post=64311"}],"version-history":[{"count":0,"href":"https:\/\/www.audacieuse-galerie.ch\/de\/wp-json\/wp\/v2\/product\/64311\/revisions"}],"wp:featuredmedia":[{"embeddable":true,"href":"https:\/\/www.audacieuse-galerie.ch\/de\/wp-json\/wp\/v2\/media\/64246"}],"wp:attachment":[{"href":"https:\/\/www.audacieuse-galerie.ch\/de\/wp-json\/wp\/v2\/media?parent=64311"}],"wp:term":[{"taxonomy":"product_brand","embeddable":true,"href":"https:\/\/www.audacieuse-galerie.ch\/de\/wp-json\/wp\/v2\/product_brand?post=64311"},{"taxonomy":"product_cat","embeddable":true,"href":"https:\/\/www.audacieuse-galerie.ch\/de\/wp-json\/wp\/v2\/product_cat?post=64311"},{"taxonomy":"product_tag","embeddable":true,"href":"https:\/\/www.audacieuse-galerie.ch\/de\/wp-json\/wp\/v2\/product_tag?post=64311"}],"curies":[{"name":"wp","href":"https:\/\/api.w.org\/{rel}","templated":true}]}}