{"id":6479,"date":"2017-06-15T17:56:57","date_gmt":"2017-06-15T15:56:57","guid":{"rendered":"https:\/\/woo.audacieuse-galerie.ch\/produit\/les-machines-a-laver-et-l-homme-qui-dort-2\/"},"modified":"2025-06-04T21:38:24","modified_gmt":"2025-06-04T19:38:24","slug":"les-machines-a-laver-et-l-homme-qui-dort-2","status":"publish","type":"product","link":"https:\/\/www.audacieuse-galerie.ch\/de\/produit\/les-machines-a-laver-et-l-homme-qui-dort-2\/","title":{"rendered":"Jeder auf der Stra\u00dfe"},"content":{"rendered":"<p>In meiner Erinnerung gab es oft einen Obdachlosen in den Waschsalons, der seine W\u00e4sche nicht wusch, weil kein Platz war. Wie ein Kind, das vom Schnurren der Motoren und Trommeln schl\u00e4frig wird, hielt er sich warm. Er hoffte auf Ruhe und die Vergesslichkeit der Sicherheitsleute.  <\/p>\n","protected":false},"excerpt":{"rendered":"<p>In meiner Erinnerung gab es oft einen Obdachlosen in den Waschsalons, der seine W\u00e4sche nicht wusch, weil kein Platz war. Wie ein Kind, das vom Schnurren der Motoren und Trommeln schl\u00e4frig wird, hielt er sich warm. Er hoffte auf Ruhe und die Vergesslichkeit der Sicherheitsleute.  <\/p>\n","protected":false},"featured_media":6407,"comment_status":"open","ping_status":"closed","template":"","meta":{"_glsr_average":0,"_glsr_ranking":0,"_glsr_reviews":0,"jetpack_publicize_message":"","jetpack_publicize_feature_enabled":true,"jetpack_social_post_already_shared":true,"jetpack_social_options":{"image_generator_settings":{"template":"highway","default_image_id":0,"font":"","enabled":false},"version":2}},"product_brand":[],"product_cat":[222,2228,228,108,135],"product_tag":[],"class_list":{"0":"post-6479","1":"product","2":"type-product","3":"status-publish","4":"has-post-thumbnail","6":"product_cat-europa","7":"product_cat-fotograf-georgii-winogradow","8":"product_cat-innen","9":"product_cat-mensch","10":"product_cat-schwarz-weiss-fotografie","11":"pa_dimensions-60x90cm-de","12":"pa_encadrements-dunklesholz-de","13":"pa_encadrements-farben-de","14":"pa_encadrements-grau-de","15":"pa_encadrements-hellesholz-de","16":"pa_encadrements-keinen-de","17":"pa_encadrements-schwarz-de","18":"pa_encadrements-weiss-de","19":"pa_oeuvresnumerotees_limitees-30exemplaren-de","20":"pa_protectionfinitionsupport-20-kunstpapieraufdibondr_alu-de","21":"pa_protectionfinitionsupport-e4-kunstpapieraufholzplatteu-de","22":"pa_techniquesphotographiques-hddruckschwarzweiss-de","23":"pa_themesphotographiques-europa-de","24":"pa_themesphotographiques-innen-de","25":"pa_themesphotographiques-mensch-de","26":"pa_themesphotographiques-stadtisch-de","28":"first","29":"instock","30":"taxable","31":"shipping-taxable","32":"purchasable","33":"product-type-variable","34":"has-default-attributes"},"yoast_head":"<!-- This site is optimized with the Yoast SEO plugin v27.4 - https:\/\/yoast.com\/product\/yoast-seo-wordpress\/ -->\n<title>Jeder auf der Stra\u00dfe - Audacieuse-Galerie<\/title>\n<meta name=\"description\" content=\"Jeder auf der Stra\u00dfe - Audacieuse-Galerie\" \/>\n<meta name=\"robots\" content=\"index, follow, max-snippet:-1, max-image-preview:large, max-video-preview:-1\" \/>\n<link rel=\"canonical\" href=\"https:\/\/www.audacieuse-galerie.ch\/de\/produit\/les-machines-a-laver-et-l-homme-qui-dort-2\/\" \/>\n<meta property=\"og:locale\" content=\"de_DE\" \/>\n<meta property=\"og:type\" content=\"article\" \/>\n<meta property=\"og:title\" content=\"Jeder auf der Stra\u00dfe - Audacieuse-Galerie\" \/>\n<meta property=\"og:description\" content=\"Jeder auf der Stra\u00dfe - Audacieuse-Galerie\" \/>\n<meta property=\"og:url\" content=\"https:\/\/www.audacieuse-galerie.ch\/de\/produit\/les-machines-a-laver-et-l-homme-qui-dort-2\/\" \/>\n<meta property=\"og:site_name\" content=\"Audacieuse-Galerie\" \/>\n<meta property=\"article:publisher\" content=\"https:\/\/www.facebook.com\/audacieuse.galerie\" \/>\n<meta property=\"article:modified_time\" content=\"2025-06-04T19:38:24+00:00\" \/>\n<meta property=\"og:image\" content=\"https:\/\/www.audacieuse-galerie.ch\/wp-content\/uploads\/2017\/06\/240-Les-machines-a-laver-et-lhomme-qui-dort.jpg\" \/>\n\t<meta property=\"og:image:width\" content=\"1000\" \/>\n\t<meta property=\"og:image:height\" content=\"638\" \/>\n\t<meta property=\"og:image:type\" content=\"image\/jpeg\" \/>\n<meta name=\"twitter:card\" content=\"summary_large_image\" \/>\n<script type=\"application\/ld+json\" class=\"yoast-schema-graph\">{\"@context\":\"https:\\\/\\\/schema.org\",\"@graph\":[{\"@type\":\"ImageObject\",\"inLanguage\":\"de\",\"@id\":\"https:\\\/\\\/www.audacieuse-galerie.ch\\\/de\\\/produit\\\/les-machines-a-laver-et-l-homme-qui-dort-2\\\/#primaryimage\",\"url\":\"https:\\\/\\\/www.audacieuse-galerie.ch\\\/wp-content\\\/uploads\\\/2017\\\/06\\\/240-Les-machines-a-laver-et-lhomme-qui-dort.jpg\",\"contentUrl\":\"https:\\\/\\\/www.audacieuse-galerie.ch\\\/wp-content\\\/uploads\\\/2017\\\/06\\\/240-Les-machines-a-laver-et-lhomme-qui-dort.jpg\",\"width\":1000,\"height\":638,\"caption\":\"Waschmaschinen und der schlafende Mann\"}]}<\/script>\n<!-- \/ Yoast SEO plugin. -->","yoast_head_json":{"title":"Jeder auf der Stra\u00dfe - Audacieuse-Galerie","description":"Jeder auf der Stra\u00dfe - Audacieuse-Galerie","robots":{"index":"index","follow":"follow","max-snippet":"max-snippet:-1","max-image-preview":"max-image-preview:large","max-video-preview":"max-video-preview:-1"},"canonical":"https:\/\/www.audacieuse-galerie.ch\/de\/produit\/les-machines-a-laver-et-l-homme-qui-dort-2\/","og_locale":"de_DE","og_type":"article","og_title":"Jeder auf der Stra\u00dfe - Audacieuse-Galerie","og_description":"Jeder auf der Stra\u00dfe - Audacieuse-Galerie","og_url":"https:\/\/www.audacieuse-galerie.ch\/de\/produit\/les-machines-a-laver-et-l-homme-qui-dort-2\/","og_site_name":"Audacieuse-Galerie","article_publisher":"https:\/\/www.facebook.com\/audacieuse.galerie","article_modified_time":"2025-06-04T19:38:24+00:00","og_image":[{"width":1000,"height":638,"url":"https:\/\/www.audacieuse-galerie.ch\/wp-content\/uploads\/2017\/06\/240-Les-machines-a-laver-et-lhomme-qui-dort.jpg","type":"image\/jpeg"}],"twitter_card":"summary_large_image","schema":{"@context":"https:\/\/schema.org","@graph":[{"@type":"ImageObject","inLanguage":"de","@id":"https:\/\/www.audacieuse-galerie.ch\/de\/produit\/les-machines-a-laver-et-l-homme-qui-dort-2\/#primaryimage","url":"https:\/\/www.audacieuse-galerie.ch\/wp-content\/uploads\/2017\/06\/240-Les-machines-a-laver-et-lhomme-qui-dort.jpg","contentUrl":"https:\/\/www.audacieuse-galerie.ch\/wp-content\/uploads\/2017\/06\/240-Les-machines-a-laver-et-lhomme-qui-dort.jpg","width":1000,"height":638,"caption":"Waschmaschinen und der schlafende Mann"}]}},"jetpack_publicize_connections":[],"_links":{"self":[{"href":"https:\/\/www.audacieuse-galerie.ch\/de\/wp-json\/wp\/v2\/product\/6479","targetHints":{"allow":["GET"]}}],"collection":[{"href":"https:\/\/www.audacieuse-galerie.ch\/de\/wp-json\/wp\/v2\/product"}],"about":[{"href":"https:\/\/www.audacieuse-galerie.ch\/de\/wp-json\/wp\/v2\/types\/product"}],"replies":[{"embeddable":true,"href":"https:\/\/www.audacieuse-galerie.ch\/de\/wp-json\/wp\/v2\/comments?post=6479"}],"version-history":[{"count":0,"href":"https:\/\/www.audacieuse-galerie.ch\/de\/wp-json\/wp\/v2\/product\/6479\/revisions"}],"wp:featuredmedia":[{"embeddable":true,"href":"https:\/\/www.audacieuse-galerie.ch\/de\/wp-json\/wp\/v2\/media\/6407"}],"wp:attachment":[{"href":"https:\/\/www.audacieuse-galerie.ch\/de\/wp-json\/wp\/v2\/media?parent=6479"}],"wp:term":[{"taxonomy":"product_brand","embeddable":true,"href":"https:\/\/www.audacieuse-galerie.ch\/de\/wp-json\/wp\/v2\/product_brand?post=6479"},{"taxonomy":"product_cat","embeddable":true,"href":"https:\/\/www.audacieuse-galerie.ch\/de\/wp-json\/wp\/v2\/product_cat?post=6479"},{"taxonomy":"product_tag","embeddable":true,"href":"https:\/\/www.audacieuse-galerie.ch\/de\/wp-json\/wp\/v2\/product_tag?post=6479"}],"curies":[{"name":"wp","href":"https:\/\/api.w.org\/{rel}","templated":true}]}}