{"id":64896,"date":"2022-04-28T16:38:09","date_gmt":"2022-04-28T14:38:09","guid":{"rendered":"https:\/\/woo.audacieuse-galerie.ch\/produit\/die-drei-pyramiden\/"},"modified":"2025-06-08T17:00:33","modified_gmt":"2025-06-08T15:00:33","slug":"die-drei-pyramiden","status":"publish","type":"product","link":"https:\/\/www.audacieuse-galerie.ch\/de\/produit\/die-drei-pyramiden\/","title":{"rendered":"Die drei Pyramiden"},"content":{"rendered":"<p>Von einer W\u00fcste in die n\u00e4chste: Die Sonne eines Grabes erhellt schwach diese H\u00f6hen, die unweigerlich an Gizeh, die Pyramiden, erinnern. Etwas Fantastisches und vielleicht Beklemmendes. Das Mysterium entsteht auch aus dieser Pr\u00e4senz, in diesem Debakel, diesem chaotischen und unvollendeten Universum, von Geometrie, Z\u00e4hlung und Rhythmus. Was haben diese Dreiecke, dieser Dreisatz, damit zu tun? Im S\u00fcden Islands erinnern drei Pyramiden aus schwarzer Erde an die Pyramiden, die von den \u00c4gyptern in Afrika erbaut wurden.<\/p>\n","protected":false},"excerpt":{"rendered":"<p>Von einer W\u00fcste in die n\u00e4chste: Die Sonne eines Grabes erhellt schwach diese H\u00f6hen, die unweigerlich an Gizeh, die Pyramiden, erinnern. Etwas Fantastisches und vielleicht Beklemmendes.  <\/p>\n","protected":false},"featured_media":64831,"comment_status":"open","ping_status":"closed","template":"","meta":{"_glsr_average":0,"_glsr_ranking":0,"_glsr_reviews":0,"jetpack_publicize_message":"","jetpack_publicize_feature_enabled":true,"jetpack_social_post_already_shared":true,"jetpack_social_options":{"image_generator_settings":{"template":"highway","default_image_id":0,"font":"","enabled":false},"version":2}},"product_brand":[],"product_cat":[63,111,2203,153,240,237],"product_tag":[],"class_list":{"0":"post-64896","1":"product","2":"type-product","3":"status-publish","4":"has-post-thumbnail","6":"product_cat-auswahlkurator","7":"product_cat-farben","8":"product_cat-fotograf-thierry-vezon","9":"product_cat-grafik","10":"product_cat-landschaftsbilder","11":"product_cat-natur","12":"pa_dimensions-40x40cm-de","13":"pa_dimensions-60x60cm-de","14":"pa_dimensions-80x80cm-de","15":"pa_encadrements-dunklesholz-de","16":"pa_encadrements-farben-de","17":"pa_encadrements-grau-de","18":"pa_encadrements-hellesholz-de","19":"pa_encadrements-keinen-de","20":"pa_encadrements-schwarz-de","21":"pa_encadrements-weiss-de","22":"pa_oeuvresnumerotees_limitees-15exemplaren-de","23":"pa_protectionfinitionsupport-druckunterglasacrylglass-de","24":"pa_protectionfinitionsupport-20-kunstpapieraufdibondr_alu-de","25":"pa_protectionfinitionsupport-e4-kunstpapieraufholzplatteu-de","26":"pa_techniquesphotographiques-farbe-de","27":"pa_themesphotographiques-landschaft-de","28":"pa_themesphotographiques-mystisch-de","29":"pa_themesphotographiques-natur-de","31":"first","32":"instock","33":"taxable","34":"shipping-taxable","35":"purchasable","36":"product-type-variable","37":"has-default-attributes"},"yoast_head":"<!-- This site is optimized with the Yoast SEO plugin v27.4 - https:\/\/yoast.com\/product\/yoast-seo-wordpress\/ -->\n<title>Die drei Pyramiden - Audacieuse-Galerie<\/title>\n<meta name=\"description\" content=\"Die drei Pyramiden - Audacieuse-Galerie\" \/>\n<meta name=\"robots\" content=\"index, follow, max-snippet:-1, max-image-preview:large, max-video-preview:-1\" \/>\n<link rel=\"canonical\" href=\"https:\/\/www.audacieuse-galerie.ch\/de\/produit\/die-drei-pyramiden\/\" \/>\n<meta property=\"og:locale\" content=\"de_DE\" \/>\n<meta property=\"og:type\" content=\"article\" \/>\n<meta property=\"og:title\" content=\"Die drei Pyramiden - Audacieuse-Galerie\" \/>\n<meta property=\"og:description\" content=\"Die drei Pyramiden - Audacieuse-Galerie\" \/>\n<meta property=\"og:url\" content=\"https:\/\/www.audacieuse-galerie.ch\/de\/produit\/die-drei-pyramiden\/\" \/>\n<meta property=\"og:site_name\" content=\"Audacieuse-Galerie\" \/>\n<meta property=\"article:publisher\" content=\"https:\/\/www.facebook.com\/audacieuse.galerie\" \/>\n<meta property=\"article:modified_time\" content=\"2025-06-08T15:00:33+00:00\" \/>\n<meta property=\"og:image\" content=\"https:\/\/www.audacieuse-galerie.ch\/wp-content\/uploads\/2022\/04\/1311-Les-trois-pyramides.jpg\" \/>\n\t<meta property=\"og:image:width\" content=\"1000\" \/>\n\t<meta property=\"og:image:height\" content=\"1000\" \/>\n\t<meta property=\"og:image:type\" content=\"image\/jpeg\" \/>\n<meta name=\"twitter:card\" content=\"summary_large_image\" \/>\n<script type=\"application\/ld+json\" class=\"yoast-schema-graph\">{\"@context\":\"https:\\\/\\\/schema.org\",\"@graph\":[{\"@type\":\"ImageObject\",\"inLanguage\":\"de\",\"@id\":\"https:\\\/\\\/www.audacieuse-galerie.ch\\\/de\\\/produit\\\/die-drei-pyramiden\\\/#primaryimage\",\"url\":\"https:\\\/\\\/www.audacieuse-galerie.ch\\\/wp-content\\\/uploads\\\/2022\\\/04\\\/1311-Les-trois-pyramides.jpg\",\"contentUrl\":\"https:\\\/\\\/www.audacieuse-galerie.ch\\\/wp-content\\\/uploads\\\/2022\\\/04\\\/1311-Les-trois-pyramides.jpg\",\"width\":1000,\"height\":1000,\"caption\":\"Die drei Pyramiden\"}]}<\/script>\n<!-- \/ Yoast SEO plugin. -->","yoast_head_json":{"title":"Die drei Pyramiden - Audacieuse-Galerie","description":"Die drei Pyramiden - Audacieuse-Galerie","robots":{"index":"index","follow":"follow","max-snippet":"max-snippet:-1","max-image-preview":"max-image-preview:large","max-video-preview":"max-video-preview:-1"},"canonical":"https:\/\/www.audacieuse-galerie.ch\/de\/produit\/die-drei-pyramiden\/","og_locale":"de_DE","og_type":"article","og_title":"Die drei Pyramiden - Audacieuse-Galerie","og_description":"Die drei Pyramiden - Audacieuse-Galerie","og_url":"https:\/\/www.audacieuse-galerie.ch\/de\/produit\/die-drei-pyramiden\/","og_site_name":"Audacieuse-Galerie","article_publisher":"https:\/\/www.facebook.com\/audacieuse.galerie","article_modified_time":"2025-06-08T15:00:33+00:00","og_image":[{"width":1000,"height":1000,"url":"https:\/\/www.audacieuse-galerie.ch\/wp-content\/uploads\/2022\/04\/1311-Les-trois-pyramides.jpg","type":"image\/jpeg"}],"twitter_card":"summary_large_image","schema":{"@context":"https:\/\/schema.org","@graph":[{"@type":"ImageObject","inLanguage":"de","@id":"https:\/\/www.audacieuse-galerie.ch\/de\/produit\/die-drei-pyramiden\/#primaryimage","url":"https:\/\/www.audacieuse-galerie.ch\/wp-content\/uploads\/2022\/04\/1311-Les-trois-pyramides.jpg","contentUrl":"https:\/\/www.audacieuse-galerie.ch\/wp-content\/uploads\/2022\/04\/1311-Les-trois-pyramides.jpg","width":1000,"height":1000,"caption":"Die drei Pyramiden"}]}},"jetpack_publicize_connections":[],"_links":{"self":[{"href":"https:\/\/www.audacieuse-galerie.ch\/de\/wp-json\/wp\/v2\/product\/64896","targetHints":{"allow":["GET"]}}],"collection":[{"href":"https:\/\/www.audacieuse-galerie.ch\/de\/wp-json\/wp\/v2\/product"}],"about":[{"href":"https:\/\/www.audacieuse-galerie.ch\/de\/wp-json\/wp\/v2\/types\/product"}],"replies":[{"embeddable":true,"href":"https:\/\/www.audacieuse-galerie.ch\/de\/wp-json\/wp\/v2\/comments?post=64896"}],"version-history":[{"count":0,"href":"https:\/\/www.audacieuse-galerie.ch\/de\/wp-json\/wp\/v2\/product\/64896\/revisions"}],"wp:featuredmedia":[{"embeddable":true,"href":"https:\/\/www.audacieuse-galerie.ch\/de\/wp-json\/wp\/v2\/media\/64831"}],"wp:attachment":[{"href":"https:\/\/www.audacieuse-galerie.ch\/de\/wp-json\/wp\/v2\/media?parent=64896"}],"wp:term":[{"taxonomy":"product_brand","embeddable":true,"href":"https:\/\/www.audacieuse-galerie.ch\/de\/wp-json\/wp\/v2\/product_brand?post=64896"},{"taxonomy":"product_cat","embeddable":true,"href":"https:\/\/www.audacieuse-galerie.ch\/de\/wp-json\/wp\/v2\/product_cat?post=64896"},{"taxonomy":"product_tag","embeddable":true,"href":"https:\/\/www.audacieuse-galerie.ch\/de\/wp-json\/wp\/v2\/product_tag?post=64896"}],"curies":[{"name":"wp","href":"https:\/\/api.w.org\/{rel}","templated":true}]}}