{"id":65091,"date":"2022-04-28T18:09:24","date_gmt":"2022-04-28T16:09:24","guid":{"rendered":"https:\/\/woo.audacieuse-galerie.ch\/produit\/das-debakel\/"},"modified":"2025-06-08T17:01:00","modified_gmt":"2025-06-08T15:01:00","slug":"das-debakel","status":"publish","type":"product","link":"https:\/\/www.audacieuse-galerie.ch\/de\/produit\/das-debakel\/","title":{"rendered":"Das Debakel"},"content":{"rendered":"<p>Vor den Tieren, vor den Menschen, ganz am Anfang der Zeit&#8230; Die Landschaft im hohen Norden f\u00fchrt zur Metaphysik, weckt in uns alte und zweifellos unbewu\u00dfte Erinnerungen an die Kosmogonie. Wasser, Gestein \u2013 nicht einmal Erde, sondern Gestein, mineralisch in seinem rohen Zustand \u2013 und \u00fcber beide gleiten, um ihnen Leben einzuhauchen, am ersten Morgen der Welt. Von dort an, so lange ich mich erinnern kann, haben mich die Arktis, der Ozean, die abgemagerten und kalten L\u00e4nder, die daran angrenzen, immer fasziniert. Diese polaren R\u00e4ume verk\u00f6rperten in meinen Augen die Reinheit der Urspr\u00fcnge. Aber diese Welt ist jetzt in Gefahr, die Eisscholle zieht sich zur\u00fcck, die globale Erw\u00e4rmung zwingt sie, sich zu schnell zu bewegen, und beraubt sie pl\u00f6tzlich ihrer Jungfr\u00e4ulichkeit.<\/p>\n","protected":false},"excerpt":{"rendered":"<p>Vor den Tieren, vor den Menschen, ganz am Anfang der Zeit&#8230; Die Landschaft im hohen Norden f\u00fchrt zur Metaphysik, weckt in uns alte und zweifellos unbewu\u00dfte Erinnerungen an die Kosmogonie.<\/p>\n","protected":false},"featured_media":65026,"comment_status":"open","ping_status":"closed","template":"","meta":{"_glsr_average":0,"_glsr_ranking":0,"_glsr_reviews":0,"jetpack_publicize_message":"","jetpack_publicize_feature_enabled":true,"jetpack_social_post_already_shared":true,"jetpack_social_options":{"image_generator_settings":{"template":"highway","default_image_id":0,"font":"","enabled":false},"version":2}},"product_brand":[],"product_cat":[2203,240,249,237],"product_tag":[],"class_list":{"0":"post-65091","1":"product","2":"type-product","3":"status-publish","4":"has-post-thumbnail","6":"product_cat-fotograf-thierry-vezon","7":"product_cat-landschaftsbilder","8":"product_cat-mystisch","9":"product_cat-natur","10":"pa_dimensions-40x40cm-de","11":"pa_dimensions-60x60cm-de","12":"pa_dimensions-80x80cm-de","13":"pa_encadrements-dunklesholz-de","14":"pa_encadrements-farben-de","15":"pa_encadrements-grau-de","16":"pa_encadrements-hellesholz-de","17":"pa_encadrements-keinen-de","18":"pa_encadrements-schwarz-de","19":"pa_encadrements-weiss-de","20":"pa_oeuvresnumerotees_limitees-15exemplaren-de","21":"pa_protectionfinitionsupport-druckunterglasacrylglass-de","22":"pa_protectionfinitionsupport-20-kunstpapieraufdibondr_alu-de","23":"pa_protectionfinitionsupport-e4-kunstpapieraufholzplatteu-de","24":"pa_techniquesphotographiques-farbe-de","25":"pa_themesphotographiques-landschaft-de","26":"pa_themesphotographiques-natur-de","28":"first","29":"instock","30":"taxable","31":"shipping-taxable","32":"purchasable","33":"product-type-variable","34":"has-default-attributes"},"yoast_head":"<!-- This site is optimized with the Yoast SEO plugin v27.4 - https:\/\/yoast.com\/product\/yoast-seo-wordpress\/ -->\n<title>Das Debakel - Audacieuse-Galerie<\/title>\n<meta name=\"description\" content=\"Das Debakel - Audacieuse-Galerie\" \/>\n<meta name=\"robots\" content=\"index, follow, max-snippet:-1, max-image-preview:large, max-video-preview:-1\" \/>\n<link rel=\"canonical\" href=\"https:\/\/www.audacieuse-galerie.ch\/de\/produit\/das-debakel\/\" \/>\n<meta property=\"og:locale\" content=\"de_DE\" \/>\n<meta property=\"og:type\" content=\"article\" \/>\n<meta property=\"og:title\" content=\"Das Debakel - Audacieuse-Galerie\" \/>\n<meta property=\"og:description\" content=\"Das Debakel - Audacieuse-Galerie\" \/>\n<meta property=\"og:url\" content=\"https:\/\/www.audacieuse-galerie.ch\/de\/produit\/das-debakel\/\" \/>\n<meta property=\"og:site_name\" content=\"Audacieuse-Galerie\" \/>\n<meta property=\"article:publisher\" content=\"https:\/\/www.facebook.com\/audacieuse.galerie\" \/>\n<meta property=\"article:modified_time\" content=\"2025-06-08T15:01:00+00:00\" \/>\n<meta property=\"og:image\" content=\"https:\/\/www.audacieuse-galerie.ch\/wp-content\/uploads\/2022\/04\/1312-La-debacle.jpg\" \/>\n\t<meta property=\"og:image:width\" content=\"1000\" \/>\n\t<meta property=\"og:image:height\" content=\"1000\" \/>\n\t<meta property=\"og:image:type\" content=\"image\/jpeg\" \/>\n<meta name=\"twitter:card\" content=\"summary_large_image\" \/>\n<meta name=\"twitter:label1\" content=\"Gesch\u00e4tzte Lesezeit\" \/>\n\t<meta name=\"twitter:data1\" content=\"1 Minute\" \/>\n<script type=\"application\/ld+json\" class=\"yoast-schema-graph\">{\"@context\":\"https:\\\/\\\/schema.org\",\"@graph\":[{\"@type\":\"ImageObject\",\"inLanguage\":\"de\",\"@id\":\"https:\\\/\\\/www.audacieuse-galerie.ch\\\/de\\\/produit\\\/das-debakel\\\/#primaryimage\",\"url\":\"https:\\\/\\\/www.audacieuse-galerie.ch\\\/wp-content\\\/uploads\\\/2022\\\/04\\\/1312-La-debacle.jpg\",\"contentUrl\":\"https:\\\/\\\/www.audacieuse-galerie.ch\\\/wp-content\\\/uploads\\\/2022\\\/04\\\/1312-La-debacle.jpg\",\"width\":1000,\"height\":1000,\"caption\":\"Das Debakel\"}]}<\/script>\n<!-- \/ Yoast SEO plugin. -->","yoast_head_json":{"title":"Das Debakel - Audacieuse-Galerie","description":"Das Debakel - Audacieuse-Galerie","robots":{"index":"index","follow":"follow","max-snippet":"max-snippet:-1","max-image-preview":"max-image-preview:large","max-video-preview":"max-video-preview:-1"},"canonical":"https:\/\/www.audacieuse-galerie.ch\/de\/produit\/das-debakel\/","og_locale":"de_DE","og_type":"article","og_title":"Das Debakel - Audacieuse-Galerie","og_description":"Das Debakel - Audacieuse-Galerie","og_url":"https:\/\/www.audacieuse-galerie.ch\/de\/produit\/das-debakel\/","og_site_name":"Audacieuse-Galerie","article_publisher":"https:\/\/www.facebook.com\/audacieuse.galerie","article_modified_time":"2025-06-08T15:01:00+00:00","og_image":[{"width":1000,"height":1000,"url":"https:\/\/www.audacieuse-galerie.ch\/wp-content\/uploads\/2022\/04\/1312-La-debacle.jpg","type":"image\/jpeg"}],"twitter_card":"summary_large_image","twitter_misc":{"Gesch\u00e4tzte Lesezeit":"1 Minute"},"schema":{"@context":"https:\/\/schema.org","@graph":[{"@type":"ImageObject","inLanguage":"de","@id":"https:\/\/www.audacieuse-galerie.ch\/de\/produit\/das-debakel\/#primaryimage","url":"https:\/\/www.audacieuse-galerie.ch\/wp-content\/uploads\/2022\/04\/1312-La-debacle.jpg","contentUrl":"https:\/\/www.audacieuse-galerie.ch\/wp-content\/uploads\/2022\/04\/1312-La-debacle.jpg","width":1000,"height":1000,"caption":"Das Debakel"}]}},"jetpack_publicize_connections":[],"_links":{"self":[{"href":"https:\/\/www.audacieuse-galerie.ch\/de\/wp-json\/wp\/v2\/product\/65091","targetHints":{"allow":["GET"]}}],"collection":[{"href":"https:\/\/www.audacieuse-galerie.ch\/de\/wp-json\/wp\/v2\/product"}],"about":[{"href":"https:\/\/www.audacieuse-galerie.ch\/de\/wp-json\/wp\/v2\/types\/product"}],"replies":[{"embeddable":true,"href":"https:\/\/www.audacieuse-galerie.ch\/de\/wp-json\/wp\/v2\/comments?post=65091"}],"version-history":[{"count":0,"href":"https:\/\/www.audacieuse-galerie.ch\/de\/wp-json\/wp\/v2\/product\/65091\/revisions"}],"wp:featuredmedia":[{"embeddable":true,"href":"https:\/\/www.audacieuse-galerie.ch\/de\/wp-json\/wp\/v2\/media\/65026"}],"wp:attachment":[{"href":"https:\/\/www.audacieuse-galerie.ch\/de\/wp-json\/wp\/v2\/media?parent=65091"}],"wp:term":[{"taxonomy":"product_brand","embeddable":true,"href":"https:\/\/www.audacieuse-galerie.ch\/de\/wp-json\/wp\/v2\/product_brand?post=65091"},{"taxonomy":"product_cat","embeddable":true,"href":"https:\/\/www.audacieuse-galerie.ch\/de\/wp-json\/wp\/v2\/product_cat?post=65091"},{"taxonomy":"product_tag","embeddable":true,"href":"https:\/\/www.audacieuse-galerie.ch\/de\/wp-json\/wp\/v2\/product_tag?post=65091"}],"curies":[{"name":"wp","href":"https:\/\/api.w.org\/{rel}","templated":true}]}}