{"id":65532,"date":"2025-01-19T11:38:01","date_gmt":"2025-01-19T10:38:01","guid":{"rendered":"https:\/\/woo.audacieuse-galerie.ch\/?post_type=product&#038;p=65532"},"modified":"2025-06-08T16:59:39","modified_gmt":"2025-06-08T14:59:39","slug":"ein-video-ein-kleiner-film-fuer-abende-partys-geburtstage-pensionierungen","status":"publish","type":"product","link":"https:\/\/www.audacieuse-galerie.ch\/de\/produit\/ein-video-ein-kleiner-film-fuer-abende-partys-geburtstage-pensionierungen\/","title":{"rendered":"Ein paar Fotos, ein Video, ein kurzer Film, f\u00fcr Partys, Partys, Geburtstage, Pensionierungen."},"content":{"rendered":"<p>Verewigen Sie Ihre einzigartigen Momente mit unseren ma\u00dfgeschneiderten <strong data-start=\"42\" data-end=\"72\">Foto- und Videoservices <\/strong> ! Ob f\u00fcr einen festlichen Abend, eine unvergessliche Party, einen unvergesslichen Geburtstag oder einen emotional aufgeladenen Ruhestand, unser professionelles Team h\u00e4lt jeden Moment fest, um au\u00dfergew\u00f6hnliche Erinnerungen zu schaffen. Fokussiert auf Ihre Bed\u00fcrfnisse verwandeln wir Ihre Veranstaltungen in echte visuelle Kunstwerke. <strong data-start=\"399\" data-end=\"417\">Kontaktieren Sie uns<\/strong> noch heute, um Ihre kostbaren Momente zum Leben zu erwecken und einen qualitativ hochwertigen, pers\u00f6nlichen Service zu genie\u00dfen.  <\/p>\n<p>Buchen Sie ein Zeitfenster nach Belieben. Unsere Reisen sind in unserem Preis f\u00fcr den Kanton Genf inbegriffen. Ausserhalb des Kantons Genf ist mit einem Aufpreis von CHF 1 pro km zu rechnen. Wir sind in der ganzen Westschweiz und im Grossraum Genf t\u00e4tig.   <\/p>\n","protected":false},"excerpt":{"rendered":"<p>Verewigen Sie Ihre einzigartigen Momente mit unseren ma\u00dfgeschneiderten Foto- und Videoservices ! Ob f\u00fcr einen festlichen Abend, eine unvergessliche Party,&#8230;<\/p>\n","protected":false},"featured_media":0,"comment_status":"open","ping_status":"closed","template":"","meta":{"_glsr_average":0,"_glsr_ranking":0,"_glsr_reviews":0,"jetpack_publicize_message":"","jetpack_publicize_feature_enabled":true,"jetpack_social_post_already_shared":false,"jetpack_social_options":{"image_generator_settings":{"template":"highway","default_image_id":0,"font":"","enabled":false},"version":2}},"product_brand":[],"product_cat":[36],"product_tag":[],"class_list":{"0":"post-65532","1":"product","2":"type-product","3":"status-publish","5":"product_cat-ihr-fotograf-aus-carouge-neben-genf-fuer-private-und-firma","6":"bookacti-activity","8":"first","9":"instock","10":"sale","11":"featured","12":"virtual","13":"taxable","14":"purchasable","15":"product-type-simple"},"yoast_head":"<!-- This site is optimized with the Yoast SEO plugin v27.4 - https:\/\/yoast.com\/product\/yoast-seo-wordpress\/ -->\n<title>Ein paar Fotos, ein Video, ein kurzer Film, f\u00fcr Partys, Partys, Geburtstage, Pensionierungen. - Audacieuse-Galerie<\/title>\n<meta name=\"description\" content=\"Ein paar Fotos, ein Video, ein kurzer Film, f\u00fcr Partys, Partys, Geburtstage, Pensionierungen. - Audacieuse-Galerie\" \/>\n<meta name=\"robots\" content=\"index, follow, max-snippet:-1, max-image-preview:large, max-video-preview:-1\" \/>\n<link rel=\"canonical\" href=\"https:\/\/www.audacieuse-galerie.ch\/de\/produit\/ein-video-ein-kleiner-film-fuer-abende-partys-geburtstage-pensionierungen\/\" \/>\n<meta property=\"og:locale\" content=\"de_DE\" \/>\n<meta property=\"og:type\" content=\"article\" \/>\n<meta property=\"og:title\" content=\"Ein paar Fotos, ein Video, ein kurzer Film, f\u00fcr Partys, Partys, Geburtstage, Pensionierungen. - Audacieuse-Galerie\" \/>\n<meta property=\"og:description\" content=\"Ein paar Fotos, ein Video, ein kurzer Film, f\u00fcr Partys, Partys, Geburtstage, Pensionierungen. - Audacieuse-Galerie\" \/>\n<meta property=\"og:url\" content=\"https:\/\/www.audacieuse-galerie.ch\/de\/produit\/ein-video-ein-kleiner-film-fuer-abende-partys-geburtstage-pensionierungen\/\" \/>\n<meta property=\"og:site_name\" content=\"Audacieuse-Galerie\" \/>\n<meta property=\"article:publisher\" content=\"https:\/\/www.facebook.com\/audacieuse.galerie\" \/>\n<meta property=\"article:modified_time\" content=\"2025-06-08T14:59:39+00:00\" \/>\n<meta name=\"twitter:card\" content=\"summary_large_image\" \/>\n<meta name=\"twitter:label1\" content=\"Gesch\u00e4tzte Lesezeit\" \/>\n\t<meta name=\"twitter:data1\" content=\"1 Minute\" \/>\n<script type=\"application\/ld+json\" class=\"yoast-schema-graph\">{\"@context\":\"https:\\\/\\\/schema.org\",\"@graph\":[]}<\/script>\n<!-- \/ Yoast SEO plugin. -->","yoast_head_json":{"title":"Ein paar Fotos, ein Video, ein kurzer Film, f\u00fcr Partys, Partys, Geburtstage, Pensionierungen. - Audacieuse-Galerie","description":"Ein paar Fotos, ein Video, ein kurzer Film, f\u00fcr Partys, Partys, Geburtstage, Pensionierungen. - Audacieuse-Galerie","robots":{"index":"index","follow":"follow","max-snippet":"max-snippet:-1","max-image-preview":"max-image-preview:large","max-video-preview":"max-video-preview:-1"},"canonical":"https:\/\/www.audacieuse-galerie.ch\/de\/produit\/ein-video-ein-kleiner-film-fuer-abende-partys-geburtstage-pensionierungen\/","og_locale":"de_DE","og_type":"article","og_title":"Ein paar Fotos, ein Video, ein kurzer Film, f\u00fcr Partys, Partys, Geburtstage, Pensionierungen. - Audacieuse-Galerie","og_description":"Ein paar Fotos, ein Video, ein kurzer Film, f\u00fcr Partys, Partys, Geburtstage, Pensionierungen. - Audacieuse-Galerie","og_url":"https:\/\/www.audacieuse-galerie.ch\/de\/produit\/ein-video-ein-kleiner-film-fuer-abende-partys-geburtstage-pensionierungen\/","og_site_name":"Audacieuse-Galerie","article_publisher":"https:\/\/www.facebook.com\/audacieuse.galerie","article_modified_time":"2025-06-08T14:59:39+00:00","twitter_card":"summary_large_image","twitter_misc":{"Gesch\u00e4tzte Lesezeit":"1 Minute"},"schema":{"@context":"https:\/\/schema.org","@graph":[]}},"jetpack_publicize_connections":[],"_links":{"self":[{"href":"https:\/\/www.audacieuse-galerie.ch\/de\/wp-json\/wp\/v2\/product\/65532","targetHints":{"allow":["GET"]}}],"collection":[{"href":"https:\/\/www.audacieuse-galerie.ch\/de\/wp-json\/wp\/v2\/product"}],"about":[{"href":"https:\/\/www.audacieuse-galerie.ch\/de\/wp-json\/wp\/v2\/types\/product"}],"replies":[{"embeddable":true,"href":"https:\/\/www.audacieuse-galerie.ch\/de\/wp-json\/wp\/v2\/comments?post=65532"}],"version-history":[{"count":0,"href":"https:\/\/www.audacieuse-galerie.ch\/de\/wp-json\/wp\/v2\/product\/65532\/revisions"}],"wp:attachment":[{"href":"https:\/\/www.audacieuse-galerie.ch\/de\/wp-json\/wp\/v2\/media?parent=65532"}],"wp:term":[{"taxonomy":"product_brand","embeddable":true,"href":"https:\/\/www.audacieuse-galerie.ch\/de\/wp-json\/wp\/v2\/product_brand?post=65532"},{"taxonomy":"product_cat","embeddable":true,"href":"https:\/\/www.audacieuse-galerie.ch\/de\/wp-json\/wp\/v2\/product_cat?post=65532"},{"taxonomy":"product_tag","embeddable":true,"href":"https:\/\/www.audacieuse-galerie.ch\/de\/wp-json\/wp\/v2\/product_tag?post=65532"}],"curies":[{"name":"wp","href":"https:\/\/api.w.org\/{rel}","templated":true}]}}