{"id":65551,"date":"2022-11-22T00:46:42","date_gmt":"2022-11-21T23:46:42","guid":{"rendered":"https:\/\/woo.audacieuse-galerie.ch\/produit\/pochette-en-cuir-pour-telephone-portable-avec-cordon-2\/"},"modified":"2026-04-20T16:07:44","modified_gmt":"2026-04-20T14:07:44","slug":"pochette-en-cuir-pour-telephone-portable-avec-cordon-2","status":"publish","type":"product","link":"https:\/\/www.audacieuse-galerie.ch\/de\/produit\/pochette-en-cuir-pour-telephone-portable-avec-cordon-2\/","title":{"rendered":"Handytasche aus Leder mit Kordel"},"content":{"rendered":"<p>Die trendige Handyh\u00fclle aus hochwertigem Nappaleder von Aimi besticht durch ihr schlichtes Design!<\/p>\n<p>Der Neodym-Magnetverschluss ist dezent und effizient integriert.<\/p>\n<p>Es ist zweifellos ein trendiges St\u00fcck des Augenblicks!<\/p>\n<p>Das Format ist f\u00fcr alle Gr\u00f6\u00dfen g\u00e4ngiger Modelle wie Apple iPhone 13, Samsung S21 usw. geeignet.<\/p>\n<p>Material: Echtes Nappaleder von guter Qualit\u00e4t, Futter aus 100% Baumwollstoff<\/p>\n<p>Ma\u00dfe: 11 x 22 x 1 cm<\/p>\n<p>Details:<\/p>\n<p>Extra starker Neodym-Magnetverschluss<\/p>\n<p>Leder mit wasserabweisender Oberfl\u00e4che<\/p>\n<p>Stufenlos verstellbares Softcord<\/p>\n","protected":false},"excerpt":{"rendered":"<p>Schutztasche f\u00fcr Mobiltelefone aus strapazierf\u00e4higem Leder.<\/p>\n<p>Er kann \u00fcber der Schulter getragen oder einfach in die Handtasche gesteckt werden.<\/p>\n","protected":false},"featured_media":65536,"comment_status":"open","ping_status":"closed","template":"","meta":{"_glsr_average":0,"_glsr_ranking":0,"_glsr_reviews":0,"jetpack_publicize_message":"","jetpack_publicize_feature_enabled":true,"jetpack_social_post_already_shared":true,"jetpack_social_options":{"image_generator_settings":{"template":"highway","default_image_id":0,"font":"","enabled":false},"version":2}},"product_brand":[],"product_cat":[96,2600,105,102,126],"product_tag":[],"class_list":{"0":"post-65551","1":"product","2":"type-product","3":"status-publish","4":"has-post-thumbnail","6":"product_cat-accessoires-von-schoepfern","7":"product_cat-aimi-designer-lederaccessoires","8":"product_cat-geschenkideen-aus-pret-a-porter-und-accessoires-fuer-sie-fuer-ihn","9":"product_cat-im-schaufenster-in-carouge-gesehen","10":"product_cat-taschen-handtaeschchen-und-mappen","11":"pa_color-perlrosa-de","12":"pa_composition-leder-de","13":"pa_creation-handgemacht-de","14":"pa_genre-frau-de","15":"pa_genre-man-de","16":"pa_lieudefabrication-europa-de","17":"pa_motif-unifarben-de","18":"pa_saison-fruhjahrsommer-de","19":"pa_saison-herbstwinter-de","20":"pa_style-glamour-de","21":"pa_style-original-de","22":"pa_style-zeitlos-de","24":"first","25":"instock","26":"taxable","27":"shipping-taxable","28":"purchasable","29":"product-type-simple"},"yoast_head":"<!-- This site is optimized with the Yoast SEO plugin v27.4 - https:\/\/yoast.com\/product\/yoast-seo-wordpress\/ -->\n<title>Handytasche aus Leder mit Kordel - Audacieuse-Galerie<\/title>\n<meta name=\"description\" content=\"Schutztasche f\u00fcr Mobiltelefone, gefertigt aus langlebigem Leder. Sie kann \u00fcber die Schulter getragen oder einfach in Ihre Handtasche gesteckt werden.\" \/>\n<meta name=\"robots\" content=\"index, follow, max-snippet:-1, max-image-preview:large, max-video-preview:-1\" \/>\n<link rel=\"canonical\" href=\"https:\/\/www.audacieuse-galerie.ch\/de\/produit\/pochette-en-cuir-pour-telephone-portable-avec-cordon-2\/\" \/>\n<meta property=\"og:locale\" content=\"de_DE\" \/>\n<meta property=\"og:type\" content=\"article\" \/>\n<meta property=\"og:title\" content=\"Handytasche aus Leder mit Kordel - Audacieuse-Galerie\" \/>\n<meta property=\"og:description\" content=\"Schutztasche f\u00fcr Mobiltelefone, gefertigt aus langlebigem Leder. Sie kann \u00fcber die Schulter getragen oder einfach in Ihre Handtasche gesteckt werden.\" \/>\n<meta property=\"og:url\" content=\"https:\/\/www.audacieuse-galerie.ch\/de\/produit\/pochette-en-cuir-pour-telephone-portable-avec-cordon-2\/\" \/>\n<meta property=\"og:site_name\" content=\"Audacieuse-Galerie\" \/>\n<meta property=\"article:publisher\" content=\"https:\/\/www.facebook.com\/audacieuse.galerie\" \/>\n<meta property=\"article:modified_time\" content=\"2026-04-20T14:07:44+00:00\" \/>\n<meta property=\"og:image\" content=\"https:\/\/www.audacieuse-galerie.ch\/wp-content\/uploads\/2022\/11\/1391-Pochette-en-cuir-pour-telephone-portable-avec-cordon.jpg\" \/>\n\t<meta property=\"og:image:width\" content=\"900\" \/>\n\t<meta property=\"og:image:height\" content=\"900\" \/>\n\t<meta property=\"og:image:type\" content=\"image\/jpeg\" \/>\n<meta name=\"twitter:card\" content=\"summary_large_image\" \/>\n<script type=\"application\/ld+json\" class=\"yoast-schema-graph\">{\"@context\":\"https:\\\/\\\/schema.org\",\"@graph\":[{\"@type\":\"ImageObject\",\"inLanguage\":\"de\",\"@id\":\"https:\\\/\\\/www.audacieuse-galerie.ch\\\/de\\\/produit\\\/pochette-en-cuir-pour-telephone-portable-avec-cordon-2\\\/#primaryimage\",\"url\":\"https:\\\/\\\/www.audacieuse-galerie.ch\\\/wp-content\\\/uploads\\\/2022\\\/11\\\/1391-Pochette-en-cuir-pour-telephone-portable-avec-cordon.jpg\",\"contentUrl\":\"https:\\\/\\\/www.audacieuse-galerie.ch\\\/wp-content\\\/uploads\\\/2022\\\/11\\\/1391-Pochette-en-cuir-pour-telephone-portable-avec-cordon.jpg\",\"width\":900,\"height\":900,\"caption\":\"Handytasche aus Leder mit Kordel\"}]}<\/script>\n<!-- \/ Yoast SEO plugin. -->","yoast_head_json":{"title":"Handytasche aus Leder mit Kordel - Audacieuse-Galerie","description":"Schutztasche f\u00fcr Mobiltelefone, gefertigt aus langlebigem Leder. Sie kann \u00fcber die Schulter getragen oder einfach in Ihre Handtasche gesteckt werden.","robots":{"index":"index","follow":"follow","max-snippet":"max-snippet:-1","max-image-preview":"max-image-preview:large","max-video-preview":"max-video-preview:-1"},"canonical":"https:\/\/www.audacieuse-galerie.ch\/de\/produit\/pochette-en-cuir-pour-telephone-portable-avec-cordon-2\/","og_locale":"de_DE","og_type":"article","og_title":"Handytasche aus Leder mit Kordel - Audacieuse-Galerie","og_description":"Schutztasche f\u00fcr Mobiltelefone, gefertigt aus langlebigem Leder. Sie kann \u00fcber die Schulter getragen oder einfach in Ihre Handtasche gesteckt werden.","og_url":"https:\/\/www.audacieuse-galerie.ch\/de\/produit\/pochette-en-cuir-pour-telephone-portable-avec-cordon-2\/","og_site_name":"Audacieuse-Galerie","article_publisher":"https:\/\/www.facebook.com\/audacieuse.galerie","article_modified_time":"2026-04-20T14:07:44+00:00","og_image":[{"width":900,"height":900,"url":"https:\/\/www.audacieuse-galerie.ch\/wp-content\/uploads\/2022\/11\/1391-Pochette-en-cuir-pour-telephone-portable-avec-cordon.jpg","type":"image\/jpeg"}],"twitter_card":"summary_large_image","schema":{"@context":"https:\/\/schema.org","@graph":[{"@type":"ImageObject","inLanguage":"de","@id":"https:\/\/www.audacieuse-galerie.ch\/de\/produit\/pochette-en-cuir-pour-telephone-portable-avec-cordon-2\/#primaryimage","url":"https:\/\/www.audacieuse-galerie.ch\/wp-content\/uploads\/2022\/11\/1391-Pochette-en-cuir-pour-telephone-portable-avec-cordon.jpg","contentUrl":"https:\/\/www.audacieuse-galerie.ch\/wp-content\/uploads\/2022\/11\/1391-Pochette-en-cuir-pour-telephone-portable-avec-cordon.jpg","width":900,"height":900,"caption":"Handytasche aus Leder mit Kordel"}]}},"jetpack_publicize_connections":[],"_links":{"self":[{"href":"https:\/\/www.audacieuse-galerie.ch\/de\/wp-json\/wp\/v2\/product\/65551","targetHints":{"allow":["GET"]}}],"collection":[{"href":"https:\/\/www.audacieuse-galerie.ch\/de\/wp-json\/wp\/v2\/product"}],"about":[{"href":"https:\/\/www.audacieuse-galerie.ch\/de\/wp-json\/wp\/v2\/types\/product"}],"replies":[{"embeddable":true,"href":"https:\/\/www.audacieuse-galerie.ch\/de\/wp-json\/wp\/v2\/comments?post=65551"}],"version-history":[{"count":0,"href":"https:\/\/www.audacieuse-galerie.ch\/de\/wp-json\/wp\/v2\/product\/65551\/revisions"}],"wp:featuredmedia":[{"embeddable":true,"href":"https:\/\/www.audacieuse-galerie.ch\/de\/wp-json\/wp\/v2\/media\/65536"}],"wp:attachment":[{"href":"https:\/\/www.audacieuse-galerie.ch\/de\/wp-json\/wp\/v2\/media?parent=65551"}],"wp:term":[{"taxonomy":"product_brand","embeddable":true,"href":"https:\/\/www.audacieuse-galerie.ch\/de\/wp-json\/wp\/v2\/product_brand?post=65551"},{"taxonomy":"product_cat","embeddable":true,"href":"https:\/\/www.audacieuse-galerie.ch\/de\/wp-json\/wp\/v2\/product_cat?post=65551"},{"taxonomy":"product_tag","embeddable":true,"href":"https:\/\/www.audacieuse-galerie.ch\/de\/wp-json\/wp\/v2\/product_tag?post=65551"}],"curies":[{"name":"wp","href":"https:\/\/api.w.org\/{rel}","templated":true}]}}