{"id":65569,"date":"2026-02-23T13:31:49","date_gmt":"2026-02-23T12:31:49","guid":{"rendered":"https:\/\/woo.audacieuse-galerie.ch\/?post_type=product&#038;p=65569"},"modified":"2026-02-23T14:05:16","modified_gmt":"2026-02-23T13:05:16","slug":"chapeau-en-feutre-de-laine-orange-mandarine-avec-fleur-en-feutre","status":"publish","type":"product","link":"https:\/\/www.audacieuse-galerie.ch\/de\/produit\/chapeau-en-feutre-de-laine-orange-mandarine-avec-fleur-en-feutre\/","title":{"rendered":"Mandarinenorange, gestrickte Wollm\u00fctze mit Blume"},"content":{"rendered":"<p>Setzen Sie mit dieser <strong>filzten gestrickten Wollm\u00fctze<\/strong> in einem leuchtenden und warmen Mandarinen-Orange ein Stil-Statement. Seine weiche und strukturierte Textur verleiht ihm ein Aussehen, das sowohl elegant als auch zeitgen\u00f6ssisch ist. <\/p>\n<p>Geschm\u00fcckt mit einer zarten Blume und gepr\u00e4gten Linien, verleiht es eine feminine und originelle Note, ideal zur Verfeinerung eines Winter- oder Mittelsaison-Outfits.<\/p>\n<p>Ein integrierter Rahmen an der Au\u00dfenkante bietet hervorragende Unterst\u00fctzung und beh\u00e4lt \u00fcber die Zeit eine gute Form.<\/p>\n<p>&nbsp;<\/p>\n<p>Dieses Modell stammt von der<strong> italienischen Marke Karakorum<\/strong>, die f\u00fcr ihre raffinierte Arbeit mit Strickwaren und Naturmaterialien bekannt ist.<\/p>\n<p><strong>Produktmerkmale<\/strong><\/p>\n<ul>\n<li>Material: filzte, gestrickte Wolle<\/li>\n<li>Farbe: Mandarinorange<\/li>\n<li>Detail: Filzblume<\/li>\n<li>Struktur: St\u00fctzrahmen am \u00e4u\u00dferen Rand<\/li>\n<li>Kopfumfang: 54 cm<\/li>\n<li>Gr\u00f6\u00dfe: Klein<\/li>\n<li>Italienisches Label \/ hergestellt in der VR China<\/li>\n<\/ul>\n","protected":false},"excerpt":{"rendered":"<p><strong>Gestrickte, gefilzte Wollm\u00fctze<\/strong> in Mandarinenorange, verziert mit einer Filzblume. Mit einem St\u00fctzrahmen am \u00e4u\u00dferen Rand f\u00fcr eine perfekte Passform. Gr\u00f6\u00dfe 54 cm (klein). Gr\u00fcndung des italienischen Labels Karakorum.   <\/p>\n","protected":false},"featured_media":65566,"comment_status":"open","ping_status":"closed","template":"","meta":{"_glsr_average":0,"_glsr_ranking":0,"_glsr_reviews":0,"jetpack_publicize_message":"","jetpack_publicize_feature_enabled":true,"jetpack_social_post_already_shared":true,"jetpack_social_options":{"image_generator_settings":{"template":"highway","default_image_id":0,"font":"","enabled":false},"version":2}},"product_brand":[],"product_cat":[96,105,186,102],"product_tag":[],"class_list":{"0":"post-65569","1":"product","2":"type-product","3":"status-publish","4":"has-post-thumbnail","6":"product_cat-accessoires-von-schoepfern","7":"product_cat-geschenkideen-aus-pret-a-porter-und-accessoires-fuer-sie-fuer-ihn","8":"product_cat-huette","9":"product_cat-im-schaufenster-in-carouge-gesehen","10":"pa_color-orange-de","11":"pa_style-glamour-de","12":"pa_taille-36_s-de","14":"first","15":"instock","16":"sale","17":"taxable","18":"shipping-taxable","19":"purchasable","20":"product-type-variable","21":"has-default-attributes"},"yoast_head":"<!-- This site is optimized with the Yoast SEO plugin v27.4 - https:\/\/yoast.com\/product\/yoast-seo-wordpress\/ -->\n<title>Mandarinenorange, gestrickte Wollm\u00fctze mit Blume - Audacieuse-Galerie<\/title>\n<meta name=\"description\" content=\"Gestrickte, gefilzte Wollm\u00fctze in Mandarinenorange, verziert mit einer Filzblume. Mit einem St\u00fctzrahmen am \u00e4u\u00dferen Rand f\u00fcr eine perfekte Passform. Gr\u00f6\u00dfe 54 cm. Gr\u00fcndung des italienischen Labels Karakorum.\" \/>\n<meta name=\"robots\" content=\"index, follow, max-snippet:-1, max-image-preview:large, max-video-preview:-1\" \/>\n<link rel=\"canonical\" href=\"https:\/\/www.audacieuse-galerie.ch\/de\/produit\/chapeau-en-feutre-de-laine-orange-mandarine-avec-fleur-en-feutre\/\" \/>\n<meta property=\"og:locale\" content=\"de_DE\" \/>\n<meta property=\"og:type\" content=\"article\" \/>\n<meta property=\"og:title\" content=\"Mandarinenorange, gestrickte Wollm\u00fctze mit Blume - Audacieuse-Galerie\" \/>\n<meta property=\"og:description\" content=\"Gestrickte, gefilzte Wollm\u00fctze in Mandarinenorange, verziert mit einer Filzblume. Mit einem St\u00fctzrahmen am \u00e4u\u00dferen Rand f\u00fcr eine perfekte Passform. Gr\u00f6\u00dfe 54 cm. Gr\u00fcndung des italienischen Labels Karakorum.\" \/>\n<meta property=\"og:url\" content=\"https:\/\/www.audacieuse-galerie.ch\/de\/produit\/chapeau-en-feutre-de-laine-orange-mandarine-avec-fleur-en-feutre\/\" \/>\n<meta property=\"og:site_name\" content=\"Audacieuse-Galerie\" \/>\n<meta property=\"article:publisher\" content=\"https:\/\/www.facebook.com\/audacieuse.galerie\" \/>\n<meta property=\"article:modified_time\" content=\"2026-02-23T13:05:16+00:00\" \/>\n<meta property=\"og:image\" content=\"https:\/\/www.audacieuse-galerie.ch\/wp-content\/uploads\/2022\/11\/1396-Chapeau-en-feutre-de-laine-orange-mandarine-avec-fleur-en-feutre.jpg\" \/>\n\t<meta property=\"og:image:width\" content=\"1000\" \/>\n\t<meta property=\"og:image:height\" content=\"1060\" \/>\n\t<meta property=\"og:image:type\" content=\"image\/jpeg\" \/>\n<meta name=\"twitter:card\" content=\"summary_large_image\" \/>\n<meta name=\"twitter:label1\" content=\"Gesch\u00e4tzte Lesezeit\" \/>\n\t<meta name=\"twitter:data1\" content=\"1 Minute\" \/>\n<script type=\"application\/ld+json\" class=\"yoast-schema-graph\">{\"@context\":\"https:\\\/\\\/schema.org\",\"@graph\":[{\"@type\":\"ImageObject\",\"inLanguage\":\"de\",\"@id\":\"https:\\\/\\\/www.audacieuse-galerie.ch\\\/de\\\/produit\\\/chapeau-en-feutre-de-laine-orange-mandarine-avec-fleur-en-feutre\\\/#primaryimage\",\"url\":\"https:\\\/\\\/www.audacieuse-galerie.ch\\\/wp-content\\\/uploads\\\/2022\\\/11\\\/1396-Chapeau-en-feutre-de-laine-orange-mandarine-avec-fleur-en-feutre.jpg\",\"contentUrl\":\"https:\\\/\\\/www.audacieuse-galerie.ch\\\/wp-content\\\/uploads\\\/2022\\\/11\\\/1396-Chapeau-en-feutre-de-laine-orange-mandarine-avec-fleur-en-feutre.jpg\",\"width\":1000,\"height\":1060,\"caption\":\"Mandarinenorangefarbener Wollfilzhut mit Filzblume\"}]}<\/script>\n<!-- \/ Yoast SEO plugin. -->","yoast_head_json":{"title":"Mandarinenorange, gestrickte Wollm\u00fctze mit Blume - Audacieuse-Galerie","description":"Gestrickte, gefilzte Wollm\u00fctze in Mandarinenorange, verziert mit einer Filzblume. Mit einem St\u00fctzrahmen am \u00e4u\u00dferen Rand f\u00fcr eine perfekte Passform. Gr\u00f6\u00dfe 54 cm. Gr\u00fcndung des italienischen Labels Karakorum.","robots":{"index":"index","follow":"follow","max-snippet":"max-snippet:-1","max-image-preview":"max-image-preview:large","max-video-preview":"max-video-preview:-1"},"canonical":"https:\/\/www.audacieuse-galerie.ch\/de\/produit\/chapeau-en-feutre-de-laine-orange-mandarine-avec-fleur-en-feutre\/","og_locale":"de_DE","og_type":"article","og_title":"Mandarinenorange, gestrickte Wollm\u00fctze mit Blume - Audacieuse-Galerie","og_description":"Gestrickte, gefilzte Wollm\u00fctze in Mandarinenorange, verziert mit einer Filzblume. Mit einem St\u00fctzrahmen am \u00e4u\u00dferen Rand f\u00fcr eine perfekte Passform. Gr\u00f6\u00dfe 54 cm. Gr\u00fcndung des italienischen Labels Karakorum.","og_url":"https:\/\/www.audacieuse-galerie.ch\/de\/produit\/chapeau-en-feutre-de-laine-orange-mandarine-avec-fleur-en-feutre\/","og_site_name":"Audacieuse-Galerie","article_publisher":"https:\/\/www.facebook.com\/audacieuse.galerie","article_modified_time":"2026-02-23T13:05:16+00:00","og_image":[{"width":1000,"height":1060,"url":"https:\/\/www.audacieuse-galerie.ch\/wp-content\/uploads\/2022\/11\/1396-Chapeau-en-feutre-de-laine-orange-mandarine-avec-fleur-en-feutre.jpg","type":"image\/jpeg"}],"twitter_card":"summary_large_image","twitter_misc":{"Gesch\u00e4tzte Lesezeit":"1 Minute"},"schema":{"@context":"https:\/\/schema.org","@graph":[{"@type":"ImageObject","inLanguage":"de","@id":"https:\/\/www.audacieuse-galerie.ch\/de\/produit\/chapeau-en-feutre-de-laine-orange-mandarine-avec-fleur-en-feutre\/#primaryimage","url":"https:\/\/www.audacieuse-galerie.ch\/wp-content\/uploads\/2022\/11\/1396-Chapeau-en-feutre-de-laine-orange-mandarine-avec-fleur-en-feutre.jpg","contentUrl":"https:\/\/www.audacieuse-galerie.ch\/wp-content\/uploads\/2022\/11\/1396-Chapeau-en-feutre-de-laine-orange-mandarine-avec-fleur-en-feutre.jpg","width":1000,"height":1060,"caption":"Mandarinenorangefarbener Wollfilzhut mit Filzblume"}]}},"jetpack_publicize_connections":[],"_links":{"self":[{"href":"https:\/\/www.audacieuse-galerie.ch\/de\/wp-json\/wp\/v2\/product\/65569","targetHints":{"allow":["GET"]}}],"collection":[{"href":"https:\/\/www.audacieuse-galerie.ch\/de\/wp-json\/wp\/v2\/product"}],"about":[{"href":"https:\/\/www.audacieuse-galerie.ch\/de\/wp-json\/wp\/v2\/types\/product"}],"replies":[{"embeddable":true,"href":"https:\/\/www.audacieuse-galerie.ch\/de\/wp-json\/wp\/v2\/comments?post=65569"}],"version-history":[{"count":0,"href":"https:\/\/www.audacieuse-galerie.ch\/de\/wp-json\/wp\/v2\/product\/65569\/revisions"}],"wp:featuredmedia":[{"embeddable":true,"href":"https:\/\/www.audacieuse-galerie.ch\/de\/wp-json\/wp\/v2\/media\/65566"}],"wp:attachment":[{"href":"https:\/\/www.audacieuse-galerie.ch\/de\/wp-json\/wp\/v2\/media?parent=65569"}],"wp:term":[{"taxonomy":"product_brand","embeddable":true,"href":"https:\/\/www.audacieuse-galerie.ch\/de\/wp-json\/wp\/v2\/product_brand?post=65569"},{"taxonomy":"product_cat","embeddable":true,"href":"https:\/\/www.audacieuse-galerie.ch\/de\/wp-json\/wp\/v2\/product_cat?post=65569"},{"taxonomy":"product_tag","embeddable":true,"href":"https:\/\/www.audacieuse-galerie.ch\/de\/wp-json\/wp\/v2\/product_tag?post=65569"}],"curies":[{"name":"wp","href":"https:\/\/api.w.org\/{rel}","templated":true}]}}