{"id":65612,"date":"2022-12-21T23:05:06","date_gmt":"2022-12-21T22:05:06","guid":{"rendered":"https:\/\/woo.audacieuse-galerie.ch\/produit\/etuikleid-mit-pailletten-lang-ohne-aermel\/"},"modified":"2026-01-21T11:01:15","modified_gmt":"2026-01-21T10:01:15","slug":"etuikleid-mit-pailletten-lang-ohne-aermel","status":"publish","type":"product","link":"https:\/\/www.audacieuse-galerie.ch\/de\/produit\/etuikleid-mit-pailletten-lang-ohne-aermel\/","title":{"rendered":"Lang\u00e4rmelloses Abendkleid mit Pailletten"},"content":{"rendered":"<p>Das Kleid ist eng am K\u00f6rper geschnitten, deine Figur. Der V-Ausschnitt ist vorne mit einem leichten, asymmetrischen Hang versehen. Die Truhe wurde mit zwei integrierten Muscheln verst\u00e4rkt. Ein langer Schlitz zeigt dein linkes Bein.<\/p>\n<p>Das Kleid ist hinten verschlossen.<\/p>\n<p>Das Kleid besteht aus sehr elastischem Material und ist in einer \u00e4hnlichen Farbe gef\u00fcttert, mit dehnbarem Stoff f\u00fcr optimalen Komfort.<\/p>\n","protected":false},"excerpt":{"rendered":"<p>Ein ultralanges Kleid mit feinen Pailletten, das deine Figur sublimiert \u2013 perfekt f\u00fcr einen Abend voller Pailletten.<\/p>\n","protected":false},"featured_media":65584,"comment_status":"open","ping_status":"closed","template":"","meta":{"_glsr_average":0,"_glsr_ranking":0,"_glsr_reviews":0,"jetpack_publicize_message":"","jetpack_publicize_feature_enabled":true,"jetpack_social_post_already_shared":true,"jetpack_social_options":{"image_generator_settings":{"template":"highway","default_image_id":0,"font":"","enabled":false},"version":2}},"product_brand":[],"product_cat":[102,198,72],"product_tag":[],"class_list":{"0":"post-65612","1":"product","2":"type-product","3":"status-publish","4":"has-post-thumbnail","6":"product_cat-im-schaufenster-in-carouge-gesehen","7":"product_cat-kleider-kurz-oder-lang-von-kreatoren","8":"product_cat-pret-a-porter-frau","9":"pa_color-rosa-de","10":"pa_color-schwarz-de","11":"pa_composition-polyester-de","12":"pa_genre-frau-de","13":"pa_lieudefabrication-international-de","14":"pa_longueur-lang-de","15":"pa_manches-armellos-de","16":"pa_saison-fruhjahrsommer-de","17":"pa_saison-herbstwinter-de","18":"pa_style-festlich-de","19":"pa_style-glamour-de","20":"pa_style-retro-de","21":"pa_taille-36_s-de","22":"pa_taille-40_m-de","23":"pa_taille-44_l-de","24":"pa_taille-46_xl-de","26":"first","27":"instock","28":"sale","29":"taxable","30":"shipping-taxable","31":"purchasable","32":"product-type-variable","33":"has-default-attributes"},"yoast_head":"<!-- This site is optimized with the Yoast SEO plugin v27.4 - https:\/\/yoast.com\/product\/yoast-seo-wordpress\/ -->\n<title>Lang\u00e4rmelloses Abendkleid mit Pailletten - Audacieuse-Galerie<\/title>\n<meta name=\"description\" content=\"Pailletten-Abendkleid mit schwarzem oder pinkem Schlitz am Bein\" \/>\n<meta name=\"robots\" content=\"index, follow, max-snippet:-1, max-image-preview:large, max-video-preview:-1\" \/>\n<link rel=\"canonical\" href=\"https:\/\/www.audacieuse-galerie.ch\/de\/produit\/etuikleid-mit-pailletten-lang-ohne-aermel\/\" \/>\n<meta property=\"og:locale\" content=\"de_DE\" \/>\n<meta property=\"og:type\" content=\"article\" \/>\n<meta property=\"og:title\" content=\"Lang\u00e4rmelloses Abendkleid mit Pailletten - Audacieuse-Galerie\" \/>\n<meta property=\"og:description\" content=\"Pailletten-Abendkleid mit schwarzem oder pinkem Schlitz am Bein\" \/>\n<meta property=\"og:url\" content=\"https:\/\/www.audacieuse-galerie.ch\/de\/produit\/etuikleid-mit-pailletten-lang-ohne-aermel\/\" \/>\n<meta property=\"og:site_name\" content=\"Audacieuse-Galerie\" \/>\n<meta property=\"article:publisher\" content=\"https:\/\/www.facebook.com\/audacieuse.galerie\" \/>\n<meta property=\"article:modified_time\" content=\"2026-01-21T10:01:15+00:00\" \/>\n<meta property=\"og:image\" content=\"https:\/\/www.audacieuse-galerie.ch\/wp-content\/uploads\/2022\/12\/1408-Robe-fourreau-a-sequins-longue-sans-manche.jpg\" \/>\n\t<meta property=\"og:image:width\" content=\"1000\" \/>\n\t<meta property=\"og:image:height\" content=\"1500\" \/>\n\t<meta property=\"og:image:type\" content=\"image\/jpeg\" \/>\n<meta name=\"twitter:card\" content=\"summary_large_image\" \/>\n<script type=\"application\/ld+json\" class=\"yoast-schema-graph\">{\"@context\":\"https:\\\/\\\/schema.org\",\"@graph\":[{\"@type\":\"ImageObject\",\"inLanguage\":\"de\",\"@id\":\"https:\\\/\\\/www.audacieuse-galerie.ch\\\/de\\\/produit\\\/etuikleid-mit-pailletten-lang-ohne-aermel\\\/#primaryimage\",\"url\":\"https:\\\/\\\/www.audacieuse-galerie.ch\\\/wp-content\\\/uploads\\\/2022\\\/12\\\/1408-Robe-fourreau-a-sequins-longue-sans-manche.jpg\",\"contentUrl\":\"https:\\\/\\\/www.audacieuse-galerie.ch\\\/wp-content\\\/uploads\\\/2022\\\/12\\\/1408-Robe-fourreau-a-sequins-longue-sans-manche.jpg\",\"width\":1000,\"height\":1500,\"caption\":\"Lang\u00e4rmelloses Pailletten-Sheath-Kleid\"}]}<\/script>\n<!-- \/ Yoast SEO plugin. -->","yoast_head_json":{"title":"Lang\u00e4rmelloses Abendkleid mit Pailletten - Audacieuse-Galerie","description":"Pailletten-Abendkleid mit schwarzem oder pinkem Schlitz am Bein","robots":{"index":"index","follow":"follow","max-snippet":"max-snippet:-1","max-image-preview":"max-image-preview:large","max-video-preview":"max-video-preview:-1"},"canonical":"https:\/\/www.audacieuse-galerie.ch\/de\/produit\/etuikleid-mit-pailletten-lang-ohne-aermel\/","og_locale":"de_DE","og_type":"article","og_title":"Lang\u00e4rmelloses Abendkleid mit Pailletten - Audacieuse-Galerie","og_description":"Pailletten-Abendkleid mit schwarzem oder pinkem Schlitz am Bein","og_url":"https:\/\/www.audacieuse-galerie.ch\/de\/produit\/etuikleid-mit-pailletten-lang-ohne-aermel\/","og_site_name":"Audacieuse-Galerie","article_publisher":"https:\/\/www.facebook.com\/audacieuse.galerie","article_modified_time":"2026-01-21T10:01:15+00:00","og_image":[{"width":1000,"height":1500,"url":"https:\/\/www.audacieuse-galerie.ch\/wp-content\/uploads\/2022\/12\/1408-Robe-fourreau-a-sequins-longue-sans-manche.jpg","type":"image\/jpeg"}],"twitter_card":"summary_large_image","schema":{"@context":"https:\/\/schema.org","@graph":[{"@type":"ImageObject","inLanguage":"de","@id":"https:\/\/www.audacieuse-galerie.ch\/de\/produit\/etuikleid-mit-pailletten-lang-ohne-aermel\/#primaryimage","url":"https:\/\/www.audacieuse-galerie.ch\/wp-content\/uploads\/2022\/12\/1408-Robe-fourreau-a-sequins-longue-sans-manche.jpg","contentUrl":"https:\/\/www.audacieuse-galerie.ch\/wp-content\/uploads\/2022\/12\/1408-Robe-fourreau-a-sequins-longue-sans-manche.jpg","width":1000,"height":1500,"caption":"Lang\u00e4rmelloses Pailletten-Sheath-Kleid"}]}},"jetpack_publicize_connections":[],"_links":{"self":[{"href":"https:\/\/www.audacieuse-galerie.ch\/de\/wp-json\/wp\/v2\/product\/65612","targetHints":{"allow":["GET"]}}],"collection":[{"href":"https:\/\/www.audacieuse-galerie.ch\/de\/wp-json\/wp\/v2\/product"}],"about":[{"href":"https:\/\/www.audacieuse-galerie.ch\/de\/wp-json\/wp\/v2\/types\/product"}],"replies":[{"embeddable":true,"href":"https:\/\/www.audacieuse-galerie.ch\/de\/wp-json\/wp\/v2\/comments?post=65612"}],"version-history":[{"count":0,"href":"https:\/\/www.audacieuse-galerie.ch\/de\/wp-json\/wp\/v2\/product\/65612\/revisions"}],"wp:featuredmedia":[{"embeddable":true,"href":"https:\/\/www.audacieuse-galerie.ch\/de\/wp-json\/wp\/v2\/media\/65584"}],"wp:attachment":[{"href":"https:\/\/www.audacieuse-galerie.ch\/de\/wp-json\/wp\/v2\/media?parent=65612"}],"wp:term":[{"taxonomy":"product_brand","embeddable":true,"href":"https:\/\/www.audacieuse-galerie.ch\/de\/wp-json\/wp\/v2\/product_brand?post=65612"},{"taxonomy":"product_cat","embeddable":true,"href":"https:\/\/www.audacieuse-galerie.ch\/de\/wp-json\/wp\/v2\/product_cat?post=65612"},{"taxonomy":"product_tag","embeddable":true,"href":"https:\/\/www.audacieuse-galerie.ch\/de\/wp-json\/wp\/v2\/product_tag?post=65612"}],"curies":[{"name":"wp","href":"https:\/\/api.w.org\/{rel}","templated":true}]}}