{"id":65648,"date":"2026-02-13T19:54:18","date_gmt":"2026-02-13T18:54:18","guid":{"rendered":"https:\/\/woo.audacieuse-galerie.ch\/?post_type=product&#038;p=65648"},"modified":"2026-03-02T16:01:08","modified_gmt":"2026-03-02T15:01:08","slug":"langes-kleid-mit-rotem-blumendruck-auf-schwarzem-grund-mit-feinen-lurexstreifen","status":"publish","type":"product","link":"https:\/\/www.audacieuse-galerie.ch\/de\/produit\/langes-kleid-mit-rotem-blumendruck-auf-schwarzem-grund-mit-feinen-lurexstreifen\/","title":{"rendered":"Langes Kleid mit rotem Blumenmuster auf schwarzem Grund, mit feinen Lurex-Streifen"},"content":{"rendered":"<p>Dieses lange Kleid verk\u00f6rpert eine freie und durchsetzungsf\u00e4hige Weiblichkeit, zwischen Eleganz und Komfort. Sein intensives rotes Blumenmuster auf schwarzem Hintergrund, dezent unterbrochen mit bl\u00e4ulichen T\u00f6nen und dezenten Lurex-F\u00e4den, f\u00e4ngt das Licht mit Finesse ein, ohne es jemals zu \u00fcbertreiben. <\/p>\n<p>Das <strong>doppelreihige Oberteil im Wickelstil<\/strong> betont nat\u00fcrlich die Brust und erzeugt eine schmeichelhafte Linie, die durch lange \u00c4rmel mit Schnecken\u00e4rmel ausgeglichen wird, die Struktur und Zartheit verleihen.<\/p>\n<p>Der elastische Bundbund passt sich flexibel an die Silhouette an und wird mit einem Stoffg\u00fcrtel abgerundet, um den Look nach deinen W\u00fcnschen zu modulieren: eng anliegend und elegant oder fl\u00fcssiger und entspannter.<\/p>\n<p>Der lange Rock weitet sich leicht aus und endet mit einer <strong>R\u00fcschen<\/strong> , die die Bewegung elegant begleitet und dem Kleid einen luftigen und lebendigen Look verleiht. Vollst\u00e4ndig mit Polyester gef\u00fcttert f\u00fcr mehr Komfort und eine sch\u00f6ne Passform, kann er t\u00e4glich oder als Statement zu besonderen Anl\u00e4ssen getragen werden. <\/p>\n<p>Ein Kleid, das f\u00fcr diejenigen entworfen wurde, die eine feminine, ausdrucksstarke und entspannte Silhouette suchen \u2013 eine subtile Balance aus Charakter, Weichheit und Modernit\u00e4t.<\/p>\n<p>Material: Polyester<\/p>\n<p>Marke: Andy &amp; Lucy<\/p>\n<p>Das Model tr\u00e4gt einen anderen G\u00fcrtel, das Kleid wird mit einem Stoffg\u00fcrtel zum Binden geliefert<\/p>\n<p>&nbsp;<\/p>\n","protected":false},"excerpt":{"rendered":"<p>Ein flie\u00dfendes langes Kleid mit zeitlosem Charme, verst\u00e4rkt durch einen tiefroten Blumenmuster auf schwarzem Grund, unterstrichen durch dezente blaue Akzente und zart leuchtende Lurex-F\u00e4den. Das zweireihige Wickeloberteil betont den Ausschnitt, w\u00e4hrend die mit Kitteln versehenen Manschetten und der elastische Bund mit Krawatteng\u00fcrtel eine feminine und bequeme Silhouette erzeugen. Der ausgestellte Unterboden, verziert mit einer R\u00fcsche, begleitet jede Bewegung mit Eleganz. Vollst\u00e4ndig gef\u00fcttert f\u00fcr angenehmes Tragen bei allt\u00e4glichen und besonderen Anl\u00e4ssen.   <\/p>\n","protected":false},"featured_media":149034,"comment_status":"open","ping_status":"closed","template":"","meta":{"jetpack_publicize_message":"","jetpack_publicize_feature_enabled":true,"jetpack_social_post_already_shared":true,"jetpack_social_options":{"image_generator_settings":{"template":"highway","default_image_id":0,"font":"","enabled":false},"version":2}},"product_brand":[],"product_cat":[102,198,72],"product_tag":[],"class_list":{"0":"post-65648","1":"product","2":"type-product","3":"status-publish","4":"has-post-thumbnail","6":"product_cat-im-schaufenster-in-carouge-gesehen","7":"product_cat-kleider-kurz-oder-lang-von-kreatoren","8":"product_cat-pret-a-porter-frau","9":"pa_color-schwarz-de","10":"pa_taille-38_m-de","11":"pa_taille-42_l-de","13":"first","14":"instock","15":"sale","16":"taxable","17":"shipping-taxable","18":"purchasable","19":"product-type-variable","20":"has-default-attributes"},"yoast_head":"<!-- This site is optimized with the Yoast SEO plugin v27.3 - https:\/\/yoast.com\/product\/yoast-seo-wordpress\/ -->\n<title>Maxikleid mit rot-schwarzem Blattmuster<\/title>\n<meta name=\"description\" content=\"Langes Kleid mit intensivem rotem Blumenmuster, Wickelschnitt und flie\u00dfender Silhouette. Moderne Eleganz, Komfort und feminine Ausstrahlung f\u00fcr jeden Anlass.\" \/>\n<meta name=\"robots\" content=\"index, follow, max-snippet:-1, max-image-preview:large, max-video-preview:-1\" \/>\n<link rel=\"canonical\" href=\"https:\/\/www.audacieuse-galerie.ch\/de\/produit\/langes-kleid-mit-rotem-blumendruck-auf-schwarzem-grund-mit-feinen-lurexstreifen\/\" \/>\n<meta property=\"og:locale\" content=\"de_DE\" \/>\n<meta property=\"og:type\" content=\"article\" \/>\n<meta property=\"og:title\" content=\"Maxikleid mit rot-schwarzem Blattmuster\" \/>\n<meta property=\"og:description\" content=\"Langes Kleid mit intensivem rotem Blumenmuster, Wickelschnitt und flie\u00dfender Silhouette. Moderne Eleganz, Komfort und feminine Ausstrahlung f\u00fcr jeden Anlass.\" \/>\n<meta property=\"og:url\" content=\"https:\/\/www.audacieuse-galerie.ch\/de\/produit\/langes-kleid-mit-rotem-blumendruck-auf-schwarzem-grund-mit-feinen-lurexstreifen\/\" \/>\n<meta property=\"og:site_name\" content=\"Audacieuse-Galerie\" \/>\n<meta property=\"article:publisher\" content=\"https:\/\/www.facebook.com\/audacieuse.galerie\" \/>\n<meta property=\"article:modified_time\" content=\"2026-03-02T15:01:08+00:00\" \/>\n<meta property=\"og:image\" content=\"https:\/\/www.audacieuse-galerie.ch\/wp-content\/uploads\/2023\/01\/RUBY-ORANGE-2-scaled.jpg\" \/>\n\t<meta property=\"og:image:width\" content=\"1706\" \/>\n\t<meta property=\"og:image:height\" content=\"2560\" \/>\n\t<meta property=\"og:image:type\" content=\"image\/jpeg\" \/>\n<meta name=\"twitter:card\" content=\"summary_large_image\" \/>\n<meta name=\"twitter:label1\" content=\"Gesch\u00e4tzte Lesezeit\" \/>\n\t<meta name=\"twitter:data1\" content=\"1 Minute\" \/>\n<script type=\"application\/ld+json\" class=\"yoast-schema-graph\">{\"@context\":\"https:\\\/\\\/schema.org\",\"@graph\":[{\"@type\":\"WebPage\",\"@id\":\"https:\\\/\\\/www.audacieuse-galerie.ch\\\/de\\\/produit\\\/langes-kleid-mit-rotem-blumendruck-auf-schwarzem-grund-mit-feinen-lurexstreifen\\\/\",\"url\":\"https:\\\/\\\/www.audacieuse-galerie.ch\\\/de\\\/produit\\\/langes-kleid-mit-rotem-blumendruck-auf-schwarzem-grund-mit-feinen-lurexstreifen\\\/\",\"name\":\"Maxikleid mit rot-schwarzem Blattmuster\",\"isPartOf\":{\"@id\":\"https:\\\/\\\/www.audacieuse-galerie.ch\\\/de\\\/#website\"},\"primaryImageOfPage\":{\"@id\":\"https:\\\/\\\/www.audacieuse-galerie.ch\\\/de\\\/produit\\\/langes-kleid-mit-rotem-blumendruck-auf-schwarzem-grund-mit-feinen-lurexstreifen\\\/#primaryimage\"},\"image\":{\"@id\":\"https:\\\/\\\/www.audacieuse-galerie.ch\\\/de\\\/produit\\\/langes-kleid-mit-rotem-blumendruck-auf-schwarzem-grund-mit-feinen-lurexstreifen\\\/#primaryimage\"},\"thumbnailUrl\":\"https:\\\/\\\/www.audacieuse-galerie.ch\\\/wp-content\\\/uploads\\\/2023\\\/01\\\/RUBY-ORANGE-2-scaled.jpg\",\"datePublished\":\"2026-02-13T18:54:18+00:00\",\"dateModified\":\"2026-03-02T15:01:08+00:00\",\"description\":\"Langes Kleid mit intensivem rotem Blumenmuster, Wickelschnitt und flie\u00dfender Silhouette. Moderne Eleganz, Komfort und feminine Ausstrahlung f\u00fcr jeden Anlass.\",\"breadcrumb\":{\"@id\":\"https:\\\/\\\/www.audacieuse-galerie.ch\\\/de\\\/produit\\\/langes-kleid-mit-rotem-blumendruck-auf-schwarzem-grund-mit-feinen-lurexstreifen\\\/#breadcrumb\"},\"inLanguage\":\"de\",\"potentialAction\":[{\"@type\":\"ReadAction\",\"target\":[\"https:\\\/\\\/www.audacieuse-galerie.ch\\\/de\\\/produit\\\/langes-kleid-mit-rotem-blumendruck-auf-schwarzem-grund-mit-feinen-lurexstreifen\\\/\"]}]},{\"@type\":\"ImageObject\",\"inLanguage\":\"de\",\"@id\":\"https:\\\/\\\/www.audacieuse-galerie.ch\\\/de\\\/produit\\\/langes-kleid-mit-rotem-blumendruck-auf-schwarzem-grund-mit-feinen-lurexstreifen\\\/#primaryimage\",\"url\":\"https:\\\/\\\/www.audacieuse-galerie.ch\\\/wp-content\\\/uploads\\\/2023\\\/01\\\/RUBY-ORANGE-2-scaled.jpg\",\"contentUrl\":\"https:\\\/\\\/www.audacieuse-galerie.ch\\\/wp-content\\\/uploads\\\/2023\\\/01\\\/RUBY-ORANGE-2-scaled.jpg\",\"width\":1706,\"height\":2560,\"caption\":\"Kleid mit schwarzem und rotem Laubmuster\"},{\"@type\":\"BreadcrumbList\",\"@id\":\"https:\\\/\\\/www.audacieuse-galerie.ch\\\/de\\\/produit\\\/langes-kleid-mit-rotem-blumendruck-auf-schwarzem-grund-mit-feinen-lurexstreifen\\\/#breadcrumb\",\"itemListElement\":[{\"@type\":\"ListItem\",\"position\":1,\"name\":\"Heim\",\"item\":\"https:\\\/\\\/www.audacieuse-galerie.ch\\\/de\\\/\"},{\"@type\":\"ListItem\",\"position\":2,\"name\":\"Alle unsere Produkte\",\"item\":\"https:\\\/\\\/www.audacieuse-galerie.ch\\\/tous-nos-produits\\\/\"},{\"@type\":\"ListItem\",\"position\":3,\"name\":\"Langes Kleid mit rotem Blumenmuster auf schwarzem Grund, mit feinen Lurex-Streifen\"}]},{\"@type\":\"WebSite\",\"@id\":\"https:\\\/\\\/www.audacieuse-galerie.ch\\\/de\\\/#website\",\"url\":\"https:\\\/\\\/www.audacieuse-galerie.ch\\\/de\\\/\",\"name\":\"Audacieuse-Galerie\",\"description\":\"Mode et Images\",\"potentialAction\":[{\"@type\":\"SearchAction\",\"target\":{\"@type\":\"EntryPoint\",\"urlTemplate\":\"https:\\\/\\\/www.audacieuse-galerie.ch\\\/de\\\/?s={search_term_string}\"},\"query-input\":{\"@type\":\"PropertyValueSpecification\",\"valueRequired\":true,\"valueName\":\"search_term_string\"}}],\"inLanguage\":\"de\"}]}<\/script>\n<!-- \/ Yoast SEO plugin. -->","yoast_head_json":{"title":"Maxikleid mit rot-schwarzem Blattmuster","description":"Langes Kleid mit intensivem rotem Blumenmuster, Wickelschnitt und flie\u00dfender Silhouette. Moderne Eleganz, Komfort und feminine Ausstrahlung f\u00fcr jeden Anlass.","robots":{"index":"index","follow":"follow","max-snippet":"max-snippet:-1","max-image-preview":"max-image-preview:large","max-video-preview":"max-video-preview:-1"},"canonical":"https:\/\/www.audacieuse-galerie.ch\/de\/produit\/langes-kleid-mit-rotem-blumendruck-auf-schwarzem-grund-mit-feinen-lurexstreifen\/","og_locale":"de_DE","og_type":"article","og_title":"Maxikleid mit rot-schwarzem Blattmuster","og_description":"Langes Kleid mit intensivem rotem Blumenmuster, Wickelschnitt und flie\u00dfender Silhouette. Moderne Eleganz, Komfort und feminine Ausstrahlung f\u00fcr jeden Anlass.","og_url":"https:\/\/www.audacieuse-galerie.ch\/de\/produit\/langes-kleid-mit-rotem-blumendruck-auf-schwarzem-grund-mit-feinen-lurexstreifen\/","og_site_name":"Audacieuse-Galerie","article_publisher":"https:\/\/www.facebook.com\/audacieuse.galerie","article_modified_time":"2026-03-02T15:01:08+00:00","og_image":[{"width":1706,"height":2560,"url":"https:\/\/www.audacieuse-galerie.ch\/wp-content\/uploads\/2023\/01\/RUBY-ORANGE-2-scaled.jpg","type":"image\/jpeg"}],"twitter_card":"summary_large_image","twitter_misc":{"Gesch\u00e4tzte Lesezeit":"1 Minute"},"schema":{"@context":"https:\/\/schema.org","@graph":[{"@type":"WebPage","@id":"https:\/\/www.audacieuse-galerie.ch\/de\/produit\/langes-kleid-mit-rotem-blumendruck-auf-schwarzem-grund-mit-feinen-lurexstreifen\/","url":"https:\/\/www.audacieuse-galerie.ch\/de\/produit\/langes-kleid-mit-rotem-blumendruck-auf-schwarzem-grund-mit-feinen-lurexstreifen\/","name":"Maxikleid mit rot-schwarzem Blattmuster","isPartOf":{"@id":"https:\/\/www.audacieuse-galerie.ch\/de\/#website"},"primaryImageOfPage":{"@id":"https:\/\/www.audacieuse-galerie.ch\/de\/produit\/langes-kleid-mit-rotem-blumendruck-auf-schwarzem-grund-mit-feinen-lurexstreifen\/#primaryimage"},"image":{"@id":"https:\/\/www.audacieuse-galerie.ch\/de\/produit\/langes-kleid-mit-rotem-blumendruck-auf-schwarzem-grund-mit-feinen-lurexstreifen\/#primaryimage"},"thumbnailUrl":"https:\/\/www.audacieuse-galerie.ch\/wp-content\/uploads\/2023\/01\/RUBY-ORANGE-2-scaled.jpg","datePublished":"2026-02-13T18:54:18+00:00","dateModified":"2026-03-02T15:01:08+00:00","description":"Langes Kleid mit intensivem rotem Blumenmuster, Wickelschnitt und flie\u00dfender Silhouette. Moderne Eleganz, Komfort und feminine Ausstrahlung f\u00fcr jeden Anlass.","breadcrumb":{"@id":"https:\/\/www.audacieuse-galerie.ch\/de\/produit\/langes-kleid-mit-rotem-blumendruck-auf-schwarzem-grund-mit-feinen-lurexstreifen\/#breadcrumb"},"inLanguage":"de","potentialAction":[{"@type":"ReadAction","target":["https:\/\/www.audacieuse-galerie.ch\/de\/produit\/langes-kleid-mit-rotem-blumendruck-auf-schwarzem-grund-mit-feinen-lurexstreifen\/"]}]},{"@type":"ImageObject","inLanguage":"de","@id":"https:\/\/www.audacieuse-galerie.ch\/de\/produit\/langes-kleid-mit-rotem-blumendruck-auf-schwarzem-grund-mit-feinen-lurexstreifen\/#primaryimage","url":"https:\/\/www.audacieuse-galerie.ch\/wp-content\/uploads\/2023\/01\/RUBY-ORANGE-2-scaled.jpg","contentUrl":"https:\/\/www.audacieuse-galerie.ch\/wp-content\/uploads\/2023\/01\/RUBY-ORANGE-2-scaled.jpg","width":1706,"height":2560,"caption":"Kleid mit schwarzem und rotem Laubmuster"},{"@type":"BreadcrumbList","@id":"https:\/\/www.audacieuse-galerie.ch\/de\/produit\/langes-kleid-mit-rotem-blumendruck-auf-schwarzem-grund-mit-feinen-lurexstreifen\/#breadcrumb","itemListElement":[{"@type":"ListItem","position":1,"name":"Heim","item":"https:\/\/www.audacieuse-galerie.ch\/de\/"},{"@type":"ListItem","position":2,"name":"Alle unsere Produkte","item":"https:\/\/www.audacieuse-galerie.ch\/tous-nos-produits\/"},{"@type":"ListItem","position":3,"name":"Langes Kleid mit rotem Blumenmuster auf schwarzem Grund, mit feinen Lurex-Streifen"}]},{"@type":"WebSite","@id":"https:\/\/www.audacieuse-galerie.ch\/de\/#website","url":"https:\/\/www.audacieuse-galerie.ch\/de\/","name":"Audacieuse-Galerie","description":"Mode et Images","potentialAction":[{"@type":"SearchAction","target":{"@type":"EntryPoint","urlTemplate":"https:\/\/www.audacieuse-galerie.ch\/de\/?s={search_term_string}"},"query-input":{"@type":"PropertyValueSpecification","valueRequired":true,"valueName":"search_term_string"}}],"inLanguage":"de"}]}},"jetpack_publicize_connections":[],"_links":{"self":[{"href":"https:\/\/www.audacieuse-galerie.ch\/de\/wp-json\/wp\/v2\/product\/65648","targetHints":{"allow":["GET"]}}],"collection":[{"href":"https:\/\/www.audacieuse-galerie.ch\/de\/wp-json\/wp\/v2\/product"}],"about":[{"href":"https:\/\/www.audacieuse-galerie.ch\/de\/wp-json\/wp\/v2\/types\/product"}],"replies":[{"embeddable":true,"href":"https:\/\/www.audacieuse-galerie.ch\/de\/wp-json\/wp\/v2\/comments?post=65648"}],"version-history":[{"count":0,"href":"https:\/\/www.audacieuse-galerie.ch\/de\/wp-json\/wp\/v2\/product\/65648\/revisions"}],"wp:featuredmedia":[{"embeddable":true,"href":"https:\/\/www.audacieuse-galerie.ch\/de\/wp-json\/wp\/v2\/media\/149034"}],"wp:attachment":[{"href":"https:\/\/www.audacieuse-galerie.ch\/de\/wp-json\/wp\/v2\/media?parent=65648"}],"wp:term":[{"taxonomy":"product_brand","embeddable":true,"href":"https:\/\/www.audacieuse-galerie.ch\/de\/wp-json\/wp\/v2\/product_brand?post=65648"},{"taxonomy":"product_cat","embeddable":true,"href":"https:\/\/www.audacieuse-galerie.ch\/de\/wp-json\/wp\/v2\/product_cat?post=65648"},{"taxonomy":"product_tag","embeddable":true,"href":"https:\/\/www.audacieuse-galerie.ch\/de\/wp-json\/wp\/v2\/product_tag?post=65648"}],"curies":[{"name":"wp","href":"https:\/\/api.w.org\/{rel}","templated":true}]}}