{"id":66306,"date":"2023-02-25T17:48:12","date_gmt":"2023-02-25T16:48:12","guid":{"rendered":"https:\/\/woo.audacieuse-galerie.ch\/produit\/kunstfotografie-bel-orne32-iv-alexandre-pierre-albert\/"},"modified":"2025-06-08T17:03:03","modified_gmt":"2025-06-08T15:03:03","slug":"kunstfotografie-bel-orne32-iv-alexandre-pierre-albert","status":"publish","type":"product","link":"https:\/\/www.audacieuse-galerie.ch\/de\/produit\/kunstfotografie-bel-orne32-iv-alexandre-pierre-albert\/","title":{"rendered":"Kunstfotografie Bel-Orne32 IV Alexandre Pierre Albert"},"content":{"rendered":"<p>Im Hof dieser Fabrik steht ein verlassener K\u00fcchenstuhl. Zuf\u00e4llig nur die Farbe, die zu dem Versace-Kleid passt, das ich auf dem Dachboden gefunden habe, zuf\u00e4llig die einzige Farbe, die zu Racquels jamaikanischem Teint passt.<\/p>\n","protected":false},"excerpt":{"rendered":"<p>Im Hof dieser Fabrik steht ein verlassener K\u00fcchenstuhl. Zuf\u00e4llig nur die Farbe, die zu dem Versace-Kleid passt, das ich auf dem Dachboden gefunden habe, zuf\u00e4llig die einzige Farbe, die zu Racquels jamaikanischem Teint passt.<\/p>\n","protected":false},"featured_media":66241,"comment_status":"open","ping_status":"closed","template":"","meta":{"_glsr_average":0,"_glsr_ranking":0,"_glsr_reviews":0,"jetpack_publicize_message":"","jetpack_publicize_feature_enabled":true,"jetpack_social_post_already_shared":true,"jetpack_social_options":{"image_generator_settings":{"template":"highway","default_image_id":0,"font":"","enabled":false},"version":2}},"product_brand":[],"product_cat":[222,2223,228,108,234],"product_tag":[],"class_list":{"0":"post-66306","1":"product","2":"type-product","3":"status-publish","4":"has-post-thumbnail","6":"product_cat-europa","7":"product_cat-fotograf-alexandre-pierre-albert","8":"product_cat-innen","9":"product_cat-mensch","10":"product_cat-staedtisch","11":"pa_dimensions-30x40cm-de","12":"pa_dimensions-50x65cm-de","13":"pa_dimensions-60x80cm-de","14":"pa_encadrements-dunklesholz-de","15":"pa_encadrements-farben-de","16":"pa_encadrements-grau-de","17":"pa_encadrements-hellesholz-de","18":"pa_encadrements-keinen-de","19":"pa_encadrements-schwarz-de","20":"pa_encadrements-weiss-de","21":"pa_oeuvresnumerotees_limitees-30exemplaren-de","22":"pa_papiers-barytpapier-de","23":"pa_protectionfinitionsupport-druckunterglasacrylglass-de","24":"pa_protectionfinitionsupport-20-kunstpapieraufdibondr_alu-de","25":"pa_protectionfinitionsupport-e4-kunstpapieraufholzplatteu-de","26":"pa_techniquesphotographiques-farbe-de","27":"pa_themesphotographiques-mensch-de","28":"pa_themesphotographiques-mode-de","29":"pa_themesphotographiques-stadtisch-de","31":"first","32":"instock","33":"taxable","34":"shipping-taxable","35":"purchasable","36":"product-type-variable","37":"has-default-attributes"},"yoast_head":"<!-- This site is optimized with the Yoast SEO plugin v27.4 - https:\/\/yoast.com\/product\/yoast-seo-wordpress\/ -->\n<title>Kunstfotografie Bel-Orne32 IV Alexandre Pierre Albert - Audacieuse-Galerie<\/title>\n<meta name=\"description\" content=\"Kunstfotografie Bel-Orne32 IV Alexandre Pierre Albert - Audacieuse-Galerie\" \/>\n<meta name=\"robots\" content=\"index, follow, max-snippet:-1, max-image-preview:large, max-video-preview:-1\" \/>\n<link rel=\"canonical\" href=\"https:\/\/www.audacieuse-galerie.ch\/de\/produit\/kunstfotografie-bel-orne32-iv-alexandre-pierre-albert\/\" \/>\n<meta property=\"og:locale\" content=\"de_DE\" \/>\n<meta property=\"og:type\" content=\"article\" \/>\n<meta property=\"og:title\" content=\"Kunstfotografie Bel-Orne32 IV Alexandre Pierre Albert - Audacieuse-Galerie\" \/>\n<meta property=\"og:description\" content=\"Kunstfotografie Bel-Orne32 IV Alexandre Pierre Albert - Audacieuse-Galerie\" \/>\n<meta property=\"og:url\" content=\"https:\/\/www.audacieuse-galerie.ch\/de\/produit\/kunstfotografie-bel-orne32-iv-alexandre-pierre-albert\/\" \/>\n<meta property=\"og:site_name\" content=\"Audacieuse-Galerie\" \/>\n<meta property=\"article:publisher\" content=\"https:\/\/www.facebook.com\/audacieuse.galerie\" \/>\n<meta property=\"article:modified_time\" content=\"2025-06-08T15:03:03+00:00\" \/>\n<meta property=\"og:image\" content=\"https:\/\/www.audacieuse-galerie.ch\/wp-content\/uploads\/2023\/02\/1413-Photographie-dart-Bel-Orne32-IV-Alexandre-Pierre-Albert.jpg\" \/>\n\t<meta property=\"og:image:width\" content=\"1000\" \/>\n\t<meta property=\"og:image:height\" content=\"750\" \/>\n\t<meta property=\"og:image:type\" content=\"image\/jpeg\" \/>\n<meta name=\"twitter:card\" content=\"summary_large_image\" \/>\n<script type=\"application\/ld+json\" class=\"yoast-schema-graph\">{\"@context\":\"https:\\\/\\\/schema.org\",\"@graph\":[{\"@type\":\"ImageObject\",\"inLanguage\":\"de\",\"@id\":\"https:\\\/\\\/www.audacieuse-galerie.ch\\\/de\\\/produit\\\/kunstfotografie-bel-orne32-iv-alexandre-pierre-albert\\\/#primaryimage\",\"url\":\"https:\\\/\\\/www.audacieuse-galerie.ch\\\/wp-content\\\/uploads\\\/2023\\\/02\\\/1413-Photographie-dart-Bel-Orne32-IV-Alexandre-Pierre-Albert.jpg\",\"contentUrl\":\"https:\\\/\\\/www.audacieuse-galerie.ch\\\/wp-content\\\/uploads\\\/2023\\\/02\\\/1413-Photographie-dart-Bel-Orne32-IV-Alexandre-Pierre-Albert.jpg\",\"width\":1000,\"height\":750,\"caption\":\"Kunstfotografie Bel-Orne32 IV Alexandre Pierre Albert\"}]}<\/script>\n<!-- \/ Yoast SEO plugin. -->","yoast_head_json":{"title":"Kunstfotografie Bel-Orne32 IV Alexandre Pierre Albert - Audacieuse-Galerie","description":"Kunstfotografie Bel-Orne32 IV Alexandre Pierre Albert - Audacieuse-Galerie","robots":{"index":"index","follow":"follow","max-snippet":"max-snippet:-1","max-image-preview":"max-image-preview:large","max-video-preview":"max-video-preview:-1"},"canonical":"https:\/\/www.audacieuse-galerie.ch\/de\/produit\/kunstfotografie-bel-orne32-iv-alexandre-pierre-albert\/","og_locale":"de_DE","og_type":"article","og_title":"Kunstfotografie Bel-Orne32 IV Alexandre Pierre Albert - Audacieuse-Galerie","og_description":"Kunstfotografie Bel-Orne32 IV Alexandre Pierre Albert - Audacieuse-Galerie","og_url":"https:\/\/www.audacieuse-galerie.ch\/de\/produit\/kunstfotografie-bel-orne32-iv-alexandre-pierre-albert\/","og_site_name":"Audacieuse-Galerie","article_publisher":"https:\/\/www.facebook.com\/audacieuse.galerie","article_modified_time":"2025-06-08T15:03:03+00:00","og_image":[{"width":1000,"height":750,"url":"https:\/\/www.audacieuse-galerie.ch\/wp-content\/uploads\/2023\/02\/1413-Photographie-dart-Bel-Orne32-IV-Alexandre-Pierre-Albert.jpg","type":"image\/jpeg"}],"twitter_card":"summary_large_image","schema":{"@context":"https:\/\/schema.org","@graph":[{"@type":"ImageObject","inLanguage":"de","@id":"https:\/\/www.audacieuse-galerie.ch\/de\/produit\/kunstfotografie-bel-orne32-iv-alexandre-pierre-albert\/#primaryimage","url":"https:\/\/www.audacieuse-galerie.ch\/wp-content\/uploads\/2023\/02\/1413-Photographie-dart-Bel-Orne32-IV-Alexandre-Pierre-Albert.jpg","contentUrl":"https:\/\/www.audacieuse-galerie.ch\/wp-content\/uploads\/2023\/02\/1413-Photographie-dart-Bel-Orne32-IV-Alexandre-Pierre-Albert.jpg","width":1000,"height":750,"caption":"Kunstfotografie Bel-Orne32 IV Alexandre Pierre Albert"}]}},"jetpack_publicize_connections":[],"_links":{"self":[{"href":"https:\/\/www.audacieuse-galerie.ch\/de\/wp-json\/wp\/v2\/product\/66306","targetHints":{"allow":["GET"]}}],"collection":[{"href":"https:\/\/www.audacieuse-galerie.ch\/de\/wp-json\/wp\/v2\/product"}],"about":[{"href":"https:\/\/www.audacieuse-galerie.ch\/de\/wp-json\/wp\/v2\/types\/product"}],"replies":[{"embeddable":true,"href":"https:\/\/www.audacieuse-galerie.ch\/de\/wp-json\/wp\/v2\/comments?post=66306"}],"version-history":[{"count":0,"href":"https:\/\/www.audacieuse-galerie.ch\/de\/wp-json\/wp\/v2\/product\/66306\/revisions"}],"wp:featuredmedia":[{"embeddable":true,"href":"https:\/\/www.audacieuse-galerie.ch\/de\/wp-json\/wp\/v2\/media\/66241"}],"wp:attachment":[{"href":"https:\/\/www.audacieuse-galerie.ch\/de\/wp-json\/wp\/v2\/media?parent=66306"}],"wp:term":[{"taxonomy":"product_brand","embeddable":true,"href":"https:\/\/www.audacieuse-galerie.ch\/de\/wp-json\/wp\/v2\/product_brand?post=66306"},{"taxonomy":"product_cat","embeddable":true,"href":"https:\/\/www.audacieuse-galerie.ch\/de\/wp-json\/wp\/v2\/product_cat?post=66306"},{"taxonomy":"product_tag","embeddable":true,"href":"https:\/\/www.audacieuse-galerie.ch\/de\/wp-json\/wp\/v2\/product_tag?post=66306"}],"curies":[{"name":"wp","href":"https:\/\/api.w.org\/{rel}","templated":true}]}}